{"id":1028,"date":"2020-09-10T10:39:59","date_gmt":"2020-09-10T08:39:59","guid":{"rendered":"https:\/\/campinglaspalmeras.com\/f-a-q\/"},"modified":"2025-10-30T12:43:19","modified_gmt":"2025-10-30T11:43:19","slug":"f-a-q","status":"publish","type":"page","link":"https:\/\/campinglaspalmeras.com\/ca\/f-a-q\/","title":{"rendered":"F.A.Q."},"content":{"rendered":"\n<style type=\"text\/css\" data-created_by=\"avia_inline_auto\" id=\"style-css-av-ketpt1xq-a2d3ee490fea1bf99b816595a4649da4\">\n.avia-section.av-ketpt1xq-a2d3ee490fea1bf99b816595a4649da4 .av-parallax .av-parallax-inner{\nbackground-repeat:no-repeat;\nbackground-image:url(https:\/\/campinglaspalmeras.com\/wp-content\/uploads\/2020\/09\/camp-2445212_1280.jpg);\nbackground-position:50% 50%;\nbackground-attachment:scroll;\n}\n.avia-section.av-ketpt1xq-a2d3ee490fea1bf99b816595a4649da4 .av-section-color-overlay{\nopacity:0.8;\nbackground-color:#2d2d2d;\n}\n<\/style>\n<div id='av_section_1'  class='avia-section av-ketpt1xq-a2d3ee490fea1bf99b816595a4649da4 main_color avia-section-default avia-no-border-styling  avia-builder-el-0  el_before_av_one_fifth  avia-builder-el-first  av-parallax-section avia-bg-style-parallax av-section-color-overlay-active container_wrap sidebar_right'  data-section-bg-repeat='no-repeat'><div class='av-parallax' data-avia-parallax-ratio='0.3' ><div class='av-parallax-inner main_color avia-full-stretch'><\/div><\/div><div class=\"av-section-color-overlay-wrap\"><div class=\"av-section-color-overlay\"><\/div><div class='container av-section-cont-open' ><main  role=\"main\" itemprop=\"mainContentOfPage\"  class='template-page content  av-content-small alpha units'><div class='post-entry post-entry-type-page post-entry-1028'><div class='entry-content-wrapper clearfix'>\n\n<style type=\"text\/css\" data-created_by=\"avia_inline_auto\" id=\"style-css-av-kewke46t-38805e71cea27ce384bc86e17386a869\">\n#top .av-special-heading.av-kewke46t-38805e71cea27ce384bc86e17386a869{\npadding-bottom:10px;\ncolor:#ffffff;\n}\nbody .av-special-heading.av-kewke46t-38805e71cea27ce384bc86e17386a869 .av-special-heading-tag .heading-char{\nfont-size:25px;\n}\n.av-special-heading.av-kewke46t-38805e71cea27ce384bc86e17386a869 .special-heading-inner-border{\nborder-color:#ffffff;\n}\n.av-special-heading.av-kewke46t-38805e71cea27ce384bc86e17386a869 .av-subheading{\nfont-size:15px;\n}\n<\/style>\n<div  class='av-special-heading av-kewke46t-38805e71cea27ce384bc86e17386a869 av-special-heading-h1 custom-color-heading blockquote modern-quote modern-centered  avia-builder-el-1  avia-builder-el-no-sibling '><h1 class='av-special-heading-tag'  itemprop=\"headline\"  >F.A.Q.<\/h1><div class=\"special-heading-border\"><div class=\"special-heading-inner-border\"><\/div><\/div><\/div>\n<\/div><\/div><\/main><!-- close content main element --><\/div><\/div><\/div><div id='after_section_1'  class='main_color av_default_container_wrap container_wrap sidebar_right'  ><div class='container av-section-cont-open' ><div class='template-page content  av-content-small alpha units'><div class='post-entry post-entry-type-page post-entry-1028'><div class='entry-content-wrapper clearfix'>\n\n<style type=\"text\/css\" data-created_by=\"avia_inline_auto\" id=\"style-css-av-av_one_fifth-79ff81c021393065cee878051452f6a6\">\n.flex_column.av-av_one_fifth-79ff81c021393065cee878051452f6a6{\n-webkit-border-radius:0px 0px 0px 0px;\n-moz-border-radius:0px 0px 0px 0px;\nborder-radius:0px 0px 0px 0px;\npadding:0px 0px 0px 0px;\n}\n<\/style>\n<div  class='flex_column av-av_one_fifth-79ff81c021393065cee878051452f6a6 av_one_fifth  avia-builder-el-2  el_after_av_section  el_before_av_three_fifth  avia-builder-el-first  first flex_column_div av-zero-column-padding  '     ><\/div>\n\n<style type=\"text\/css\" data-created_by=\"avia_inline_auto\" id=\"style-css-av-av_three_fifth-49f6e875884219cf77c24341e550af53\">\n.flex_column.av-av_three_fifth-49f6e875884219cf77c24341e550af53{\n-webkit-border-radius:0px 0px 0px 0px;\n-moz-border-radius:0px 0px 0px 0px;\nborder-radius:0px 0px 0px 0px;\npadding:0px 0px 0px 0px;\n}\n<\/style>\n<div  class='flex_column av-av_three_fifth-49f6e875884219cf77c24341e550af53 av_three_fifth  avia-builder-el-3  el_after_av_one_fifth  avia-builder-el-last  flex_column_div av-zero-column-padding  '     ><section  class='av_textblock_section av-kgal4oli-417a943e5cb98cc6c056c00c050c66f7 '   itemscope=\"itemscope\" itemtype=\"https:\/\/schema.org\/CreativeWork\" ><div class='avia_textblock'  itemprop=\"text\" ><h2>Preguntes m\u00e9s freq\u00fcents<\/h2>\n<div id=\"g1-divider-1\" class=\"g1-divider g1-divider--simple g1-divider--noicon \"><\/div>\n<h3>01.\u00a0A quina dist\u00e0ncia de la platja es troba el c\u00e0mping?<\/h3>\n<p>El c\u00e0mping es troba a 100 metres de la platja.<\/p>\n<hr \/>\n<h3>02.\u00a0Es pot pagar amb targeta de cr\u00e8dit?<\/h3>\n<p>Si, acceptem targetes de cr\u00e8dit.<\/p>\n<hr \/>\n<h3>03.\u00a0Est\u00e0 prohibit fer barbacoes?<\/h3>\n<p>S\u00f3n permeses en el c\u00e0mping, per\u00f2 sota les seg\u00fcents condicions: nom\u00e9s es poden encendre amb pastilles que no facin flama, lluny de palmeres, set\u00f3s, Bungalows o qualsevol material inflamable. A m\u00e9s s\u2019ha de tenir un recipient amb aigua a prop.<\/p>\n<hr \/>\n<h3>04.\u00a0Es poden llogar neveres?<\/h3>\n<p>Si, el c\u00e0mping disposa d\u2019un servei de lloguer en recepci\u00f3.<\/p>\n<hr \/>\n<h3>05.\u00a0S\u2019admeten gossos?<\/h3>\n<p>No s\u2019admeten animals dom\u00e8stics de cap classe als bungalous. Dins de la zona de c\u00e0mping s\u2019admeten amb la seva normativa corresponent (m\u00e0xim dos gossos per parcel.la). Els fem saber que els gossos \u201cpotencialment perillosos\u201d (pit bull, rottweiler, dog argent\u00ed, bullmastif, staffordshire, doberman, fila brasiler, tosa japon\u00e8s i presa canari) no seran admesos.<\/p>\n<hr \/>\n<h3>06.\u00a0Hi ha piscina al c\u00e0mping?<\/h3>\n<p>Disposem de\u00a0tres piscines i un jacuzzi, dues piscines per a adults i una per a mainada amb jocs d\u2019aigua i tobogans. En \u00e8poques de temporada baixa, una de les piscines est\u00e0 climatitzada.<\/p>\n<hr \/>\n<h3>07.\u00a0Hi ha animaci\u00f3 per a grans i petits?<\/h3>\n<p>Si, disposem d\u2019animaci\u00f3 infantil en Setmana Santa i altres vacances escolars, juliol i agost. Per a majors des de l\u2019obertura a tancament, amb mes activitats a juliol i agost.<\/p>\n<hr \/>\n<h3>08.\u00a0S\u2019accepten visites al c\u00e0mping?<\/h3>\n<p>Nom\u00e9s seran autoritzades si l&#8217;aforament ho permet\u00e9s. S&#8217;han de registrar a recepci\u00f3 i abonar la tarifa vigent d&#8217;una jornada per parcel\u00b7la i persona.<\/p>\n<hr \/>\n<h3>09. Qu\u00e8 passa si vinc amb dos cotxes?<\/h3>\n<p>Es pot registrar un cotxe extra a la recepci\u00f3 i entrar-ho al c\u00e0mping. Aquest cotxe es pot aparcar en la parcel\u2022la, el p\u00e0rquing del c\u00e0mping en l\u2019entrada o el p\u00e0rquing exterior a la zona de la recepci\u00f3. S\u2019ha d\u2019abonar la tarifa vigent per al cotxe extra, aparcar-ho en el p\u00e0rquing exterior no eximeix de pagament.<\/p>\n<hr \/>\n<h2>Bungalous<\/h2>\n<div id=\"g1-divider-2\" class=\"g1-divider g1-divider--simple g1-divider--noicon \"><\/div>\n<h3>01.\u00a0Tenen aire condicionat els bungalous?<\/h3>\n<p>Si disposen d\u2019aire condicionat.<\/p>\n<hr \/>\n<h3>02. De quin equipament disposen?<\/h3>\n<p>Tots els nostres bungalows estan equipats amb dues taules (una interior i una exterior), cadires, TV, router, dues hamaques i estris b\u00e0sics de cuina: olles, coberts, paelles, gots, cafetera i microones. No hi ha forn.<\/p>\n<hr \/>\n<h3>03.\u00a0S\u2019hi inclou roba de llit?<\/h3>\n<p>Si, es faciliten mantes, llen\u00e7ols, tovalloles i draps de cuina.<\/p>\n<hr \/>\n<h3>04.\u00a0Disposa de bressol per a beb\u00e8?<\/h3>\n<p>Si, sol\u00b7liciti-la quan faci la seva reserva.<\/p>\n<hr \/>\n<h3>05.\u00a0Es pot reservar un n\u00famero concret de bungalou?<\/h3>\n<p>No, el n\u00famero de bungalou li ser\u00e0 assignat segons disponibilitat.<\/p>\n<hr \/>\n<h3>06.\u00a0A quina hora he de deixar el bungalou?<\/h3>\n<p>El bungalou ha d\u2019estar lliure abans de les 11:00 del mat\u00ed.<\/p>\n<h2>Parcel\u00b7la<\/h2>\n<div id=\"g1-divider-3\" class=\"g1-divider g1-divider--simple g1-divider--noicon \"><\/div>\n<h3>01.\u00a0De quants amperes s\u00f3n la presa de corrent de les parcel\u00b7les?<\/h3>\n<p>10 amperes. S\u00f3n endolls normals de dues clavilles, tipus <em>schuko<\/em>.<\/p>\n<hr \/>\n<h3>02.\u00a0Podem instal\u00b7lar el nostre bungalou \/ mobilhome en una parcel\u00b7la?<\/h3>\n<p>No, no es permet instal\u00b7lar aquest tipus d\u2019allotjament al nostre c\u00e0mping.<\/p>\n<hr \/>\n<h3>03.\u00a0A quina hora he de marxar de la parcel\u00b7la?<\/h3>\n<p>La parcel\u00b7la ha d\u2019estar lliure abans de les 12:00 del mat\u00ed.<\/p>\n<hr \/>\n<h3>04.\u00a0Llogueu parcel\u00b7les per temporada?<\/h3>\n<p>No.<\/p>\n<h2>Reserves<\/h2>\n<div id=\"g1-divider-4\" class=\"g1-divider g1-divider--simple g1-divider--noicon \"><\/div>\n<h3>01.\u00a0Com puc fer una reserva pel c\u00e0mping Las Palmeras?<\/h3>\n<p>Pot realitzar la seva reserva a trav\u00e9s de la nostra p\u00e0gina web, via tel\u00e8fon, carta o a la mateixa recepci\u00f3 del c\u00e0mping.<\/p>\n<hr \/>\n<h3>02.\u00a0A partir de quan puc reservar per a la temporada seg\u00fcent?<\/h3>\n<p>A partir del 15 de novembre.<\/p>\n<hr \/>\n<h3>03.\u00a0Qu\u00e8 passa si cancel\u00b7lo la meva reserva?<\/h3>\n<p>L\u2019anul\u00b7laci\u00f3 de la reserva comporta la p\u00e8rdua del 50% de la quantitat abonada. Si l\u2019anul\u00b7laci\u00f3 es fa durant els 30 dies anteriors a la data prevista d\u2019arribada, la p\u00e8rdua ser\u00e0 del 100%.<\/p>\n<\/div><\/section><\/div>\n","protected":false},"excerpt":{"rendered":"","protected":false},"author":1,"featured_media":0,"parent":0,"menu_order":800,"comment_status":"closed","ping_status":"closed","template":"","meta":[],"yoast_head":"<!-- This site is optimized with the Yoast SEO plugin v20.9 - https:\/\/yoast.com\/wordpress\/plugins\/seo\/ -->\n<title>F.A.Q. - Camping Las Palmeras Costa Brava<\/title>\n<meta name=\"description\" content=\"Preguntes m\u00e9s freq\u00fcents 01. A quina dist\u00e0ncia de la platja es troba el c\u00e0mping? El c\u00e0mping es troba a 250 metres de la platja.\" \/>\n<meta name=\"robots\" content=\"index, follow, max-snippet:-1, max-image-preview:large, max-video-preview:-1\" \/>\n<link rel=\"canonical\" href=\"https:\/\/campinglaspalmeras.com\/ca\/f-a-q\/\" \/>\n<meta property=\"og:locale\" content=\"ca_ES\" \/>\n<meta property=\"og:type\" content=\"article\" \/>\n<meta property=\"og:title\" content=\"F.A.Q. - Camping Las Palmeras Costa Brava\" \/>\n<meta property=\"og:description\" content=\"Preguntes m\u00e9s freq\u00fcents 01. A quina dist\u00e0ncia de la platja es troba el c\u00e0mping? El c\u00e0mping es troba a 250 metres de la platja.\" \/>\n<meta property=\"og:url\" content=\"https:\/\/campinglaspalmeras.com\/ca\/f-a-q\/\" \/>\n<meta property=\"og:site_name\" content=\"Camping Las Palmeras Costa Brava\" \/>\n<meta property=\"article:publisher\" content=\"https:\/\/www.facebook.com\/campingpalmeras\" \/>\n<meta property=\"article:modified_time\" content=\"2025-10-30T11:43:19+00:00\" \/>\n<meta name=\"twitter:card\" content=\"summary_large_image\" \/>\n<meta name=\"twitter:site\" content=\"@CLasPalmeras\" \/>\n<meta name=\"twitter:label1\" content=\"Temps estimat de lectura\" \/>\n\t<meta name=\"twitter:data1\" content=\"4 minuts\" \/>\n<script type=\"application\/ld+json\" class=\"yoast-schema-graph\">{\"@context\":\"https:\/\/schema.org\",\"@graph\":[{\"@type\":\"WebPage\",\"@id\":\"https:\/\/campinglaspalmeras.com\/ca\/f-a-q\/\",\"url\":\"https:\/\/campinglaspalmeras.com\/ca\/f-a-q\/\",\"name\":\"F.A.Q. - Camping Las Palmeras Costa Brava\",\"isPartOf\":{\"@id\":\"https:\/\/campinglaspalmeras.com\/ca\/#website\"},\"datePublished\":\"2020-09-10T08:39:59+00:00\",\"dateModified\":\"2025-10-30T11:43:19+00:00\",\"description\":\"Preguntes m\u00e9s freq\u00fcents 01. A quina dist\u00e0ncia de la platja es troba el c\u00e0mping? El c\u00e0mping es troba a 250 metres de la platja.\",\"breadcrumb\":{\"@id\":\"https:\/\/campinglaspalmeras.com\/ca\/f-a-q\/#breadcrumb\"},\"inLanguage\":\"ca\",\"potentialAction\":[{\"@type\":\"ReadAction\",\"target\":[\"https:\/\/campinglaspalmeras.com\/ca\/f-a-q\/\"]}]},{\"@type\":\"BreadcrumbList\",\"@id\":\"https:\/\/campinglaspalmeras.com\/ca\/f-a-q\/#breadcrumb\",\"itemListElement\":[{\"@type\":\"ListItem\",\"position\":1,\"name\":\"Portada\",\"item\":\"https:\/\/campinglaspalmeras.com\/ca\/inici\/\"},{\"@type\":\"ListItem\",\"position\":2,\"name\":\"F.A.Q.\"}]},{\"@type\":\"WebSite\",\"@id\":\"https:\/\/campinglaspalmeras.com\/ca\/#website\",\"url\":\"https:\/\/campinglaspalmeras.com\/ca\/\",\"name\":\"Camping Las Palmeras Costa Brava\",\"description\":\"Camping Las Palmeras Costa Brava\",\"potentialAction\":[{\"@type\":\"SearchAction\",\"target\":{\"@type\":\"EntryPoint\",\"urlTemplate\":\"https:\/\/campinglaspalmeras.com\/ca\/?s={search_term_string}\"},\"query-input\":\"required name=search_term_string\"}],\"inLanguage\":\"ca\"}]}<\/script>\n<!-- \/ Yoast SEO plugin. -->","yoast_head_json":{"title":"F.A.Q. - Camping Las Palmeras Costa Brava","description":"Preguntes m\u00e9s freq\u00fcents 01. A quina dist\u00e0ncia de la platja es troba el c\u00e0mping? El c\u00e0mping es troba a 250 metres de la platja.","robots":{"index":"index","follow":"follow","max-snippet":"max-snippet:-1","max-image-preview":"max-image-preview:large","max-video-preview":"max-video-preview:-1"},"canonical":"https:\/\/campinglaspalmeras.com\/ca\/f-a-q\/","og_locale":"ca_ES","og_type":"article","og_title":"F.A.Q. - Camping Las Palmeras Costa Brava","og_description":"Preguntes m\u00e9s freq\u00fcents 01. A quina dist\u00e0ncia de la platja es troba el c\u00e0mping? El c\u00e0mping es troba a 250 metres de la platja.","og_url":"https:\/\/campinglaspalmeras.com\/ca\/f-a-q\/","og_site_name":"Camping Las Palmeras Costa Brava","article_publisher":"https:\/\/www.facebook.com\/campingpalmeras","article_modified_time":"2025-10-30T11:43:19+00:00","twitter_card":"summary_large_image","twitter_site":"@CLasPalmeras","twitter_misc":{"Temps estimat de lectura":"4 minuts"},"schema":{"@context":"https:\/\/schema.org","@graph":[{"@type":"WebPage","@id":"https:\/\/campinglaspalmeras.com\/ca\/f-a-q\/","url":"https:\/\/campinglaspalmeras.com\/ca\/f-a-q\/","name":"F.A.Q. - Camping Las Palmeras Costa Brava","isPartOf":{"@id":"https:\/\/campinglaspalmeras.com\/ca\/#website"},"datePublished":"2020-09-10T08:39:59+00:00","dateModified":"2025-10-30T11:43:19+00:00","description":"Preguntes m\u00e9s freq\u00fcents 01. A quina dist\u00e0ncia de la platja es troba el c\u00e0mping? El c\u00e0mping es troba a 250 metres de la platja.","breadcrumb":{"@id":"https:\/\/campinglaspalmeras.com\/ca\/f-a-q\/#breadcrumb"},"inLanguage":"ca","potentialAction":[{"@type":"ReadAction","target":["https:\/\/campinglaspalmeras.com\/ca\/f-a-q\/"]}]},{"@type":"BreadcrumbList","@id":"https:\/\/campinglaspalmeras.com\/ca\/f-a-q\/#breadcrumb","itemListElement":[{"@type":"ListItem","position":1,"name":"Portada","item":"https:\/\/campinglaspalmeras.com\/ca\/inici\/"},{"@type":"ListItem","position":2,"name":"F.A.Q."}]},{"@type":"WebSite","@id":"https:\/\/campinglaspalmeras.com\/ca\/#website","url":"https:\/\/campinglaspalmeras.com\/ca\/","name":"Camping Las Palmeras Costa Brava","description":"Camping Las Palmeras Costa Brava","potentialAction":[{"@type":"SearchAction","target":{"@type":"EntryPoint","urlTemplate":"https:\/\/campinglaspalmeras.com\/ca\/?s={search_term_string}"},"query-input":"required name=search_term_string"}],"inLanguage":"ca"}]}},"_links":{"self":[{"href":"https:\/\/campinglaspalmeras.com\/ca\/wp-json\/wp\/v2\/pages\/1028"}],"collection":[{"href":"https:\/\/campinglaspalmeras.com\/ca\/wp-json\/wp\/v2\/pages"}],"about":[{"href":"https:\/\/campinglaspalmeras.com\/ca\/wp-json\/wp\/v2\/types\/page"}],"author":[{"embeddable":true,"href":"https:\/\/campinglaspalmeras.com\/ca\/wp-json\/wp\/v2\/users\/1"}],"replies":[{"embeddable":true,"href":"https:\/\/campinglaspalmeras.com\/ca\/wp-json\/wp\/v2\/comments?post=1028"}],"version-history":[{"count":10,"href":"https:\/\/campinglaspalmeras.com\/ca\/wp-json\/wp\/v2\/pages\/1028\/revisions"}],"predecessor-version":[{"id":10263,"href":"https:\/\/campinglaspalmeras.com\/ca\/wp-json\/wp\/v2\/pages\/1028\/revisions\/10263"}],"wp:attachment":[{"href":"https:\/\/campinglaspalmeras.com\/ca\/wp-json\/wp\/v2\/media?parent=1028"}],"curies":[{"name":"wp","href":"https:\/\/api.w.org\/{rel}","templated":true}]}}