{"id":1055,"date":"2020-09-09T16:12:32","date_gmt":"2020-09-09T14:12:32","guid":{"rendered":"https:\/\/campinglaspalmeras.com\/environmental-policies\/"},"modified":"2020-10-15T11:02:17","modified_gmt":"2020-10-15T09:02:17","slug":"politica-ambiental","status":"publish","type":"page","link":"https:\/\/campinglaspalmeras.com\/ca\/politica-ambiental\/","title":{"rendered":"Preocupats pel medi ambient"},"content":{"rendered":"\n<style type=\"text\/css\" data-created_by=\"avia_inline_auto\" id=\"style-css-av-ketpt1xq-a2d3ee490fea1bf99b816595a4649da4\">\n.avia-section.av-ketpt1xq-a2d3ee490fea1bf99b816595a4649da4 .av-parallax .av-parallax-inner{\nbackground-repeat:no-repeat;\nbackground-image:url(https:\/\/campinglaspalmeras.com\/wp-content\/uploads\/2020\/09\/camp-2445212_1280.jpg);\nbackground-position:50% 50%;\nbackground-attachment:scroll;\n}\n.avia-section.av-ketpt1xq-a2d3ee490fea1bf99b816595a4649da4 .av-section-color-overlay{\nopacity:0.8;\nbackground-color:#2d2d2d;\n}\n<\/style>\n<div id='av_section_1'  class='avia-section av-ketpt1xq-a2d3ee490fea1bf99b816595a4649da4 main_color avia-section-default avia-no-border-styling  avia-builder-el-0  el_before_av_section  avia-builder-el-first  av-parallax-section avia-bg-style-parallax av-section-color-overlay-active container_wrap sidebar_right'  data-section-bg-repeat='no-repeat'><div class='av-parallax' data-avia-parallax-ratio='0.3' ><div class='av-parallax-inner main_color avia-full-stretch'><\/div><\/div><div class=\"av-section-color-overlay-wrap\"><div class=\"av-section-color-overlay\"><\/div><div class='container av-section-cont-open' ><main  role=\"main\" itemprop=\"mainContentOfPage\"  class='template-page content  av-content-small alpha units'><div class='post-entry post-entry-type-page post-entry-1055'><div class='entry-content-wrapper clearfix'>\n\n<style type=\"text\/css\" data-created_by=\"avia_inline_auto\" id=\"style-css-av-kgalgbj4-72ffa1966bbcbb517a72fd12d290e901\">\n#top .av-special-heading.av-kgalgbj4-72ffa1966bbcbb517a72fd12d290e901{\npadding-bottom:10px;\ncolor:#ffffff;\n}\nbody .av-special-heading.av-kgalgbj4-72ffa1966bbcbb517a72fd12d290e901 .av-special-heading-tag .heading-char{\nfont-size:25px;\n}\n.av-special-heading.av-kgalgbj4-72ffa1966bbcbb517a72fd12d290e901 .special-heading-inner-border{\nborder-color:#ffffff;\n}\n.av-special-heading.av-kgalgbj4-72ffa1966bbcbb517a72fd12d290e901 .av-subheading{\nfont-size:15px;\n}\n<\/style>\n<div  class='av-special-heading av-kgalgbj4-72ffa1966bbcbb517a72fd12d290e901 av-special-heading-h1 custom-color-heading blockquote modern-quote modern-centered  avia-builder-el-1  avia-builder-el-no-sibling '><h1 class='av-special-heading-tag'  itemprop=\"headline\"  >Preocupats pel medi ambient<\/h1><div class=\"special-heading-border\"><div class=\"special-heading-inner-border\"><\/div><\/div><\/div>\n<\/div><\/div><\/main><!-- close content main element --><\/div><\/div><\/div>\n<style type=\"text\/css\" data-created_by=\"avia_inline_auto\" id=\"style-css-av-kevgoioy-d42bc6aad4e9f3291a303ba59e1f8a55\">\n.avia-section.av-kevgoioy-d42bc6aad4e9f3291a303ba59e1f8a55{\nbackground-color:#f2f2f2;\nbackground-image:unset;\n}\n<\/style>\n<div id='av_section_2'  class='avia-section av-kevgoioy-d42bc6aad4e9f3291a303ba59e1f8a55 main_color avia-section-default avia-no-border-styling  avia-builder-el-2  el_after_av_section  el_before_av_one_half  avia-bg-style-scroll container_wrap sidebar_right'  ><div class='container av-section-cont-open' ><div class='template-page content  av-content-small alpha units'><div class='post-entry post-entry-type-page post-entry-1055'><div class='entry-content-wrapper clearfix'>\n\n<style type=\"text\/css\" data-created_by=\"avia_inline_auto\" id=\"style-css-av-rvt1n-fd694be6afdff2d427a5105d29712ad4\">\n.flex_column.av-rvt1n-fd694be6afdff2d427a5105d29712ad4{\n-webkit-border-radius:0px 0px 0px 0px;\n-moz-border-radius:0px 0px 0px 0px;\nborder-radius:0px 0px 0px 0px;\npadding:0px 0px 0px 0px;\n}\n<\/style>\n<div  class='flex_column av-rvt1n-fd694be6afdff2d427a5105d29712ad4 av_one_fifth  avia-builder-el-3  el_before_av_four_fifth  avia-builder-el-first  first flex_column_div av-zero-column-padding  '     ><style type=\"text\/css\" data-created_by=\"avia_inline_auto\" id=\"style-css-av-kevgnoaf-ce29532588536ab5e959d9b8b89f706d\">\n.avia-image-container.av-kevgnoaf-ce29532588536ab5e959d9b8b89f706d img.avia_image{\nbox-shadow:none;\n}\n.avia-image-container.av-kevgnoaf-ce29532588536ab5e959d9b8b89f706d .av-image-caption-overlay-center{\ncolor:#ffffff;\n}\n<\/style>\n<div  class='avia-image-container av-kevgnoaf-ce29532588536ab5e959d9b8b89f706d av-styling- avia-align-center  avia-builder-el-4  avia-builder-el-no-sibling '   itemprop=\"image\" itemscope=\"itemscope\" itemtype=\"https:\/\/schema.org\/ImageObject\" ><div class=\"avia-image-container-inner\"><div class=\"avia-image-overlay-wrap\"><img decoding=\"async\" class='wp-image-801 avia-img-lazy-loading-not-801 avia_image ' src=\"https:\/\/campinglaspalmeras.com\/wp-content\/uploads\/2020\/09\/garantia-qualitat-ambiental-150x150-1.jpg\" alt='' title='garantia-qualitat-ambiental-150x150'  height=\"150\" width=\"150\"  itemprop=\"thumbnailUrl\" srcset=\"https:\/\/campinglaspalmeras.com\/wp-content\/uploads\/2020\/09\/garantia-qualitat-ambiental-150x150-1.jpg 150w, https:\/\/campinglaspalmeras.com\/wp-content\/uploads\/2020\/09\/garantia-qualitat-ambiental-150x150-1-80x80.jpg 80w, https:\/\/campinglaspalmeras.com\/wp-content\/uploads\/2020\/09\/garantia-qualitat-ambiental-150x150-1-36x36.jpg 36w\" sizes=\"(max-width: 150px) 100vw, 150px\" \/><\/div><\/div><\/div><\/div>\n<style type=\"text\/css\" data-created_by=\"avia_inline_auto\" id=\"style-css-av-jjz2b-2eb89559743c5a980b9c85eb2fe463cc\">\n.flex_column.av-jjz2b-2eb89559743c5a980b9c85eb2fe463cc{\n-webkit-border-radius:0px 0px 0px 0px;\n-moz-border-radius:0px 0px 0px 0px;\nborder-radius:0px 0px 0px 0px;\npadding:0px 0px 0px 0px;\n}\n<\/style>\n<div  class='flex_column av-jjz2b-2eb89559743c5a980b9c85eb2fe463cc av_four_fifth  avia-builder-el-5  el_after_av_one_fifth  avia-builder-el-last  flex_column_div av-zero-column-padding  '     ><section  class='av_textblock_section av-kevgo2ja-e4870e60db236899b299daf26cfbcadd '   itemscope=\"itemscope\" itemtype=\"https:\/\/schema.org\/CreativeWork\" ><div class='avia_textblock'  itemprop=\"text\" ><p>El C\u00e0mping Las Palmeras disposa del<strong>Distintiu de Garantia de Qualitat Ambiental<\/strong>, obtingut gr\u00e0cies a la seva pol\u00edtica de respecte a l\u2019entorn natural i minimitzaci\u00f3 cont\u00ednua de l\u2019impacte ambiental.<br \/>\n\u00c9s per aquest motiu que fomentem els bons h\u00e0bits i la consci\u00e8ncia ambiental entre treballadors i clients.<\/p>\n<\/div><\/section><\/div><\/div><\/div><\/div><!-- close content main div --><\/div><\/div><div id='after_section_2'  class='main_color av_default_container_wrap container_wrap sidebar_right'  ><div class='container av-section-cont-open' ><div class='template-page content  av-content-small alpha units'><div class='post-entry post-entry-type-page post-entry-1055'><div class='entry-content-wrapper clearfix'>\n<style type=\"text\/css\" data-created_by=\"avia_inline_auto\" id=\"style-css-av-gjbsr-0adb3b5595f6deb8c5731529026590ba\">\n.flex_column.av-gjbsr-0adb3b5595f6deb8c5731529026590ba{\n-webkit-border-radius:0px 0px 0px 0px;\n-moz-border-radius:0px 0px 0px 0px;\nborder-radius:0px 0px 0px 0px;\npadding:0px 0px 0px 0px;\n}\n<\/style>\n<div  class='flex_column av-gjbsr-0adb3b5595f6deb8c5731529026590ba av_one_half  avia-builder-el-7  el_after_av_section  el_before_av_one_half  avia-builder-el-first  first flex_column_div av-zero-column-padding  '     ><section  class='av_textblock_section av-kevgp1c0-ad6c446fc8962fd4029d244d09801d4f '   itemscope=\"itemscope\" itemtype=\"https:\/\/schema.org\/CreativeWork\" ><div class='avia_textblock'  itemprop=\"text\" ><h2>Algunes de les nostres apostes s\u00f3n:<\/h2>\n<p><strong>Estalvi d\u2019aigua<\/strong><\/p>\n<p>Minimitzar-ne el consum i cercant un \u00fas racional d\u2019aquest recurs tan valu\u00f3s i limitat. Per aix\u00f2, el c\u00e0mping disposa d\u2019elements per complir amb criteris de baix consum com dutxes amb un cabal inferior a 10 l\/min, aixetes amb un cabal inferior a 9 l\/min i v\u00e0ters amb desc\u00e0rrega inferior als 6 litres. Els sistemes de rec dels nostres jardins s\u00f3c gota a gota i tamb\u00e9 disposem d\u2019una depuradora d\u2019aigua.<\/p>\n<p><strong>Efici\u00e8ncia energ\u00e8tica<\/strong><\/p>\n<p>Disposem de captadors solars t\u00e8rmics per aprofitar l\u2019energia solar per a la climatitzaci\u00f3 de l\u2019aigua de la piscina. Aix\u00ed mateix, per a l\u2019enllumenat del c\u00e0mping en zones comunit\u00e0ries es disposa de l\u00e0mpades d\u2019il\u00b7luminaci\u00f3 d\u2019alt rendiment amb c\u00e8l\u00b7lules d\u2019encesa i apagada autom\u00e0tica, aix\u00ed com de rellotge temporitzador. Tamb\u00e9 disposem de calderes amb un rendiment superior al 90%.<\/p>\n<p><strong>Gesti\u00f3 dels residus<\/strong><\/p>\n<p>Al c\u00e0mping es fa recollida selectiva de vidre, paper i cartr\u00f3, envasos de pl\u00e0stic, tetrabric o metall, piles, l\u00e0mpades i fluorescents, residus org\u00e0nics i olis de cuina. Aix\u00ed mateix, als nostres clients els facilitem una bossa ecol\u00f2gica per tal que la puguin utilitzar per anar a comprar al supermercat, ja que seguim una pol\u00edtica d\u2019eliminaci\u00f3 de bosses de pl\u00e0stic.<\/p>\n<p><strong>Integraci\u00f3 paisatg\u00edstica<\/strong><\/p>\n<p>Cal tenir present que el c\u00e0mping est\u00e0 situat al costat del mar i tocant el Parc Natural dels Aiguamolls de l\u2019Empord\u00e0. El respecte a l\u2019entorn ens ha fet apostar per dissenyar l\u2019arquitectura de les nostres instal\u00b7lacions seguint els criteris constructius de la zona i l\u2019enjardinament d\u2019acord amb la vegetaci\u00f3 aut\u00f2ctona i la flora mediterr\u00e0nia.<\/p>\n<\/div><\/section><\/div>\n<style type=\"text\/css\" data-created_by=\"avia_inline_auto\" id=\"style-css-av-apep7-661e0b1cd1af7bb2ac66a75473636195\">\n.flex_column.av-apep7-661e0b1cd1af7bb2ac66a75473636195{\n-webkit-border-radius:0px 0px 0px 0px;\n-moz-border-radius:0px 0px 0px 0px;\nborder-radius:0px 0px 0px 0px;\npadding:0px 0px 0px 0px;\n}\n<\/style>\n<div  class='flex_column av-apep7-661e0b1cd1af7bb2ac66a75473636195 av_one_half  avia-builder-el-9  el_after_av_one_half  avia-builder-el-last  flex_column_div av-zero-column-padding  '     ><section  class='av_textblock_section av-kevgp1c0-ad6c446fc8962fd4029d244d09801d4f '   itemscope=\"itemscope\" itemtype=\"https:\/\/schema.org\/CreativeWork\" ><div class='avia_textblock'  itemprop=\"text\" ><h2>Recomanacions per al medi ambient<\/h2>\n<p>Animem als nostres clients a participar activament en la preservaci\u00f3 del medi ambient amb un comportament respectu\u00f3s amb l\u2019entorn i els recursos. Aquestes s\u00f3n algunes de les nostres recomanacions:<\/p>\n<p><strong>Aigua<\/strong><\/p>\n<ul>\n<li>Evitar l\u2019\u00fas del v\u00e0ter com a paperera.<\/li>\n<li>Tancar les aixetes quan no es faci servir l\u2019aigua.<\/li>\n<\/ul>\n<p><strong>Energia<\/strong><\/p>\n<ul>\n<li>Aprofitar la llum natural i apagar les l\u00e0mpades quan no es fan servir.<\/li>\n<li>Rentar amb aigua freda.<\/li>\n<li>Apagar els equipaments amb l\u2019interruptor de l\u2019aparell i no amb el comandament a dist\u00e0ncia per evitar el consum continuat i innecessari d\u2019energia.<\/li>\n<\/ul>\n<p><strong>Residus<\/strong><\/p>\n<ul>\n<li>Separar els residus fent servir els contenidors de recollida selectiva.<\/li>\n<li>Evitar el consum d\u2019envasos d\u2019un sol \u00fas.<\/li>\n<li>Comprar el menjar a pes i evitar els embolcalls innecessaris i excessius.<\/li>\n<li>Utilitzar la bossa que us facilitarem a la recepci\u00f3 del c\u00e0mping.<\/li>\n<li>Escollir productes amb envasos que es puguin retornar.<\/li>\n<li>Prioritzar el vidre davant el pl\u00e0stic, ja que \u00e9s m\u00e9s f\u00e0cil de reciclar.<\/li>\n<\/ul>\n<p><strong>Transport<\/strong><\/p>\n<ul>\n<li style=\"list-style-type: none;\">\n<ul>\n<li>Cal prioritzar l\u2019\u00fas del transport no motoritzat per descobrir l\u2019entorn natural.<\/li>\n<\/ul>\n<\/li>\n<\/ul>\n<\/div><\/section><\/div><\/p>\n","protected":false},"excerpt":{"rendered":"","protected":false},"author":1,"featured_media":0,"parent":0,"menu_order":700,"comment_status":"closed","ping_status":"closed","template":"","meta":[],"yoast_head":"<!-- This site is optimized with the Yoast SEO plugin v20.9 - https:\/\/yoast.com\/wordpress\/plugins\/seo\/ -->\n<title>Preocupats pel medi ambient - Camping Las Palmeras Costa Brava<\/title>\n<meta name=\"description\" content=\"El C\u00e0mping Las Palmeras disposa delDistintiu de Garantia de Qualitat Ambiental, obtingut gr\u00e0cies a la seva pol\u00edtica de respecte a l\u2019entorn natural i minimitzaci\u00f3 cont\u00ednua de l\u2019impacte ambiental.\" \/>\n<meta name=\"robots\" content=\"index, follow, max-snippet:-1, max-image-preview:large, max-video-preview:-1\" \/>\n<link rel=\"canonical\" href=\"https:\/\/campinglaspalmeras.com\/ca\/politica-ambiental\/\" \/>\n<meta property=\"og:locale\" content=\"ca_ES\" \/>\n<meta property=\"og:type\" content=\"article\" \/>\n<meta property=\"og:title\" content=\"Preocupats pel medi ambient - Camping Las Palmeras Costa Brava\" \/>\n<meta property=\"og:description\" content=\"El C\u00e0mping Las Palmeras disposa delDistintiu de Garantia de Qualitat Ambiental, obtingut gr\u00e0cies a la seva pol\u00edtica de respecte a l\u2019entorn natural i minimitzaci\u00f3 cont\u00ednua de l\u2019impacte ambiental.\" \/>\n<meta property=\"og:url\" content=\"https:\/\/campinglaspalmeras.com\/ca\/politica-ambiental\/\" \/>\n<meta property=\"og:site_name\" content=\"Camping Las Palmeras Costa Brava\" \/>\n<meta property=\"article:publisher\" content=\"https:\/\/www.facebook.com\/campingpalmeras\" \/>\n<meta property=\"article:modified_time\" content=\"2020-10-15T09:02:17+00:00\" \/>\n<meta name=\"twitter:card\" content=\"summary_large_image\" \/>\n<meta name=\"twitter:site\" content=\"@CLasPalmeras\" \/>\n<meta name=\"twitter:label1\" content=\"Temps estimat de lectura\" \/>\n\t<meta name=\"twitter:data1\" content=\"8 minuts\" \/>\n<script type=\"application\/ld+json\" class=\"yoast-schema-graph\">{\"@context\":\"https:\/\/schema.org\",\"@graph\":[{\"@type\":\"WebPage\",\"@id\":\"https:\/\/campinglaspalmeras.com\/ca\/politica-ambiental\/\",\"url\":\"https:\/\/campinglaspalmeras.com\/ca\/politica-ambiental\/\",\"name\":\"Preocupats pel medi ambient - Camping Las Palmeras Costa Brava\",\"isPartOf\":{\"@id\":\"https:\/\/campinglaspalmeras.com\/ca\/#website\"},\"datePublished\":\"2020-09-09T14:12:32+00:00\",\"dateModified\":\"2020-10-15T09:02:17+00:00\",\"description\":\"El C\u00e0mping Las Palmeras disposa delDistintiu de Garantia de Qualitat Ambiental, obtingut gr\u00e0cies a la seva pol\u00edtica de respecte a l\u2019entorn natural i minimitzaci\u00f3 cont\u00ednua de l\u2019impacte ambiental.\",\"breadcrumb\":{\"@id\":\"https:\/\/campinglaspalmeras.com\/ca\/politica-ambiental\/#breadcrumb\"},\"inLanguage\":\"ca\",\"potentialAction\":[{\"@type\":\"ReadAction\",\"target\":[\"https:\/\/campinglaspalmeras.com\/ca\/politica-ambiental\/\"]}]},{\"@type\":\"BreadcrumbList\",\"@id\":\"https:\/\/campinglaspalmeras.com\/ca\/politica-ambiental\/#breadcrumb\",\"itemListElement\":[{\"@type\":\"ListItem\",\"position\":1,\"name\":\"Portada\",\"item\":\"https:\/\/campinglaspalmeras.com\/ca\/inici\/\"},{\"@type\":\"ListItem\",\"position\":2,\"name\":\"Preocupats pel medi ambient\"}]},{\"@type\":\"WebSite\",\"@id\":\"https:\/\/campinglaspalmeras.com\/ca\/#website\",\"url\":\"https:\/\/campinglaspalmeras.com\/ca\/\",\"name\":\"Camping Las Palmeras Costa Brava\",\"description\":\"Camping Las Palmeras Costa Brava\",\"potentialAction\":[{\"@type\":\"SearchAction\",\"target\":{\"@type\":\"EntryPoint\",\"urlTemplate\":\"https:\/\/campinglaspalmeras.com\/ca\/?s={search_term_string}\"},\"query-input\":\"required name=search_term_string\"}],\"inLanguage\":\"ca\"}]}<\/script>\n<!-- \/ Yoast SEO plugin. -->","yoast_head_json":{"title":"Preocupats pel medi ambient - Camping Las Palmeras Costa Brava","description":"El C\u00e0mping Las Palmeras disposa delDistintiu de Garantia de Qualitat Ambiental, obtingut gr\u00e0cies a la seva pol\u00edtica de respecte a l\u2019entorn natural i minimitzaci\u00f3 cont\u00ednua de l\u2019impacte ambiental.","robots":{"index":"index","follow":"follow","max-snippet":"max-snippet:-1","max-image-preview":"max-image-preview:large","max-video-preview":"max-video-preview:-1"},"canonical":"https:\/\/campinglaspalmeras.com\/ca\/politica-ambiental\/","og_locale":"ca_ES","og_type":"article","og_title":"Preocupats pel medi ambient - Camping Las Palmeras Costa Brava","og_description":"El C\u00e0mping Las Palmeras disposa delDistintiu de Garantia de Qualitat Ambiental, obtingut gr\u00e0cies a la seva pol\u00edtica de respecte a l\u2019entorn natural i minimitzaci\u00f3 cont\u00ednua de l\u2019impacte ambiental.","og_url":"https:\/\/campinglaspalmeras.com\/ca\/politica-ambiental\/","og_site_name":"Camping Las Palmeras Costa Brava","article_publisher":"https:\/\/www.facebook.com\/campingpalmeras","article_modified_time":"2020-10-15T09:02:17+00:00","twitter_card":"summary_large_image","twitter_site":"@CLasPalmeras","twitter_misc":{"Temps estimat de lectura":"8 minuts"},"schema":{"@context":"https:\/\/schema.org","@graph":[{"@type":"WebPage","@id":"https:\/\/campinglaspalmeras.com\/ca\/politica-ambiental\/","url":"https:\/\/campinglaspalmeras.com\/ca\/politica-ambiental\/","name":"Preocupats pel medi ambient - Camping Las Palmeras Costa Brava","isPartOf":{"@id":"https:\/\/campinglaspalmeras.com\/ca\/#website"},"datePublished":"2020-09-09T14:12:32+00:00","dateModified":"2020-10-15T09:02:17+00:00","description":"El C\u00e0mping Las Palmeras disposa delDistintiu de Garantia de Qualitat Ambiental, obtingut gr\u00e0cies a la seva pol\u00edtica de respecte a l\u2019entorn natural i minimitzaci\u00f3 cont\u00ednua de l\u2019impacte ambiental.","breadcrumb":{"@id":"https:\/\/campinglaspalmeras.com\/ca\/politica-ambiental\/#breadcrumb"},"inLanguage":"ca","potentialAction":[{"@type":"ReadAction","target":["https:\/\/campinglaspalmeras.com\/ca\/politica-ambiental\/"]}]},{"@type":"BreadcrumbList","@id":"https:\/\/campinglaspalmeras.com\/ca\/politica-ambiental\/#breadcrumb","itemListElement":[{"@type":"ListItem","position":1,"name":"Portada","item":"https:\/\/campinglaspalmeras.com\/ca\/inici\/"},{"@type":"ListItem","position":2,"name":"Preocupats pel medi ambient"}]},{"@type":"WebSite","@id":"https:\/\/campinglaspalmeras.com\/ca\/#website","url":"https:\/\/campinglaspalmeras.com\/ca\/","name":"Camping Las Palmeras Costa Brava","description":"Camping Las Palmeras Costa Brava","potentialAction":[{"@type":"SearchAction","target":{"@type":"EntryPoint","urlTemplate":"https:\/\/campinglaspalmeras.com\/ca\/?s={search_term_string}"},"query-input":"required name=search_term_string"}],"inLanguage":"ca"}]}},"_links":{"self":[{"href":"https:\/\/campinglaspalmeras.com\/ca\/wp-json\/wp\/v2\/pages\/1055"}],"collection":[{"href":"https:\/\/campinglaspalmeras.com\/ca\/wp-json\/wp\/v2\/pages"}],"about":[{"href":"https:\/\/campinglaspalmeras.com\/ca\/wp-json\/wp\/v2\/types\/page"}],"author":[{"embeddable":true,"href":"https:\/\/campinglaspalmeras.com\/ca\/wp-json\/wp\/v2\/users\/1"}],"replies":[{"embeddable":true,"href":"https:\/\/campinglaspalmeras.com\/ca\/wp-json\/wp\/v2\/comments?post=1055"}],"version-history":[{"count":4,"href":"https:\/\/campinglaspalmeras.com\/ca\/wp-json\/wp\/v2\/pages\/1055\/revisions"}],"predecessor-version":[{"id":3227,"href":"https:\/\/campinglaspalmeras.com\/ca\/wp-json\/wp\/v2\/pages\/1055\/revisions\/3227"}],"wp:attachment":[{"href":"https:\/\/campinglaspalmeras.com\/ca\/wp-json\/wp\/v2\/media?parent=1055"}],"curies":[{"name":"wp","href":"https:\/\/api.w.org\/{rel}","templated":true}]}}