{"id":1349,"date":"2020-09-09T12:24:26","date_gmt":"2020-09-09T10:24:26","guid":{"rendered":"https:\/\/campinglaspalmeras.com\/supermarket\/"},"modified":"2020-10-14T17:30:54","modified_gmt":"2020-10-14T15:30:54","slug":"supermercat","status":"publish","type":"page","link":"https:\/\/campinglaspalmeras.com\/ca\/serveis\/supermercat\/","title":{"rendered":"Supermercat"},"content":{"rendered":"\n<style type=\"text\/css\" data-created_by=\"avia_inline_auto\" id=\"style-css-av-ketpt1xq-a9da0701922bfcfe586dcc597776d9d9\">\n.avia-section.av-ketpt1xq-a9da0701922bfcfe586dcc597776d9d9 .av-parallax .av-parallax-inner{\nbackground-repeat:no-repeat;\nbackground-image:url(https:\/\/campinglaspalmeras.com\/wp-content\/uploads\/2020\/09\/van-vintage-2285126_1280.jpg);\nbackground-position:50% 50%;\nbackground-attachment:scroll;\n}\n.avia-section.av-ketpt1xq-a9da0701922bfcfe586dcc597776d9d9 .av-section-color-overlay{\nopacity:0.8;\nbackground-color:#2d2d2d;\n}\n<\/style>\n<div id='av_section_1'  class='avia-section av-ketpt1xq-a9da0701922bfcfe586dcc597776d9d9 main_color avia-section-default avia-no-border-styling  avia-builder-el-0  el_before_av_image  avia-builder-el-first  av-parallax-section avia-bg-style-parallax av-section-color-overlay-active container_wrap sidebar_right'  data-section-bg-repeat='no-repeat'><div class='av-parallax' data-avia-parallax-ratio='0.3' ><div class='av-parallax-inner main_color avia-full-stretch'><\/div><\/div><div class=\"av-section-color-overlay-wrap\"><div class=\"av-section-color-overlay\"><\/div><div class='container av-section-cont-open' ><main  role=\"main\" itemprop=\"mainContentOfPage\"  class='template-page content  av-content-small alpha units'><div class='post-entry post-entry-type-page post-entry-1349'><div class='entry-content-wrapper clearfix'>\n\n<style type=\"text\/css\" data-created_by=\"avia_inline_auto\" id=\"style-css-av-kg9jwqd5-42b5b18a7a92eb7f2d3bd59d2bc0dac5\">\n#top .av-special-heading.av-kg9jwqd5-42b5b18a7a92eb7f2d3bd59d2bc0dac5{\npadding-bottom:10px;\ncolor:#ffffff;\n}\nbody .av-special-heading.av-kg9jwqd5-42b5b18a7a92eb7f2d3bd59d2bc0dac5 .av-special-heading-tag .heading-char{\nfont-size:25px;\n}\n.av-special-heading.av-kg9jwqd5-42b5b18a7a92eb7f2d3bd59d2bc0dac5 .special-heading-inner-border{\nborder-color:#ffffff;\n}\n.av-special-heading.av-kg9jwqd5-42b5b18a7a92eb7f2d3bd59d2bc0dac5 .av-subheading{\nfont-size:15px;\n}\n<\/style>\n<div  class='av-special-heading av-kg9jwqd5-42b5b18a7a92eb7f2d3bd59d2bc0dac5 av-special-heading-h1 custom-color-heading blockquote modern-quote modern-centered  avia-builder-el-1  avia-builder-el-no-sibling '><h1 class='av-special-heading-tag'  itemprop=\"headline\"  >Supermercat<\/h1><div class=\"special-heading-border\"><div class=\"special-heading-inner-border\"><\/div><\/div><\/div>\n<\/div><\/div><\/main><!-- close content main element --><\/div><\/div><\/div><div id='after_section_1'  class='main_color av_default_container_wrap container_wrap sidebar_right'  ><div class='container av-section-cont-open' ><div class='template-page content  av-content-small alpha units'><div class='post-entry post-entry-type-page post-entry-1349'><div class='entry-content-wrapper clearfix'>\n<style type=\"text\/css\" data-created_by=\"avia_inline_auto\" id=\"style-css-av-kev8ozq5-d56ca9eff4422cacc9ca85996bdd4d9a\">\n.avia-image-container.av-kev8ozq5-d56ca9eff4422cacc9ca85996bdd4d9a img.avia_image{\nbox-shadow:none;\n}\n.avia-image-container.av-kev8ozq5-d56ca9eff4422cacc9ca85996bdd4d9a .av-image-caption-overlay-center{\ncolor:#ffffff;\n}\n<\/style>\n<div  class='avia-image-container av-kev8ozq5-d56ca9eff4422cacc9ca85996bdd4d9a av-styling- avia-align-center  avia-builder-el-2  el_after_av_section  el_before_av_hr  avia-builder-el-first '   itemprop=\"image\" itemscope=\"itemscope\" itemtype=\"https:\/\/schema.org\/ImageObject\" ><div class=\"avia-image-container-inner\"><div class=\"avia-image-overlay-wrap\"><img decoding=\"async\" class='wp-image-1323 avia-img-lazy-loading-not-1323 avia_image ' src=\"https:\/\/campinglaspalmeras.com\/wp-content\/uploads\/2020\/09\/supermercat4.jpg\" alt='' title=''  height=\"405\" width=\"720\"  itemprop=\"thumbnailUrl\" srcset=\"https:\/\/campinglaspalmeras.com\/wp-content\/uploads\/2020\/09\/supermercat4.jpg 720w, https:\/\/campinglaspalmeras.com\/wp-content\/uploads\/2020\/09\/supermercat4-300x169.jpg 300w, https:\/\/campinglaspalmeras.com\/wp-content\/uploads\/2020\/09\/supermercat4-705x397.jpg 705w\" sizes=\"(max-width: 720px) 100vw, 720px\" \/><\/div><\/div><\/div><\/p>\n\n<style type=\"text\/css\" data-created_by=\"avia_inline_auto\" id=\"style-css-av-2gkky-364ef55374a09a357ba17d6917c23b2d\">\n#top .hr.hr-invisible.av-2gkky-364ef55374a09a357ba17d6917c23b2d{\nheight:30px;\n}\n<\/style>\n<div  class='hr av-2gkky-364ef55374a09a357ba17d6917c23b2d hr-invisible  avia-builder-el-3  el_after_av_image  el_before_av_textblock '><span class='hr-inner '><span class=\"hr-inner-style\"><\/span><\/span><\/div>\n<section  class='av_textblock_section av-kev99b2m-2af9474404fdf534aa4cd101198e9009 '   itemscope=\"itemscope\" itemtype=\"https:\/\/schema.org\/CreativeWork\" ><div class='avia_textblock'  itemprop=\"text\" ><p>El supermercat est\u00e0 obert cada dia. Oferim, a bon preu, tot el que el client pugui necessitar, com ara\u00a0<b>aliments frescos<\/b>\u00a0(carn, fruita o verdura), diferents tipus de pa i pastes, aix\u00ed com tamb\u00e9 la\u00a0<b>premsa<\/b>. (nacional i internacional). El supermercat ha ampliat la seva oferta afegint productes per DIAB\u00c9TICS, ECOL\u00d2GICS, SENSE LACTOSA, SENSE GLUTEN i QUIL\u00d2METRE ZERO (productes de proximitat). D\u2019aquesta manera volem apropar-nos m\u00e9s a les necessitats de tot el p\u00fablic.<\/p>\n<\/div><\/section>\n\n<style type=\"text\/css\" data-created_by=\"avia_inline_auto\" id=\"style-css-av-255be-3e9c362f833f4c46b1992e4fddb7028f\">\n#top .hr.hr-invisible.av-255be-3e9c362f833f4c46b1992e4fddb7028f{\nheight:30px;\n}\n<\/style>\n<div  class='hr av-255be-3e9c362f833f4c46b1992e4fddb7028f hr-invisible  avia-builder-el-5  el_after_av_textblock  el_before_av_one_full '><span class='hr-inner '><span class=\"hr-inner-style\"><\/span><\/span><\/div>\n\n<style type=\"text\/css\" data-created_by=\"avia_inline_auto\" id=\"style-css-av-cp0gy-ac0dc005f9eb3c560805c57a6714c068\">\n.flex_column.av-cp0gy-ac0dc005f9eb3c560805c57a6714c068{\n-webkit-border-radius:0px 0px 0px 0px;\n-moz-border-radius:0px 0px 0px 0px;\nborder-radius:0px 0px 0px 0px;\npadding:0px 0px 0px 0px;\n}\n<\/style>\n<div  class='flex_column av-cp0gy-ac0dc005f9eb3c560805c57a6714c068 av_one_full  avia-builder-el-6  el_after_av_hr  el_before_av_hr  first flex_column_div av-zero-column-padding  '     ><div id='av-masonry-1' class='av-masonry av-kev8qool-047ae98b67e5cb278a363d21c944d1e0 noHover av-fixed-size av-large-gap av-hover-overlay- av-masonry-animation-active av-masonry-col-4 av-caption-always av-caption-style- av-masonry-gallery ' data-post_id=\"1349\"><div class=\"av-masonry-container isotope av-js-disabled\"><div class='av-masonry-entry isotope-item av-masonry-item-no-image '><\/div><a href=\"https:\/\/campinglaspalmeras.com\/wp-content\/uploads\/2020\/09\/supermercat1.jpg\" data-srcset=\"https:\/\/campinglaspalmeras.com\/wp-content\/uploads\/2020\/09\/supermercat1.jpg 720w, https:\/\/campinglaspalmeras.com\/wp-content\/uploads\/2020\/09\/supermercat1-300x169.jpg 300w, https:\/\/campinglaspalmeras.com\/wp-content\/uploads\/2020\/09\/supermercat1-705x397.jpg 705w\" data-sizes=\"(max-width: 720px) 100vw, 720px\"  aria-label=\"image supermercat1\"  id='av-masonry-1-item-1352' data-av-masonry-item='1352' class='av-masonry-entry isotope-item post-1352 attachment type-attachment status-inherit hentry  av-masonry-item-with-image' title=\"supermercat1\" alt=\"\"    itemprop=\"thumbnailUrl\" ><div class='av-inner-masonry-sizer'><\/div><figure class='av-inner-masonry main_color'><div class=\"av-masonry-outerimage-container\"><div class='av-masonry-image-container' style=\"background-image: url(https:\/\/campinglaspalmeras.com\/wp-content\/uploads\/2020\/09\/supermercat1-705x397.jpg);\"  title=\"supermercat1\"  ><\/div><\/div><\/figure><\/a><!--end av-masonry entry--><a href=\"https:\/\/campinglaspalmeras.com\/wp-content\/uploads\/2020\/09\/supermercat2.jpg\" data-srcset=\"https:\/\/campinglaspalmeras.com\/wp-content\/uploads\/2020\/09\/supermercat2.jpg 720w, https:\/\/campinglaspalmeras.com\/wp-content\/uploads\/2020\/09\/supermercat2-300x169.jpg 300w, https:\/\/campinglaspalmeras.com\/wp-content\/uploads\/2020\/09\/supermercat2-705x397.jpg 705w\" data-sizes=\"(max-width: 720px) 100vw, 720px\"  aria-label=\"image supermercat2\"  id='av-masonry-1-item-1353' data-av-masonry-item='1353' class='av-masonry-entry isotope-item post-1353 attachment type-attachment status-inherit hentry  av-masonry-item-with-image' title=\"supermercat2\" alt=\"\"    itemprop=\"thumbnailUrl\" ><div class='av-inner-masonry-sizer'><\/div><figure class='av-inner-masonry main_color'><div class=\"av-masonry-outerimage-container\"><div class='av-masonry-image-container' style=\"background-image: url(https:\/\/campinglaspalmeras.com\/wp-content\/uploads\/2020\/09\/supermercat2-705x397.jpg);\"  title=\"supermercat2\"  ><\/div><\/div><\/figure><\/a><!--end av-masonry entry--><a href=\"https:\/\/campinglaspalmeras.com\/wp-content\/uploads\/2020\/09\/supermercat3.jpg\" data-srcset=\"https:\/\/campinglaspalmeras.com\/wp-content\/uploads\/2020\/09\/supermercat3.jpg 720w, https:\/\/campinglaspalmeras.com\/wp-content\/uploads\/2020\/09\/supermercat3-300x169.jpg 300w, https:\/\/campinglaspalmeras.com\/wp-content\/uploads\/2020\/09\/supermercat3-705x397.jpg 705w\" data-sizes=\"(max-width: 720px) 100vw, 720px\"  aria-label=\"image supermercat3\"  id='av-masonry-1-item-1354' data-av-masonry-item='1354' class='av-masonry-entry isotope-item post-1354 attachment type-attachment status-inherit hentry  av-masonry-item-with-image' title=\"supermercat3\" alt=\"\"    itemprop=\"thumbnailUrl\" ><div class='av-inner-masonry-sizer'><\/div><figure class='av-inner-masonry main_color'><div class=\"av-masonry-outerimage-container\"><div class='av-masonry-image-container' style=\"background-image: url(https:\/\/campinglaspalmeras.com\/wp-content\/uploads\/2020\/09\/supermercat3-705x397.jpg);\"  title=\"supermercat3\"  ><\/div><\/div><\/figure><\/a><!--end av-masonry entry--><a href=\"https:\/\/campinglaspalmeras.com\/wp-content\/uploads\/2020\/09\/supermercat4-1.jpg\" data-srcset=\"https:\/\/campinglaspalmeras.com\/wp-content\/uploads\/2020\/09\/supermercat4-1.jpg 720w, https:\/\/campinglaspalmeras.com\/wp-content\/uploads\/2020\/09\/supermercat4-1-300x169.jpg 300w, https:\/\/campinglaspalmeras.com\/wp-content\/uploads\/2020\/09\/supermercat4-1-705x397.jpg 705w\" data-sizes=\"(max-width: 720px) 100vw, 720px\"  aria-label=\"image supermercat4\"  id='av-masonry-1-item-1355' data-av-masonry-item='1355' class='av-masonry-entry isotope-item post-1355 attachment type-attachment status-inherit hentry  av-masonry-item-with-image' title=\"supermercat4\" alt=\"\"    itemprop=\"thumbnailUrl\" ><div class='av-inner-masonry-sizer'><\/div><figure class='av-inner-masonry main_color'><div class=\"av-masonry-outerimage-container\"><div class='av-masonry-image-container' style=\"background-image: url(https:\/\/campinglaspalmeras.com\/wp-content\/uploads\/2020\/09\/supermercat4-1-705x397.jpg);\"  title=\"supermercat4\"  ><\/div><\/div><\/figure><\/a><!--end av-masonry entry--><\/div><\/div><\/div>\n\n<style type=\"text\/css\" data-created_by=\"avia_inline_auto\" id=\"style-css-av-wo8i-81e2831d12e6d00a48afe239b9e84037\">\n#top .hr.hr-invisible.av-wo8i-81e2831d12e6d00a48afe239b9e84037{\nheight:30px;\n}\n<\/style>\n<div  class='hr av-wo8i-81e2831d12e6d00a48afe239b9e84037 hr-invisible  avia-builder-el-8  el_after_av_one_full  el_before_av_button '><span class='hr-inner '><span class=\"hr-inner-style\"><\/span><\/span><\/div>\n<div  class='avia-button-wrap av-kev8plwe-b6464440e84f67a3a75c60a3c45c558f-wrap avia-button-center  avia-builder-el-9  el_after_av_hr  avia-builder-el-last '><a href='https:\/\/campinglaspalmeras.com\/ca\/contacte\/'  class='avia-button av-kev8plwe-b6464440e84f67a3a75c60a3c45c558f avia-icon_select-no avia-size-large avia-position-center avia-color-theme-color'  ><span class='avia_iconbox_title' >Contacte<\/span><\/a><\/div>\n","protected":false},"excerpt":{"rendered":"","protected":false},"author":1,"featured_media":0,"parent":1798,"menu_order":164,"comment_status":"closed","ping_status":"closed","template":"","meta":[],"yoast_head":"<!-- This site is optimized with the Yoast SEO plugin v20.9 - https:\/\/yoast.com\/wordpress\/plugins\/seo\/ -->\n<title>Supermercat - Camping Las Palmeras Costa Brava<\/title>\n<meta name=\"description\" content=\"El supermercat est\u00e0 obert cada dia. Oferim, a bon preu, tot el que el client pugui necessitar, com ara aliments frescos (carn, fruita o verdura), diferents tipus de pa i pastes, aix\u00ed com tamb\u00e9 la premsa. (nacional i internacional).\" \/>\n<meta name=\"robots\" content=\"index, follow, max-snippet:-1, max-image-preview:large, max-video-preview:-1\" \/>\n<link rel=\"canonical\" href=\"https:\/\/campinglaspalmeras.com\/ca\/serveis\/supermercat\/\" \/>\n<meta property=\"og:locale\" content=\"ca_ES\" \/>\n<meta property=\"og:type\" content=\"article\" \/>\n<meta property=\"og:title\" content=\"Supermercat - Camping Las Palmeras Costa Brava\" \/>\n<meta property=\"og:description\" content=\"El supermercat est\u00e0 obert cada dia. Oferim, a bon preu, tot el que el client pugui necessitar, com ara aliments frescos (carn, fruita o verdura), diferents tipus de pa i pastes, aix\u00ed com tamb\u00e9 la premsa. (nacional i internacional).\" \/>\n<meta property=\"og:url\" content=\"https:\/\/campinglaspalmeras.com\/ca\/serveis\/supermercat\/\" \/>\n<meta property=\"og:site_name\" content=\"Camping Las Palmeras Costa Brava\" \/>\n<meta property=\"article:publisher\" content=\"https:\/\/www.facebook.com\/campingpalmeras\" \/>\n<meta property=\"article:modified_time\" content=\"2020-10-14T15:30:54+00:00\" \/>\n<meta name=\"twitter:card\" content=\"summary_large_image\" \/>\n<meta name=\"twitter:site\" content=\"@CLasPalmeras\" \/>\n<meta name=\"twitter:label1\" content=\"Temps estimat de lectura\" \/>\n\t<meta name=\"twitter:data1\" content=\"4 minuts\" \/>\n<script type=\"application\/ld+json\" class=\"yoast-schema-graph\">{\"@context\":\"https:\/\/schema.org\",\"@graph\":[{\"@type\":\"WebPage\",\"@id\":\"https:\/\/campinglaspalmeras.com\/ca\/serveis\/supermercat\/\",\"url\":\"https:\/\/campinglaspalmeras.com\/ca\/serveis\/supermercat\/\",\"name\":\"Supermercat - Camping Las Palmeras Costa Brava\",\"isPartOf\":{\"@id\":\"https:\/\/campinglaspalmeras.com\/ca\/#website\"},\"datePublished\":\"2020-09-09T10:24:26+00:00\",\"dateModified\":\"2020-10-14T15:30:54+00:00\",\"description\":\"El supermercat est\u00e0 obert cada dia. Oferim, a bon preu, tot el que el client pugui necessitar, com ara aliments frescos (carn, fruita o verdura), diferents tipus de pa i pastes, aix\u00ed com tamb\u00e9 la premsa. (nacional i internacional).\",\"breadcrumb\":{\"@id\":\"https:\/\/campinglaspalmeras.com\/ca\/serveis\/supermercat\/#breadcrumb\"},\"inLanguage\":\"ca\",\"potentialAction\":[{\"@type\":\"ReadAction\",\"target\":[\"https:\/\/campinglaspalmeras.com\/ca\/serveis\/supermercat\/\"]}]},{\"@type\":\"BreadcrumbList\",\"@id\":\"https:\/\/campinglaspalmeras.com\/ca\/serveis\/supermercat\/#breadcrumb\",\"itemListElement\":[{\"@type\":\"ListItem\",\"position\":1,\"name\":\"Portada\",\"item\":\"https:\/\/campinglaspalmeras.com\/ca\/inici\/\"},{\"@type\":\"ListItem\",\"position\":2,\"name\":\"Instal\u00b7lacions\",\"item\":\"https:\/\/campinglaspalmeras.com\/ca\/serveis\/\"},{\"@type\":\"ListItem\",\"position\":3,\"name\":\"Supermercat\"}]},{\"@type\":\"WebSite\",\"@id\":\"https:\/\/campinglaspalmeras.com\/ca\/#website\",\"url\":\"https:\/\/campinglaspalmeras.com\/ca\/\",\"name\":\"Camping Las Palmeras Costa Brava\",\"description\":\"Camping Las Palmeras Costa Brava\",\"potentialAction\":[{\"@type\":\"SearchAction\",\"target\":{\"@type\":\"EntryPoint\",\"urlTemplate\":\"https:\/\/campinglaspalmeras.com\/ca\/?s={search_term_string}\"},\"query-input\":\"required name=search_term_string\"}],\"inLanguage\":\"ca\"}]}<\/script>\n<!-- \/ Yoast SEO plugin. -->","yoast_head_json":{"title":"Supermercat - Camping Las Palmeras Costa Brava","description":"El supermercat est\u00e0 obert cada dia. Oferim, a bon preu, tot el que el client pugui necessitar, com ara aliments frescos (carn, fruita o verdura), diferents tipus de pa i pastes, aix\u00ed com tamb\u00e9 la premsa. (nacional i internacional).","robots":{"index":"index","follow":"follow","max-snippet":"max-snippet:-1","max-image-preview":"max-image-preview:large","max-video-preview":"max-video-preview:-1"},"canonical":"https:\/\/campinglaspalmeras.com\/ca\/serveis\/supermercat\/","og_locale":"ca_ES","og_type":"article","og_title":"Supermercat - Camping Las Palmeras Costa Brava","og_description":"El supermercat est\u00e0 obert cada dia. Oferim, a bon preu, tot el que el client pugui necessitar, com ara aliments frescos (carn, fruita o verdura), diferents tipus de pa i pastes, aix\u00ed com tamb\u00e9 la premsa. (nacional i internacional).","og_url":"https:\/\/campinglaspalmeras.com\/ca\/serveis\/supermercat\/","og_site_name":"Camping Las Palmeras Costa Brava","article_publisher":"https:\/\/www.facebook.com\/campingpalmeras","article_modified_time":"2020-10-14T15:30:54+00:00","twitter_card":"summary_large_image","twitter_site":"@CLasPalmeras","twitter_misc":{"Temps estimat de lectura":"4 minuts"},"schema":{"@context":"https:\/\/schema.org","@graph":[{"@type":"WebPage","@id":"https:\/\/campinglaspalmeras.com\/ca\/serveis\/supermercat\/","url":"https:\/\/campinglaspalmeras.com\/ca\/serveis\/supermercat\/","name":"Supermercat - Camping Las Palmeras Costa Brava","isPartOf":{"@id":"https:\/\/campinglaspalmeras.com\/ca\/#website"},"datePublished":"2020-09-09T10:24:26+00:00","dateModified":"2020-10-14T15:30:54+00:00","description":"El supermercat est\u00e0 obert cada dia. Oferim, a bon preu, tot el que el client pugui necessitar, com ara aliments frescos (carn, fruita o verdura), diferents tipus de pa i pastes, aix\u00ed com tamb\u00e9 la premsa. (nacional i internacional).","breadcrumb":{"@id":"https:\/\/campinglaspalmeras.com\/ca\/serveis\/supermercat\/#breadcrumb"},"inLanguage":"ca","potentialAction":[{"@type":"ReadAction","target":["https:\/\/campinglaspalmeras.com\/ca\/serveis\/supermercat\/"]}]},{"@type":"BreadcrumbList","@id":"https:\/\/campinglaspalmeras.com\/ca\/serveis\/supermercat\/#breadcrumb","itemListElement":[{"@type":"ListItem","position":1,"name":"Portada","item":"https:\/\/campinglaspalmeras.com\/ca\/inici\/"},{"@type":"ListItem","position":2,"name":"Instal\u00b7lacions","item":"https:\/\/campinglaspalmeras.com\/ca\/serveis\/"},{"@type":"ListItem","position":3,"name":"Supermercat"}]},{"@type":"WebSite","@id":"https:\/\/campinglaspalmeras.com\/ca\/#website","url":"https:\/\/campinglaspalmeras.com\/ca\/","name":"Camping Las Palmeras Costa Brava","description":"Camping Las Palmeras Costa Brava","potentialAction":[{"@type":"SearchAction","target":{"@type":"EntryPoint","urlTemplate":"https:\/\/campinglaspalmeras.com\/ca\/?s={search_term_string}"},"query-input":"required name=search_term_string"}],"inLanguage":"ca"}]}},"_links":{"self":[{"href":"https:\/\/campinglaspalmeras.com\/ca\/wp-json\/wp\/v2\/pages\/1349"}],"collection":[{"href":"https:\/\/campinglaspalmeras.com\/ca\/wp-json\/wp\/v2\/pages"}],"about":[{"href":"https:\/\/campinglaspalmeras.com\/ca\/wp-json\/wp\/v2\/types\/page"}],"author":[{"embeddable":true,"href":"https:\/\/campinglaspalmeras.com\/ca\/wp-json\/wp\/v2\/users\/1"}],"replies":[{"embeddable":true,"href":"https:\/\/campinglaspalmeras.com\/ca\/wp-json\/wp\/v2\/comments?post=1349"}],"version-history":[{"count":3,"href":"https:\/\/campinglaspalmeras.com\/ca\/wp-json\/wp\/v2\/pages\/1349\/revisions"}],"predecessor-version":[{"id":3059,"href":"https:\/\/campinglaspalmeras.com\/ca\/wp-json\/wp\/v2\/pages\/1349\/revisions\/3059"}],"up":[{"embeddable":true,"href":"https:\/\/campinglaspalmeras.com\/ca\/wp-json\/wp\/v2\/pages\/1798"}],"wp:attachment":[{"href":"https:\/\/campinglaspalmeras.com\/ca\/wp-json\/wp\/v2\/media?parent=1349"}],"curies":[{"name":"wp","href":"https:\/\/api.w.org\/{rel}","templated":true}]}}