{"id":1468,"date":"2020-09-09T12:23:57","date_gmt":"2020-09-09T10:23:57","guid":{"rendered":"https:\/\/campinglaspalmeras.com\/sanitary-blocks\/"},"modified":"2021-06-30T16:39:04","modified_gmt":"2021-06-30T14:39:04","slug":"sanitaris","status":"publish","type":"page","link":"https:\/\/campinglaspalmeras.com\/ca\/serveis\/sanitaris\/","title":{"rendered":"Sanitaris"},"content":{"rendered":"\n<style type=\"text\/css\" data-created_by=\"avia_inline_auto\" id=\"style-css-av-ketpt1xq-a9da0701922bfcfe586dcc597776d9d9\">\n.avia-section.av-ketpt1xq-a9da0701922bfcfe586dcc597776d9d9 .av-parallax .av-parallax-inner{\nbackground-repeat:no-repeat;\nbackground-image:url(https:\/\/campinglaspalmeras.com\/wp-content\/uploads\/2020\/09\/van-vintage-2285126_1280.jpg);\nbackground-position:50% 50%;\nbackground-attachment:scroll;\n}\n.avia-section.av-ketpt1xq-a9da0701922bfcfe586dcc597776d9d9 .av-section-color-overlay{\nopacity:0.8;\nbackground-color:#2d2d2d;\n}\n<\/style>\n<div id='av_section_1'  class='avia-section av-ketpt1xq-a9da0701922bfcfe586dcc597776d9d9 main_color avia-section-default avia-no-border-styling  avia-builder-el-0  el_before_av_image  avia-builder-el-first  av-parallax-section avia-bg-style-parallax av-section-color-overlay-active container_wrap sidebar_right'  data-section-bg-repeat='no-repeat'><div class='av-parallax' data-avia-parallax-ratio='0.3' ><div class='av-parallax-inner main_color avia-full-stretch'><\/div><\/div><div class=\"av-section-color-overlay-wrap\"><div class=\"av-section-color-overlay\"><\/div><div class='container av-section-cont-open' ><main  role=\"main\" itemprop=\"mainContentOfPage\"  class='template-page content  av-content-small alpha units'><div class='post-entry post-entry-type-page post-entry-1468'><div class='entry-content-wrapper clearfix'>\n\n<style type=\"text\/css\" data-created_by=\"avia_inline_auto\" id=\"style-css-av-kg9inr0p-a80428cafb7a82adc4cf882d27e17161\">\n#top .av-special-heading.av-kg9inr0p-a80428cafb7a82adc4cf882d27e17161{\npadding-bottom:10px;\ncolor:#ffffff;\n}\nbody .av-special-heading.av-kg9inr0p-a80428cafb7a82adc4cf882d27e17161 .av-special-heading-tag .heading-char{\nfont-size:25px;\n}\n.av-special-heading.av-kg9inr0p-a80428cafb7a82adc4cf882d27e17161 .special-heading-inner-border{\nborder-color:#ffffff;\n}\n.av-special-heading.av-kg9inr0p-a80428cafb7a82adc4cf882d27e17161 .av-subheading{\nfont-size:15px;\n}\n<\/style>\n<div  class='av-special-heading av-kg9inr0p-a80428cafb7a82adc4cf882d27e17161 av-special-heading-h1 custom-color-heading blockquote modern-quote modern-centered  avia-builder-el-1  avia-builder-el-no-sibling '><h1 class='av-special-heading-tag'  itemprop=\"headline\"  >Sanitaris<\/h1><div class=\"special-heading-border\"><div class=\"special-heading-inner-border\"><\/div><\/div><\/div>\n<\/div><\/div><\/main><!-- close content main element --><\/div><\/div><\/div><div id='after_section_1'  class='main_color av_default_container_wrap container_wrap sidebar_right'  ><div class='container av-section-cont-open' ><div class='template-page content  av-content-small alpha units'><div class='post-entry post-entry-type-page post-entry-1468'><div class='entry-content-wrapper clearfix'>\n\n<style type=\"text\/css\" data-created_by=\"avia_inline_auto\" id=\"style-css-av-kev8ozq5-c9c1adf28330a4763beff8e5040c080a\">\n.avia-image-container.av-kev8ozq5-c9c1adf28330a4763beff8e5040c080a img.avia_image{\nbox-shadow:none;\n}\n.avia-image-container.av-kev8ozq5-c9c1adf28330a4763beff8e5040c080a .av-image-caption-overlay-center{\ncolor:#ffffff;\n}\n<\/style>\n<div  class='avia-image-container av-kev8ozq5-c9c1adf28330a4763beff8e5040c080a av-styling- avia-align-center  avia-builder-el-2  el_after_av_section  el_before_av_hr  avia-builder-el-first '   itemprop=\"image\" itemscope=\"itemscope\" itemtype=\"https:\/\/schema.org\/ImageObject\" ><div class=\"avia-image-container-inner\"><div class=\"avia-image-overlay-wrap\"><img decoding=\"async\" class='wp-image-5450 avia-img-lazy-loading-not-5450 avia_image ' src=\"https:\/\/campinglaspalmeras.com\/wp-content\/uploads\/2021\/06\/Sanitari-05-845x630.jpg\" alt='' title='Sanitari 05'  height=\"630\" width=\"845\"  itemprop=\"thumbnailUrl\"  \/><\/div><\/div><\/div>\n\n<style type=\"text\/css\" data-created_by=\"avia_inline_auto\" id=\"style-css-av-sukfb-bbeab3ae4cbdc3853156e42029646c2e\">\n#top .hr.hr-invisible.av-sukfb-bbeab3ae4cbdc3853156e42029646c2e{\nheight:30px;\n}\n<\/style>\n<div  class='hr av-sukfb-bbeab3ae4cbdc3853156e42029646c2e hr-invisible  avia-builder-el-3  el_after_av_image  el_before_av_one_full '><span class='hr-inner '><span class=\"hr-inner-style\"><\/span><\/span><\/div>\n\n<style type=\"text\/css\" data-created_by=\"avia_inline_auto\" id=\"style-css-av-m7dbb-6e9f836851872e2f86e20980eb5052c1\">\n.flex_column.av-m7dbb-6e9f836851872e2f86e20980eb5052c1{\n-webkit-border-radius:0px 0px 0px 0px;\n-moz-border-radius:0px 0px 0px 0px;\nborder-radius:0px 0px 0px 0px;\npadding:0px 0px 0px 0px;\n}\n<\/style>\n<div  class='flex_column av-m7dbb-6e9f836851872e2f86e20980eb5052c1 av_one_full  avia-builder-el-4  el_after_av_hr  el_before_av_hr  first flex_column_div av-zero-column-padding  '     ><p><section  class='av_textblock_section av-kev9155y-9449a47f1e96e3f0cabdd85d00056377 '   itemscope=\"itemscope\" itemtype=\"https:\/\/schema.org\/CreativeWork\" ><div class='avia_textblock'  itemprop=\"text\" ><p>Els dos blocs sanitaris es troben distribu\u00efts en zones de f\u00e0cil acc\u00e9s per a tothom. Estan prove\u00efts d\u2019aigua calenta gratu\u00efta, cabines individuals, lavabos, v\u00e0ters, v\u00e0ters\u00a0per a nens, banyeres per a nadons i un m\u00f2dul per a les fam\u00edlies. Els sanitaris es mantenen sempre nets ja que per a nosaltres la higiene \u00e9s fonamental.<\/p>\n<p><em>Lavabo per a persones amb mobilitat redu\u00efda<\/em><\/p>\n<p>El c\u00e0mping disposa de lavabos adaptats per a persones amb mobilitat redu\u00efda. Tota la zona de sanitaris, com la resta del c\u00e0mping, est\u00e0 lliure de barreres arquitect\u00f2niques.<\/p>\n<p><em>WC Qu\u00edmic<\/em><\/p>\n<p>Disposem de quatre punts en diferents llocs del c\u00e0mping per buidar i netejar el seu WC qu\u00edmic port\u00e0til.<\/p>\n<\/div><\/section><br \/>\n\n<style type=\"text\/css\" data-created_by=\"avia_inline_auto\" id=\"style-css-av-cyven-bb19d2d352c34f9f1a848ad3d694ec5e\">\n#top .hr.hr-invisible.av-cyven-bb19d2d352c34f9f1a848ad3d694ec5e{\nheight:30px;\n}\n<\/style>\n<div  class='hr av-cyven-bb19d2d352c34f9f1a848ad3d694ec5e hr-invisible  avia-builder-el-6  el_after_av_textblock  el_before_av_masonry_gallery  avia-builder-el-last '><span class='hr-inner '><span class=\"hr-inner-style\"><\/span><\/span><\/div><br \/>\n<div id='av-masonry-1' class='av-masonry av-kev8qool-58917216b806a4a97ca4e19f13b08b5f noHover av-fixed-size av-large-gap av-hover-overlay- av-masonry-animation-active av-masonry-col-4 av-caption-always av-caption-style- av-masonry-gallery ' data-post_id=\"1468\"><div class=\"av-masonry-container isotope av-js-disabled\"><div class='av-masonry-entry isotope-item av-masonry-item-no-image '><\/div><a href=\"https:\/\/campinglaspalmeras.com\/wp-content\/uploads\/2021\/06\/Sanitari-06-1030x687.jpg\" data-srcset=\"https:\/\/campinglaspalmeras.com\/wp-content\/uploads\/2021\/06\/Sanitari-06-1030x687.jpg 1030w, https:\/\/campinglaspalmeras.com\/wp-content\/uploads\/2021\/06\/Sanitari-06-300x200.jpg 300w, https:\/\/campinglaspalmeras.com\/wp-content\/uploads\/2021\/06\/Sanitari-06-768x512.jpg 768w, https:\/\/campinglaspalmeras.com\/wp-content\/uploads\/2021\/06\/Sanitari-06-705x470.jpg 705w, https:\/\/campinglaspalmeras.com\/wp-content\/uploads\/2021\/06\/Sanitari-06.jpg 1224w\" data-sizes=\"(max-width: 1030px) 100vw, 1030px\"  aria-label=\"image Sanitari 06\"  id='av-masonry-1-item-5458' data-av-masonry-item='5458' class='av-masonry-entry isotope-item post-5458 attachment type-attachment status-inherit hentry  av-masonry-item-with-image' title=\"Sanitari 06\" alt=\"\"    itemprop=\"thumbnailUrl\" ><div class='av-inner-masonry-sizer'><\/div><figure class='av-inner-masonry main_color'><div class=\"av-masonry-outerimage-container\"><div class='av-masonry-image-container' style=\"background-image: url(https:\/\/campinglaspalmeras.com\/wp-content\/uploads\/2021\/06\/Sanitari-06-705x470.jpg);\"  title=\"Sanitari 06\"  ><\/div><\/div><\/figure><\/a><!--end av-masonry entry--><a href=\"https:\/\/campinglaspalmeras.com\/wp-content\/uploads\/2021\/06\/Sanitari-05-1030x530.jpg\" data-srcset=\"https:\/\/campinglaspalmeras.com\/wp-content\/uploads\/2021\/06\/Sanitari-05-1030x530.jpg 1030w, https:\/\/campinglaspalmeras.com\/wp-content\/uploads\/2021\/06\/Sanitari-05-300x154.jpg 300w, https:\/\/campinglaspalmeras.com\/wp-content\/uploads\/2021\/06\/Sanitari-05-768x395.jpg 768w, https:\/\/campinglaspalmeras.com\/wp-content\/uploads\/2021\/06\/Sanitari-05-705x363.jpg 705w, https:\/\/campinglaspalmeras.com\/wp-content\/uploads\/2021\/06\/Sanitari-05.jpg 1224w\" data-sizes=\"(max-width: 1030px) 100vw, 1030px\"  aria-label=\"image Sanitari 05\"  id='av-masonry-1-item-5450' data-av-masonry-item='5450' class='av-masonry-entry isotope-item post-5450 attachment type-attachment status-inherit hentry  av-masonry-item-with-image' title=\"Sanitari 05\" alt=\"\"    itemprop=\"thumbnailUrl\" ><div class='av-inner-masonry-sizer'><\/div><figure class='av-inner-masonry main_color'><div class=\"av-masonry-outerimage-container\"><div class='av-masonry-image-container' style=\"background-image: url(https:\/\/campinglaspalmeras.com\/wp-content\/uploads\/2021\/06\/Sanitari-05-705x363.jpg);\"  title=\"Sanitari 05\"  ><\/div><\/div><\/figure><\/a><!--end av-masonry entry--><a href=\"https:\/\/campinglaspalmeras.com\/wp-content\/uploads\/2021\/06\/Sanitari-04-1030x649.jpg\" data-srcset=\"https:\/\/campinglaspalmeras.com\/wp-content\/uploads\/2021\/06\/Sanitari-04-1030x649.jpg 1030w, https:\/\/campinglaspalmeras.com\/wp-content\/uploads\/2021\/06\/Sanitari-04-300x189.jpg 300w, https:\/\/campinglaspalmeras.com\/wp-content\/uploads\/2021\/06\/Sanitari-04-768x484.jpg 768w, https:\/\/campinglaspalmeras.com\/wp-content\/uploads\/2021\/06\/Sanitari-04-705x444.jpg 705w, https:\/\/campinglaspalmeras.com\/wp-content\/uploads\/2021\/06\/Sanitari-04.jpg 1224w\" data-sizes=\"(max-width: 1030px) 100vw, 1030px\"  aria-label=\"image Sanitari 04\"  id='av-masonry-1-item-5442' data-av-masonry-item='5442' class='av-masonry-entry isotope-item post-5442 attachment type-attachment status-inherit hentry  av-masonry-item-with-image' title=\"Sanitari 04\" alt=\"\"    itemprop=\"thumbnailUrl\" ><div class='av-inner-masonry-sizer'><\/div><figure class='av-inner-masonry main_color'><div class=\"av-masonry-outerimage-container\"><div class='av-masonry-image-container' style=\"background-image: url(https:\/\/campinglaspalmeras.com\/wp-content\/uploads\/2021\/06\/Sanitari-04-705x444.jpg);\"  title=\"Sanitari 04\"  ><\/div><\/div><\/figure><\/a><!--end av-masonry entry--><a href=\"https:\/\/campinglaspalmeras.com\/wp-content\/uploads\/2021\/06\/Sanitari-03-1030x596.jpg\" data-srcset=\"https:\/\/campinglaspalmeras.com\/wp-content\/uploads\/2021\/06\/Sanitari-03-1030x596.jpg 1030w, https:\/\/campinglaspalmeras.com\/wp-content\/uploads\/2021\/06\/Sanitari-03-300x174.jpg 300w, https:\/\/campinglaspalmeras.com\/wp-content\/uploads\/2021\/06\/Sanitari-03-768x444.jpg 768w, https:\/\/campinglaspalmeras.com\/wp-content\/uploads\/2021\/06\/Sanitari-03-705x408.jpg 705w, https:\/\/campinglaspalmeras.com\/wp-content\/uploads\/2021\/06\/Sanitari-03.jpg 1224w\" data-sizes=\"(max-width: 1030px) 100vw, 1030px\"  aria-label=\"image Sanitari 03\"  id='av-masonry-1-item-5434' data-av-masonry-item='5434' class='av-masonry-entry isotope-item post-5434 attachment type-attachment status-inherit hentry  av-masonry-item-with-image' title=\"Sanitari 03\" alt=\"\"    itemprop=\"thumbnailUrl\" ><div class='av-inner-masonry-sizer'><\/div><figure class='av-inner-masonry main_color'><div class=\"av-masonry-outerimage-container\"><div class='av-masonry-image-container' style=\"background-image: url(https:\/\/campinglaspalmeras.com\/wp-content\/uploads\/2021\/06\/Sanitari-03-705x408.jpg);\"  title=\"Sanitari 03\"  ><\/div><\/div><\/figure><\/a><!--end av-masonry entry--><a href=\"https:\/\/campinglaspalmeras.com\/wp-content\/uploads\/2021\/06\/Sanitari-02-1030x558.jpg\" data-srcset=\"https:\/\/campinglaspalmeras.com\/wp-content\/uploads\/2021\/06\/Sanitari-02-1030x558.jpg 1030w, https:\/\/campinglaspalmeras.com\/wp-content\/uploads\/2021\/06\/Sanitari-02-300x163.jpg 300w, https:\/\/campinglaspalmeras.com\/wp-content\/uploads\/2021\/06\/Sanitari-02-768x416.jpg 768w, https:\/\/campinglaspalmeras.com\/wp-content\/uploads\/2021\/06\/Sanitari-02-705x382.jpg 705w, https:\/\/campinglaspalmeras.com\/wp-content\/uploads\/2021\/06\/Sanitari-02.jpg 1224w\" data-sizes=\"(max-width: 1030px) 100vw, 1030px\"  aria-label=\"image Sanitari 02\"  id='av-masonry-1-item-5426' data-av-masonry-item='5426' class='av-masonry-entry isotope-item post-5426 attachment type-attachment status-inherit hentry  av-masonry-item-with-image' title=\"Sanitari 02\" alt=\"\"    itemprop=\"thumbnailUrl\" ><div class='av-inner-masonry-sizer'><\/div><figure class='av-inner-masonry main_color'><div class=\"av-masonry-outerimage-container\"><div class='av-masonry-image-container' style=\"background-image: url(https:\/\/campinglaspalmeras.com\/wp-content\/uploads\/2021\/06\/Sanitari-02-705x382.jpg);\"  title=\"Sanitari 02\"  ><\/div><\/div><\/figure><\/a><!--end av-masonry entry--><a href=\"https:\/\/campinglaspalmeras.com\/wp-content\/uploads\/2021\/06\/Sanitari-01-1030x665.jpg\" data-srcset=\"https:\/\/campinglaspalmeras.com\/wp-content\/uploads\/2021\/06\/Sanitari-01-1030x665.jpg 1030w, https:\/\/campinglaspalmeras.com\/wp-content\/uploads\/2021\/06\/Sanitari-01-300x194.jpg 300w, https:\/\/campinglaspalmeras.com\/wp-content\/uploads\/2021\/06\/Sanitari-01-768x496.jpg 768w, https:\/\/campinglaspalmeras.com\/wp-content\/uploads\/2021\/06\/Sanitari-01-705x455.jpg 705w, https:\/\/campinglaspalmeras.com\/wp-content\/uploads\/2021\/06\/Sanitari-01.jpg 1224w\" data-sizes=\"(max-width: 1030px) 100vw, 1030px\"  aria-label=\"image Sanitari 01\"  id='av-masonry-1-item-5418' data-av-masonry-item='5418' class='av-masonry-entry isotope-item post-5418 attachment type-attachment status-inherit hentry  av-masonry-item-with-image' title=\"Sanitari 01\" alt=\"\"    itemprop=\"thumbnailUrl\" ><div class='av-inner-masonry-sizer'><\/div><figure class='av-inner-masonry main_color'><div class=\"av-masonry-outerimage-container\"><div class='av-masonry-image-container' style=\"background-image: url(https:\/\/campinglaspalmeras.com\/wp-content\/uploads\/2021\/06\/Sanitari-01-705x455.jpg);\"  title=\"Sanitari 01\"  ><\/div><\/div><\/figure><\/a><!--end av-masonry entry--><\/div><\/div><\/p><\/div>\n<style type=\"text\/css\" data-created_by=\"avia_inline_auto\" id=\"style-css-av-behbb-35e0dc871042c2c8d627e7440e76c88c\">\n#top .hr.hr-invisible.av-behbb-35e0dc871042c2c8d627e7440e76c88c{\nheight:30px;\n}\n<\/style>\n<div  class='hr av-behbb-35e0dc871042c2c8d627e7440e76c88c hr-invisible  avia-builder-el-8  el_after_av_one_full  el_before_av_button '><span class='hr-inner '><span class=\"hr-inner-style\"><\/span><\/span><\/div><\/p>\n<div  class='avia-button-wrap av-kev8plwe-b6464440e84f67a3a75c60a3c45c558f-wrap avia-button-center  avia-builder-el-9  el_after_av_hr  avia-builder-el-last '><a href='https:\/\/campinglaspalmeras.com\/ca\/contacte\/'  class='avia-button av-kev8plwe-b6464440e84f67a3a75c60a3c45c558f avia-icon_select-no avia-size-large avia-position-center avia-color-theme-color'  ><span class='avia_iconbox_title' >Contacte<\/span><\/a><\/div>\n","protected":false},"excerpt":{"rendered":"","protected":false},"author":1,"featured_media":0,"parent":1798,"menu_order":161,"comment_status":"closed","ping_status":"closed","template":"","meta":[],"yoast_head":"<!-- This site is optimized with the Yoast SEO plugin v20.9 - https:\/\/yoast.com\/wordpress\/plugins\/seo\/ -->\n<title>Sanitaris - Camping Las Palmeras Costa Brava<\/title>\n<meta name=\"description\" content=\"Els dos blocs sanitaris es troben distribu\u00efts en zones de f\u00e0cil acc\u00e9s per a tothom. Estan prove\u00efts d\u2019aigua calenta gratu\u00efta, cabines individuals, lavabos, v\u00e0ters, v\u00e0ters per a nens, banyeres per a nadons i un m\u00f2dul per a les fam\u00edlies.\" \/>\n<meta name=\"robots\" content=\"index, follow, max-snippet:-1, max-image-preview:large, max-video-preview:-1\" \/>\n<link rel=\"canonical\" href=\"https:\/\/campinglaspalmeras.com\/ca\/serveis\/sanitaris\/\" \/>\n<meta property=\"og:locale\" content=\"ca_ES\" \/>\n<meta property=\"og:type\" content=\"article\" \/>\n<meta property=\"og:title\" content=\"Sanitaris - Camping Las Palmeras Costa Brava\" \/>\n<meta property=\"og:description\" content=\"Els dos blocs sanitaris es troben distribu\u00efts en zones de f\u00e0cil acc\u00e9s per a tothom. Estan prove\u00efts d\u2019aigua calenta gratu\u00efta, cabines individuals, lavabos, v\u00e0ters, v\u00e0ters per a nens, banyeres per a nadons i un m\u00f2dul per a les fam\u00edlies.\" \/>\n<meta property=\"og:url\" content=\"https:\/\/campinglaspalmeras.com\/ca\/serveis\/sanitaris\/\" \/>\n<meta property=\"og:site_name\" content=\"Camping Las Palmeras Costa Brava\" \/>\n<meta property=\"article:publisher\" content=\"https:\/\/www.facebook.com\/campingpalmeras\" \/>\n<meta property=\"article:modified_time\" content=\"2021-06-30T14:39:04+00:00\" \/>\n<meta name=\"twitter:card\" content=\"summary_large_image\" \/>\n<meta name=\"twitter:site\" content=\"@CLasPalmeras\" \/>\n<meta name=\"twitter:label1\" content=\"Temps estimat de lectura\" \/>\n\t<meta name=\"twitter:data1\" content=\"4 minuts\" \/>\n<script type=\"application\/ld+json\" class=\"yoast-schema-graph\">{\"@context\":\"https:\/\/schema.org\",\"@graph\":[{\"@type\":\"WebPage\",\"@id\":\"https:\/\/campinglaspalmeras.com\/ca\/serveis\/sanitaris\/\",\"url\":\"https:\/\/campinglaspalmeras.com\/ca\/serveis\/sanitaris\/\",\"name\":\"Sanitaris - Camping Las Palmeras Costa Brava\",\"isPartOf\":{\"@id\":\"https:\/\/campinglaspalmeras.com\/ca\/#website\"},\"datePublished\":\"2020-09-09T10:23:57+00:00\",\"dateModified\":\"2021-06-30T14:39:04+00:00\",\"description\":\"Els dos blocs sanitaris es troben distribu\u00efts en zones de f\u00e0cil acc\u00e9s per a tothom. Estan prove\u00efts d\u2019aigua calenta gratu\u00efta, cabines individuals, lavabos, v\u00e0ters, v\u00e0ters per a nens, banyeres per a nadons i un m\u00f2dul per a les fam\u00edlies.\",\"breadcrumb\":{\"@id\":\"https:\/\/campinglaspalmeras.com\/ca\/serveis\/sanitaris\/#breadcrumb\"},\"inLanguage\":\"ca\",\"potentialAction\":[{\"@type\":\"ReadAction\",\"target\":[\"https:\/\/campinglaspalmeras.com\/ca\/serveis\/sanitaris\/\"]}]},{\"@type\":\"BreadcrumbList\",\"@id\":\"https:\/\/campinglaspalmeras.com\/ca\/serveis\/sanitaris\/#breadcrumb\",\"itemListElement\":[{\"@type\":\"ListItem\",\"position\":1,\"name\":\"Portada\",\"item\":\"https:\/\/campinglaspalmeras.com\/ca\/inici\/\"},{\"@type\":\"ListItem\",\"position\":2,\"name\":\"Instal\u00b7lacions\",\"item\":\"https:\/\/campinglaspalmeras.com\/ca\/serveis\/\"},{\"@type\":\"ListItem\",\"position\":3,\"name\":\"Sanitaris\"}]},{\"@type\":\"WebSite\",\"@id\":\"https:\/\/campinglaspalmeras.com\/ca\/#website\",\"url\":\"https:\/\/campinglaspalmeras.com\/ca\/\",\"name\":\"Camping Las Palmeras Costa Brava\",\"description\":\"Camping Las Palmeras Costa Brava\",\"potentialAction\":[{\"@type\":\"SearchAction\",\"target\":{\"@type\":\"EntryPoint\",\"urlTemplate\":\"https:\/\/campinglaspalmeras.com\/ca\/?s={search_term_string}\"},\"query-input\":\"required name=search_term_string\"}],\"inLanguage\":\"ca\"}]}<\/script>\n<!-- \/ Yoast SEO plugin. -->","yoast_head_json":{"title":"Sanitaris - Camping Las Palmeras Costa Brava","description":"Els dos blocs sanitaris es troben distribu\u00efts en zones de f\u00e0cil acc\u00e9s per a tothom. Estan prove\u00efts d\u2019aigua calenta gratu\u00efta, cabines individuals, lavabos, v\u00e0ters, v\u00e0ters per a nens, banyeres per a nadons i un m\u00f2dul per a les fam\u00edlies.","robots":{"index":"index","follow":"follow","max-snippet":"max-snippet:-1","max-image-preview":"max-image-preview:large","max-video-preview":"max-video-preview:-1"},"canonical":"https:\/\/campinglaspalmeras.com\/ca\/serveis\/sanitaris\/","og_locale":"ca_ES","og_type":"article","og_title":"Sanitaris - Camping Las Palmeras Costa Brava","og_description":"Els dos blocs sanitaris es troben distribu\u00efts en zones de f\u00e0cil acc\u00e9s per a tothom. Estan prove\u00efts d\u2019aigua calenta gratu\u00efta, cabines individuals, lavabos, v\u00e0ters, v\u00e0ters per a nens, banyeres per a nadons i un m\u00f2dul per a les fam\u00edlies.","og_url":"https:\/\/campinglaspalmeras.com\/ca\/serveis\/sanitaris\/","og_site_name":"Camping Las Palmeras Costa Brava","article_publisher":"https:\/\/www.facebook.com\/campingpalmeras","article_modified_time":"2021-06-30T14:39:04+00:00","twitter_card":"summary_large_image","twitter_site":"@CLasPalmeras","twitter_misc":{"Temps estimat de lectura":"4 minuts"},"schema":{"@context":"https:\/\/schema.org","@graph":[{"@type":"WebPage","@id":"https:\/\/campinglaspalmeras.com\/ca\/serveis\/sanitaris\/","url":"https:\/\/campinglaspalmeras.com\/ca\/serveis\/sanitaris\/","name":"Sanitaris - Camping Las Palmeras Costa Brava","isPartOf":{"@id":"https:\/\/campinglaspalmeras.com\/ca\/#website"},"datePublished":"2020-09-09T10:23:57+00:00","dateModified":"2021-06-30T14:39:04+00:00","description":"Els dos blocs sanitaris es troben distribu\u00efts en zones de f\u00e0cil acc\u00e9s per a tothom. Estan prove\u00efts d\u2019aigua calenta gratu\u00efta, cabines individuals, lavabos, v\u00e0ters, v\u00e0ters per a nens, banyeres per a nadons i un m\u00f2dul per a les fam\u00edlies.","breadcrumb":{"@id":"https:\/\/campinglaspalmeras.com\/ca\/serveis\/sanitaris\/#breadcrumb"},"inLanguage":"ca","potentialAction":[{"@type":"ReadAction","target":["https:\/\/campinglaspalmeras.com\/ca\/serveis\/sanitaris\/"]}]},{"@type":"BreadcrumbList","@id":"https:\/\/campinglaspalmeras.com\/ca\/serveis\/sanitaris\/#breadcrumb","itemListElement":[{"@type":"ListItem","position":1,"name":"Portada","item":"https:\/\/campinglaspalmeras.com\/ca\/inici\/"},{"@type":"ListItem","position":2,"name":"Instal\u00b7lacions","item":"https:\/\/campinglaspalmeras.com\/ca\/serveis\/"},{"@type":"ListItem","position":3,"name":"Sanitaris"}]},{"@type":"WebSite","@id":"https:\/\/campinglaspalmeras.com\/ca\/#website","url":"https:\/\/campinglaspalmeras.com\/ca\/","name":"Camping Las Palmeras Costa Brava","description":"Camping Las Palmeras Costa Brava","potentialAction":[{"@type":"SearchAction","target":{"@type":"EntryPoint","urlTemplate":"https:\/\/campinglaspalmeras.com\/ca\/?s={search_term_string}"},"query-input":"required name=search_term_string"}],"inLanguage":"ca"}]}},"_links":{"self":[{"href":"https:\/\/campinglaspalmeras.com\/ca\/wp-json\/wp\/v2\/pages\/1468"}],"collection":[{"href":"https:\/\/campinglaspalmeras.com\/ca\/wp-json\/wp\/v2\/pages"}],"about":[{"href":"https:\/\/campinglaspalmeras.com\/ca\/wp-json\/wp\/v2\/types\/page"}],"author":[{"embeddable":true,"href":"https:\/\/campinglaspalmeras.com\/ca\/wp-json\/wp\/v2\/users\/1"}],"replies":[{"embeddable":true,"href":"https:\/\/campinglaspalmeras.com\/ca\/wp-json\/wp\/v2\/comments?post=1468"}],"version-history":[{"count":6,"href":"https:\/\/campinglaspalmeras.com\/ca\/wp-json\/wp\/v2\/pages\/1468\/revisions"}],"predecessor-version":[{"id":5482,"href":"https:\/\/campinglaspalmeras.com\/ca\/wp-json\/wp\/v2\/pages\/1468\/revisions\/5482"}],"up":[{"embeddable":true,"href":"https:\/\/campinglaspalmeras.com\/ca\/wp-json\/wp\/v2\/pages\/1798"}],"wp:attachment":[{"href":"https:\/\/campinglaspalmeras.com\/ca\/wp-json\/wp\/v2\/media?parent=1468"}],"curies":[{"name":"wp","href":"https:\/\/api.w.org\/{rel}","templated":true}]}}