{"id":1566,"date":"2020-09-08T11:20:46","date_gmt":"2020-09-08T09:20:46","guid":{"rendered":"https:\/\/campinglaspalmeras.com\/cabana\/"},"modified":"2026-03-31T22:53:26","modified_gmt":"2026-03-31T20:53:26","slug":"cabana","status":"publish","type":"page","link":"https:\/\/campinglaspalmeras.com\/ca\/allotjament\/cabana\/","title":{"rendered":"Cabana 4"},"content":{"rendered":"\n<style type=\"text\/css\" data-created_by=\"avia_inline_auto\" id=\"style-css-av-ketpt1xq-a2d3ee490fea1bf99b816595a4649da4\">\n.avia-section.av-ketpt1xq-a2d3ee490fea1bf99b816595a4649da4 .av-parallax .av-parallax-inner{\nbackground-repeat:no-repeat;\nbackground-image:url(https:\/\/campinglaspalmeras.com\/wp-content\/uploads\/2020\/09\/camp-2445212_1280.jpg);\nbackground-position:50% 50%;\nbackground-attachment:scroll;\n}\n.avia-section.av-ketpt1xq-a2d3ee490fea1bf99b816595a4649da4 .av-section-color-overlay{\nopacity:0.8;\nbackground-color:#2d2d2d;\n}\n<\/style>\n<div id='av_section_1'  class='avia-section av-ketpt1xq-a2d3ee490fea1bf99b816595a4649da4 main_color avia-section-default avia-no-border-styling  avia-builder-el-0  el_before_av_slideshow  avia-builder-el-first  av-parallax-section avia-bg-style-parallax av-section-color-overlay-active container_wrap sidebar_right'  data-section-bg-repeat='no-repeat'><div class='av-parallax' data-avia-parallax-ratio='0.3' ><div class='av-parallax-inner main_color avia-full-stretch'><\/div><\/div><div class=\"av-section-color-overlay-wrap\"><div class=\"av-section-color-overlay\"><\/div><div class='container av-section-cont-open' ><main  role=\"main\" itemprop=\"mainContentOfPage\"  class='template-page content  av-content-small alpha units'><div class='post-entry post-entry-type-page post-entry-1566'><div class='entry-content-wrapper clearfix'>\n\n<style type=\"text\/css\" data-created_by=\"avia_inline_auto\" id=\"style-css-av-ketrj9tl-ef07c40a83316ba67eb65505a99dc463\">\n#top .av-special-heading.av-ketrj9tl-ef07c40a83316ba67eb65505a99dc463{\npadding-bottom:10px;\ncolor:#ffffff;\n}\nbody .av-special-heading.av-ketrj9tl-ef07c40a83316ba67eb65505a99dc463 .av-special-heading-tag .heading-char{\nfont-size:25px;\n}\n.av-special-heading.av-ketrj9tl-ef07c40a83316ba67eb65505a99dc463 .special-heading-inner-border{\nborder-color:#ffffff;\n}\n.av-special-heading.av-ketrj9tl-ef07c40a83316ba67eb65505a99dc463 .av-subheading{\nfont-size:15px;\n}\n<\/style>\n<div  class='av-special-heading av-ketrj9tl-ef07c40a83316ba67eb65505a99dc463 av-special-heading-h1 custom-color-heading blockquote modern-quote modern-centered  avia-builder-el-1  avia-builder-el-no-sibling '><h1 class='av-special-heading-tag'  itemprop=\"headline\"  >Cabana 4<\/h1><div class=\"special-heading-border\"><div class=\"special-heading-inner-border\"><\/div><\/div><\/div>\n<\/div><\/div><\/main><!-- close content main element --><\/div><\/div><\/div><div id='after_section_1'  class='main_color av_default_container_wrap container_wrap sidebar_right'  ><div class='container av-section-cont-open' ><div class='template-page content  av-content-small alpha units'><div class='post-entry post-entry-type-page post-entry-1566'><div class='entry-content-wrapper clearfix'>\n<div  class='avia-slideshow av-kmaowqkg-63cb30163987953111c790401bbcb3ee avia-slideshow-no scaling av_slideshow avia-fade-slider  avia-builder-el-2  el_after_av_section  el_before_av_hr  avia-builder-el-first  av-slideshow-ui av-control-default av-slideshow-autoplay av-loop-endless av-loop-manual-endless av-default-height-applied avia-slideshow-1' data-slideshow-options=\"{&quot;animation&quot;:&quot;fade&quot;,&quot;autoplay&quot;:true,&quot;loop_autoplay&quot;:&quot;endless&quot;,&quot;interval&quot;:5,&quot;loop_manual&quot;:&quot;manual-endless&quot;,&quot;autoplay_stopper&quot;:false,&quot;noNavigation&quot;:false,&quot;bg_slider&quot;:false,&quot;keep_padding&quot;:false,&quot;hoverpause&quot;:false,&quot;show_slide_delay&quot;:0}\"  itemprop=\"image\" itemscope=\"itemscope\" itemtype=\"https:\/\/schema.org\/ImageObject\" ><ul class='avia-slideshow-inner ' style='padding-bottom: 53.817271589487%;'><li  class='avia-slideshow-slide av-kmaowqkg-63cb30163987953111c790401bbcb3ee__0  slide-1 slide-odd'><div data-rel='slideshow-1' class='avia-slide-wrap '   ><img decoding=\"async\" class=\"wp-image-4404 avia-img-lazy-loading-not-4404\"  src=\"https:\/\/campinglaspalmeras.com\/wp-content\/uploads\/2021\/03\/cabanya-1.jpg\" width=\"799\" height=\"430\" title='_cabanya' alt=''  itemprop=\"thumbnailUrl\" srcset=\"https:\/\/campinglaspalmeras.com\/wp-content\/uploads\/2021\/03\/cabanya-1.jpg 799w, https:\/\/campinglaspalmeras.com\/wp-content\/uploads\/2021\/03\/cabanya-1-300x161.jpg 300w, https:\/\/campinglaspalmeras.com\/wp-content\/uploads\/2021\/03\/cabanya-1-768x413.jpg 768w, https:\/\/campinglaspalmeras.com\/wp-content\/uploads\/2021\/03\/cabanya-1-705x379.jpg 705w\" sizes=\"(max-width: 799px) 100vw, 799px\" \/><\/div><\/li><li  class='avia-slideshow-slide av-kmaowqkg-63cb30163987953111c790401bbcb3ee__1  slide-2 slide-even'><div data-rel='slideshow-1' class='avia-slide-wrap '   ><img decoding=\"async\" class=\"wp-image-4348 avia-img-lazy-loading-not-4348\"  src=\"https:\/\/campinglaspalmeras.com\/wp-content\/uploads\/2021\/03\/Cabanya.jpg\" width=\"1350\" height=\"900\" title='Cabanya' alt=''  itemprop=\"thumbnailUrl\" srcset=\"https:\/\/campinglaspalmeras.com\/wp-content\/uploads\/2021\/03\/Cabanya.jpg 1350w, https:\/\/campinglaspalmeras.com\/wp-content\/uploads\/2021\/03\/Cabanya-300x200.jpg 300w, https:\/\/campinglaspalmeras.com\/wp-content\/uploads\/2021\/03\/Cabanya-1030x687.jpg 1030w, https:\/\/campinglaspalmeras.com\/wp-content\/uploads\/2021\/03\/Cabanya-768x512.jpg 768w, https:\/\/campinglaspalmeras.com\/wp-content\/uploads\/2021\/03\/Cabanya-705x470.jpg 705w\" sizes=\"(max-width: 1350px) 100vw, 1350px\" \/><\/div><\/li><li  class='avia-slideshow-slide av-kmaowqkg-63cb30163987953111c790401bbcb3ee__2  slide-3 slide-odd'><div data-rel='slideshow-1' class='avia-slide-wrap '   ><img decoding=\"async\" class=\"wp-image-4324 avia-img-lazy-loading-not-4324\"  src=\"https:\/\/campinglaspalmeras.com\/wp-content\/uploads\/2021\/03\/Cabanya-2.jpg\" width=\"1350\" height=\"900\" title='Cabanya 2' alt=''  itemprop=\"thumbnailUrl\" srcset=\"https:\/\/campinglaspalmeras.com\/wp-content\/uploads\/2021\/03\/Cabanya-2.jpg 1350w, https:\/\/campinglaspalmeras.com\/wp-content\/uploads\/2021\/03\/Cabanya-2-300x200.jpg 300w, https:\/\/campinglaspalmeras.com\/wp-content\/uploads\/2021\/03\/Cabanya-2-1030x687.jpg 1030w, https:\/\/campinglaspalmeras.com\/wp-content\/uploads\/2021\/03\/Cabanya-2-768x512.jpg 768w, https:\/\/campinglaspalmeras.com\/wp-content\/uploads\/2021\/03\/Cabanya-2-705x470.jpg 705w\" sizes=\"(max-width: 1350px) 100vw, 1350px\" \/><\/div><\/li><li  class='avia-slideshow-slide av-kmaowqkg-63cb30163987953111c790401bbcb3ee__3  slide-4 slide-even'><div data-rel='slideshow-1' class='avia-slide-wrap '   ><img decoding=\"async\" class=\"wp-image-4332 avia-img-lazy-loading-not-4332\"  src=\"https:\/\/campinglaspalmeras.com\/wp-content\/uploads\/2021\/03\/Cabanya-3.jpg\" width=\"1350\" height=\"900\" title='Cabanya 3' alt=''  itemprop=\"thumbnailUrl\" srcset=\"https:\/\/campinglaspalmeras.com\/wp-content\/uploads\/2021\/03\/Cabanya-3.jpg 1350w, https:\/\/campinglaspalmeras.com\/wp-content\/uploads\/2021\/03\/Cabanya-3-300x200.jpg 300w, https:\/\/campinglaspalmeras.com\/wp-content\/uploads\/2021\/03\/Cabanya-3-1030x687.jpg 1030w, https:\/\/campinglaspalmeras.com\/wp-content\/uploads\/2021\/03\/Cabanya-3-768x512.jpg 768w, https:\/\/campinglaspalmeras.com\/wp-content\/uploads\/2021\/03\/Cabanya-3-705x470.jpg 705w\" sizes=\"(max-width: 1350px) 100vw, 1350px\" \/><\/div><\/li><li  class='avia-slideshow-slide av-kmaowqkg-63cb30163987953111c790401bbcb3ee__4  slide-5 slide-odd'><div data-rel='slideshow-1' class='avia-slide-wrap '   ><img decoding=\"async\" class=\"wp-image-4340 avia-img-lazy-loading-not-4340\"  src=\"https:\/\/campinglaspalmeras.com\/wp-content\/uploads\/2021\/03\/Cabanya-4.jpg\" width=\"1350\" height=\"900\" title='Cabanya 4' alt=''  itemprop=\"thumbnailUrl\" srcset=\"https:\/\/campinglaspalmeras.com\/wp-content\/uploads\/2021\/03\/Cabanya-4.jpg 1350w, https:\/\/campinglaspalmeras.com\/wp-content\/uploads\/2021\/03\/Cabanya-4-300x200.jpg 300w, https:\/\/campinglaspalmeras.com\/wp-content\/uploads\/2021\/03\/Cabanya-4-1030x687.jpg 1030w, https:\/\/campinglaspalmeras.com\/wp-content\/uploads\/2021\/03\/Cabanya-4-768x512.jpg 768w, https:\/\/campinglaspalmeras.com\/wp-content\/uploads\/2021\/03\/Cabanya-4-705x470.jpg 705w\" sizes=\"(max-width: 1350px) 100vw, 1350px\" \/><\/div><\/li><li  class='avia-slideshow-slide av-kmaowqkg-63cb30163987953111c790401bbcb3ee__5  slide-6 slide-even'><div data-rel='slideshow-1' class='avia-slide-wrap '   ><img decoding=\"async\" class=\"wp-image-5941 avia-img-lazy-loading-not-5941\"  src=\"https:\/\/campinglaspalmeras.com\/wp-content\/uploads\/2021\/07\/Cabana-02.jpg\" width=\"1224\" height=\"759\" title='Cabana 02' alt=''  itemprop=\"thumbnailUrl\" srcset=\"https:\/\/campinglaspalmeras.com\/wp-content\/uploads\/2021\/07\/Cabana-02.jpg 1224w, https:\/\/campinglaspalmeras.com\/wp-content\/uploads\/2021\/07\/Cabana-02-300x186.jpg 300w, https:\/\/campinglaspalmeras.com\/wp-content\/uploads\/2021\/07\/Cabana-02-1030x639.jpg 1030w, https:\/\/campinglaspalmeras.com\/wp-content\/uploads\/2021\/07\/Cabana-02-768x476.jpg 768w, https:\/\/campinglaspalmeras.com\/wp-content\/uploads\/2021\/07\/Cabana-02-705x437.jpg 705w\" sizes=\"(max-width: 1224px) 100vw, 1224px\" \/><\/div><\/li><li  class='avia-slideshow-slide av-kmaowqkg-63cb30163987953111c790401bbcb3ee__6  slide-7 slide-odd'><div data-rel='slideshow-1' class='avia-slide-wrap '   ><img decoding=\"async\" class=\"wp-image-5933 avia-img-lazy-loading-not-5933\"  src=\"https:\/\/campinglaspalmeras.com\/wp-content\/uploads\/2021\/07\/Cabana-01.jpg\" width=\"1224\" height=\"816\" title='Cabana 01' alt=''  itemprop=\"thumbnailUrl\" srcset=\"https:\/\/campinglaspalmeras.com\/wp-content\/uploads\/2021\/07\/Cabana-01.jpg 1224w, https:\/\/campinglaspalmeras.com\/wp-content\/uploads\/2021\/07\/Cabana-01-300x200.jpg 300w, https:\/\/campinglaspalmeras.com\/wp-content\/uploads\/2021\/07\/Cabana-01-1030x687.jpg 1030w, https:\/\/campinglaspalmeras.com\/wp-content\/uploads\/2021\/07\/Cabana-01-768x512.jpg 768w, https:\/\/campinglaspalmeras.com\/wp-content\/uploads\/2021\/07\/Cabana-01-705x470.jpg 705w\" sizes=\"(max-width: 1224px) 100vw, 1224px\" \/><\/div><\/li><\/ul><div class='avia-slideshow-arrows avia-slideshow-controls' ><a href='#prev' class='prev-slide ' aria-hidden='true' data-av_icon='\ue87c' data-av_iconfont='entypo-fontello'  tabindex='-1'>Anterior<\/a><a href='#next' class='next-slide ' aria-hidden='true' data-av_icon='\ue87d' data-av_iconfont='entypo-fontello'  tabindex='-1'>Seg\u00fcent<\/a><\/div><div class='avia-slideshow-dots avia-slideshow-controls'><a href='#1' class='goto-slide active' >1<\/a><a href='#2' class='goto-slide ' >2<\/a><a href='#3' class='goto-slide ' >3<\/a><a href='#4' class='goto-slide ' >4<\/a><a href='#5' class='goto-slide ' >5<\/a><a href='#6' class='goto-slide ' >6<\/a><a href='#7' class='goto-slide ' >7<\/a><\/div><\/div>\n\n<style type=\"text\/css\" data-created_by=\"avia_inline_auto\" id=\"style-css-av-vsxse-507a9c957e9c2b13e09fa3b4dc613c70\">\n#top .hr.hr-invisible.av-vsxse-507a9c957e9c2b13e09fa3b4dc613c70{\nheight:30px;\n}\n<\/style>\n<div  class='hr av-vsxse-507a9c957e9c2b13e09fa3b4dc613c70 hr-invisible  avia-builder-el-3  el_after_av_slideshow  el_before_av_textblock '><span class='hr-inner '><span class=\"hr-inner-style\"><\/span><\/span><\/div>\n<section  class='av_textblock_section av-ketsz5z3-ead9a646c44991e5c0f5a077afb076d0 '   itemscope=\"itemscope\" itemtype=\"https:\/\/schema.org\/CreativeWork\" ><div class='avia_textblock'  itemprop=\"text\" ><ol>\n<li style=\"list-style-type: none;\"><\/li>\n<\/ol>\n<ol id=\"g1-list-1\" class=\"g1-list--icon g1-list--simple \">\n<li><strong>Capacitat m\u00e0xima de 4 persones.<\/strong><\/li>\n<li><i class=\"icon-ok-sign g1-list__icon\"><\/i><strong>16 m2 + terrassa<\/strong><\/li>\n<li><i class=\"icon-ok-sign g1-list__icon\"><\/i>Habitaci\u00f3 doble amb llit de matrimoni de 135 cm.<\/li>\n<li><i class=\"icon-ok-sign g1-list__icon\"><\/i>Habitaci\u00f3 doble amb dos llits de 80 cm.<\/li>\n<li><i class=\"icon-ok-sign g1-list__icon\"><\/i>Menjador.<\/li>\n<li><i class=\"icon-ok-sign g1-list__icon\"><\/i>Cuina equipada, tamb\u00e9 amb microones.<\/li>\n<li>Wi-Fi.<\/li>\n<li><i class=\"icon-ok-sign g1-list__icon\"><\/i>Calefacci\u00f3.<\/li>\n<li>Aire acondicionat.<\/li>\n<li><i class=\"icon-ok-sign g1-list__icon\"><\/i>Caixa forta.<\/li>\n<li><i class=\"icon-ok-sign g1-list__icon\"><\/i>Mantes i coixins.<\/li>\n<li>Llen\u00e7ols i tovalloles inclosos.<\/li>\n<li><i class=\"icon-ok-sign g1-list__icon\"><\/i>Terrassa amb cadires, taula i hamaques.<\/li>\n<li><i class=\"icon-ok-sign g1-list__icon\"><\/i><strong>No disposa de sala de bany.<\/strong><\/li>\n<\/ol>\n<div id=\"g1-table-1\" class=\"g1-table g1-table--solid \">\n<table>\n<thead>\n<tr>\n<th>Temporada:<\/th>\n<th>11\/4-25\/4<\/p>\n<p>12\/10-31\/10<\/th>\n<th>28\/3-31\/3<\/p>\n<p>6\/4-10\/4<\/p>\n<p>26\/4-26\/5<\/p>\n<p>6\/6-20\/6<\/p>\n<p>18\/9-11\/10<\/th>\n<th>1\/4-5\/4<\/p>\n<p>27\/5-5\/6<\/p>\n<p>21\/6-30\/6<\/p>\n<p>30\/8-17\/9<\/th>\n<th><span style=\"font-family: inherit; font-size: inherit;\">1\/7-11\/7<\/span><\/p>\n<p>22\/8-29\/8<\/th>\n<th>12\/7-21\/8<\/th>\n<\/tr>\n<\/thead>\n<tbody>\n<tr>\n<th>Cabana<\/th>\n<td>75\u20ac<\/td>\n<td>84\u20ac<\/td>\n<td>99\u20ac<\/td>\n<td>124\u20ac<\/td>\n<td>144\u20ac<\/td>\n<\/tr>\n<\/tbody>\n<\/table>\n<\/div>\n<p><strong>TAXA TUR\u00cdSTICA no inclosa: 0,99 \u20ac per persona de m\u00e9s de 16 anys i nit; m\u00e0xim 6,93 \u20ac per persona i estada.<\/strong><\/p>\n<p><strong>Fian\u00e7a de 50 \u20ac.<\/strong><\/p>\n<\/div><\/section>\n\n<style type=\"text\/css\" data-created_by=\"avia_inline_auto\" id=\"style-css-av-tnew6-fdbdb67b48bc858228ecfcbe7aa72ed0\">\n#top .hr.hr-invisible.av-tnew6-fdbdb67b48bc858228ecfcbe7aa72ed0{\nheight:30px;\n}\n<\/style>\n<div  class='hr av-tnew6-fdbdb67b48bc858228ecfcbe7aa72ed0 hr-invisible  avia-builder-el-5  el_after_av_textblock  el_before_av_button '><span class='hr-inner '><span class=\"hr-inner-style\"><\/span><\/span><\/div>\n<div  class='avia-button-wrap av-ketszya5-6fcb88bb416f72e2df4e4e3292ff9d89-wrap avia-button-center  avia-builder-el-6  el_after_av_hr  el_before_av_hr '><a href='https:\/\/booking.campinglaspalmeras.com\/search?lang=ca' class='avia-button av-ketszya5-6fcb88bb416f72e2df4e4e3292ff9d89 avia-icon_select-yes-left-icon avia-size-large avia-position-center avia-color-theme-color' target=\"_blank\" rel=\"noopener noreferrer\"><span class='avia_button_icon avia_button_icon_left' aria-hidden='true' data-av_icon='\ue85b' data-av_iconfont='entypo-fontello'><\/span><span class='avia_iconbox_title' >Reserves<\/span><\/a><\/div>\n\n<style type=\"text\/css\" data-created_by=\"avia_inline_auto\" id=\"style-css-av-kksem-220b0979bdf12eec0299ffe3d40e8b9d\">\n#top .hr.hr-invisible.av-kksem-220b0979bdf12eec0299ffe3d40e8b9d{\nheight:30px;\n}\n<\/style>\n<div  class='hr av-kksem-220b0979bdf12eec0299ffe3d40e8b9d hr-invisible  avia-builder-el-7  el_after_av_button  el_before_av_textblock '><span class='hr-inner '><span class=\"hr-inner-style\"><\/span><\/span><\/div>\n<section  class='av_textblock_section av-ketsz5z3-b532bb6056dbfc1514b1bc2b4077f8f5 '   itemscope=\"itemscope\" itemtype=\"https:\/\/schema.org\/CreativeWork\" ><div class='avia_textblock'  itemprop=\"text\" ><p>*No s\u2019admeten animals de companyia.<\/p>\n<\/div><\/section>\n\n<style type=\"text\/css\" data-created_by=\"avia_inline_auto\" id=\"style-css-av-dd5ye-337cdd1c1d0e33b0d1a1136477f98a82\">\n#top .hr.hr-invisible.av-dd5ye-337cdd1c1d0e33b0d1a1136477f98a82{\nheight:30px;\n}\n<\/style>\n<div  class='hr av-dd5ye-337cdd1c1d0e33b0d1a1136477f98a82 hr-invisible  avia-builder-el-9  el_after_av_textblock  avia-builder-el-last '><span class='hr-inner '><span class=\"hr-inner-style\"><\/span><\/span><\/div>\n","protected":false},"excerpt":{"rendered":"","protected":false},"author":1,"featured_media":0,"parent":1806,"menu_order":130,"comment_status":"closed","ping_status":"closed","template":"","meta":[],"yoast_head":"<!-- This site is optimized with the Yoast SEO plugin v20.9 - https:\/\/yoast.com\/wordpress\/plugins\/seo\/ -->\n<title>Cabana 4 - Camping Las Palmeras Costa Brava<\/title>\n<meta name=\"description\" content=\"Capacitat m\u00e0xima de 4 persones. 16 m2 + terrassa Habitaci\u00f3 doble amb llit de matrimoni de 135 cm. Habitaci\u00f3 doble amb dos llits de 80 cm.\" \/>\n<meta name=\"robots\" content=\"index, follow, max-snippet:-1, max-image-preview:large, max-video-preview:-1\" \/>\n<link rel=\"canonical\" href=\"https:\/\/campinglaspalmeras.com\/ca\/allotjament\/cabana\/\" \/>\n<meta property=\"og:locale\" content=\"ca_ES\" \/>\n<meta property=\"og:type\" content=\"article\" \/>\n<meta property=\"og:title\" content=\"Cabana 4 - Camping Las Palmeras Costa Brava\" \/>\n<meta property=\"og:description\" content=\"Capacitat m\u00e0xima de 4 persones. 16 m2 + terrassa Habitaci\u00f3 doble amb llit de matrimoni de 135 cm. Habitaci\u00f3 doble amb dos llits de 80 cm.\" \/>\n<meta property=\"og:url\" content=\"https:\/\/campinglaspalmeras.com\/ca\/allotjament\/cabana\/\" \/>\n<meta property=\"og:site_name\" content=\"Camping Las Palmeras Costa Brava\" \/>\n<meta property=\"article:publisher\" content=\"https:\/\/www.facebook.com\/campingpalmeras\" \/>\n<meta property=\"article:modified_time\" content=\"2026-03-31T20:53:26+00:00\" \/>\n<meta name=\"twitter:card\" content=\"summary_large_image\" \/>\n<meta name=\"twitter:site\" content=\"@CLasPalmeras\" \/>\n<meta name=\"twitter:label1\" content=\"Temps estimat de lectura\" \/>\n\t<meta name=\"twitter:data1\" content=\"2 minuts\" \/>\n<script type=\"application\/ld+json\" class=\"yoast-schema-graph\">{\"@context\":\"https:\/\/schema.org\",\"@graph\":[{\"@type\":\"WebPage\",\"@id\":\"https:\/\/campinglaspalmeras.com\/ca\/allotjament\/cabana\/\",\"url\":\"https:\/\/campinglaspalmeras.com\/ca\/allotjament\/cabana\/\",\"name\":\"Cabana 4 - Camping Las Palmeras Costa Brava\",\"isPartOf\":{\"@id\":\"https:\/\/campinglaspalmeras.com\/ca\/#website\"},\"datePublished\":\"2020-09-08T09:20:46+00:00\",\"dateModified\":\"2026-03-31T20:53:26+00:00\",\"description\":\"Capacitat m\u00e0xima de 4 persones. 16 m2 + terrassa Habitaci\u00f3 doble amb llit de matrimoni de 135 cm. Habitaci\u00f3 doble amb dos llits de 80 cm.\",\"breadcrumb\":{\"@id\":\"https:\/\/campinglaspalmeras.com\/ca\/allotjament\/cabana\/#breadcrumb\"},\"inLanguage\":\"ca\",\"potentialAction\":[{\"@type\":\"ReadAction\",\"target\":[\"https:\/\/campinglaspalmeras.com\/ca\/allotjament\/cabana\/\"]}]},{\"@type\":\"BreadcrumbList\",\"@id\":\"https:\/\/campinglaspalmeras.com\/ca\/allotjament\/cabana\/#breadcrumb\",\"itemListElement\":[{\"@type\":\"ListItem\",\"position\":1,\"name\":\"Portada\",\"item\":\"https:\/\/campinglaspalmeras.com\/ca\/inici\/\"},{\"@type\":\"ListItem\",\"position\":2,\"name\":\"Allotjaments\",\"item\":\"https:\/\/campinglaspalmeras.com\/ca\/allotjament\/\"},{\"@type\":\"ListItem\",\"position\":3,\"name\":\"Cabana 4\"}]},{\"@type\":\"WebSite\",\"@id\":\"https:\/\/campinglaspalmeras.com\/ca\/#website\",\"url\":\"https:\/\/campinglaspalmeras.com\/ca\/\",\"name\":\"Camping Las Palmeras Costa Brava\",\"description\":\"Camping Las Palmeras Costa Brava\",\"potentialAction\":[{\"@type\":\"SearchAction\",\"target\":{\"@type\":\"EntryPoint\",\"urlTemplate\":\"https:\/\/campinglaspalmeras.com\/ca\/?s={search_term_string}\"},\"query-input\":\"required name=search_term_string\"}],\"inLanguage\":\"ca\"}]}<\/script>\n<!-- \/ Yoast SEO plugin. -->","yoast_head_json":{"title":"Cabana 4 - Camping Las Palmeras Costa Brava","description":"Capacitat m\u00e0xima de 4 persones. 16 m2 + terrassa Habitaci\u00f3 doble amb llit de matrimoni de 135 cm. Habitaci\u00f3 doble amb dos llits de 80 cm.","robots":{"index":"index","follow":"follow","max-snippet":"max-snippet:-1","max-image-preview":"max-image-preview:large","max-video-preview":"max-video-preview:-1"},"canonical":"https:\/\/campinglaspalmeras.com\/ca\/allotjament\/cabana\/","og_locale":"ca_ES","og_type":"article","og_title":"Cabana 4 - Camping Las Palmeras Costa Brava","og_description":"Capacitat m\u00e0xima de 4 persones. 16 m2 + terrassa Habitaci\u00f3 doble amb llit de matrimoni de 135 cm. Habitaci\u00f3 doble amb dos llits de 80 cm.","og_url":"https:\/\/campinglaspalmeras.com\/ca\/allotjament\/cabana\/","og_site_name":"Camping Las Palmeras Costa Brava","article_publisher":"https:\/\/www.facebook.com\/campingpalmeras","article_modified_time":"2026-03-31T20:53:26+00:00","twitter_card":"summary_large_image","twitter_site":"@CLasPalmeras","twitter_misc":{"Temps estimat de lectura":"2 minuts"},"schema":{"@context":"https:\/\/schema.org","@graph":[{"@type":"WebPage","@id":"https:\/\/campinglaspalmeras.com\/ca\/allotjament\/cabana\/","url":"https:\/\/campinglaspalmeras.com\/ca\/allotjament\/cabana\/","name":"Cabana 4 - Camping Las Palmeras Costa Brava","isPartOf":{"@id":"https:\/\/campinglaspalmeras.com\/ca\/#website"},"datePublished":"2020-09-08T09:20:46+00:00","dateModified":"2026-03-31T20:53:26+00:00","description":"Capacitat m\u00e0xima de 4 persones. 16 m2 + terrassa Habitaci\u00f3 doble amb llit de matrimoni de 135 cm. Habitaci\u00f3 doble amb dos llits de 80 cm.","breadcrumb":{"@id":"https:\/\/campinglaspalmeras.com\/ca\/allotjament\/cabana\/#breadcrumb"},"inLanguage":"ca","potentialAction":[{"@type":"ReadAction","target":["https:\/\/campinglaspalmeras.com\/ca\/allotjament\/cabana\/"]}]},{"@type":"BreadcrumbList","@id":"https:\/\/campinglaspalmeras.com\/ca\/allotjament\/cabana\/#breadcrumb","itemListElement":[{"@type":"ListItem","position":1,"name":"Portada","item":"https:\/\/campinglaspalmeras.com\/ca\/inici\/"},{"@type":"ListItem","position":2,"name":"Allotjaments","item":"https:\/\/campinglaspalmeras.com\/ca\/allotjament\/"},{"@type":"ListItem","position":3,"name":"Cabana 4"}]},{"@type":"WebSite","@id":"https:\/\/campinglaspalmeras.com\/ca\/#website","url":"https:\/\/campinglaspalmeras.com\/ca\/","name":"Camping Las Palmeras Costa Brava","description":"Camping Las Palmeras Costa Brava","potentialAction":[{"@type":"SearchAction","target":{"@type":"EntryPoint","urlTemplate":"https:\/\/campinglaspalmeras.com\/ca\/?s={search_term_string}"},"query-input":"required name=search_term_string"}],"inLanguage":"ca"}]}},"_links":{"self":[{"href":"https:\/\/campinglaspalmeras.com\/ca\/wp-json\/wp\/v2\/pages\/1566"}],"collection":[{"href":"https:\/\/campinglaspalmeras.com\/ca\/wp-json\/wp\/v2\/pages"}],"about":[{"href":"https:\/\/campinglaspalmeras.com\/ca\/wp-json\/wp\/v2\/types\/page"}],"author":[{"embeddable":true,"href":"https:\/\/campinglaspalmeras.com\/ca\/wp-json\/wp\/v2\/users\/1"}],"replies":[{"embeddable":true,"href":"https:\/\/campinglaspalmeras.com\/ca\/wp-json\/wp\/v2\/comments?post=1566"}],"version-history":[{"count":10,"href":"https:\/\/campinglaspalmeras.com\/ca\/wp-json\/wp\/v2\/pages\/1566\/revisions"}],"predecessor-version":[{"id":10550,"href":"https:\/\/campinglaspalmeras.com\/ca\/wp-json\/wp\/v2\/pages\/1566\/revisions\/10550"}],"up":[{"embeddable":true,"href":"https:\/\/campinglaspalmeras.com\/ca\/wp-json\/wp\/v2\/pages\/1806"}],"wp:attachment":[{"href":"https:\/\/campinglaspalmeras.com\/ca\/wp-json\/wp\/v2\/media?parent=1566"}],"curies":[{"name":"wp","href":"https:\/\/api.w.org\/{rel}","templated":true}]}}