{"id":1981,"date":"2015-07-06T21:23:37","date_gmt":"2015-07-06T19:23:37","guid":{"rendered":"https:\/\/campinglaspalmeras.com\/contact-us\/"},"modified":"2024-01-26T15:45:13","modified_gmt":"2024-01-26T14:45:13","slug":"contacte","status":"publish","type":"page","link":"https:\/\/campinglaspalmeras.com\/ca\/contacte\/","title":{"rendered":"Contacte"},"content":{"rendered":"\n<style type=\"text\/css\" data-created_by=\"avia_inline_auto\" id=\"style-css-av-ketpt1xq-d97cb9ac3e90911a1f6dd6bf3f2eb00e\">\n.avia-section.av-ketpt1xq-d97cb9ac3e90911a1f6dd6bf3f2eb00e .av-parallax .av-parallax-inner{\nbackground-repeat:no-repeat;\nbackground-image:url(https:\/\/campinglaspalmeras.com\/wp-content\/uploads\/2020\/09\/coffee-1031139_1280.jpg);\nbackground-position:50% 50%;\nbackground-attachment:scroll;\n}\n.avia-section.av-ketpt1xq-d97cb9ac3e90911a1f6dd6bf3f2eb00e .av-section-color-overlay{\nopacity:0.8;\nbackground-color:#2d2d2d;\n}\n<\/style>\n<div id='av_section_1'  class='avia-section av-ketpt1xq-d97cb9ac3e90911a1f6dd6bf3f2eb00e main_color avia-section-default avia-no-border-styling  avia-builder-el-0  el_before_av_one_fifth  avia-builder-el-first  av-parallax-section avia-bg-style-parallax av-section-color-overlay-active container_wrap sidebar_right'  data-section-bg-repeat='no-repeat'><div class='av-parallax' data-avia-parallax-ratio='0.3' ><div class='av-parallax-inner main_color avia-full-stretch'><\/div><\/div><div class=\"av-section-color-overlay-wrap\"><div class=\"av-section-color-overlay\"><\/div><div class='container av-section-cont-open' ><main  role=\"main\" itemprop=\"mainContentOfPage\"  class='template-page content  av-content-small alpha units'><div class='post-entry post-entry-type-page post-entry-1981'><div class='entry-content-wrapper clearfix'>\n\n<style type=\"text\/css\" data-created_by=\"avia_inline_auto\" id=\"style-css-av-kgakexmy-c32b4303c6a373b4a4e8dc874fe4e3fb\">\n#top .av-special-heading.av-kgakexmy-c32b4303c6a373b4a4e8dc874fe4e3fb{\npadding-bottom:10px;\ncolor:#ffffff;\n}\nbody .av-special-heading.av-kgakexmy-c32b4303c6a373b4a4e8dc874fe4e3fb .av-special-heading-tag .heading-char{\nfont-size:25px;\n}\n.av-special-heading.av-kgakexmy-c32b4303c6a373b4a4e8dc874fe4e3fb .special-heading-inner-border{\nborder-color:#ffffff;\n}\n.av-special-heading.av-kgakexmy-c32b4303c6a373b4a4e8dc874fe4e3fb .av-subheading{\nfont-size:15px;\n}\n<\/style>\n<div  class='av-special-heading av-kgakexmy-c32b4303c6a373b4a4e8dc874fe4e3fb av-special-heading-h1 custom-color-heading blockquote modern-quote modern-centered  avia-builder-el-1  avia-builder-el-no-sibling '><h1 class='av-special-heading-tag'  itemprop=\"headline\"  >Contacte<\/h1><div class=\"special-heading-border\"><div class=\"special-heading-inner-border\"><\/div><\/div><\/div>\n<\/div><\/div><\/main><!-- close content main element --><\/div><\/div><\/div><div id='after_section_1'  class='main_color av_default_container_wrap container_wrap sidebar_right'  ><div class='container av-section-cont-open' ><div class='template-page content  av-content-small alpha units'><div class='post-entry post-entry-type-page post-entry-1981'><div class='entry-content-wrapper clearfix'>\n<div  class='flex_column av-80icr-368f8ec8801f06a13d8547f308a540c3 av_one_fifth  avia-builder-el-2  el_after_av_section  el_before_av_two_fifth  avia-builder-el-first  first flex_column_div  '     ><\/div>\n\n<style type=\"text\/css\" data-created_by=\"avia_inline_auto\" id=\"style-css-av-7ftr7-a2aaa0205b7ef1700518f909b8bf2a99\">\n.flex_column.av-7ftr7-a2aaa0205b7ef1700518f909b8bf2a99{\n-webkit-border-radius:0px 0px 0px 0px;\n-moz-border-radius:0px 0px 0px 0px;\nborder-radius:0px 0px 0px 0px;\npadding:0px 0px 0px 0px;\n}\n<\/style>\n<div  class='flex_column av-7ftr7-a2aaa0205b7ef1700518f909b8bf2a99 av_two_fifth  avia-builder-el-3  el_after_av_one_fifth  el_before_av_two_fifth  flex_column_div av-zero-column-padding  '     ><p><form action=\"https:\/\/campinglaspalmeras.com\/ca\/contacte\/\" method=\"post\" data-fields-with-error=\"Found errors in the following field(s):\" class=\"avia_ajax_form av-form-labels-visible   avia-builder-el-4  el_before_av_codeblock  avia-builder-el-first   \" data-avia-form-id=\"1\" data-avia-redirect='' ><h3 class=''>Envieu-nos un missatge<\/h3><fieldset><p class='  first_form  form_element form_fullwidth' id='element_avia_1_1'><label for=\"avia_1_1\">El vostre nom <abbr class=\"required\" title=\"obligatori\">*<\/abbr><\/label> <input name=\"avia_1_1\" class=\"text_input is_empty\" type=\"text\" id=\"avia_1_1\" value=\"\" \/><\/p><p class='  first_form  form_element form_fullwidth' id='element_avia_2_1'><label for=\"avia_2_1\">  Tel\u00e8fon <abbr class=\"required\" title=\"obligatori\">*<\/abbr><\/label> <input name=\"avia_2_1\" class=\"text_input is_empty\" type=\"text\" id=\"avia_2_1\" value=\"\" \/><\/p><p class='  first_form  form_element form_fullwidth' id='element_avia_3_1'><label for=\"avia_3_1\">El vostre email <abbr class=\"required\" title=\"obligatori\">*<\/abbr><\/label> <input name=\"avia_3_1\" class=\"text_input is_email\" type=\"text\" id=\"avia_3_1\" value=\"\" \/><\/p><p class='  first_form  form_element form_fullwidth' id='element_avia_4_1'><label for=\"avia_4_1\">Assumpte <abbr class=\"required\" title=\"obligatori\">*<\/abbr><\/label> <input name=\"avia_4_1\" class=\"text_input is_empty\" type=\"text\" id=\"avia_4_1\" value=\"\" \/><\/p><p class='  first_form  form_element form_fullwidth' id='element_avia_5_1'><label for=\"avia_5_1\" class=\"textare_label hidden textare_label_avia_5_1\">El vostre missatge <abbr class=\"required\" title=\"obligatori\">*<\/abbr><\/label><textarea  name=\"avia_5_1\" class=\"text_area is_empty\" cols=\"40\" rows=\"7\" id=\"avia_5_1\" ><\/textarea><\/p><p class='  first_form  form_element form_fullwidth' id='element_avia_6_1'><input  name=\"avia_6_1\" class=\"input_checkbox is_empty\" type=\"checkbox\" id=\"avia_6_1\" value=\"true\"\/><label class=\"input_checkbox_label\" for=\"avia_6_1\"><span class=\"av_font_icon avia_animate_when_visible av-icon-style-  av-no-color avia-icon-pos-left  avia_start_animation avia_start_delayed_animation\" style=\"\"><span class=\"av-icon-char\" style=\"font-size:12px;line-height:12px;\" aria-hidden=\"true\" data-av_icon=\"\ue812\" data-av_iconfont=\"entypo-fontello\"><\/span><\/span> Consento l\u2019\u00fas de les meves dades per a les finalitats indicades en la <a href=\"https:\/\/campinglaspalmeras.com\/privacy-policy\/\" target=\"_blank\" rel=\"noopener\">pol\u00edtica de privacitat<\/a> <abbr class=\"required\" title=\"obligatori\">*<\/abbr><\/label><\/p><p class='  first_form  form_element form_fullwidth' id='element_avia_7_1'><input  name=\"avia_7_1\" class=\"input_checkbox \" type=\"checkbox\" id=\"avia_7_1\" value=\"true\"\/><label class=\"input_checkbox_label\" for=\"avia_7_1\"><span class=\"av_font_icon avia_animate_when_visible av-icon-style-  av-no-color avia-icon-pos-left  avia_start_animation avia_start_delayed_animation\" style=\"\"><span class=\"av-icon-char\" style=\"font-size:12px;line-height:12px;\" aria-hidden=\"true\" data-av_icon=\"\ue805\" data-av_iconfont=\"entypo-fontello\"><\/span><\/span>Consento l\u2019\u00fas de les meves dades personals per a rebre publicitat de la seva entitat.<\/label><\/p><p class=\"hidden\"><input type=\"text\" name=\"avia_8_1\" class=\"hidden \" id=\"avia_8_1\" value=\"\" \/><\/p><p class='   form_element form_fullwidth' id='element_avia_9_1'><span class='value_verifier_label'>4 + 4 = ?<\/span><input name=\"avia_9_1_verifier\" type=\"hidden\" id=\"avia_9_1_verifier\" value=\"521431748\"\/><label for=\"avia_9_1\">Si us plau, demostri que \u00e9s hum\u00e0 resolent l'equaci\u00f3 <abbr class=\"required\" title=\"obligatori\">*<\/abbr><\/label><input name=\"avia_9_1\" class=\"text_input captcha\" type=\"text\" id=\"avia_9_1\" value=\"\"\/><\/p><p class=\"form_element \"><input type=\"hidden\" value=\"1\" name=\"avia_generated_form1\" \/><input type=\"submit\" value=\"Enviar\" class=\"button\"  data-sending-label=\"Enviant\"\/><\/p><\/fieldset><\/form><div id=\"ajaxresponse_1\" class=\"ajaxresponse ajaxresponse_1 hidden\"><\/div><br \/>\n<\/p><\/div>\n\n<style type=\"text\/css\" data-created_by=\"avia_inline_auto\" id=\"style-css-av-2iu87-6de04e06418068e443735aa55e5e4733\">\n.flex_column.av-2iu87-6de04e06418068e443735aa55e5e4733{\n-webkit-border-radius:0px 0px 0px 0px;\n-moz-border-radius:0px 0px 0px 0px;\nborder-radius:0px 0px 0px 0px;\npadding:0px 0px 0px 0px;\n}\n<\/style>\n<div  class='flex_column av-2iu87-6de04e06418068e443735aa55e5e4733 av_two_fifth flex_column_div av-zero-column-padding  '     ><p>\n<style type=\"text\/css\" data-created_by=\"avia_inline_auto\" id=\"style-css-av-k88v33df-6b6ccb4e595dbb48491f0eb9b50cc699\">\n#top .avia-icon-list-container.av-k88v33df-6b6ccb4e595dbb48491f0eb9b50cc699 .iconlist_icon{\ncolor:#ffffff;\nbackground-color:#ffa300;\nborder:1px solid #ffa300;\n}\n<\/style>\n<div  class='avia-icon-list-container av-k88v33df-6b6ccb4e595dbb48491f0eb9b50cc699'><ul class='avia-icon-list avia_animate_when_almost_visible avia-icon-list-left av-iconlist-big av-k88v33df-6b6ccb4e595dbb48491f0eb9b50cc699 avia-iconlist-animate'>\n<li><div class='iconlist_icon av-av_iconlist_item-1cfba0099b73b410e18fbfc2bb324d46 avia-font-entypo-fontello'><span class='iconlist-char' aria-hidden='true' data-av_icon='\ue842' data-av_iconfont='entypo-fontello'><\/span><\/div><article class=\"article-icon-entry \"  itemscope=\"itemscope\" itemtype=\"https:\/\/schema.org\/CreativeWork\" ><div class=\"iconlist_content_wrap\"><header class=\"entry-content-header\"><h4 class='av_iconlist_title iconlist_title  '  itemprop=\"headline\" >  Adre\u00e7a<\/h4><\/header><div class='iconlist_content '  itemprop=\"text\" ><p>Camping Las Palmeras<br \/>\nCarretera a la playa s\/n, \u2013 17470<br \/>\n<strong>Sant Pere Pescador \u2013 Girona \u2013 Costa Brava<\/strong><\/p>\n<\/div><\/div><footer class=\"entry-footer\"><\/footer><\/article><div class=\"iconlist-timeline\"><\/div><\/li>\n<li><div class='iconlist_icon av-lrur7ck3-825817c08dd1044b69ecdfba38b2a1f4 avia-font-entypo-fontello'><span class='iconlist-char' aria-hidden='true' data-av_icon='\ue854' data-av_iconfont='entypo-fontello'><\/span><\/div><article class=\"article-icon-entry \"  itemscope=\"itemscope\" itemtype=\"https:\/\/schema.org\/CreativeWork\" ><div class=\"iconlist_content_wrap\"><header class=\"entry-content-header\"><h4 class='av_iconlist_title iconlist_title  '  itemprop=\"headline\" >Tel\u00e8fon<\/h4><\/header><div class='iconlist_content '  itemprop=\"text\" ><p>+34 972 520 506<\/p>\n<\/div><\/div><footer class=\"entry-footer\"><\/footer><\/article><div class=\"iconlist-timeline\"><\/div><\/li>\n<li><div class='iconlist_icon av-nok3-3050c4483c79d3d4a8f3612c5d896e05 avia-font-entypo-fontello'><span class='iconlist-char' aria-hidden='true' data-av_icon='\ue812' data-av_iconfont='entypo-fontello'><\/span><\/div><article class=\"article-icon-entry \"  itemscope=\"itemscope\" itemtype=\"https:\/\/schema.org\/CreativeWork\" ><div class=\"iconlist_content_wrap\"><header class=\"entry-content-header\"><h4 class='av_iconlist_title iconlist_title  '  itemprop=\"headline\" >Email<\/h4><\/header><div class='iconlist_content '  itemprop=\"text\" ><div class=\"g1-layout-inner\">\n<div id=\"g1-content-area\">\n<div id=\"primary\">\n<div id=\"content\" role=\"main\">\n<article id=\"post-2188\" class=\"post-2188 page type-page status-publish g1_relation_tag-r-pages-shortcodes-2 g1-complete\">\n<div class=\"entry-content\">\n<p><a href=\"mailto:info@campinglaspalmeras.com\">info@campinglaspalmeras.com<\/a><\/p>\n<\/div>\n<footer class=\"entry-meta\"><\/footer>\n<\/article>\n<\/div>\n<\/div>\n<\/div>\n<\/div>\n<div class=\"g1-background\"><\/div>\n<\/div><\/div><footer class=\"entry-footer\"><\/footer><\/article><div class=\"iconlist-timeline\"><\/div><\/li>\n<\/ul><\/div><br \/>\n\n<style type=\"text\/css\" data-created_by=\"avia_inline_auto\" id=\"style-css-av-1fslf-4d43d30dba5e9caedd2092d26107c745\">\n#top .hr.hr-invisible.av-1fslf-4d43d30dba5e9caedd2092d26107c745{\nheight:30px;\n}\n<\/style>\n<div  class='hr av-1fslf-4d43d30dba5e9caedd2092d26107c745 hr-invisible'><span class='hr-inner '><span class=\"hr-inner-style\"><\/span><\/span><\/div><br \/>\n<\/p><\/div><\/div><\/div><\/div><!-- close content main div --><\/div><\/div>\n<style type=\"text\/css\" data-created_by=\"avia_inline_auto\" id=\"style-css-av-kewk7cfv-c03d2f7ae32b35dce666d6084c31e09c\">\n.avia-section.av-kewk7cfv-c03d2f7ae32b35dce666d6084c31e09c{\nbackground-color:#f2f2f2;\nbackground-image:unset;\n}\n<\/style>\n<div id='av_section_2'  class='avia-section av-kewk7cfv-c03d2f7ae32b35dce666d6084c31e09c main_color avia-section-default avia-no-border-styling avia-bg-style-scroll container_wrap sidebar_right'  ><div class='container av-section-cont-open' ><div class='template-page content  av-content-small alpha units'><div class='post-entry post-entry-type-page post-entry-1981'><div class='entry-content-wrapper clearfix'>\n<div  class='flex_column av-80icr-368f8ec8801f06a13d8547f308a540c3 av_one_fifth first flex_column_div  '     ><\/div><div  class='flex_column av-80icr-8abe919236b4372aaa666d9805b9d88c av_three_fifth flex_column_div  '     ><section  class='av_textblock_section av-kewk8d8i-6d0feb80b004dd4cb53a3c0d6d69c03b '   itemscope=\"itemscope\" itemtype=\"https:\/\/schema.org\/CreativeWork\" ><div class='avia_textblock'  itemprop=\"text\" ><h1 class=\"entry-title\">Situaci\u00f3<\/h1>\n<p>El C\u00e0mping Las Palmeras est\u00e0 situat al municipi de\u00a0<strong>Sant Pere Pescador<\/strong>, a la\u00a0<strong>prov\u00edncia de Girona<\/strong>\u00a0(Costa Brava).<\/p>\n<h3>Com arribar-hi?<\/h3>\n<p><strong>Venint de Fran\u00e7a:<\/strong><br \/>\nSortida 3 de l\u2019autopista AP7. Vagi en direcci\u00f3 a Figueres per la N-II (5 km. aprox.). Agafi la C- 68 en direcci\u00f3 a Roses durant 9 km. aprox. fins la rotonda de Castell\u00f3 d\u2019Emp\u00faries on haur\u00e0 de seguir l\u2019 indicaci\u00f3 a Sant Pere Pescador. Una vegada arribat travessi el poble i vagi en direcci\u00f3 a la platja on trobar\u00e0 els indicadors del c\u00e0mping.<\/p>\n<p><strong>Venint del sud (Barcelona):<\/strong><br \/>\nSortida 4 de l\u2019autopista AP7. Despr\u00e8s de 2 km. per la N-II vagi direcci\u00f3 l\u2019Escala \u2013 la Bisbal d\u2019Empord\u00e0 per la C-31 durant 9 km. aprox. fins la sortida \u201cTorroella de Fluvi\u00e0 \u2013 Sant Pere Pescador\u201d. Una vegada arribat travessi el poble i vagi direcci\u00f3 a la platja on trobar\u00e0 els indicadors del c\u00e0mping.<\/p>\n<ul>\n<li style=\"list-style-type: none;\">\n<ul>\n<li><a href=\"http:\/\/goo.gl\/maps\/lajgh\" target=\"_blank\" rel=\"noopener noreferrer\">Veure Camping las Palmeras a Google Maps<\/a><\/li>\n<li>Coordenades GPS: N 42.18816\u00ba E 003.10265\u00ba Elevaci\u00f3 1 m.<\/li>\n<li><a href=\"http:\/\/www.guiagps.com\/htm\/descargas.htm\" target=\"_blank\" rel=\"noopener noreferrer\">Descarregar fitxers navegador GPS<\/a><\/li>\n<\/ul>\n<\/li>\n<\/ul>\n<\/div><\/section><\/div>\n<\/div><\/div><\/div><!-- close content main div --><\/div><\/div><div id='after_section_2'  class='main_color av_default_container_wrap container_wrap sidebar_right'  ><div class='container av-section-cont-open' ><div class='template-page content  av-content-small alpha units'><div class='post-entry post-entry-type-page post-entry-1981'><div class='entry-content-wrapper clearfix'><\/p>\n","protected":false},"excerpt":{"rendered":"","protected":false},"author":1,"featured_media":0,"parent":0,"menu_order":800,"comment_status":"closed","ping_status":"open","template":"","meta":[],"yoast_head":"<!-- This site is optimized with the Yoast SEO plugin v20.9 - https:\/\/yoast.com\/wordpress\/plugins\/seo\/ -->\n<title>Contacte - Camping Las Palmeras Costa Brava<\/title>\n<meta name=\"description\" content=\"Adre\u00e7a Camping Las Palmeras Carretera a la playa s\/n, \u2013 17470 Sant Pere Pescador \u2013 Girona \u2013 Costa Brava\" \/>\n<meta name=\"robots\" content=\"index, follow, max-snippet:-1, max-image-preview:large, max-video-preview:-1\" \/>\n<link rel=\"canonical\" href=\"https:\/\/campinglaspalmeras.com\/ca\/contacte\/\" \/>\n<meta property=\"og:locale\" content=\"ca_ES\" \/>\n<meta property=\"og:type\" content=\"article\" \/>\n<meta property=\"og:title\" content=\"Contacte - Camping Las Palmeras Costa Brava\" \/>\n<meta property=\"og:description\" content=\"Adre\u00e7a Camping Las Palmeras Carretera a la playa s\/n, \u2013 17470 Sant Pere Pescador \u2013 Girona \u2013 Costa Brava\" \/>\n<meta property=\"og:url\" content=\"https:\/\/campinglaspalmeras.com\/ca\/contacte\/\" \/>\n<meta property=\"og:site_name\" content=\"Camping Las Palmeras Costa Brava\" \/>\n<meta property=\"article:publisher\" content=\"https:\/\/www.facebook.com\/campingpalmeras\" \/>\n<meta property=\"article:modified_time\" content=\"2024-01-26T14:45:13+00:00\" \/>\n<meta name=\"twitter:card\" content=\"summary_large_image\" \/>\n<meta name=\"twitter:site\" content=\"@CLasPalmeras\" \/>\n<meta name=\"twitter:label1\" content=\"Temps estimat de lectura\" \/>\n\t<meta name=\"twitter:data1\" content=\"4 minuts\" \/>\n<script type=\"application\/ld+json\" class=\"yoast-schema-graph\">{\"@context\":\"https:\/\/schema.org\",\"@graph\":[{\"@type\":\"WebPage\",\"@id\":\"https:\/\/campinglaspalmeras.com\/ca\/contacte\/\",\"url\":\"https:\/\/campinglaspalmeras.com\/ca\/contacte\/\",\"name\":\"Contacte - Camping Las Palmeras Costa Brava\",\"isPartOf\":{\"@id\":\"https:\/\/campinglaspalmeras.com\/ca\/#website\"},\"datePublished\":\"2015-07-06T19:23:37+00:00\",\"dateModified\":\"2024-01-26T14:45:13+00:00\",\"description\":\"Adre\u00e7a Camping Las Palmeras Carretera a la playa s\/n, \u2013 17470 Sant Pere Pescador \u2013 Girona \u2013 Costa Brava\",\"breadcrumb\":{\"@id\":\"https:\/\/campinglaspalmeras.com\/ca\/contacte\/#breadcrumb\"},\"inLanguage\":\"ca\",\"potentialAction\":[{\"@type\":\"ReadAction\",\"target\":[\"https:\/\/campinglaspalmeras.com\/ca\/contacte\/\"]}]},{\"@type\":\"BreadcrumbList\",\"@id\":\"https:\/\/campinglaspalmeras.com\/ca\/contacte\/#breadcrumb\",\"itemListElement\":[{\"@type\":\"ListItem\",\"position\":1,\"name\":\"Portada\",\"item\":\"https:\/\/campinglaspalmeras.com\/ca\/inici\/\"},{\"@type\":\"ListItem\",\"position\":2,\"name\":\"Contacte\"}]},{\"@type\":\"WebSite\",\"@id\":\"https:\/\/campinglaspalmeras.com\/ca\/#website\",\"url\":\"https:\/\/campinglaspalmeras.com\/ca\/\",\"name\":\"Camping Las Palmeras Costa Brava\",\"description\":\"Camping Las Palmeras Costa Brava\",\"potentialAction\":[{\"@type\":\"SearchAction\",\"target\":{\"@type\":\"EntryPoint\",\"urlTemplate\":\"https:\/\/campinglaspalmeras.com\/ca\/?s={search_term_string}\"},\"query-input\":\"required name=search_term_string\"}],\"inLanguage\":\"ca\"}]}<\/script>\n<!-- \/ Yoast SEO plugin. -->","yoast_head_json":{"title":"Contacte - Camping Las Palmeras Costa Brava","description":"Adre\u00e7a Camping Las Palmeras Carretera a la playa s\/n, \u2013 17470 Sant Pere Pescador \u2013 Girona \u2013 Costa Brava","robots":{"index":"index","follow":"follow","max-snippet":"max-snippet:-1","max-image-preview":"max-image-preview:large","max-video-preview":"max-video-preview:-1"},"canonical":"https:\/\/campinglaspalmeras.com\/ca\/contacte\/","og_locale":"ca_ES","og_type":"article","og_title":"Contacte - Camping Las Palmeras Costa Brava","og_description":"Adre\u00e7a Camping Las Palmeras Carretera a la playa s\/n, \u2013 17470 Sant Pere Pescador \u2013 Girona \u2013 Costa Brava","og_url":"https:\/\/campinglaspalmeras.com\/ca\/contacte\/","og_site_name":"Camping Las Palmeras Costa Brava","article_publisher":"https:\/\/www.facebook.com\/campingpalmeras","article_modified_time":"2024-01-26T14:45:13+00:00","twitter_card":"summary_large_image","twitter_site":"@CLasPalmeras","twitter_misc":{"Temps estimat de lectura":"4 minuts"},"schema":{"@context":"https:\/\/schema.org","@graph":[{"@type":"WebPage","@id":"https:\/\/campinglaspalmeras.com\/ca\/contacte\/","url":"https:\/\/campinglaspalmeras.com\/ca\/contacte\/","name":"Contacte - Camping Las Palmeras Costa Brava","isPartOf":{"@id":"https:\/\/campinglaspalmeras.com\/ca\/#website"},"datePublished":"2015-07-06T19:23:37+00:00","dateModified":"2024-01-26T14:45:13+00:00","description":"Adre\u00e7a Camping Las Palmeras Carretera a la playa s\/n, \u2013 17470 Sant Pere Pescador \u2013 Girona \u2013 Costa Brava","breadcrumb":{"@id":"https:\/\/campinglaspalmeras.com\/ca\/contacte\/#breadcrumb"},"inLanguage":"ca","potentialAction":[{"@type":"ReadAction","target":["https:\/\/campinglaspalmeras.com\/ca\/contacte\/"]}]},{"@type":"BreadcrumbList","@id":"https:\/\/campinglaspalmeras.com\/ca\/contacte\/#breadcrumb","itemListElement":[{"@type":"ListItem","position":1,"name":"Portada","item":"https:\/\/campinglaspalmeras.com\/ca\/inici\/"},{"@type":"ListItem","position":2,"name":"Contacte"}]},{"@type":"WebSite","@id":"https:\/\/campinglaspalmeras.com\/ca\/#website","url":"https:\/\/campinglaspalmeras.com\/ca\/","name":"Camping Las Palmeras Costa Brava","description":"Camping Las Palmeras Costa Brava","potentialAction":[{"@type":"SearchAction","target":{"@type":"EntryPoint","urlTemplate":"https:\/\/campinglaspalmeras.com\/ca\/?s={search_term_string}"},"query-input":"required name=search_term_string"}],"inLanguage":"ca"}]}},"_links":{"self":[{"href":"https:\/\/campinglaspalmeras.com\/ca\/wp-json\/wp\/v2\/pages\/1981"}],"collection":[{"href":"https:\/\/campinglaspalmeras.com\/ca\/wp-json\/wp\/v2\/pages"}],"about":[{"href":"https:\/\/campinglaspalmeras.com\/ca\/wp-json\/wp\/v2\/types\/page"}],"author":[{"embeddable":true,"href":"https:\/\/campinglaspalmeras.com\/ca\/wp-json\/wp\/v2\/users\/1"}],"replies":[{"embeddable":true,"href":"https:\/\/campinglaspalmeras.com\/ca\/wp-json\/wp\/v2\/comments?post=1981"}],"version-history":[{"count":9,"href":"https:\/\/campinglaspalmeras.com\/ca\/wp-json\/wp\/v2\/pages\/1981\/revisions"}],"predecessor-version":[{"id":8516,"href":"https:\/\/campinglaspalmeras.com\/ca\/wp-json\/wp\/v2\/pages\/1981\/revisions\/8516"}],"wp:attachment":[{"href":"https:\/\/campinglaspalmeras.com\/ca\/wp-json\/wp\/v2\/media?parent=1981"}],"curies":[{"name":"wp","href":"https:\/\/api.w.org\/{rel}","templated":true}]}}