{"id":946,"date":"2020-09-15T10:01:46","date_gmt":"2020-09-15T08:01:46","guid":{"rendered":"https:\/\/campinglaspalmeras.com\/internal-regulations\/"},"modified":"2024-03-05T11:04:57","modified_gmt":"2024-03-05T10:04:57","slug":"internal-regulations","status":"publish","type":"page","link":"https:\/\/campinglaspalmeras.com\/ca\/internal-regulations\/","title":{"rendered":"Reglament intern"},"content":{"rendered":"\n<style type=\"text\/css\" data-created_by=\"avia_inline_auto\" id=\"style-css-av-ketpt1xq-a2d3ee490fea1bf99b816595a4649da4\">\n.avia-section.av-ketpt1xq-a2d3ee490fea1bf99b816595a4649da4 .av-parallax .av-parallax-inner{\nbackground-repeat:no-repeat;\nbackground-image:url(https:\/\/campinglaspalmeras.com\/wp-content\/uploads\/2020\/09\/camp-2445212_1280.jpg);\nbackground-position:50% 50%;\nbackground-attachment:scroll;\n}\n.avia-section.av-ketpt1xq-a2d3ee490fea1bf99b816595a4649da4 .av-section-color-overlay{\nopacity:0.8;\nbackground-color:#2d2d2d;\n}\n<\/style>\n<div id='av_section_1'  class='avia-section av-ketpt1xq-a2d3ee490fea1bf99b816595a4649da4 main_color avia-section-default avia-no-border-styling  avia-builder-el-0  el_before_av_one_full  avia-builder-el-first  av-parallax-section avia-bg-style-parallax av-section-color-overlay-active container_wrap sidebar_right'  data-section-bg-repeat='no-repeat'><div class='av-parallax' data-avia-parallax-ratio='0.3' ><div class='av-parallax-inner main_color avia-full-stretch'><\/div><\/div><div class=\"av-section-color-overlay-wrap\"><div class=\"av-section-color-overlay\"><\/div><div class='container av-section-cont-open' ><main  role=\"main\" itemprop=\"mainContentOfPage\"  class='template-page content  av-content-small alpha units'><div class='post-entry post-entry-type-page post-entry-946'><div class='entry-content-wrapper clearfix'>\n\n<style type=\"text\/css\" data-created_by=\"avia_inline_auto\" id=\"style-css-av-kw0ggk2l-91f0821de52c804bd78fb135c59553b1\">\n#top .av-special-heading.av-kw0ggk2l-91f0821de52c804bd78fb135c59553b1{\npadding-bottom:10px;\ncolor:#ffffff;\n}\nbody .av-special-heading.av-kw0ggk2l-91f0821de52c804bd78fb135c59553b1 .av-special-heading-tag .heading-char{\nfont-size:25px;\n}\n.av-special-heading.av-kw0ggk2l-91f0821de52c804bd78fb135c59553b1 .special-heading-inner-border{\nborder-color:#ffffff;\n}\n.av-special-heading.av-kw0ggk2l-91f0821de52c804bd78fb135c59553b1 .av-subheading{\nfont-size:15px;\n}\n<\/style>\n<div  class='av-special-heading av-kw0ggk2l-91f0821de52c804bd78fb135c59553b1 av-special-heading-h1 custom-color-heading blockquote modern-quote  avia-builder-el-1  avia-builder-el-no-sibling '><h1 class='av-special-heading-tag'  itemprop=\"headline\"  >Reglament intern<\/h1><div class=\"special-heading-border\"><div class=\"special-heading-inner-border\"><\/div><\/div><\/div>\n<\/div><\/div><\/main><!-- close content main element --><\/div><\/div><\/div><div id='after_section_1'  class='main_color av_default_container_wrap container_wrap sidebar_right'  ><div class='container av-section-cont-open' ><div class='template-page content  av-content-small alpha units'><div class='post-entry post-entry-type-page post-entry-946'><div class='entry-content-wrapper clearfix'>\n\n<style type=\"text\/css\" data-created_by=\"avia_inline_auto\" id=\"style-css-av-av_one_full-79ff81c021393065cee878051452f6a6\">\n.flex_column.av-av_one_full-79ff81c021393065cee878051452f6a6{\n-webkit-border-radius:0px 0px 0px 0px;\n-moz-border-radius:0px 0px 0px 0px;\nborder-radius:0px 0px 0px 0px;\npadding:0px 0px 0px 0px;\n}\n<\/style>\n<div  class='flex_column av-av_one_full-79ff81c021393065cee878051452f6a6 av_one_full  avia-builder-el-2  el_after_av_section  avia-builder-el-no-sibling  first flex_column_div av-zero-column-padding  '     ><section  class='av_textblock_section av-kf3o3p09-6566d3f5092915db257a6826cd30f0b3 '   itemscope=\"itemscope\" itemtype=\"https:\/\/schema.org\/CreativeWork\" ><div class='avia_textblock'  itemprop=\"text\" ><p><strong>Per al bon funcionament del c\u00e0mping i una agradable estan\u00e7a dels nostres clients, els preguem que tinguin en compte la seg\u00fcent\u00a0 informaci\u00f3 i normativa preceptiva:<\/strong><\/p>\n<ul>\n<li><strong>L\u2019 HORA DE SORTIDA DEL C\u00c0MPING<\/strong> \u00e9s abans de les 12.00 del migdia i dels bungalows abans de les 11.00<\/li>\n<\/ul>\n<ul>\n<li><strong>EL C\u00c0MPING<\/strong> est\u00e0\u00a0 dividit en parcel\u00b7les numerades. Els l\u00edmits de les parcel\u00b7les estan senyalitzades per fites i no pas per arbres , encara que en alguns casos coincideixi. A cada parcel\u00b7la\u00a0 li correspon una presa el\u00e8ctrica de 10 AMP.<\/li>\n<\/ul>\n<ul>\n<li><strong>MOLT IMPORTANT:<\/strong> est\u00e0 totalment prohibit circular a m\u00e9s de 5 Km\/h<strong> .<\/strong><\/li>\n<\/ul>\n<ul>\n<li><strong>NO PENJAR HAMAQUES<\/strong> en arbres joves, fanals o Bungalows.<\/li>\n<\/ul>\n<ul>\n<li><strong>LES HORES DE SILENCI<\/strong> s\u00f3n de 24.00 h a 07.00 h., hores en les quals\u00a0 est\u00e0 prohibida la circulaci\u00f3 de vehicles. Tamb\u00e9 durant el dia, el nivell sonor produ\u00eft pels propis clients, els seus dispositius i aparells o les seves mascotes no haurien de causar mol\u00e8sties als ve\u00efns. Tamb\u00e9 \u00e9s aplicable a les zones comunes, particularment els sanitaris.<\/li>\n<\/ul>\n<ul>\n<li><strong>LES BARBACOES<\/strong> s\u00f3n permeses en el c\u00e0mping, per\u00f2 sota les seg\u00fcents condicions: nom\u00e9s es poden encendre amb pastilles que no facin flama, lluny de palmeres, set\u00f3s, Bungalows o qualsevol material inflamable. A m\u00e9s s\u2019ha de tenir un recipient amb aigua a prop.<strong>\u00a0<\/strong><\/li>\n<\/ul>\n<ul>\n<li><strong>NENS: <\/strong>Recordeu que hi han llocs per jugar: parcs infantils, zona esportiva, piscines, etc. i llocs que no s\u00f3n per jugar com els sanitaris, sala de rentadores, supermercat, bar-restaurant, etc.<strong>\u00a0<\/strong><\/li>\n<\/ul>\n<ul>\n<li><strong>VISITES <\/strong>nom\u00e9s seran autoritzades si l&#8217;aforament ho permet\u00e9s. S&#8217;han de registrar a recepci\u00f3 i abonar la tarifa vigent d&#8217;una jornada per parcel\u00b7la i persona.<\/li>\n<\/ul>\n<p><strong>Es prega calorosament a tots els clients la seva col\u00b7laboraci\u00f3 per mantenir el c\u00e0mping net.\u00a0 Utilitzin els rentapeus que hi ha a l\u2019entrada de cada bloc sanitari per netejar-vos la sorra dels peus abans d\u2019entrar a les dutxes. Utilitzeu les papereres per burilles, restes de menjar, etc.<\/strong><\/p>\n<\/div><\/section><\/div>\n","protected":false},"excerpt":{"rendered":"","protected":false},"author":1,"featured_media":0,"parent":0,"menu_order":800,"comment_status":"closed","ping_status":"closed","template":"","meta":[],"yoast_head":"<!-- This site is optimized with the Yoast SEO plugin v20.9 - https:\/\/yoast.com\/wordpress\/plugins\/seo\/ -->\n<title>Reglament intern - Camping Las Palmeras Costa Brava<\/title>\n<meta name=\"description\" content=\"Internal regulations For the smooth running of the campsite, we ask that you respect our internal regulations\" \/>\n<meta name=\"robots\" content=\"index, follow, max-snippet:-1, max-image-preview:large, max-video-preview:-1\" \/>\n<link rel=\"canonical\" href=\"https:\/\/campinglaspalmeras.com\/ca\/internal-regulations\/\" \/>\n<meta property=\"og:locale\" content=\"ca_ES\" \/>\n<meta property=\"og:type\" content=\"article\" \/>\n<meta property=\"og:title\" content=\"Reglament intern - Camping Las Palmeras Costa Brava\" \/>\n<meta property=\"og:description\" content=\"Internal regulations For the smooth running of the campsite, we ask that you respect our internal regulations\" \/>\n<meta property=\"og:url\" content=\"https:\/\/campinglaspalmeras.com\/ca\/internal-regulations\/\" \/>\n<meta property=\"og:site_name\" content=\"Camping Las Palmeras Costa Brava\" \/>\n<meta property=\"article:publisher\" content=\"https:\/\/www.facebook.com\/campingpalmeras\" \/>\n<meta property=\"article:modified_time\" content=\"2024-03-05T10:04:57+00:00\" \/>\n<meta name=\"twitter:card\" content=\"summary_large_image\" \/>\n<meta name=\"twitter:site\" content=\"@CLasPalmeras\" \/>\n<meta name=\"twitter:label1\" content=\"Temps estimat de lectura\" \/>\n\t<meta name=\"twitter:data1\" content=\"2 minuts\" \/>\n<script type=\"application\/ld+json\" class=\"yoast-schema-graph\">{\"@context\":\"https:\/\/schema.org\",\"@graph\":[{\"@type\":\"WebPage\",\"@id\":\"https:\/\/campinglaspalmeras.com\/ca\/internal-regulations\/\",\"url\":\"https:\/\/campinglaspalmeras.com\/ca\/internal-regulations\/\",\"name\":\"Reglament intern - Camping Las Palmeras Costa Brava\",\"isPartOf\":{\"@id\":\"https:\/\/campinglaspalmeras.com\/ca\/#website\"},\"datePublished\":\"2020-09-15T08:01:46+00:00\",\"dateModified\":\"2024-03-05T10:04:57+00:00\",\"description\":\"Internal regulations For the smooth running of the campsite, we ask that you respect our internal regulations\",\"breadcrumb\":{\"@id\":\"https:\/\/campinglaspalmeras.com\/ca\/internal-regulations\/#breadcrumb\"},\"inLanguage\":\"ca\",\"potentialAction\":[{\"@type\":\"ReadAction\",\"target\":[\"https:\/\/campinglaspalmeras.com\/ca\/internal-regulations\/\"]}]},{\"@type\":\"BreadcrumbList\",\"@id\":\"https:\/\/campinglaspalmeras.com\/ca\/internal-regulations\/#breadcrumb\",\"itemListElement\":[{\"@type\":\"ListItem\",\"position\":1,\"name\":\"Portada\",\"item\":\"https:\/\/campinglaspalmeras.com\/ca\/inici\/\"},{\"@type\":\"ListItem\",\"position\":2,\"name\":\"Reglament intern\"}]},{\"@type\":\"WebSite\",\"@id\":\"https:\/\/campinglaspalmeras.com\/ca\/#website\",\"url\":\"https:\/\/campinglaspalmeras.com\/ca\/\",\"name\":\"Camping Las Palmeras Costa Brava\",\"description\":\"Camping Las Palmeras Costa Brava\",\"potentialAction\":[{\"@type\":\"SearchAction\",\"target\":{\"@type\":\"EntryPoint\",\"urlTemplate\":\"https:\/\/campinglaspalmeras.com\/ca\/?s={search_term_string}\"},\"query-input\":\"required name=search_term_string\"}],\"inLanguage\":\"ca\"}]}<\/script>\n<!-- \/ Yoast SEO plugin. -->","yoast_head_json":{"title":"Reglament intern - Camping Las Palmeras Costa Brava","description":"Internal regulations For the smooth running of the campsite, we ask that you respect our internal regulations","robots":{"index":"index","follow":"follow","max-snippet":"max-snippet:-1","max-image-preview":"max-image-preview:large","max-video-preview":"max-video-preview:-1"},"canonical":"https:\/\/campinglaspalmeras.com\/ca\/internal-regulations\/","og_locale":"ca_ES","og_type":"article","og_title":"Reglament intern - Camping Las Palmeras Costa Brava","og_description":"Internal regulations For the smooth running of the campsite, we ask that you respect our internal regulations","og_url":"https:\/\/campinglaspalmeras.com\/ca\/internal-regulations\/","og_site_name":"Camping Las Palmeras Costa Brava","article_publisher":"https:\/\/www.facebook.com\/campingpalmeras","article_modified_time":"2024-03-05T10:04:57+00:00","twitter_card":"summary_large_image","twitter_site":"@CLasPalmeras","twitter_misc":{"Temps estimat de lectura":"2 minuts"},"schema":{"@context":"https:\/\/schema.org","@graph":[{"@type":"WebPage","@id":"https:\/\/campinglaspalmeras.com\/ca\/internal-regulations\/","url":"https:\/\/campinglaspalmeras.com\/ca\/internal-regulations\/","name":"Reglament intern - Camping Las Palmeras Costa Brava","isPartOf":{"@id":"https:\/\/campinglaspalmeras.com\/ca\/#website"},"datePublished":"2020-09-15T08:01:46+00:00","dateModified":"2024-03-05T10:04:57+00:00","description":"Internal regulations For the smooth running of the campsite, we ask that you respect our internal regulations","breadcrumb":{"@id":"https:\/\/campinglaspalmeras.com\/ca\/internal-regulations\/#breadcrumb"},"inLanguage":"ca","potentialAction":[{"@type":"ReadAction","target":["https:\/\/campinglaspalmeras.com\/ca\/internal-regulations\/"]}]},{"@type":"BreadcrumbList","@id":"https:\/\/campinglaspalmeras.com\/ca\/internal-regulations\/#breadcrumb","itemListElement":[{"@type":"ListItem","position":1,"name":"Portada","item":"https:\/\/campinglaspalmeras.com\/ca\/inici\/"},{"@type":"ListItem","position":2,"name":"Reglament intern"}]},{"@type":"WebSite","@id":"https:\/\/campinglaspalmeras.com\/ca\/#website","url":"https:\/\/campinglaspalmeras.com\/ca\/","name":"Camping Las Palmeras Costa Brava","description":"Camping Las Palmeras Costa Brava","potentialAction":[{"@type":"SearchAction","target":{"@type":"EntryPoint","urlTemplate":"https:\/\/campinglaspalmeras.com\/ca\/?s={search_term_string}"},"query-input":"required name=search_term_string"}],"inLanguage":"ca"}]}},"_links":{"self":[{"href":"https:\/\/campinglaspalmeras.com\/ca\/wp-json\/wp\/v2\/pages\/946"}],"collection":[{"href":"https:\/\/campinglaspalmeras.com\/ca\/wp-json\/wp\/v2\/pages"}],"about":[{"href":"https:\/\/campinglaspalmeras.com\/ca\/wp-json\/wp\/v2\/types\/page"}],"author":[{"embeddable":true,"href":"https:\/\/campinglaspalmeras.com\/ca\/wp-json\/wp\/v2\/users\/1"}],"replies":[{"embeddable":true,"href":"https:\/\/campinglaspalmeras.com\/ca\/wp-json\/wp\/v2\/comments?post=946"}],"version-history":[{"count":11,"href":"https:\/\/campinglaspalmeras.com\/ca\/wp-json\/wp\/v2\/pages\/946\/revisions"}],"predecessor-version":[{"id":8853,"href":"https:\/\/campinglaspalmeras.com\/ca\/wp-json\/wp\/v2\/pages\/946\/revisions\/8853"}],"wp:attachment":[{"href":"https:\/\/campinglaspalmeras.com\/ca\/wp-json\/wp\/v2\/media?parent=946"}],"curies":[{"name":"wp","href":"https:\/\/api.w.org\/{rel}","templated":true}]}}