{"id":1036,"date":"2020-09-10T10:39:59","date_gmt":"2020-09-10T08:39:59","guid":{"rendered":"https:\/\/campinglaspalmeras.com\/f-a-q\/"},"modified":"2025-10-30T12:37:37","modified_gmt":"2025-10-30T11:37:37","slug":"f-a-q","status":"publish","type":"page","link":"https:\/\/campinglaspalmeras.com\/de\/f-a-q\/","title":{"rendered":"F.A.Q."},"content":{"rendered":"\n<style type=\"text\/css\" data-created_by=\"avia_inline_auto\" id=\"style-css-av-ketpt1xq-a2d3ee490fea1bf99b816595a4649da4\">\n.avia-section.av-ketpt1xq-a2d3ee490fea1bf99b816595a4649da4 .av-parallax .av-parallax-inner{\nbackground-repeat:no-repeat;\nbackground-image:url(https:\/\/campinglaspalmeras.com\/wp-content\/uploads\/2020\/09\/camp-2445212_1280.jpg);\nbackground-position:50% 50%;\nbackground-attachment:scroll;\n}\n.avia-section.av-ketpt1xq-a2d3ee490fea1bf99b816595a4649da4 .av-section-color-overlay{\nopacity:0.8;\nbackground-color:#2d2d2d;\n}\n<\/style>\n<div id='av_section_1'  class='avia-section av-ketpt1xq-a2d3ee490fea1bf99b816595a4649da4 main_color avia-section-default avia-no-border-styling  avia-builder-el-0  el_before_av_one_fifth  avia-builder-el-first  av-parallax-section avia-bg-style-parallax av-section-color-overlay-active container_wrap sidebar_right'  data-section-bg-repeat='no-repeat'><div class='av-parallax' data-avia-parallax-ratio='0.3' ><div class='av-parallax-inner main_color avia-full-stretch'><\/div><\/div><div class=\"av-section-color-overlay-wrap\"><div class=\"av-section-color-overlay\"><\/div><div class='container av-section-cont-open' ><main  role=\"main\" itemprop=\"mainContentOfPage\"  class='template-page content  av-content-small alpha units'><div class='post-entry post-entry-type-page post-entry-1036'><div class='entry-content-wrapper clearfix'>\n\n<style type=\"text\/css\" data-created_by=\"avia_inline_auto\" id=\"style-css-av-kewke46t-38805e71cea27ce384bc86e17386a869\">\n#top .av-special-heading.av-kewke46t-38805e71cea27ce384bc86e17386a869{\npadding-bottom:10px;\ncolor:#ffffff;\n}\nbody .av-special-heading.av-kewke46t-38805e71cea27ce384bc86e17386a869 .av-special-heading-tag .heading-char{\nfont-size:25px;\n}\n.av-special-heading.av-kewke46t-38805e71cea27ce384bc86e17386a869 .special-heading-inner-border{\nborder-color:#ffffff;\n}\n.av-special-heading.av-kewke46t-38805e71cea27ce384bc86e17386a869 .av-subheading{\nfont-size:15px;\n}\n<\/style>\n<div  class='av-special-heading av-kewke46t-38805e71cea27ce384bc86e17386a869 av-special-heading-h1 custom-color-heading blockquote modern-quote modern-centered  avia-builder-el-1  avia-builder-el-no-sibling '><h1 class='av-special-heading-tag'  itemprop=\"headline\"  >F.A.Q.<\/h1><div class=\"special-heading-border\"><div class=\"special-heading-inner-border\"><\/div><\/div><\/div>\n<\/div><\/div><\/main><!-- close content main element --><\/div><\/div><\/div><div id='after_section_1'  class='main_color av_default_container_wrap container_wrap sidebar_right'  ><div class='container av-section-cont-open' ><div class='template-page content  av-content-small alpha units'><div class='post-entry post-entry-type-page post-entry-1036'><div class='entry-content-wrapper clearfix'>\n\n<style type=\"text\/css\" data-created_by=\"avia_inline_auto\" id=\"style-css-av-av_one_fifth-79ff81c021393065cee878051452f6a6\">\n.flex_column.av-av_one_fifth-79ff81c021393065cee878051452f6a6{\n-webkit-border-radius:0px 0px 0px 0px;\n-moz-border-radius:0px 0px 0px 0px;\nborder-radius:0px 0px 0px 0px;\npadding:0px 0px 0px 0px;\n}\n<\/style>\n<div  class='flex_column av-av_one_fifth-79ff81c021393065cee878051452f6a6 av_one_fifth  avia-builder-el-2  el_after_av_section  el_before_av_three_fifth  avia-builder-el-first  first flex_column_div av-zero-column-padding  '     ><\/div>\n\n<style type=\"text\/css\" data-created_by=\"avia_inline_auto\" id=\"style-css-av-av_three_fifth-49f6e875884219cf77c24341e550af53\">\n.flex_column.av-av_three_fifth-49f6e875884219cf77c24341e550af53{\n-webkit-border-radius:0px 0px 0px 0px;\n-moz-border-radius:0px 0px 0px 0px;\nborder-radius:0px 0px 0px 0px;\npadding:0px 0px 0px 0px;\n}\n<\/style>\n<div  class='flex_column av-av_three_fifth-49f6e875884219cf77c24341e550af53 av_three_fifth  avia-builder-el-3  el_after_av_one_fifth  avia-builder-el-last  flex_column_div av-zero-column-padding  '     ><section  class='av_textblock_section av-kgalanb7-fd5474c4e2d3634fb15de034fbc9b972 '   itemscope=\"itemscope\" itemtype=\"https:\/\/schema.org\/CreativeWork\" ><div class='avia_textblock'  itemprop=\"text\" ><h2>H\u00e4ufig gestellte Fragen<\/h2>\n<div id=\"g1-divider-1\" class=\"g1-divider g1-divider--simple g1-divider--noicon \"><\/div>\n<h3>01. Wie weit ist der Campingplatz vom Strand entfernt?<\/h3>\n<p>Der Campingplatz ist 100 Meter vom Strand entfernt.<\/p>\n<hr \/>\n<h3>02. Kann man mit Kreditkarte bezahlen?<\/h3>\n<p>Ja, wir akzeptieren Kreditkarten.<\/p>\n<hr \/>\n<h3>03. Ist es verboten zu grillen?<\/h3>\n<p>Grillen ist auf dem Campingplatz erlaubt, jedoch unter folgenden Bedingungen: Sie d\u00fcrfen nur mit nicht brennbaren Tabletten angez\u00fcndet\u00a0werden, fern von Palmen, Hecken, Bungalows oder anderen brennbaren Au\u00dferdem sollten Sie einen Beh\u00e4lter mit Wasser in der N\u00e4he haben.<\/p>\n<hr \/>\n<h3>04. Kann man einen K\u00fchlschrank mieten?<\/h3>\n<p>Ja, an der Rezeption des Campingplatzes gibt es einen Mietservice f\u00fcr K\u00fchlschr\u00e4nke.<\/p>\n<hr \/>\n<h3>05. Sind Hunde zugelassen?<\/h3>\n<p>In den Bungalows sind keinerlei Haustiere zugelassen. Im Campingbereich sind sie unter Beachtung der entsprechenden Bestimmungen zugelassen (Nicht mehr als zwei Hunde pro Platz). Wir teilen Ihnen mit, dass potenziell gef\u00e4hrliche Hunde (Pitbull, Rottweiler, Argentinische Dogge, Bullmastiff, Staffordshire, Dobermann, Fila Brasileiro, Tosa und Dogo Canario) nicht zugelassen sind.<\/p>\n<hr \/>\n<h3>06. Gibt es einen Pool auf dem Campingplatz?<\/h3>\n<p>Wir verf\u00fcgen \u00fcber\u00a0drei Pools und Jacuzzi, zwei f\u00fcr Erwachsene und einen f\u00fcr Kinder mit Wasserspielen und Rutschen. In der Vor- und Nachsaison ist\u00a0eins der Schwimmb\u00e4der beheizt.<\/p>\n<hr \/>\n<h3>07. Gibt es Animation f\u00fcr Gro\u00df und Klein?<\/h3>\n<p>Ja, wir bieten Animation f\u00fcr Kinder in der Karwoche und in anderen Schulferienzeiten im Juli und August. F\u00fcr Erwachsene gibt es vom Tag der \u00d6ffnung bis zur Schlie\u00dfung Animation, im Juli und August mehr als in den \u00fcbrigen Monaten.<\/p>\n<hr \/>\n<h3>08. Kann man auf dem Campingplatz Besuche empfangen?<\/h3>\n<p>Besucher werden nur genehmigt, wenn die Kapazit\u00e4t dies zul\u00e4sst. Sie m\u00fcssen sich an der Rezeption anmelden und den aktuellen Tarif von einem Tag f\u00fcr Stellplatz und Personen bezahlen.<\/p>\n<hr \/>\n<h3>09. Was passiert wenn ich mit zwei Autos anreise?<\/h3>\n<p>Mann kann ein zweites Auto an der Rezeption anmelden. Das Auto kann dann am Stellplatz, auf den Parkplatz des Campings beim Eingang, oder auf dem Parkplatz ausserhalb des Platzes im Rezeptionsbereich abgestellt werden. Es muss der g\u00fcltige Tarif f\u00fcr ein extra Auto bezahlt werden, auch wenn mann ausserhalb des Gel\u00e4ndes auf der Parkplatz an der Strasse parkt.<\/p>\n<hr \/>\n<h2>Bungalows<\/h2>\n<div id=\"g1-divider-2\" class=\"g1-divider g1-divider--simple g1-divider--noicon \"><\/div>\n<h3>01. Verf\u00fcgen die Bungalows \u00fcber eine Klimaanlage?<\/h3>\n<p>Ja, Klimaanlage ist vorhanden.<\/p>\n<hr \/>\n<h3>02. Welche Ausstattung haben sie?<\/h3>\n<p>Alle unsere Bungalows sind mit zwei Tischen (je einem drinnen und drau\u00dfen) St\u00fchlen, TV, Router, zwei Liegest\u00fchlen und den wichtigsten K\u00fcchenger\u00e4ten ausgestattet: T\u00f6pfe, Pfannen, Besteck, Gl\u00e4ser, Kaffeemaschine und Mikrowelle. Sie verf\u00fcgen nicht \u00fcber einen Backofen.<\/p>\n<hr \/>\n<h3>03. Ist Bettw\u00e4sche vorhanden?<\/h3>\n<p>Wolldecken, Bettw\u00e4sche, Handt\u00fccher und Geschirrt\u00fccher sind vorhanden.<\/p>\n<hr \/>\n<h3>04. Ist eine Wiege f\u00fcr S\u00e4uglinge verf\u00fcgbar?<\/h3>\n<p>Ja, bestellen Sie sie, wenn Sie reservieren.<\/p>\n<hr \/>\n<h3>05. Kann man einen konkreten Bungalow mieten?<\/h3>\n<p>Nein, die Nummer des Bungalows wird Ihnen je nach Verf\u00fcgbarkeit zugeteilt.<\/p>\n<hr \/>\n<h3>06. Um wie viel Uhr muss der Bungalow ger\u00e4umt werden?<\/h3>\n<p>Der Bungalow muss vor 11.00 Uhr morgens frei sein.<\/p>\n<h2>Parzelle<\/h2>\n<div id=\"g1-divider-3\" class=\"g1-divider g1-divider--simple g1-divider--noicon \"><\/div>\n<h3>01. Wie viel Ampere hat der Stromanschluss auf den Parzellen?<\/h3>\n<p>10 Ampere. Es handelt sich um normale Steckdosen f\u00fcr Stecker mit zwei Stiften vom Typ\u00a0<em>Schuko<\/em>.<\/p>\n<hr \/>\n<h3>02. K\u00f6nnen wir unseren Bungalow\/ unser Mobil-Home auf einer Parzelle aufstellen?<\/h3>\n<p>Nein, auf dem Campingplatz ist es nicht erlaubt, diese aufzustellen.<\/p>\n<hr \/>\n<h3>03. Bis wie viel Uhr muss die Parzelle verlassen werden?<\/h3>\n<p>Die Parzelle muss vor 12.00 Uhr mittags frei sein<\/p>\n<hr \/>\n<h3>04. Vermieten Sie Parzellen f\u00fcr die ganze Saison?<\/h3>\n<p>Nein.<\/p>\n<h2>Reservierungen<\/h2>\n<div id=\"g1-divider-4\" class=\"g1-divider g1-divider--simple g1-divider--noicon \"><\/div>\n<h3>01. Wie kann ich einen Platz auf dem Campingplatz Las Palmeras reservieren?<\/h3>\n<p>Sie k\u00f6nnen \u00fcber unsere Website, per Telefon, Post oder direkt an der Rezeption reservieren.<\/p>\n<hr \/>\n<h3>02. Ab wann kann ich f\u00fcr die n\u00e4chste Saison reservieren?<\/h3>\n<p>Ab 15 November.<\/p>\n<hr \/>\n<h3>03. Was passiert, wenn ich meine Reservierung storniere?<\/h3>\n<p>Die Stornogeb\u00fchr betr\u00e4gt 50% der geleisteten Zahlung. Wenn die Stornierung erst innerhalb der letzten 30 Tage vor dem geplanten Anreisedatum erfolgt, sind 100% des Preises f\u00e4llig.<\/p>\n<\/div><\/section><\/div>\n","protected":false},"excerpt":{"rendered":"","protected":false},"author":1,"featured_media":0,"parent":0,"menu_order":800,"comment_status":"closed","ping_status":"closed","template":"","meta":[],"yoast_head":"<!-- This site is optimized with the Yoast SEO plugin v20.9 - https:\/\/yoast.com\/wordpress\/plugins\/seo\/ -->\n<title>F.A.Q. - Camping Las Palmeras Costa Brava<\/title>\n<meta name=\"description\" content=\"H\u00e4ufig gestellte Fragen 01. Wie weit ist der Campingplatz vom Strand entfernt? Der Campingplatz ist 250 Meter vom Strand entfernt.\" \/>\n<meta name=\"robots\" content=\"index, follow, max-snippet:-1, max-image-preview:large, max-video-preview:-1\" \/>\n<link rel=\"canonical\" href=\"https:\/\/campinglaspalmeras.com\/de\/f-a-q\/\" \/>\n<meta property=\"og:locale\" content=\"de_DE\" \/>\n<meta property=\"og:type\" content=\"article\" \/>\n<meta property=\"og:title\" content=\"F.A.Q. - Camping Las Palmeras Costa Brava\" \/>\n<meta property=\"og:description\" content=\"H\u00e4ufig gestellte Fragen 01. Wie weit ist der Campingplatz vom Strand entfernt? Der Campingplatz ist 250 Meter vom Strand entfernt.\" \/>\n<meta property=\"og:url\" content=\"https:\/\/campinglaspalmeras.com\/de\/f-a-q\/\" \/>\n<meta property=\"og:site_name\" content=\"Camping Las Palmeras Costa Brava\" \/>\n<meta property=\"article:publisher\" content=\"https:\/\/www.facebook.com\/campingpalmeras\" \/>\n<meta property=\"article:modified_time\" content=\"2025-10-30T11:37:37+00:00\" \/>\n<meta name=\"twitter:card\" content=\"summary_large_image\" \/>\n<meta name=\"twitter:site\" content=\"@CLasPalmeras\" \/>\n<meta name=\"twitter:label1\" content=\"Gesch\u00e4tzte Lesezeit\" \/>\n\t<meta name=\"twitter:data1\" content=\"4\u00a0Minuten\" \/>\n<script type=\"application\/ld+json\" class=\"yoast-schema-graph\">{\"@context\":\"https:\/\/schema.org\",\"@graph\":[{\"@type\":\"WebPage\",\"@id\":\"https:\/\/campinglaspalmeras.com\/de\/f-a-q\/\",\"url\":\"https:\/\/campinglaspalmeras.com\/de\/f-a-q\/\",\"name\":\"F.A.Q. - Camping Las Palmeras Costa Brava\",\"isPartOf\":{\"@id\":\"https:\/\/campinglaspalmeras.com\/ca\/#website\"},\"datePublished\":\"2020-09-10T08:39:59+00:00\",\"dateModified\":\"2025-10-30T11:37:37+00:00\",\"description\":\"H\u00e4ufig gestellte Fragen 01. Wie weit ist der Campingplatz vom Strand entfernt? Der Campingplatz ist 250 Meter vom Strand entfernt.\",\"breadcrumb\":{\"@id\":\"https:\/\/campinglaspalmeras.com\/de\/f-a-q\/#breadcrumb\"},\"inLanguage\":\"de\",\"potentialAction\":[{\"@type\":\"ReadAction\",\"target\":[\"https:\/\/campinglaspalmeras.com\/de\/f-a-q\/\"]}]},{\"@type\":\"BreadcrumbList\",\"@id\":\"https:\/\/campinglaspalmeras.com\/de\/f-a-q\/#breadcrumb\",\"itemListElement\":[{\"@type\":\"ListItem\",\"position\":1,\"name\":\"Portada\",\"item\":\"https:\/\/campinglaspalmeras.com\/de\/home\/\"},{\"@type\":\"ListItem\",\"position\":2,\"name\":\"F.A.Q.\"}]},{\"@type\":\"WebSite\",\"@id\":\"https:\/\/campinglaspalmeras.com\/ca\/#website\",\"url\":\"https:\/\/campinglaspalmeras.com\/ca\/\",\"name\":\"Camping Las Palmeras Costa Brava\",\"description\":\"Camping Las Palmeras Costa Brava\",\"potentialAction\":[{\"@type\":\"SearchAction\",\"target\":{\"@type\":\"EntryPoint\",\"urlTemplate\":\"https:\/\/campinglaspalmeras.com\/ca\/?s={search_term_string}\"},\"query-input\":\"required name=search_term_string\"}],\"inLanguage\":\"de\"}]}<\/script>\n<!-- \/ Yoast SEO plugin. -->","yoast_head_json":{"title":"F.A.Q. - Camping Las Palmeras Costa Brava","description":"H\u00e4ufig gestellte Fragen 01. Wie weit ist der Campingplatz vom Strand entfernt? Der Campingplatz ist 250 Meter vom Strand entfernt.","robots":{"index":"index","follow":"follow","max-snippet":"max-snippet:-1","max-image-preview":"max-image-preview:large","max-video-preview":"max-video-preview:-1"},"canonical":"https:\/\/campinglaspalmeras.com\/de\/f-a-q\/","og_locale":"de_DE","og_type":"article","og_title":"F.A.Q. - Camping Las Palmeras Costa Brava","og_description":"H\u00e4ufig gestellte Fragen 01. Wie weit ist der Campingplatz vom Strand entfernt? Der Campingplatz ist 250 Meter vom Strand entfernt.","og_url":"https:\/\/campinglaspalmeras.com\/de\/f-a-q\/","og_site_name":"Camping Las Palmeras Costa Brava","article_publisher":"https:\/\/www.facebook.com\/campingpalmeras","article_modified_time":"2025-10-30T11:37:37+00:00","twitter_card":"summary_large_image","twitter_site":"@CLasPalmeras","twitter_misc":{"Gesch\u00e4tzte Lesezeit":"4\u00a0Minuten"},"schema":{"@context":"https:\/\/schema.org","@graph":[{"@type":"WebPage","@id":"https:\/\/campinglaspalmeras.com\/de\/f-a-q\/","url":"https:\/\/campinglaspalmeras.com\/de\/f-a-q\/","name":"F.A.Q. - Camping Las Palmeras Costa Brava","isPartOf":{"@id":"https:\/\/campinglaspalmeras.com\/ca\/#website"},"datePublished":"2020-09-10T08:39:59+00:00","dateModified":"2025-10-30T11:37:37+00:00","description":"H\u00e4ufig gestellte Fragen 01. Wie weit ist der Campingplatz vom Strand entfernt? Der Campingplatz ist 250 Meter vom Strand entfernt.","breadcrumb":{"@id":"https:\/\/campinglaspalmeras.com\/de\/f-a-q\/#breadcrumb"},"inLanguage":"de","potentialAction":[{"@type":"ReadAction","target":["https:\/\/campinglaspalmeras.com\/de\/f-a-q\/"]}]},{"@type":"BreadcrumbList","@id":"https:\/\/campinglaspalmeras.com\/de\/f-a-q\/#breadcrumb","itemListElement":[{"@type":"ListItem","position":1,"name":"Portada","item":"https:\/\/campinglaspalmeras.com\/de\/home\/"},{"@type":"ListItem","position":2,"name":"F.A.Q."}]},{"@type":"WebSite","@id":"https:\/\/campinglaspalmeras.com\/ca\/#website","url":"https:\/\/campinglaspalmeras.com\/ca\/","name":"Camping Las Palmeras Costa Brava","description":"Camping Las Palmeras Costa Brava","potentialAction":[{"@type":"SearchAction","target":{"@type":"EntryPoint","urlTemplate":"https:\/\/campinglaspalmeras.com\/ca\/?s={search_term_string}"},"query-input":"required name=search_term_string"}],"inLanguage":"de"}]}},"_links":{"self":[{"href":"https:\/\/campinglaspalmeras.com\/de\/wp-json\/wp\/v2\/pages\/1036"}],"collection":[{"href":"https:\/\/campinglaspalmeras.com\/de\/wp-json\/wp\/v2\/pages"}],"about":[{"href":"https:\/\/campinglaspalmeras.com\/de\/wp-json\/wp\/v2\/types\/page"}],"author":[{"embeddable":true,"href":"https:\/\/campinglaspalmeras.com\/de\/wp-json\/wp\/v2\/users\/1"}],"replies":[{"embeddable":true,"href":"https:\/\/campinglaspalmeras.com\/de\/wp-json\/wp\/v2\/comments?post=1036"}],"version-history":[{"count":10,"href":"https:\/\/campinglaspalmeras.com\/de\/wp-json\/wp\/v2\/pages\/1036\/revisions"}],"predecessor-version":[{"id":10252,"href":"https:\/\/campinglaspalmeras.com\/de\/wp-json\/wp\/v2\/pages\/1036\/revisions\/10252"}],"wp:attachment":[{"href":"https:\/\/campinglaspalmeras.com\/de\/wp-json\/wp\/v2\/media?parent=1036"}],"curies":[{"name":"wp","href":"https:\/\/api.w.org\/{rel}","templated":true}]}}