{"id":1063,"date":"2020-09-09T16:12:32","date_gmt":"2020-09-09T14:12:32","guid":{"rendered":"https:\/\/campinglaspalmeras.com\/environmental-policies\/"},"modified":"2020-10-15T11:07:15","modified_gmt":"2020-10-15T09:07:15","slug":"umweltschutz","status":"publish","type":"page","link":"https:\/\/campinglaspalmeras.com\/de\/umweltschutz\/","title":{"rendered":"Umweltschutz"},"content":{"rendered":"\n<style type=\"text\/css\" data-created_by=\"avia_inline_auto\" id=\"style-css-av-ketpt1xq-a2d3ee490fea1bf99b816595a4649da4\">\n.avia-section.av-ketpt1xq-a2d3ee490fea1bf99b816595a4649da4 .av-parallax .av-parallax-inner{\nbackground-repeat:no-repeat;\nbackground-image:url(https:\/\/campinglaspalmeras.com\/wp-content\/uploads\/2020\/09\/camp-2445212_1280.jpg);\nbackground-position:50% 50%;\nbackground-attachment:scroll;\n}\n.avia-section.av-ketpt1xq-a2d3ee490fea1bf99b816595a4649da4 .av-section-color-overlay{\nopacity:0.8;\nbackground-color:#2d2d2d;\n}\n<\/style>\n<div id='av_section_1'  class='avia-section av-ketpt1xq-a2d3ee490fea1bf99b816595a4649da4 main_color avia-section-default avia-no-border-styling  avia-builder-el-0  el_before_av_section  avia-builder-el-first  av-parallax-section avia-bg-style-parallax av-section-color-overlay-active container_wrap sidebar_right'  data-section-bg-repeat='no-repeat'><div class='av-parallax' data-avia-parallax-ratio='0.3' ><div class='av-parallax-inner main_color avia-full-stretch'><\/div><\/div><div class=\"av-section-color-overlay-wrap\"><div class=\"av-section-color-overlay\"><\/div><div class='container av-section-cont-open' ><main  role=\"main\" itemprop=\"mainContentOfPage\"  class='template-page content  av-content-small alpha units'><div class='post-entry post-entry-type-page post-entry-1063'><div class='entry-content-wrapper clearfix'>\n\n<style type=\"text\/css\" data-created_by=\"avia_inline_auto\" id=\"style-css-av-kgalldic-80c55e2bb4c5e29a10cb97b52fffeda1\">\n#top .av-special-heading.av-kgalldic-80c55e2bb4c5e29a10cb97b52fffeda1{\npadding-bottom:10px;\ncolor:#ffffff;\n}\nbody .av-special-heading.av-kgalldic-80c55e2bb4c5e29a10cb97b52fffeda1 .av-special-heading-tag .heading-char{\nfont-size:25px;\n}\n.av-special-heading.av-kgalldic-80c55e2bb4c5e29a10cb97b52fffeda1 .special-heading-inner-border{\nborder-color:#ffffff;\n}\n.av-special-heading.av-kgalldic-80c55e2bb4c5e29a10cb97b52fffeda1 .av-subheading{\nfont-size:15px;\n}\n<\/style>\n<div  class='av-special-heading av-kgalldic-80c55e2bb4c5e29a10cb97b52fffeda1 av-special-heading-h1 custom-color-heading blockquote modern-quote modern-centered  avia-builder-el-1  avia-builder-el-no-sibling '><h1 class='av-special-heading-tag'  itemprop=\"headline\"  > Umweltschutz<\/h1><div class=\"special-heading-border\"><div class=\"special-heading-inner-border\"><\/div><\/div><\/div>\n<\/div><\/div><\/main><!-- close content main element --><\/div><\/div><\/div>\n<style type=\"text\/css\" data-created_by=\"avia_inline_auto\" id=\"style-css-av-kevgoioy-d42bc6aad4e9f3291a303ba59e1f8a55\">\n.avia-section.av-kevgoioy-d42bc6aad4e9f3291a303ba59e1f8a55{\nbackground-color:#f2f2f2;\nbackground-image:unset;\n}\n<\/style>\n<div id='av_section_2'  class='avia-section av-kevgoioy-d42bc6aad4e9f3291a303ba59e1f8a55 main_color avia-section-default avia-no-border-styling  avia-builder-el-2  el_after_av_section  el_before_av_one_half  avia-bg-style-scroll container_wrap sidebar_right'  ><div class='container av-section-cont-open' ><div class='template-page content  av-content-small alpha units'><div class='post-entry post-entry-type-page post-entry-1063'><div class='entry-content-wrapper clearfix'>\n\n<style type=\"text\/css\" data-created_by=\"avia_inline_auto\" id=\"style-css-av-rvt1n-fd694be6afdff2d427a5105d29712ad4\">\n.flex_column.av-rvt1n-fd694be6afdff2d427a5105d29712ad4{\n-webkit-border-radius:0px 0px 0px 0px;\n-moz-border-radius:0px 0px 0px 0px;\nborder-radius:0px 0px 0px 0px;\npadding:0px 0px 0px 0px;\n}\n<\/style>\n<div  class='flex_column av-rvt1n-fd694be6afdff2d427a5105d29712ad4 av_one_fifth  avia-builder-el-3  el_before_av_four_fifth  avia-builder-el-first  first flex_column_div av-zero-column-padding  '     ><style type=\"text\/css\" data-created_by=\"avia_inline_auto\" id=\"style-css-av-kevgnoaf-96819c4bb8941412deb431be321439c6\">\n.avia-image-container.av-kevgnoaf-96819c4bb8941412deb431be321439c6 img.avia_image{\nbox-shadow:none;\n}\n.avia-image-container.av-kevgnoaf-96819c4bb8941412deb431be321439c6 .av-image-caption-overlay-center{\ncolor:#ffffff;\n}\n<\/style>\n<div  class='avia-image-container av-kevgnoaf-96819c4bb8941412deb431be321439c6 av-styling- avia-align-center  avia-builder-el-4  avia-builder-el-no-sibling '   itemprop=\"image\" itemscope=\"itemscope\" itemtype=\"https:\/\/schema.org\/ImageObject\" ><div class=\"avia-image-container-inner\"><div class=\"avia-image-overlay-wrap\"><img decoding=\"async\" class='wp-image-864 avia-img-lazy-loading-not-864 avia_image ' src=\"https:\/\/campinglaspalmeras.com\/wp-content\/uploads\/2020\/09\/garantia-qualitat-ambiental-150x150-1.jpg\" alt='' title='garantia-qualitat-ambiental-150x150'  height=\"150\" width=\"150\"  itemprop=\"thumbnailUrl\" srcset=\"https:\/\/campinglaspalmeras.com\/wp-content\/uploads\/2020\/09\/garantia-qualitat-ambiental-150x150-1.jpg 150w, https:\/\/campinglaspalmeras.com\/wp-content\/uploads\/2020\/09\/garantia-qualitat-ambiental-150x150-1-80x80.jpg 80w, https:\/\/campinglaspalmeras.com\/wp-content\/uploads\/2020\/09\/garantia-qualitat-ambiental-150x150-1-36x36.jpg 36w\" sizes=\"(max-width: 150px) 100vw, 150px\" \/><\/div><\/div><\/div><\/div>\n<style type=\"text\/css\" data-created_by=\"avia_inline_auto\" id=\"style-css-av-jjz2b-2eb89559743c5a980b9c85eb2fe463cc\">\n.flex_column.av-jjz2b-2eb89559743c5a980b9c85eb2fe463cc{\n-webkit-border-radius:0px 0px 0px 0px;\n-moz-border-radius:0px 0px 0px 0px;\nborder-radius:0px 0px 0px 0px;\npadding:0px 0px 0px 0px;\n}\n<\/style>\n<div  class='flex_column av-jjz2b-2eb89559743c5a980b9c85eb2fe463cc av_four_fifth  avia-builder-el-5  el_after_av_one_fifth  avia-builder-el-last  flex_column_div av-zero-column-padding  '     ><section  class='av_textblock_section av-kevgo2ja-e4870e60db236899b299daf26cfbcadd '   itemscope=\"itemscope\" itemtype=\"https:\/\/schema.org\/CreativeWork\" ><div class='avia_textblock'  itemprop=\"text\" ><p>Der Campingplatz Las Palmeras erhielt dank seiner kontinuierlichen Politik des Umweltschutzes und der Minimierung der Umweltbelastung die Nachhaltigkeits-Zertifizierung\u00a0<strong>Distintiu de Garantia de Qualitat Ambiental<\/strong>.<br \/>\nAus diesem Grund f\u00f6rdern wir das Umweltbewusstsein und den respektvollen Umgang mit den Ressourcen bei unseren Mitarbeitern und G\u00e4sten.<\/p>\n<\/div><\/section><\/div><\/div><\/div><\/div><!-- close content main div --><\/div><\/div><div id='after_section_2'  class='main_color av_default_container_wrap container_wrap sidebar_right'  ><div class='container av-section-cont-open' ><div class='template-page content  av-content-small alpha units'><div class='post-entry post-entry-type-page post-entry-1063'><div class='entry-content-wrapper clearfix'>\n<style type=\"text\/css\" data-created_by=\"avia_inline_auto\" id=\"style-css-av-gjbsr-0adb3b5595f6deb8c5731529026590ba\">\n.flex_column.av-gjbsr-0adb3b5595f6deb8c5731529026590ba{\n-webkit-border-radius:0px 0px 0px 0px;\n-moz-border-radius:0px 0px 0px 0px;\nborder-radius:0px 0px 0px 0px;\npadding:0px 0px 0px 0px;\n}\n<\/style>\n<div  class='flex_column av-gjbsr-0adb3b5595f6deb8c5731529026590ba av_one_half  avia-builder-el-7  el_after_av_section  el_before_av_one_half  avia-builder-el-first  first flex_column_div av-zero-column-padding  '     ><section  class='av_textblock_section av-kevgp1c0-ad6c446fc8962fd4029d244d09801d4f '   itemscope=\"itemscope\" itemtype=\"https:\/\/schema.org\/CreativeWork\" ><div class='avia_textblock'  itemprop=\"text\" ><h2>Einige unserer Ziele sind:<\/h2>\n<p><strong>Sparsame Verwendung von Wasser<\/strong><\/p>\n<p>Den Verbrauch minimieren und eine rationelle Verwendung dieser wertvollen und begrenzten Ressource anstreben. Daher verf\u00fcgt der Campingplatz \u00fcber Vorrichtungen, die die Kriterien f\u00fcr einen niedrigen Wasserverbrauch erf\u00fcllen, so etwa Duschen mit einer maximalen Durchlaufmenge von unter 10 l\/min, Wasserh\u00e4hne mit einer Durchlaufmenge von unter 9 l\/min und WCs mit einem Wasserverbrauch von unter 6 Litern por Sp\u00fclung. Die Berieselung in unseren Gartenanlagen erfolgt tropfenweise und wir verf\u00fcgen auch \u00fcber eine Kl\u00e4ranlage.<\/p>\n<p><strong>Energieeffizienz<\/strong><\/p>\n<p>We have thermal solar panels to provide solar energy for heating the swimming pool. Likewise, for lighting the communal areas of the campsite we use high efficiency automated lighting which turns itself on and off. We also use high-performance boilers with an efficiency of more than 90%.<\/p>\n<p><strong>Abfallbeseitigung<\/strong><\/p>\n<p>Auf dem Campingplatz wird der M\u00fcll sortiert und Glas, Papier und Karton, Kunststoff, Verbundverpackungen und Metall, Batterien, Gl\u00fchlampen und Leuchtstoffr\u00f6hren, Biom\u00fcll und K\u00fcchen\u00f6le werden getrennt entsorgt. Au\u00dferdem stellen wir unseren G\u00e4sten eine umweltfreundliche Tasche f\u00fcr ihren Einkauf im Supermarkt zur Verf\u00fcgung, da wir darauf hinarbeiten, dass die Plastikt\u00fcten aus diesem Bereich verschwinden.<\/p>\n<p><strong>Integration in die Landschaft<br \/>\n<\/strong><\/p>\n<p>Wir d\u00fcrfen nicht vergessen, dass der Campingplatz fast am Meer liegt und an den Naturpark Aiguamolls de l\u2019Empord\u00e0 grenzt. Der Respekt vor unserer Umgebung hat uns dazu bewogen, unsere Geb\u00e4ude und Einrichtungen entsprechend den architektonischen Kriterien der Gegend und die Gartenanlagen im Einklang mit der einheimischen Vegetation und der mediterranen Pflanzenwelt zu gestalten.<\/p>\n<\/div><\/section><\/div>\n<style type=\"text\/css\" data-created_by=\"avia_inline_auto\" id=\"style-css-av-apep7-661e0b1cd1af7bb2ac66a75473636195\">\n.flex_column.av-apep7-661e0b1cd1af7bb2ac66a75473636195{\n-webkit-border-radius:0px 0px 0px 0px;\n-moz-border-radius:0px 0px 0px 0px;\nborder-radius:0px 0px 0px 0px;\npadding:0px 0px 0px 0px;\n}\n<\/style>\n<div  class='flex_column av-apep7-661e0b1cd1af7bb2ac66a75473636195 av_one_half  avia-builder-el-9  el_after_av_one_half  avia-builder-el-last  flex_column_div av-zero-column-padding  '     ><section  class='av_textblock_section av-kevgp1c0-ad6c446fc8962fd4029d244d09801d4f '   itemscope=\"itemscope\" itemtype=\"https:\/\/schema.org\/CreativeWork\" ><div class='avia_textblock'  itemprop=\"text\" ><h2>Empfehlungen f\u00fcr den Umweltschutz<\/h2>\n<p>Wir ermutigen unsere G\u00e4ste, sich aktiv am Schutz der Umwelt zu beteiligen, indem sie mit ihrer Umgebung und den Ressourcen respektvoll umgehen. Hier einige unserer Empfehlungen:<\/p>\n<p><strong>Wasser<\/strong><\/p>\n<ul>\n<li>Die Toilette nicht zur Abfallentsorgung benutzen.<\/li>\n<li>Die Wasserh\u00e4hne zudrehen, wenn gerade kein Wasser gebraucht wird.<\/li>\n<\/ul>\n<p><strong>Energie<\/strong><\/p>\n<ul>\n<li>Das nat\u00fcrliche Licht nutzen und die Lampen ausschalten, wenn sie nicht gebraucht werden.<\/li>\n<li>Mit kaltem Wasser waschen.<\/li>\n<li>Ger\u00e4te am Hauptschalter, also direkt am Ger\u00e4t, und nicht mit der Fernbedienung ausschalten, um den unn\u00f6tigen Stromverbrauch im Standby-Modus zu vermeiden.<\/li>\n<\/ul>\n<p><strong>Abf\u00e4lle<\/strong><\/p>\n<ul>\n<li>Den M\u00fcll trennen und in den hierf\u00fcr vorgesehenen Containern entsorgen.<\/li>\n<li>Einwegverpackungen meiden.<\/li>\n<li>Lebensmittel lose kaufen und unn\u00f6tige Verpackungen meiden.<\/li>\n<li>Die Tasche verwenden, die Sie von uns an der Rezeption bekommen.<\/li>\n<li>Produkte in Mehrwegverpackungen bevorzugen.<\/li>\n<li>Glas gegen\u00fcber Kunststoff bevorzugen, da es leichter recycelt werden kann.<\/li>\n<\/ul>\n<p><strong>Verkehrsmittel<\/strong><\/p>\n<ul>\n<li style=\"list-style-type: none;\">\n<ul>\n<li>F\u00fcr Ausfl\u00fcge in die Umgebung nicht motorisierten Fortbewegungsmitteln den Vorzug geben.<\/li>\n<\/ul>\n<\/li>\n<\/ul>\n<\/div><\/section><\/div><\/p>\n","protected":false},"excerpt":{"rendered":"","protected":false},"author":1,"featured_media":0,"parent":0,"menu_order":700,"comment_status":"closed","ping_status":"closed","template":"","meta":[],"yoast_head":"<!-- This site is optimized with the Yoast SEO plugin v20.9 - https:\/\/yoast.com\/wordpress\/plugins\/seo\/ -->\n<title>Umweltschutz - Camping Las Palmeras Costa Brava<\/title>\n<meta name=\"description\" content=\"Der Campingplatz Las Palmeras erhielt dank seiner kontinuierlichen Politik des Umweltschutzes und der Minimierung der Umweltbelastung die Nachhaltigkeits-Zertifizierung Distintiu de Garantia de Qualitat Ambiental.\" \/>\n<meta name=\"robots\" content=\"index, follow, max-snippet:-1, max-image-preview:large, max-video-preview:-1\" \/>\n<link rel=\"canonical\" href=\"https:\/\/campinglaspalmeras.com\/de\/umweltschutz\/\" \/>\n<meta property=\"og:locale\" content=\"de_DE\" \/>\n<meta property=\"og:type\" content=\"article\" \/>\n<meta property=\"og:title\" content=\"Umweltschutz - Camping Las Palmeras Costa Brava\" \/>\n<meta property=\"og:description\" content=\"Der Campingplatz Las Palmeras erhielt dank seiner kontinuierlichen Politik des Umweltschutzes und der Minimierung der Umweltbelastung die Nachhaltigkeits-Zertifizierung Distintiu de Garantia de Qualitat Ambiental.\" \/>\n<meta property=\"og:url\" content=\"https:\/\/campinglaspalmeras.com\/de\/umweltschutz\/\" \/>\n<meta property=\"og:site_name\" content=\"Camping Las Palmeras Costa Brava\" \/>\n<meta property=\"article:publisher\" content=\"https:\/\/www.facebook.com\/campingpalmeras\" \/>\n<meta property=\"article:modified_time\" content=\"2020-10-15T09:07:15+00:00\" \/>\n<meta name=\"twitter:card\" content=\"summary_large_image\" \/>\n<meta name=\"twitter:site\" content=\"@CLasPalmeras\" \/>\n<meta name=\"twitter:label1\" content=\"Gesch\u00e4tzte Lesezeit\" \/>\n\t<meta name=\"twitter:data1\" content=\"7\u00a0Minuten\" \/>\n<script type=\"application\/ld+json\" class=\"yoast-schema-graph\">{\"@context\":\"https:\/\/schema.org\",\"@graph\":[{\"@type\":\"WebPage\",\"@id\":\"https:\/\/campinglaspalmeras.com\/de\/umweltschutz\/\",\"url\":\"https:\/\/campinglaspalmeras.com\/de\/umweltschutz\/\",\"name\":\"Umweltschutz - Camping Las Palmeras Costa Brava\",\"isPartOf\":{\"@id\":\"https:\/\/campinglaspalmeras.com\/ca\/#website\"},\"datePublished\":\"2020-09-09T14:12:32+00:00\",\"dateModified\":\"2020-10-15T09:07:15+00:00\",\"description\":\"Der Campingplatz Las Palmeras erhielt dank seiner kontinuierlichen Politik des Umweltschutzes und der Minimierung der Umweltbelastung die Nachhaltigkeits-Zertifizierung Distintiu de Garantia de Qualitat Ambiental.\",\"breadcrumb\":{\"@id\":\"https:\/\/campinglaspalmeras.com\/de\/umweltschutz\/#breadcrumb\"},\"inLanguage\":\"de\",\"potentialAction\":[{\"@type\":\"ReadAction\",\"target\":[\"https:\/\/campinglaspalmeras.com\/de\/umweltschutz\/\"]}]},{\"@type\":\"BreadcrumbList\",\"@id\":\"https:\/\/campinglaspalmeras.com\/de\/umweltschutz\/#breadcrumb\",\"itemListElement\":[{\"@type\":\"ListItem\",\"position\":1,\"name\":\"Portada\",\"item\":\"https:\/\/campinglaspalmeras.com\/de\/home\/\"},{\"@type\":\"ListItem\",\"position\":2,\"name\":\"Umweltschutz\"}]},{\"@type\":\"WebSite\",\"@id\":\"https:\/\/campinglaspalmeras.com\/ca\/#website\",\"url\":\"https:\/\/campinglaspalmeras.com\/ca\/\",\"name\":\"Camping Las Palmeras Costa Brava\",\"description\":\"Camping Las Palmeras Costa Brava\",\"potentialAction\":[{\"@type\":\"SearchAction\",\"target\":{\"@type\":\"EntryPoint\",\"urlTemplate\":\"https:\/\/campinglaspalmeras.com\/ca\/?s={search_term_string}\"},\"query-input\":\"required name=search_term_string\"}],\"inLanguage\":\"de\"}]}<\/script>\n<!-- \/ Yoast SEO plugin. -->","yoast_head_json":{"title":"Umweltschutz - Camping Las Palmeras Costa Brava","description":"Der Campingplatz Las Palmeras erhielt dank seiner kontinuierlichen Politik des Umweltschutzes und der Minimierung der Umweltbelastung die Nachhaltigkeits-Zertifizierung Distintiu de Garantia de Qualitat Ambiental.","robots":{"index":"index","follow":"follow","max-snippet":"max-snippet:-1","max-image-preview":"max-image-preview:large","max-video-preview":"max-video-preview:-1"},"canonical":"https:\/\/campinglaspalmeras.com\/de\/umweltschutz\/","og_locale":"de_DE","og_type":"article","og_title":"Umweltschutz - Camping Las Palmeras Costa Brava","og_description":"Der Campingplatz Las Palmeras erhielt dank seiner kontinuierlichen Politik des Umweltschutzes und der Minimierung der Umweltbelastung die Nachhaltigkeits-Zertifizierung Distintiu de Garantia de Qualitat Ambiental.","og_url":"https:\/\/campinglaspalmeras.com\/de\/umweltschutz\/","og_site_name":"Camping Las Palmeras Costa Brava","article_publisher":"https:\/\/www.facebook.com\/campingpalmeras","article_modified_time":"2020-10-15T09:07:15+00:00","twitter_card":"summary_large_image","twitter_site":"@CLasPalmeras","twitter_misc":{"Gesch\u00e4tzte Lesezeit":"7\u00a0Minuten"},"schema":{"@context":"https:\/\/schema.org","@graph":[{"@type":"WebPage","@id":"https:\/\/campinglaspalmeras.com\/de\/umweltschutz\/","url":"https:\/\/campinglaspalmeras.com\/de\/umweltschutz\/","name":"Umweltschutz - Camping Las Palmeras Costa Brava","isPartOf":{"@id":"https:\/\/campinglaspalmeras.com\/ca\/#website"},"datePublished":"2020-09-09T14:12:32+00:00","dateModified":"2020-10-15T09:07:15+00:00","description":"Der Campingplatz Las Palmeras erhielt dank seiner kontinuierlichen Politik des Umweltschutzes und der Minimierung der Umweltbelastung die Nachhaltigkeits-Zertifizierung Distintiu de Garantia de Qualitat Ambiental.","breadcrumb":{"@id":"https:\/\/campinglaspalmeras.com\/de\/umweltschutz\/#breadcrumb"},"inLanguage":"de","potentialAction":[{"@type":"ReadAction","target":["https:\/\/campinglaspalmeras.com\/de\/umweltschutz\/"]}]},{"@type":"BreadcrumbList","@id":"https:\/\/campinglaspalmeras.com\/de\/umweltschutz\/#breadcrumb","itemListElement":[{"@type":"ListItem","position":1,"name":"Portada","item":"https:\/\/campinglaspalmeras.com\/de\/home\/"},{"@type":"ListItem","position":2,"name":"Umweltschutz"}]},{"@type":"WebSite","@id":"https:\/\/campinglaspalmeras.com\/ca\/#website","url":"https:\/\/campinglaspalmeras.com\/ca\/","name":"Camping Las Palmeras Costa Brava","description":"Camping Las Palmeras Costa Brava","potentialAction":[{"@type":"SearchAction","target":{"@type":"EntryPoint","urlTemplate":"https:\/\/campinglaspalmeras.com\/ca\/?s={search_term_string}"},"query-input":"required name=search_term_string"}],"inLanguage":"de"}]}},"_links":{"self":[{"href":"https:\/\/campinglaspalmeras.com\/de\/wp-json\/wp\/v2\/pages\/1063"}],"collection":[{"href":"https:\/\/campinglaspalmeras.com\/de\/wp-json\/wp\/v2\/pages"}],"about":[{"href":"https:\/\/campinglaspalmeras.com\/de\/wp-json\/wp\/v2\/types\/page"}],"author":[{"embeddable":true,"href":"https:\/\/campinglaspalmeras.com\/de\/wp-json\/wp\/v2\/users\/1"}],"replies":[{"embeddable":true,"href":"https:\/\/campinglaspalmeras.com\/de\/wp-json\/wp\/v2\/comments?post=1063"}],"version-history":[{"count":4,"href":"https:\/\/campinglaspalmeras.com\/de\/wp-json\/wp\/v2\/pages\/1063\/revisions"}],"predecessor-version":[{"id":3232,"href":"https:\/\/campinglaspalmeras.com\/de\/wp-json\/wp\/v2\/pages\/1063\/revisions\/3232"}],"wp:attachment":[{"href":"https:\/\/campinglaspalmeras.com\/de\/wp-json\/wp\/v2\/media?parent=1063"}],"curies":[{"name":"wp","href":"https:\/\/api.w.org\/{rel}","templated":true}]}}