{"id":1215,"date":"2020-09-09T12:24:39","date_gmt":"2020-09-09T10:24:39","guid":{"rendered":"https:\/\/campinglaspalmeras.com\/childrens-play-grounds\/"},"modified":"2021-06-30T17:00:03","modified_gmt":"2021-06-30T15:00:03","slug":"childrens-play-parks","status":"publish","type":"page","link":"https:\/\/campinglaspalmeras.com\/de\/services-2\/childrens-play-parks\/","title":{"rendered":"Kinderspielpl\u00e4tze"},"content":{"rendered":"\n<style type=\"text\/css\" data-created_by=\"avia_inline_auto\" id=\"style-css-av-ketpt1xq-a9da0701922bfcfe586dcc597776d9d9\">\n.avia-section.av-ketpt1xq-a9da0701922bfcfe586dcc597776d9d9 .av-parallax .av-parallax-inner{\nbackground-repeat:no-repeat;\nbackground-image:url(https:\/\/campinglaspalmeras.com\/wp-content\/uploads\/2020\/09\/van-vintage-2285126_1280.jpg);\nbackground-position:50% 50%;\nbackground-attachment:scroll;\n}\n.avia-section.av-ketpt1xq-a9da0701922bfcfe586dcc597776d9d9 .av-section-color-overlay{\nopacity:0.8;\nbackground-color:#2d2d2d;\n}\n<\/style>\n<div id='av_section_1'  class='avia-section av-ketpt1xq-a9da0701922bfcfe586dcc597776d9d9 main_color avia-section-default avia-no-border-styling  avia-builder-el-0  el_before_av_image  avia-builder-el-first  av-parallax-section avia-bg-style-parallax av-section-color-overlay-active container_wrap sidebar_right'  data-section-bg-repeat='no-repeat'><div class='av-parallax' data-avia-parallax-ratio='0.3' ><div class='av-parallax-inner main_color avia-full-stretch'><\/div><\/div><div class=\"av-section-color-overlay-wrap\"><div class=\"av-section-color-overlay\"><\/div><div class='container av-section-cont-open' ><main  role=\"main\" itemprop=\"mainContentOfPage\"  class='template-page content  av-content-small alpha units'><div class='post-entry post-entry-type-page post-entry-1215'><div class='entry-content-wrapper clearfix'>\n\n<style type=\"text\/css\" data-created_by=\"avia_inline_auto\" id=\"style-css-av-kg9kavaz-4e1286734f2041ec18837a813d88b29b\">\n#top .av-special-heading.av-kg9kavaz-4e1286734f2041ec18837a813d88b29b{\npadding-bottom:10px;\ncolor:#ffffff;\n}\nbody .av-special-heading.av-kg9kavaz-4e1286734f2041ec18837a813d88b29b .av-special-heading-tag .heading-char{\nfont-size:25px;\n}\n.av-special-heading.av-kg9kavaz-4e1286734f2041ec18837a813d88b29b .special-heading-inner-border{\nborder-color:#ffffff;\n}\n.av-special-heading.av-kg9kavaz-4e1286734f2041ec18837a813d88b29b .av-subheading{\nfont-size:15px;\n}\n<\/style>\n<div  class='av-special-heading av-kg9kavaz-4e1286734f2041ec18837a813d88b29b av-special-heading-h1 custom-color-heading blockquote modern-quote modern-centered  avia-builder-el-1  avia-builder-el-no-sibling '><h1 class='av-special-heading-tag'  itemprop=\"headline\"  >Kinderspielpl\u00e4tze<\/h1><div class=\"special-heading-border\"><div class=\"special-heading-inner-border\"><\/div><\/div><\/div>\n<\/div><\/div><\/main><!-- close content main element --><\/div><\/div><\/div><div id='after_section_1'  class='main_color av_default_container_wrap container_wrap sidebar_right'  ><div class='container av-section-cont-open' ><div class='template-page content  av-content-small alpha units'><div class='post-entry post-entry-type-page post-entry-1215'><div class='entry-content-wrapper clearfix'>\n\n<style type=\"text\/css\" data-created_by=\"avia_inline_auto\" id=\"style-css-av-kev8ozq5-f511423d9fe9d4c6f5ce28c870b143d1\">\n.avia-image-container.av-kev8ozq5-f511423d9fe9d4c6f5ce28c870b143d1 img.avia_image{\nbox-shadow:none;\n}\n.avia-image-container.av-kev8ozq5-f511423d9fe9d4c6f5ce28c870b143d1 .av-image-caption-overlay-center{\ncolor:#ffffff;\n}\n<\/style>\n<div  class='avia-image-container av-kev8ozq5-f511423d9fe9d4c6f5ce28c870b143d1 av-styling- avia-align-center  avia-builder-el-2  el_after_av_section  el_before_av_hr  avia-builder-el-first '   itemprop=\"image\" itemscope=\"itemscope\" itemtype=\"https:\/\/schema.org\/ImageObject\" ><div class=\"avia-image-container-inner\"><div class=\"avia-image-overlay-wrap\"><img decoding=\"async\" class='wp-image-5558 avia-img-lazy-loading-not-5558 avia_image ' src=\"https:\/\/campinglaspalmeras.com\/wp-content\/uploads\/2021\/06\/Parque-3b-845x684.jpg\" alt='' title='Parque 3b'  height=\"684\" width=\"845\"  itemprop=\"thumbnailUrl\" srcset=\"https:\/\/campinglaspalmeras.com\/wp-content\/uploads\/2021\/06\/Parque-3b-845x684.jpg 845w, https:\/\/campinglaspalmeras.com\/wp-content\/uploads\/2021\/06\/Parque-3b-495x400.jpg 495w\" sizes=\"(max-width: 845px) 100vw, 845px\" \/><\/div><\/div><\/div>\n\n<style type=\"text\/css\" data-created_by=\"avia_inline_auto\" id=\"style-css-av-kwmg4-f8ac0639713c32c17896aa93546c48ea\">\n#top .hr.hr-invisible.av-kwmg4-f8ac0639713c32c17896aa93546c48ea{\nheight:30px;\n}\n<\/style>\n<div  class='hr av-kwmg4-f8ac0639713c32c17896aa93546c48ea hr-invisible  avia-builder-el-3  el_after_av_image  el_before_av_textblock '><span class='hr-inner '><span class=\"hr-inner-style\"><\/span><\/span><\/div>\n<section  class='av_textblock_section av-kev9abra-82472c6a999c027f367a6d5e8751710a '   itemscope=\"itemscope\" itemtype=\"https:\/\/schema.org\/CreativeWork\" ><div class='avia_textblock'  itemprop=\"text\" ><p>Die Kleinsten k\u00f6nnen auf den diversen Spielpl\u00e4tzen des Campingplatzes\u00a0 ihren Spa\u00df haben.<\/p>\n<\/div><\/section>\n\n<style type=\"text\/css\" data-created_by=\"avia_inline_auto\" id=\"style-css-av-ewoj0-1fe26b5715d22bf407cad8750b90f5c3\">\n#top .hr.hr-invisible.av-ewoj0-1fe26b5715d22bf407cad8750b90f5c3{\nheight:30px;\n}\n<\/style>\n<div  class='hr av-ewoj0-1fe26b5715d22bf407cad8750b90f5c3 hr-invisible  avia-builder-el-5  el_after_av_textblock  el_before_av_one_full '><span class='hr-inner '><span class=\"hr-inner-style\"><\/span><\/span><\/div>\n\n<style type=\"text\/css\" data-created_by=\"avia_inline_auto\" id=\"style-css-av-be8tw-ca94097c9a4e1af9258bb0170e825834\">\n.flex_column.av-be8tw-ca94097c9a4e1af9258bb0170e825834{\n-webkit-border-radius:0px 0px 0px 0px;\n-moz-border-radius:0px 0px 0px 0px;\nborder-radius:0px 0px 0px 0px;\npadding:0px 0px 0px 0px;\n}\n<\/style>\n<div  class='flex_column av-be8tw-ca94097c9a4e1af9258bb0170e825834 av_one_full  avia-builder-el-6  el_after_av_hr  el_before_av_hr  first flex_column_div av-zero-column-padding  '     ><div id='av-masonry-1' class='av-masonry av-kev8qool-0cb4b57b95941cd21b313be80379ad32 noHover av-fixed-size av-large-gap av-hover-overlay- av-masonry-animation-active av-masonry-col-4 av-caption-always av-caption-style- av-masonry-gallery ' data-post_id=\"1215\"><div class=\"av-masonry-container isotope av-js-disabled\"><div class='av-masonry-entry isotope-item av-masonry-item-no-image '><\/div><a href=\"https:\/\/campinglaspalmeras.com\/wp-content\/uploads\/2021\/06\/Parque-03-1030x618.jpg\" data-srcset=\"https:\/\/campinglaspalmeras.com\/wp-content\/uploads\/2021\/06\/Parque-03-1030x618.jpg 1030w, https:\/\/campinglaspalmeras.com\/wp-content\/uploads\/2021\/06\/Parque-03-300x180.jpg 300w, https:\/\/campinglaspalmeras.com\/wp-content\/uploads\/2021\/06\/Parque-03-768x461.jpg 768w, https:\/\/campinglaspalmeras.com\/wp-content\/uploads\/2021\/06\/Parque-03-705x423.jpg 705w, https:\/\/campinglaspalmeras.com\/wp-content\/uploads\/2021\/06\/Parque-03.jpg 1224w\" data-sizes=\"(max-width: 1030px) 100vw, 1030px\"  aria-label=\"Bild Parque 03\"  id='av-masonry-1-item-5590' data-av-masonry-item='5590' class='av-masonry-entry isotope-item post-5590 attachment type-attachment status-inherit hentry  av-masonry-item-with-image' title=\"Parque 03\" alt=\"\"    itemprop=\"thumbnailUrl\" ><div class='av-inner-masonry-sizer'><\/div><figure class='av-inner-masonry main_color'><div class=\"av-masonry-outerimage-container\"><div class='av-masonry-image-container' style=\"background-image: url(https:\/\/campinglaspalmeras.com\/wp-content\/uploads\/2021\/06\/Parque-03-705x423.jpg);\"  title=\"Parque 03\"  ><\/div><\/div><\/figure><\/a><!--end av-masonry entry--><a href=\"https:\/\/campinglaspalmeras.com\/wp-content\/uploads\/2021\/06\/Parque-02b-1030x581.jpg\" data-srcset=\"https:\/\/campinglaspalmeras.com\/wp-content\/uploads\/2021\/06\/Parque-02b-1030x581.jpg 1030w, https:\/\/campinglaspalmeras.com\/wp-content\/uploads\/2021\/06\/Parque-02b-300x169.jpg 300w, https:\/\/campinglaspalmeras.com\/wp-content\/uploads\/2021\/06\/Parque-02b-768x433.jpg 768w, https:\/\/campinglaspalmeras.com\/wp-content\/uploads\/2021\/06\/Parque-02b-705x397.jpg 705w, https:\/\/campinglaspalmeras.com\/wp-content\/uploads\/2021\/06\/Parque-02b.jpg 1224w\" data-sizes=\"(max-width: 1030px) 100vw, 1030px\"  aria-label=\"Bild Parque 02b\"  id='av-masonry-1-item-5582' data-av-masonry-item='5582' class='av-masonry-entry isotope-item post-5582 attachment type-attachment status-inherit hentry  av-masonry-item-with-image' title=\"Parque 02b\" alt=\"\"    itemprop=\"thumbnailUrl\" ><div class='av-inner-masonry-sizer'><\/div><figure class='av-inner-masonry main_color'><div class=\"av-masonry-outerimage-container\"><div class='av-masonry-image-container' style=\"background-image: url(https:\/\/campinglaspalmeras.com\/wp-content\/uploads\/2021\/06\/Parque-02b-705x397.jpg);\"  title=\"Parque 02b\"  ><\/div><\/div><\/figure><\/a><!--end av-masonry entry--><a href=\"https:\/\/campinglaspalmeras.com\/wp-content\/uploads\/2021\/06\/Parque-02-1030x648.jpg\" data-srcset=\"https:\/\/campinglaspalmeras.com\/wp-content\/uploads\/2021\/06\/Parque-02-1030x648.jpg 1030w, https:\/\/campinglaspalmeras.com\/wp-content\/uploads\/2021\/06\/Parque-02-300x189.jpg 300w, https:\/\/campinglaspalmeras.com\/wp-content\/uploads\/2021\/06\/Parque-02-768x483.jpg 768w, https:\/\/campinglaspalmeras.com\/wp-content\/uploads\/2021\/06\/Parque-02-705x444.jpg 705w, https:\/\/campinglaspalmeras.com\/wp-content\/uploads\/2021\/06\/Parque-02.jpg 1224w\" data-sizes=\"(max-width: 1030px) 100vw, 1030px\"  aria-label=\"Bild Parque 02\"  id='av-masonry-1-item-5574' data-av-masonry-item='5574' class='av-masonry-entry isotope-item post-5574 attachment type-attachment status-inherit hentry  av-masonry-item-with-image' title=\"Parque 02\" alt=\"\"    itemprop=\"thumbnailUrl\" ><div class='av-inner-masonry-sizer'><\/div><figure class='av-inner-masonry main_color'><div class=\"av-masonry-outerimage-container\"><div class='av-masonry-image-container' style=\"background-image: url(https:\/\/campinglaspalmeras.com\/wp-content\/uploads\/2021\/06\/Parque-02-705x444.jpg);\"  title=\"Parque 02\"  ><\/div><\/div><\/figure><\/a><!--end av-masonry entry--><a href=\"https:\/\/campinglaspalmeras.com\/wp-content\/uploads\/2021\/06\/Parque-01-1030x665.jpg\" data-srcset=\"https:\/\/campinglaspalmeras.com\/wp-content\/uploads\/2021\/06\/Parque-01-1030x665.jpg 1030w, https:\/\/campinglaspalmeras.com\/wp-content\/uploads\/2021\/06\/Parque-01-300x194.jpg 300w, https:\/\/campinglaspalmeras.com\/wp-content\/uploads\/2021\/06\/Parque-01-768x496.jpg 768w, https:\/\/campinglaspalmeras.com\/wp-content\/uploads\/2021\/06\/Parque-01-705x455.jpg 705w, https:\/\/campinglaspalmeras.com\/wp-content\/uploads\/2021\/06\/Parque-01.jpg 1224w\" data-sizes=\"(max-width: 1030px) 100vw, 1030px\"  aria-label=\"Bild Parque 01\"  id='av-masonry-1-item-5566' data-av-masonry-item='5566' class='av-masonry-entry isotope-item post-5566 attachment type-attachment status-inherit hentry  av-masonry-item-with-image' title=\"Parque 01\" alt=\"\"    itemprop=\"thumbnailUrl\" ><div class='av-inner-masonry-sizer'><\/div><figure class='av-inner-masonry main_color'><div class=\"av-masonry-outerimage-container\"><div class='av-masonry-image-container' style=\"background-image: url(https:\/\/campinglaspalmeras.com\/wp-content\/uploads\/2021\/06\/Parque-01-705x455.jpg);\"  title=\"Parque 01\"  ><\/div><\/div><\/figure><\/a><!--end av-masonry entry--><a href=\"https:\/\/campinglaspalmeras.com\/wp-content\/uploads\/2021\/06\/Parque-3b-1030x598.jpg\" data-srcset=\"https:\/\/campinglaspalmeras.com\/wp-content\/uploads\/2021\/06\/Parque-3b-1030x598.jpg 1030w, https:\/\/campinglaspalmeras.com\/wp-content\/uploads\/2021\/06\/Parque-3b-300x174.jpg 300w, https:\/\/campinglaspalmeras.com\/wp-content\/uploads\/2021\/06\/Parque-3b-768x446.jpg 768w, https:\/\/campinglaspalmeras.com\/wp-content\/uploads\/2021\/06\/Parque-3b-705x410.jpg 705w, https:\/\/campinglaspalmeras.com\/wp-content\/uploads\/2021\/06\/Parque-3b.jpg 1224w\" data-sizes=\"(max-width: 1030px) 100vw, 1030px\"  aria-label=\"Bild Parque 3b\"  id='av-masonry-1-item-5558' data-av-masonry-item='5558' class='av-masonry-entry isotope-item post-5558 attachment type-attachment status-inherit hentry  av-masonry-item-with-image' title=\"Parque 3b\" alt=\"\"    itemprop=\"thumbnailUrl\" ><div class='av-inner-masonry-sizer'><\/div><figure class='av-inner-masonry main_color'><div class=\"av-masonry-outerimage-container\"><div class='av-masonry-image-container' style=\"background-image: url(https:\/\/campinglaspalmeras.com\/wp-content\/uploads\/2021\/06\/Parque-3b-705x410.jpg);\"  title=\"Parque 3b\"  ><\/div><\/div><\/figure><\/a><!--end av-masonry entry--><\/div><\/div><\/div>\n<style type=\"text\/css\" data-created_by=\"avia_inline_auto\" id=\"style-css-av-8ric4-aa39bb7783feee46bfd526e1d464868e\">\n#top .hr.hr-invisible.av-8ric4-aa39bb7783feee46bfd526e1d464868e{\nheight:30px;\n}\n<\/style>\n<div  class='hr av-8ric4-aa39bb7783feee46bfd526e1d464868e hr-invisible  avia-builder-el-8  el_after_av_one_full  el_before_av_button '><span class='hr-inner '><span class=\"hr-inner-style\"><\/span><\/span><\/div><\/p>\n<div  class='avia-button-wrap av-kev8plwe-cb14e9ec53c3b6467699b63a009a8431-wrap avia-button-center  avia-builder-el-9  el_after_av_hr  avia-builder-el-last '><a href='https:\/\/campinglaspalmeras.com\/de\/contact\/'  class='avia-button av-kev8plwe-cb14e9ec53c3b6467699b63a009a8431 avia-icon_select-no avia-size-large avia-position-center avia-color-theme-color'  ><span class='avia_iconbox_title' >Kontakt<\/span><\/a><\/div>\n","protected":false},"excerpt":{"rendered":"","protected":false},"author":1,"featured_media":0,"parent":1773,"menu_order":166,"comment_status":"closed","ping_status":"closed","template":"","meta":[],"yoast_head":"<!-- This site is optimized with the Yoast SEO plugin v20.9 - https:\/\/yoast.com\/wordpress\/plugins\/seo\/ -->\n<title>Kinderspielpl\u00e4tze - Camping Las Palmeras Costa Brava<\/title>\n<meta name=\"description\" content=\"Die Kleinsten k\u00f6nnen auf den diversen Spielpl\u00e4tzen des Campingplatzes ihren Spa\u00df haben.\" \/>\n<meta name=\"robots\" content=\"index, follow, max-snippet:-1, max-image-preview:large, max-video-preview:-1\" \/>\n<link rel=\"canonical\" href=\"https:\/\/campinglaspalmeras.com\/de\/services-2\/childrens-play-parks\/\" \/>\n<meta property=\"og:locale\" content=\"de_DE\" \/>\n<meta property=\"og:type\" content=\"article\" \/>\n<meta property=\"og:title\" content=\"Kinderspielpl\u00e4tze - Camping Las Palmeras Costa Brava\" \/>\n<meta property=\"og:description\" content=\"Die Kleinsten k\u00f6nnen auf den diversen Spielpl\u00e4tzen des Campingplatzes ihren Spa\u00df haben.\" \/>\n<meta property=\"og:url\" content=\"https:\/\/campinglaspalmeras.com\/de\/services-2\/childrens-play-parks\/\" \/>\n<meta property=\"og:site_name\" content=\"Camping Las Palmeras Costa Brava\" \/>\n<meta property=\"article:publisher\" content=\"https:\/\/www.facebook.com\/campingpalmeras\" \/>\n<meta property=\"article:modified_time\" content=\"2021-06-30T15:00:03+00:00\" \/>\n<meta name=\"twitter:card\" content=\"summary_large_image\" \/>\n<meta name=\"twitter:site\" content=\"@CLasPalmeras\" \/>\n<meta name=\"twitter:label1\" content=\"Gesch\u00e4tzte Lesezeit\" \/>\n\t<meta name=\"twitter:data1\" content=\"3\u00a0Minuten\" \/>\n<script type=\"application\/ld+json\" class=\"yoast-schema-graph\">{\"@context\":\"https:\/\/schema.org\",\"@graph\":[{\"@type\":\"WebPage\",\"@id\":\"https:\/\/campinglaspalmeras.com\/de\/services-2\/childrens-play-parks\/\",\"url\":\"https:\/\/campinglaspalmeras.com\/de\/services-2\/childrens-play-parks\/\",\"name\":\"Kinderspielpl\u00e4tze - Camping Las Palmeras Costa Brava\",\"isPartOf\":{\"@id\":\"https:\/\/campinglaspalmeras.com\/ca\/#website\"},\"datePublished\":\"2020-09-09T10:24:39+00:00\",\"dateModified\":\"2021-06-30T15:00:03+00:00\",\"description\":\"Die Kleinsten k\u00f6nnen auf den diversen Spielpl\u00e4tzen des Campingplatzes ihren Spa\u00df haben.\",\"breadcrumb\":{\"@id\":\"https:\/\/campinglaspalmeras.com\/de\/services-2\/childrens-play-parks\/#breadcrumb\"},\"inLanguage\":\"de\",\"potentialAction\":[{\"@type\":\"ReadAction\",\"target\":[\"https:\/\/campinglaspalmeras.com\/de\/services-2\/childrens-play-parks\/\"]}]},{\"@type\":\"BreadcrumbList\",\"@id\":\"https:\/\/campinglaspalmeras.com\/de\/services-2\/childrens-play-parks\/#breadcrumb\",\"itemListElement\":[{\"@type\":\"ListItem\",\"position\":1,\"name\":\"Portada\",\"item\":\"https:\/\/campinglaspalmeras.com\/de\/home\/\"},{\"@type\":\"ListItem\",\"position\":2,\"name\":\"Installationen\",\"item\":\"https:\/\/campinglaspalmeras.com\/de\/services-2\/\"},{\"@type\":\"ListItem\",\"position\":3,\"name\":\"Kinderspielpl\u00e4tze\"}]},{\"@type\":\"WebSite\",\"@id\":\"https:\/\/campinglaspalmeras.com\/ca\/#website\",\"url\":\"https:\/\/campinglaspalmeras.com\/ca\/\",\"name\":\"Camping Las Palmeras Costa Brava\",\"description\":\"Camping Las Palmeras Costa Brava\",\"potentialAction\":[{\"@type\":\"SearchAction\",\"target\":{\"@type\":\"EntryPoint\",\"urlTemplate\":\"https:\/\/campinglaspalmeras.com\/ca\/?s={search_term_string}\"},\"query-input\":\"required name=search_term_string\"}],\"inLanguage\":\"de\"}]}<\/script>\n<!-- \/ Yoast SEO plugin. -->","yoast_head_json":{"title":"Kinderspielpl\u00e4tze - Camping Las Palmeras Costa Brava","description":"Die Kleinsten k\u00f6nnen auf den diversen Spielpl\u00e4tzen des Campingplatzes ihren Spa\u00df haben.","robots":{"index":"index","follow":"follow","max-snippet":"max-snippet:-1","max-image-preview":"max-image-preview:large","max-video-preview":"max-video-preview:-1"},"canonical":"https:\/\/campinglaspalmeras.com\/de\/services-2\/childrens-play-parks\/","og_locale":"de_DE","og_type":"article","og_title":"Kinderspielpl\u00e4tze - Camping Las Palmeras Costa Brava","og_description":"Die Kleinsten k\u00f6nnen auf den diversen Spielpl\u00e4tzen des Campingplatzes ihren Spa\u00df haben.","og_url":"https:\/\/campinglaspalmeras.com\/de\/services-2\/childrens-play-parks\/","og_site_name":"Camping Las Palmeras Costa Brava","article_publisher":"https:\/\/www.facebook.com\/campingpalmeras","article_modified_time":"2021-06-30T15:00:03+00:00","twitter_card":"summary_large_image","twitter_site":"@CLasPalmeras","twitter_misc":{"Gesch\u00e4tzte Lesezeit":"3\u00a0Minuten"},"schema":{"@context":"https:\/\/schema.org","@graph":[{"@type":"WebPage","@id":"https:\/\/campinglaspalmeras.com\/de\/services-2\/childrens-play-parks\/","url":"https:\/\/campinglaspalmeras.com\/de\/services-2\/childrens-play-parks\/","name":"Kinderspielpl\u00e4tze - Camping Las Palmeras Costa Brava","isPartOf":{"@id":"https:\/\/campinglaspalmeras.com\/ca\/#website"},"datePublished":"2020-09-09T10:24:39+00:00","dateModified":"2021-06-30T15:00:03+00:00","description":"Die Kleinsten k\u00f6nnen auf den diversen Spielpl\u00e4tzen des Campingplatzes ihren Spa\u00df haben.","breadcrumb":{"@id":"https:\/\/campinglaspalmeras.com\/de\/services-2\/childrens-play-parks\/#breadcrumb"},"inLanguage":"de","potentialAction":[{"@type":"ReadAction","target":["https:\/\/campinglaspalmeras.com\/de\/services-2\/childrens-play-parks\/"]}]},{"@type":"BreadcrumbList","@id":"https:\/\/campinglaspalmeras.com\/de\/services-2\/childrens-play-parks\/#breadcrumb","itemListElement":[{"@type":"ListItem","position":1,"name":"Portada","item":"https:\/\/campinglaspalmeras.com\/de\/home\/"},{"@type":"ListItem","position":2,"name":"Installationen","item":"https:\/\/campinglaspalmeras.com\/de\/services-2\/"},{"@type":"ListItem","position":3,"name":"Kinderspielpl\u00e4tze"}]},{"@type":"WebSite","@id":"https:\/\/campinglaspalmeras.com\/ca\/#website","url":"https:\/\/campinglaspalmeras.com\/ca\/","name":"Camping Las Palmeras Costa Brava","description":"Camping Las Palmeras Costa Brava","potentialAction":[{"@type":"SearchAction","target":{"@type":"EntryPoint","urlTemplate":"https:\/\/campinglaspalmeras.com\/ca\/?s={search_term_string}"},"query-input":"required name=search_term_string"}],"inLanguage":"de"}]}},"_links":{"self":[{"href":"https:\/\/campinglaspalmeras.com\/de\/wp-json\/wp\/v2\/pages\/1215"}],"collection":[{"href":"https:\/\/campinglaspalmeras.com\/de\/wp-json\/wp\/v2\/pages"}],"about":[{"href":"https:\/\/campinglaspalmeras.com\/de\/wp-json\/wp\/v2\/types\/page"}],"author":[{"embeddable":true,"href":"https:\/\/campinglaspalmeras.com\/de\/wp-json\/wp\/v2\/users\/1"}],"replies":[{"embeddable":true,"href":"https:\/\/campinglaspalmeras.com\/de\/wp-json\/wp\/v2\/comments?post=1215"}],"version-history":[{"count":4,"href":"https:\/\/campinglaspalmeras.com\/de\/wp-json\/wp\/v2\/pages\/1215\/revisions"}],"predecessor-version":[{"id":5605,"href":"https:\/\/campinglaspalmeras.com\/de\/wp-json\/wp\/v2\/pages\/1215\/revisions\/5605"}],"up":[{"embeddable":true,"href":"https:\/\/campinglaspalmeras.com\/de\/wp-json\/wp\/v2\/pages\/1773"}],"wp:attachment":[{"href":"https:\/\/campinglaspalmeras.com\/de\/wp-json\/wp\/v2\/media?parent=1215"}],"curies":[{"name":"wp","href":"https:\/\/api.w.org\/{rel}","templated":true}]}}