{"id":1299,"date":"2020-09-09T12:24:33","date_gmt":"2020-09-09T10:24:33","guid":{"rendered":"https:\/\/campinglaspalmeras.com\/sport-club\/"},"modified":"2022-03-28T11:19:19","modified_gmt":"2022-03-28T09:19:19","slug":"sport-area","status":"publish","type":"page","link":"https:\/\/campinglaspalmeras.com\/de\/services-2\/sport-area\/","title":{"rendered":"Sport Club"},"content":{"rendered":"\n<style type=\"text\/css\" data-created_by=\"avia_inline_auto\" id=\"style-css-av-ketpt1xq-a9da0701922bfcfe586dcc597776d9d9\">\n.avia-section.av-ketpt1xq-a9da0701922bfcfe586dcc597776d9d9 .av-parallax .av-parallax-inner{\nbackground-repeat:no-repeat;\nbackground-image:url(https:\/\/campinglaspalmeras.com\/wp-content\/uploads\/2020\/09\/van-vintage-2285126_1280.jpg);\nbackground-position:50% 50%;\nbackground-attachment:scroll;\n}\n.avia-section.av-ketpt1xq-a9da0701922bfcfe586dcc597776d9d9 .av-section-color-overlay{\nopacity:0.8;\nbackground-color:#2d2d2d;\n}\n<\/style>\n<div id='av_section_1'  class='avia-section av-ketpt1xq-a9da0701922bfcfe586dcc597776d9d9 main_color avia-section-default avia-no-border-styling  avia-builder-el-0  el_before_av_codeblock  avia-builder-el-first  av-parallax-section avia-bg-style-parallax av-section-color-overlay-active container_wrap sidebar_right'  data-section-bg-repeat='no-repeat'><div class='av-parallax' data-avia-parallax-ratio='0.3' ><div class='av-parallax-inner main_color avia-full-stretch'><\/div><\/div><div class=\"av-section-color-overlay-wrap\"><div class=\"av-section-color-overlay\"><\/div><div class='container av-section-cont-open' ><main  role=\"main\" itemprop=\"mainContentOfPage\"  class='template-page content  av-content-small alpha units'><div class='post-entry post-entry-type-page post-entry-1299'><div class='entry-content-wrapper clearfix'>\n\n<style type=\"text\/css\" data-created_by=\"avia_inline_auto\" id=\"style-css-av-kev8wbzf-e3c17143987e2a7ece3e4563e4dca463\">\n#top .av-special-heading.av-kev8wbzf-e3c17143987e2a7ece3e4563e4dca463{\npadding-bottom:10px;\ncolor:#ffffff;\n}\nbody .av-special-heading.av-kev8wbzf-e3c17143987e2a7ece3e4563e4dca463 .av-special-heading-tag .heading-char{\nfont-size:25px;\n}\n.av-special-heading.av-kev8wbzf-e3c17143987e2a7ece3e4563e4dca463 .special-heading-inner-border{\nborder-color:#ffffff;\n}\n.av-special-heading.av-kev8wbzf-e3c17143987e2a7ece3e4563e4dca463 .av-subheading{\nfont-size:15px;\n}\n<\/style>\n<div  class='av-special-heading av-kev8wbzf-e3c17143987e2a7ece3e4563e4dca463 av-special-heading-h1 custom-color-heading blockquote modern-quote modern-centered  avia-builder-el-1  avia-builder-el-no-sibling '><h1 class='av-special-heading-tag'  itemprop=\"headline\"  >Sport Club<\/h1><div class=\"special-heading-border\"><div class=\"special-heading-inner-border\"><\/div><\/div><\/div>\n<\/div><\/div><\/main><!-- close content main element --><\/div><\/div><\/div><div id='after_section_1'  class='main_color av_default_container_wrap container_wrap sidebar_right'  ><div class='container av-section-cont-open' ><div class='template-page content  av-content-small alpha units'><div class='post-entry post-entry-type-page post-entry-1299'><div class='entry-content-wrapper clearfix'>\n\n\n<style type=\"text\/css\" data-created_by=\"avia_inline_auto\" id=\"style-css-av-2b5d7-6f2b97b7c07da6014bb1699368944ab5\">\n#top .hr.hr-invisible.av-2b5d7-6f2b97b7c07da6014bb1699368944ab5{\nheight:30px;\n}\n<\/style>\n<div  class='hr av-2b5d7-6f2b97b7c07da6014bb1699368944ab5 hr-invisible  avia-builder-el-3  el_after_av_codeblock  el_before_av_textblock '><span class='hr-inner '><span class=\"hr-inner-style\"><\/span><\/span><\/div>\n<section  class='av_textblock_section av-kev99jwn-de28b217b98c1667bb23ae84567bc68b '   itemscope=\"itemscope\" itemtype=\"https:\/\/schema.org\/CreativeWork\" ><div class='avia_textblock'  itemprop=\"text\" ><p>Der Sportbereich bietet Ihnen f\u00fcr Spiel und sportliche Bet\u00e4tigung unter anderem einen Fitnessraum, einen Tennisplatz, einen Fu\u00dfballplatz mit Kunstrasen, einen Basketball-\/Pelotabereich, Bocciapl\u00e4tze, Tischtennistische, sowie andere Spiele wie Tischfu\u00dfball oder Billard an. Au\u00dferdem verf\u00fcgen wir \u00fcber eine Vermietung von Fahrr\u00e4dern aller Art und Sportmaterial um Ihren Aufenthalt so angenehm und unterhaltsam wie m\u00f6glich zu machen.<\/p>\n<p>TV f\u00fcr Sportereignisse.<\/p>\n<\/div><\/section>\n\n<style type=\"text\/css\" data-created_by=\"avia_inline_auto\" id=\"style-css-av-1lwez-1a8916bd79d161bc8e14e5d2571aa61b\">\n#top .hr.hr-invisible.av-1lwez-1a8916bd79d161bc8e14e5d2571aa61b{\nheight:30px;\n}\n<\/style>\n<div  class='hr av-1lwez-1a8916bd79d161bc8e14e5d2571aa61b hr-invisible  avia-builder-el-5  el_after_av_textblock  el_before_av_one_full '><span class='hr-inner '><span class=\"hr-inner-style\"><\/span><\/span><\/div>\n\n<style type=\"text\/css\" data-created_by=\"avia_inline_auto\" id=\"style-css-av-7pw63-c1a7a7e61281c8f7605c1938b212b5ba\">\n.flex_column.av-7pw63-c1a7a7e61281c8f7605c1938b212b5ba{\n-webkit-border-radius:0px 0px 0px 0px;\n-moz-border-radius:0px 0px 0px 0px;\nborder-radius:0px 0px 0px 0px;\npadding:0px 0px 0px 0px;\n}\n<\/style>\n<div  class='flex_column av-7pw63-c1a7a7e61281c8f7605c1938b212b5ba av_one_full  avia-builder-el-6  el_after_av_hr  el_before_av_hr  first flex_column_div av-zero-column-padding  '     ><div id='av-masonry-1' class='av-masonry av-kev8qool-8c2df51a3645aff911755b5095a8b34d noHover av-fixed-size av-large-gap av-hover-overlay- av-masonry-animation-active av-masonry-col-3 av-caption-always av-caption-style- av-masonry-gallery ' data-post_id=\"1299\"><div class=\"av-masonry-container isotope av-js-disabled\"><div class='av-masonry-entry isotope-item av-masonry-item-no-image '><\/div><a href=\"https:\/\/campinglaspalmeras.com\/wp-content\/uploads\/2021\/06\/Sport-Club-02-1030x581.jpg\" data-srcset=\"https:\/\/campinglaspalmeras.com\/wp-content\/uploads\/2021\/06\/Sport-Club-02-1030x581.jpg 1030w, https:\/\/campinglaspalmeras.com\/wp-content\/uploads\/2021\/06\/Sport-Club-02-300x169.jpg 300w, https:\/\/campinglaspalmeras.com\/wp-content\/uploads\/2021\/06\/Sport-Club-02-768x434.jpg 768w, https:\/\/campinglaspalmeras.com\/wp-content\/uploads\/2021\/06\/Sport-Club-02-705x398.jpg 705w, https:\/\/campinglaspalmeras.com\/wp-content\/uploads\/2021\/06\/Sport-Club-02.jpg 1224w\" data-sizes=\"(max-width: 1030px) 100vw, 1030px\"  aria-label=\"Bild Sport Club 02\"  id='av-masonry-1-item-5694' data-av-masonry-item='5694' class='av-masonry-entry isotope-item post-5694 attachment type-attachment status-inherit hentry  av-masonry-item-with-image' title=\"Sport Club 02\" alt=\"\"    itemprop=\"thumbnailUrl\" ><div class='av-inner-masonry-sizer'><\/div><figure class='av-inner-masonry main_color'><div class=\"av-masonry-outerimage-container\"><div class='av-masonry-image-container' style=\"background-image: url(https:\/\/campinglaspalmeras.com\/wp-content\/uploads\/2021\/06\/Sport-Club-02-705x398.jpg);\"  title=\"Sport Club 02\"  ><\/div><\/div><\/figure><\/a><!--end av-masonry entry--><a href=\"https:\/\/campinglaspalmeras.com\/wp-content\/uploads\/2021\/06\/Sport-club-03-1030x553.jpg\" data-srcset=\"https:\/\/campinglaspalmeras.com\/wp-content\/uploads\/2021\/06\/Sport-club-03-1030x553.jpg 1030w, https:\/\/campinglaspalmeras.com\/wp-content\/uploads\/2021\/06\/Sport-club-03-300x161.jpg 300w, https:\/\/campinglaspalmeras.com\/wp-content\/uploads\/2021\/06\/Sport-club-03-768x412.jpg 768w, https:\/\/campinglaspalmeras.com\/wp-content\/uploads\/2021\/06\/Sport-club-03-705x378.jpg 705w, https:\/\/campinglaspalmeras.com\/wp-content\/uploads\/2021\/06\/Sport-club-03.jpg 1224w\" data-sizes=\"(max-width: 1030px) 100vw, 1030px\"  aria-label=\"Bild Sport club 03\"  id='av-masonry-1-item-5702' data-av-masonry-item='5702' class='av-masonry-entry isotope-item post-5702 attachment type-attachment status-inherit hentry  av-masonry-item-with-image' title=\"Sport club 03\" alt=\"\"    itemprop=\"thumbnailUrl\" ><div class='av-inner-masonry-sizer'><\/div><figure class='av-inner-masonry main_color'><div class=\"av-masonry-outerimage-container\"><div class='av-masonry-image-container' style=\"background-image: url(https:\/\/campinglaspalmeras.com\/wp-content\/uploads\/2021\/06\/Sport-club-03-705x378.jpg);\"  title=\"Sport club 03\"  ><\/div><\/div><\/figure><\/a><!--end av-masonry entry--><a href=\"https:\/\/campinglaspalmeras.com\/wp-content\/uploads\/2021\/06\/Sport-club-01-1030x578.jpg\" data-srcset=\"https:\/\/campinglaspalmeras.com\/wp-content\/uploads\/2021\/06\/Sport-club-01-1030x578.jpg 1030w, https:\/\/campinglaspalmeras.com\/wp-content\/uploads\/2021\/06\/Sport-club-01-300x168.jpg 300w, https:\/\/campinglaspalmeras.com\/wp-content\/uploads\/2021\/06\/Sport-club-01-768x431.jpg 768w, https:\/\/campinglaspalmeras.com\/wp-content\/uploads\/2021\/06\/Sport-club-01-705x396.jpg 705w, https:\/\/campinglaspalmeras.com\/wp-content\/uploads\/2021\/06\/Sport-club-01.jpg 1224w\" data-sizes=\"(max-width: 1030px) 100vw, 1030px\"  aria-label=\"Bild Sport club 01\"  id='av-masonry-1-item-5710' data-av-masonry-item='5710' class='av-masonry-entry isotope-item post-5710 attachment type-attachment status-inherit hentry  av-masonry-item-with-image' title=\"Sport club 01\" alt=\"\"    itemprop=\"thumbnailUrl\" ><div class='av-inner-masonry-sizer'><\/div><figure class='av-inner-masonry main_color'><div class=\"av-masonry-outerimage-container\"><div class='av-masonry-image-container' style=\"background-image: url(https:\/\/campinglaspalmeras.com\/wp-content\/uploads\/2021\/06\/Sport-club-01-705x396.jpg);\"  title=\"Sport club 01\"  ><\/div><\/div><\/figure><\/a><!--end av-masonry entry--><a href=\"https:\/\/campinglaspalmeras.com\/wp-content\/uploads\/2020\/09\/MG_70551-1030x687.jpg\" data-srcset=\"https:\/\/campinglaspalmeras.com\/wp-content\/uploads\/2020\/09\/MG_70551-1030x687.jpg 1030w, https:\/\/campinglaspalmeras.com\/wp-content\/uploads\/2020\/09\/MG_70551-300x200.jpg 300w, https:\/\/campinglaspalmeras.com\/wp-content\/uploads\/2020\/09\/MG_70551-768x512.jpg 768w, https:\/\/campinglaspalmeras.com\/wp-content\/uploads\/2020\/09\/MG_70551-705x470.jpg 705w, https:\/\/campinglaspalmeras.com\/wp-content\/uploads\/2020\/09\/MG_70551.jpg 1200w\" data-sizes=\"(max-width: 1030px) 100vw, 1030px\"  aria-label=\"Bild MG_70551\"  id='av-masonry-1-item-1318' data-av-masonry-item='1318' class='av-masonry-entry isotope-item post-1318 attachment type-attachment status-inherit hentry  av-masonry-item-with-image' title=\"MG_70551\" alt=\"\"    itemprop=\"thumbnailUrl\" ><div class='av-inner-masonry-sizer'><\/div><figure class='av-inner-masonry main_color'><div class=\"av-masonry-outerimage-container\"><div class='av-masonry-image-container' style=\"background-image: url(https:\/\/campinglaspalmeras.com\/wp-content\/uploads\/2020\/09\/MG_70551-705x470.jpg);\"  title=\"MG_70551\"  ><\/div><\/div><\/figure><\/a><!--end av-masonry entry--><a href=\"https:\/\/campinglaspalmeras.com\/wp-content\/uploads\/2021\/03\/Zona-deportiva-1-1030x687.jpg\" data-srcset=\"https:\/\/campinglaspalmeras.com\/wp-content\/uploads\/2021\/03\/Zona-deportiva-1-1030x687.jpg 1030w, https:\/\/campinglaspalmeras.com\/wp-content\/uploads\/2021\/03\/Zona-deportiva-1-300x200.jpg 300w, https:\/\/campinglaspalmeras.com\/wp-content\/uploads\/2021\/03\/Zona-deportiva-1-768x512.jpg 768w, https:\/\/campinglaspalmeras.com\/wp-content\/uploads\/2021\/03\/Zona-deportiva-1-705x470.jpg 705w, https:\/\/campinglaspalmeras.com\/wp-content\/uploads\/2021\/03\/Zona-deportiva-1.jpg 1350w\" data-sizes=\"(max-width: 1030px) 100vw, 1030px\"  aria-label=\"Bild Zona deportiva\"  id='av-masonry-1-item-4428' data-av-masonry-item='4428' class='av-masonry-entry isotope-item post-4428 attachment type-attachment status-inherit hentry  av-masonry-item-with-image' title=\"Zona deportiva\" alt=\"\"    itemprop=\"thumbnailUrl\" ><div class='av-inner-masonry-sizer'><\/div><figure class='av-inner-masonry main_color'><div class=\"av-masonry-outerimage-container\"><div class='av-masonry-image-container' style=\"background-image: url(https:\/\/campinglaspalmeras.com\/wp-content\/uploads\/2021\/03\/Zona-deportiva-1-705x470.jpg);\"  title=\"Zona deportiva\"  ><\/div><\/div><\/figure><\/a><!--end av-masonry entry--><a href=\"https:\/\/campinglaspalmeras.com\/wp-content\/uploads\/2021\/03\/Zona-deportiva-2-Gimnas-1-1030x758.jpg\" data-srcset=\"https:\/\/campinglaspalmeras.com\/wp-content\/uploads\/2021\/03\/Zona-deportiva-2-Gimnas-1-1030x758.jpg 1030w, https:\/\/campinglaspalmeras.com\/wp-content\/uploads\/2021\/03\/Zona-deportiva-2-Gimnas-1-300x221.jpg 300w, https:\/\/campinglaspalmeras.com\/wp-content\/uploads\/2021\/03\/Zona-deportiva-2-Gimnas-1-768x565.jpg 768w, https:\/\/campinglaspalmeras.com\/wp-content\/uploads\/2021\/03\/Zona-deportiva-2-Gimnas-1-705x519.jpg 705w, https:\/\/campinglaspalmeras.com\/wp-content\/uploads\/2021\/03\/Zona-deportiva-2-Gimnas-1.jpg 1223w\" data-sizes=\"(max-width: 1030px) 100vw, 1030px\"  aria-label=\"Bild Zona deportiva 2 Gimnas\"  id='av-masonry-1-item-4436' data-av-masonry-item='4436' class='av-masonry-entry isotope-item post-4436 attachment type-attachment status-inherit hentry  av-masonry-item-with-image' title=\"Zona deportiva 2 Gimnas\" alt=\"\"    itemprop=\"thumbnailUrl\" ><div class='av-inner-masonry-sizer'><\/div><figure class='av-inner-masonry main_color'><div class=\"av-masonry-outerimage-container\"><div class='av-masonry-image-container' style=\"background-image: url(https:\/\/campinglaspalmeras.com\/wp-content\/uploads\/2021\/03\/Zona-deportiva-2-Gimnas-1-705x519.jpg);\"  title=\"Zona deportiva 2 Gimnas\"  ><\/div><\/div><\/figure><\/a><!--end av-masonry entry--><a href=\"https:\/\/campinglaspalmeras.com\/wp-content\/uploads\/2021\/03\/Zona-deportiva-3-1-1030x618.jpg\" data-srcset=\"https:\/\/campinglaspalmeras.com\/wp-content\/uploads\/2021\/03\/Zona-deportiva-3-1-1030x618.jpg 1030w, https:\/\/campinglaspalmeras.com\/wp-content\/uploads\/2021\/03\/Zona-deportiva-3-1-300x180.jpg 300w, https:\/\/campinglaspalmeras.com\/wp-content\/uploads\/2021\/03\/Zona-deportiva-3-1-768x461.jpg 768w, https:\/\/campinglaspalmeras.com\/wp-content\/uploads\/2021\/03\/Zona-deportiva-3-1-705x423.jpg 705w, https:\/\/campinglaspalmeras.com\/wp-content\/uploads\/2021\/03\/Zona-deportiva-3-1.jpg 1500w\" data-sizes=\"(max-width: 1030px) 100vw, 1030px\"  aria-label=\"Bild Zona deportiva 3\"  id='av-masonry-1-item-4444' data-av-masonry-item='4444' class='av-masonry-entry isotope-item post-4444 attachment type-attachment status-inherit hentry  av-masonry-item-with-image' title=\"Zona deportiva 3\" alt=\"\"    itemprop=\"thumbnailUrl\" ><div class='av-inner-masonry-sizer'><\/div><figure class='av-inner-masonry main_color'><div class=\"av-masonry-outerimage-container\"><div class='av-masonry-image-container' style=\"background-image: url(https:\/\/campinglaspalmeras.com\/wp-content\/uploads\/2021\/03\/Zona-deportiva-3-1-705x423.jpg);\"  title=\"Zona deportiva 3\"  ><\/div><\/div><\/figure><\/a><!--end av-masonry entry--><a href=\"https:\/\/campinglaspalmeras.com\/wp-content\/uploads\/2020\/09\/P1050261-1030x772.jpg\" data-srcset=\"https:\/\/campinglaspalmeras.com\/wp-content\/uploads\/2020\/09\/P1050261-1030x772.jpg 1030w, https:\/\/campinglaspalmeras.com\/wp-content\/uploads\/2020\/09\/P1050261-300x225.jpg 300w, https:\/\/campinglaspalmeras.com\/wp-content\/uploads\/2020\/09\/P1050261-768x576.jpg 768w, https:\/\/campinglaspalmeras.com\/wp-content\/uploads\/2020\/09\/P1050261-705x529.jpg 705w, https:\/\/campinglaspalmeras.com\/wp-content\/uploads\/2020\/09\/P1050261.jpg 1067w\" data-sizes=\"(max-width: 1030px) 100vw, 1030px\"  aria-label=\"Bild P1050261\"  id='av-masonry-1-item-1320' data-av-masonry-item='1320' class='av-masonry-entry isotope-item post-1320 attachment type-attachment status-inherit hentry  av-masonry-item-with-image' title=\"P1050261\" alt=\"P1050261\"    itemprop=\"thumbnailUrl\" ><div class='av-inner-masonry-sizer'><\/div><figure class='av-inner-masonry main_color'><div class=\"av-masonry-outerimage-container\"><div class='av-masonry-image-container' style=\"background-image: url(https:\/\/campinglaspalmeras.com\/wp-content\/uploads\/2020\/09\/P1050261-705x529.jpg);\"  title=\"P1050261\"   alt=\"P1050261\" ><\/div><\/div><\/figure><\/a><!--end av-masonry entry--><\/div><\/div><\/div>\n<style type=\"text\/css\" data-created_by=\"avia_inline_auto\" id=\"style-css-av-82tg3-c905001859029bb630c242b5b27e936d\">\n#top .hr.hr-invisible.av-82tg3-c905001859029bb630c242b5b27e936d{\nheight:30px;\n}\n<\/style>\n<div  class='hr av-82tg3-c905001859029bb630c242b5b27e936d hr-invisible  avia-builder-el-8  el_after_av_one_full  el_before_av_button '><span class='hr-inner '><span class=\"hr-inner-style\"><\/span><\/span><\/div><\/p>\n<div  class='avia-button-wrap av-kev8plwe-cb14e9ec53c3b6467699b63a009a8431-wrap avia-button-center  avia-builder-el-9  el_after_av_hr  avia-builder-el-last '><a href='https:\/\/campinglaspalmeras.com\/de\/contact\/'  class='avia-button av-kev8plwe-cb14e9ec53c3b6467699b63a009a8431 avia-icon_select-no avia-size-large avia-position-center avia-color-theme-color'  ><span class='avia_iconbox_title' >Kontakt<\/span><\/a><\/div>\n","protected":false},"excerpt":{"rendered":"","protected":false},"author":1,"featured_media":0,"parent":1773,"menu_order":165,"comment_status":"closed","ping_status":"closed","template":"","meta":[],"yoast_head":"<!-- This site is optimized with the Yoast SEO plugin v20.9 - https:\/\/yoast.com\/wordpress\/plugins\/seo\/ -->\n<title>Sport Club - Camping Las Palmeras Costa Brava<\/title>\n<meta name=\"description\" content=\"Der Sportbereich bietet Ihnen f\u00fcr Spiel und sportliche Bet\u00e4tigung unter anderem einen Fitnessraum, einen Tennisplatz, einen Fu\u00dfballplatz mit Kunstrasen, einen Basketball-\/Pelotabereich, Bocciapl\u00e4tze, Tischtennistische, sowie andere Spiele wie Tischfu\u00dfball oder Billard an.\" \/>\n<meta name=\"robots\" content=\"index, follow, max-snippet:-1, max-image-preview:large, max-video-preview:-1\" \/>\n<link rel=\"canonical\" href=\"https:\/\/campinglaspalmeras.com\/de\/services-2\/sport-area\/\" \/>\n<meta property=\"og:locale\" content=\"de_DE\" \/>\n<meta property=\"og:type\" content=\"article\" \/>\n<meta property=\"og:title\" content=\"Sport Club - Camping Las Palmeras Costa Brava\" \/>\n<meta property=\"og:description\" content=\"Der Sportbereich bietet Ihnen f\u00fcr Spiel und sportliche Bet\u00e4tigung unter anderem einen Fitnessraum, einen Tennisplatz, einen Fu\u00dfballplatz mit Kunstrasen, einen Basketball-\/Pelotabereich, Bocciapl\u00e4tze, Tischtennistische, sowie andere Spiele wie Tischfu\u00dfball oder Billard an.\" \/>\n<meta property=\"og:url\" content=\"https:\/\/campinglaspalmeras.com\/de\/services-2\/sport-area\/\" \/>\n<meta property=\"og:site_name\" content=\"Camping Las Palmeras Costa Brava\" \/>\n<meta property=\"article:publisher\" content=\"https:\/\/www.facebook.com\/campingpalmeras\" \/>\n<meta property=\"article:modified_time\" content=\"2022-03-28T09:19:19+00:00\" \/>\n<meta name=\"twitter:card\" content=\"summary_large_image\" \/>\n<meta name=\"twitter:site\" content=\"@CLasPalmeras\" \/>\n<meta name=\"twitter:label1\" content=\"Gesch\u00e4tzte Lesezeit\" \/>\n\t<meta name=\"twitter:data1\" content=\"4\u00a0Minuten\" \/>\n<script type=\"application\/ld+json\" class=\"yoast-schema-graph\">{\"@context\":\"https:\/\/schema.org\",\"@graph\":[{\"@type\":\"WebPage\",\"@id\":\"https:\/\/campinglaspalmeras.com\/de\/services-2\/sport-area\/\",\"url\":\"https:\/\/campinglaspalmeras.com\/de\/services-2\/sport-area\/\",\"name\":\"Sport Club - Camping Las Palmeras Costa Brava\",\"isPartOf\":{\"@id\":\"https:\/\/campinglaspalmeras.com\/ca\/#website\"},\"datePublished\":\"2020-09-09T10:24:33+00:00\",\"dateModified\":\"2022-03-28T09:19:19+00:00\",\"description\":\"Der Sportbereich bietet Ihnen f\u00fcr Spiel und sportliche Bet\u00e4tigung unter anderem einen Fitnessraum, einen Tennisplatz, einen Fu\u00dfballplatz mit Kunstrasen, einen Basketball-\/Pelotabereich, Bocciapl\u00e4tze, Tischtennistische, sowie andere Spiele wie Tischfu\u00dfball oder Billard an.\",\"breadcrumb\":{\"@id\":\"https:\/\/campinglaspalmeras.com\/de\/services-2\/sport-area\/#breadcrumb\"},\"inLanguage\":\"de\",\"potentialAction\":[{\"@type\":\"ReadAction\",\"target\":[\"https:\/\/campinglaspalmeras.com\/de\/services-2\/sport-area\/\"]}]},{\"@type\":\"BreadcrumbList\",\"@id\":\"https:\/\/campinglaspalmeras.com\/de\/services-2\/sport-area\/#breadcrumb\",\"itemListElement\":[{\"@type\":\"ListItem\",\"position\":1,\"name\":\"Portada\",\"item\":\"https:\/\/campinglaspalmeras.com\/de\/home\/\"},{\"@type\":\"ListItem\",\"position\":2,\"name\":\"Installationen\",\"item\":\"https:\/\/campinglaspalmeras.com\/de\/services-2\/\"},{\"@type\":\"ListItem\",\"position\":3,\"name\":\"Sport Club\"}]},{\"@type\":\"WebSite\",\"@id\":\"https:\/\/campinglaspalmeras.com\/ca\/#website\",\"url\":\"https:\/\/campinglaspalmeras.com\/ca\/\",\"name\":\"Camping Las Palmeras Costa Brava\",\"description\":\"Camping Las Palmeras Costa Brava\",\"potentialAction\":[{\"@type\":\"SearchAction\",\"target\":{\"@type\":\"EntryPoint\",\"urlTemplate\":\"https:\/\/campinglaspalmeras.com\/ca\/?s={search_term_string}\"},\"query-input\":\"required name=search_term_string\"}],\"inLanguage\":\"de\"}]}<\/script>\n<!-- \/ Yoast SEO plugin. -->","yoast_head_json":{"title":"Sport Club - Camping Las Palmeras Costa Brava","description":"Der Sportbereich bietet Ihnen f\u00fcr Spiel und sportliche Bet\u00e4tigung unter anderem einen Fitnessraum, einen Tennisplatz, einen Fu\u00dfballplatz mit Kunstrasen, einen Basketball-\/Pelotabereich, Bocciapl\u00e4tze, Tischtennistische, sowie andere Spiele wie Tischfu\u00dfball oder Billard an.","robots":{"index":"index","follow":"follow","max-snippet":"max-snippet:-1","max-image-preview":"max-image-preview:large","max-video-preview":"max-video-preview:-1"},"canonical":"https:\/\/campinglaspalmeras.com\/de\/services-2\/sport-area\/","og_locale":"de_DE","og_type":"article","og_title":"Sport Club - Camping Las Palmeras Costa Brava","og_description":"Der Sportbereich bietet Ihnen f\u00fcr Spiel und sportliche Bet\u00e4tigung unter anderem einen Fitnessraum, einen Tennisplatz, einen Fu\u00dfballplatz mit Kunstrasen, einen Basketball-\/Pelotabereich, Bocciapl\u00e4tze, Tischtennistische, sowie andere Spiele wie Tischfu\u00dfball oder Billard an.","og_url":"https:\/\/campinglaspalmeras.com\/de\/services-2\/sport-area\/","og_site_name":"Camping Las Palmeras Costa Brava","article_publisher":"https:\/\/www.facebook.com\/campingpalmeras","article_modified_time":"2022-03-28T09:19:19+00:00","twitter_card":"summary_large_image","twitter_site":"@CLasPalmeras","twitter_misc":{"Gesch\u00e4tzte Lesezeit":"4\u00a0Minuten"},"schema":{"@context":"https:\/\/schema.org","@graph":[{"@type":"WebPage","@id":"https:\/\/campinglaspalmeras.com\/de\/services-2\/sport-area\/","url":"https:\/\/campinglaspalmeras.com\/de\/services-2\/sport-area\/","name":"Sport Club - Camping Las Palmeras Costa Brava","isPartOf":{"@id":"https:\/\/campinglaspalmeras.com\/ca\/#website"},"datePublished":"2020-09-09T10:24:33+00:00","dateModified":"2022-03-28T09:19:19+00:00","description":"Der Sportbereich bietet Ihnen f\u00fcr Spiel und sportliche Bet\u00e4tigung unter anderem einen Fitnessraum, einen Tennisplatz, einen Fu\u00dfballplatz mit Kunstrasen, einen Basketball-\/Pelotabereich, Bocciapl\u00e4tze, Tischtennistische, sowie andere Spiele wie Tischfu\u00dfball oder Billard an.","breadcrumb":{"@id":"https:\/\/campinglaspalmeras.com\/de\/services-2\/sport-area\/#breadcrumb"},"inLanguage":"de","potentialAction":[{"@type":"ReadAction","target":["https:\/\/campinglaspalmeras.com\/de\/services-2\/sport-area\/"]}]},{"@type":"BreadcrumbList","@id":"https:\/\/campinglaspalmeras.com\/de\/services-2\/sport-area\/#breadcrumb","itemListElement":[{"@type":"ListItem","position":1,"name":"Portada","item":"https:\/\/campinglaspalmeras.com\/de\/home\/"},{"@type":"ListItem","position":2,"name":"Installationen","item":"https:\/\/campinglaspalmeras.com\/de\/services-2\/"},{"@type":"ListItem","position":3,"name":"Sport Club"}]},{"@type":"WebSite","@id":"https:\/\/campinglaspalmeras.com\/ca\/#website","url":"https:\/\/campinglaspalmeras.com\/ca\/","name":"Camping Las Palmeras Costa Brava","description":"Camping Las Palmeras Costa Brava","potentialAction":[{"@type":"SearchAction","target":{"@type":"EntryPoint","urlTemplate":"https:\/\/campinglaspalmeras.com\/ca\/?s={search_term_string}"},"query-input":"required name=search_term_string"}],"inLanguage":"de"}]}},"_links":{"self":[{"href":"https:\/\/campinglaspalmeras.com\/de\/wp-json\/wp\/v2\/pages\/1299"}],"collection":[{"href":"https:\/\/campinglaspalmeras.com\/de\/wp-json\/wp\/v2\/pages"}],"about":[{"href":"https:\/\/campinglaspalmeras.com\/de\/wp-json\/wp\/v2\/types\/page"}],"author":[{"embeddable":true,"href":"https:\/\/campinglaspalmeras.com\/de\/wp-json\/wp\/v2\/users\/1"}],"replies":[{"embeddable":true,"href":"https:\/\/campinglaspalmeras.com\/de\/wp-json\/wp\/v2\/comments?post=1299"}],"version-history":[{"count":5,"href":"https:\/\/campinglaspalmeras.com\/de\/wp-json\/wp\/v2\/pages\/1299\/revisions"}],"predecessor-version":[{"id":6815,"href":"https:\/\/campinglaspalmeras.com\/de\/wp-json\/wp\/v2\/pages\/1299\/revisions\/6815"}],"up":[{"embeddable":true,"href":"https:\/\/campinglaspalmeras.com\/de\/wp-json\/wp\/v2\/pages\/1773"}],"wp:attachment":[{"href":"https:\/\/campinglaspalmeras.com\/de\/wp-json\/wp\/v2\/media?parent=1299"}],"curies":[{"name":"wp","href":"https:\/\/api.w.org\/{rel}","templated":true}]}}