{"id":1302,"date":"2020-09-09T12:24:26","date_gmt":"2020-09-09T10:24:26","guid":{"rendered":"https:\/\/campinglaspalmeras.com\/supermarket\/"},"modified":"2020-10-14T17:28:31","modified_gmt":"2020-10-14T15:28:31","slug":"supermarkt","status":"publish","type":"page","link":"https:\/\/campinglaspalmeras.com\/de\/services-2\/supermarkt\/","title":{"rendered":"Supermarkt"},"content":{"rendered":"\n<style type=\"text\/css\" data-created_by=\"avia_inline_auto\" id=\"style-css-av-ketpt1xq-a9da0701922bfcfe586dcc597776d9d9\">\n.avia-section.av-ketpt1xq-a9da0701922bfcfe586dcc597776d9d9 .av-parallax .av-parallax-inner{\nbackground-repeat:no-repeat;\nbackground-image:url(https:\/\/campinglaspalmeras.com\/wp-content\/uploads\/2020\/09\/van-vintage-2285126_1280.jpg);\nbackground-position:50% 50%;\nbackground-attachment:scroll;\n}\n.avia-section.av-ketpt1xq-a9da0701922bfcfe586dcc597776d9d9 .av-section-color-overlay{\nopacity:0.8;\nbackground-color:#2d2d2d;\n}\n<\/style>\n<div id='av_section_1'  class='avia-section av-ketpt1xq-a9da0701922bfcfe586dcc597776d9d9 main_color avia-section-default avia-no-border-styling  avia-builder-el-0  el_before_av_image  avia-builder-el-first  av-parallax-section avia-bg-style-parallax av-section-color-overlay-active container_wrap sidebar_right'  data-section-bg-repeat='no-repeat'><div class='av-parallax' data-avia-parallax-ratio='0.3' ><div class='av-parallax-inner main_color avia-full-stretch'><\/div><\/div><div class=\"av-section-color-overlay-wrap\"><div class=\"av-section-color-overlay\"><\/div><div class='container av-section-cont-open' ><main  role=\"main\" itemprop=\"mainContentOfPage\"  class='template-page content  av-content-small alpha units'><div class='post-entry post-entry-type-page post-entry-1302'><div class='entry-content-wrapper clearfix'>\n\n<style type=\"text\/css\" data-created_by=\"avia_inline_auto\" id=\"style-css-av-kg9jti4d-c2386ca011ced3f1a6454deb3beed18f\">\n#top .av-special-heading.av-kg9jti4d-c2386ca011ced3f1a6454deb3beed18f{\npadding-bottom:10px;\ncolor:#ffffff;\n}\nbody .av-special-heading.av-kg9jti4d-c2386ca011ced3f1a6454deb3beed18f .av-special-heading-tag .heading-char{\nfont-size:25px;\n}\n.av-special-heading.av-kg9jti4d-c2386ca011ced3f1a6454deb3beed18f .special-heading-inner-border{\nborder-color:#ffffff;\n}\n.av-special-heading.av-kg9jti4d-c2386ca011ced3f1a6454deb3beed18f .av-subheading{\nfont-size:15px;\n}\n<\/style>\n<div  class='av-special-heading av-kg9jti4d-c2386ca011ced3f1a6454deb3beed18f av-special-heading-h1 custom-color-heading blockquote modern-quote modern-centered  avia-builder-el-1  avia-builder-el-no-sibling '><h1 class='av-special-heading-tag'  itemprop=\"headline\"  >Supermarkt<\/h1><div class=\"special-heading-border\"><div class=\"special-heading-inner-border\"><\/div><\/div><\/div>\n<\/div><\/div><\/main><!-- close content main element --><\/div><\/div><\/div><div id='after_section_1'  class='main_color av_default_container_wrap container_wrap sidebar_right'  ><div class='container av-section-cont-open' ><div class='template-page content  av-content-small alpha units'><div class='post-entry post-entry-type-page post-entry-1302'><div class='entry-content-wrapper clearfix'>\n<style type=\"text\/css\" data-created_by=\"avia_inline_auto\" id=\"style-css-av-kev8ozq5-d56ca9eff4422cacc9ca85996bdd4d9a\">\n.avia-image-container.av-kev8ozq5-d56ca9eff4422cacc9ca85996bdd4d9a img.avia_image{\nbox-shadow:none;\n}\n.avia-image-container.av-kev8ozq5-d56ca9eff4422cacc9ca85996bdd4d9a .av-image-caption-overlay-center{\ncolor:#ffffff;\n}\n<\/style>\n<div  class='avia-image-container av-kev8ozq5-d56ca9eff4422cacc9ca85996bdd4d9a av-styling- avia-align-center  avia-builder-el-2  el_after_av_section  el_before_av_hr  avia-builder-el-first '   itemprop=\"image\" itemscope=\"itemscope\" itemtype=\"https:\/\/schema.org\/ImageObject\" ><div class=\"avia-image-container-inner\"><div class=\"avia-image-overlay-wrap\"><img decoding=\"async\" class='wp-image-1303 avia-img-lazy-loading-not-1303 avia_image ' src=\"https:\/\/campinglaspalmeras.com\/wp-content\/uploads\/2020\/09\/supermercat4.jpg\" alt='' title=''  height=\"405\" width=\"720\"  itemprop=\"thumbnailUrl\" srcset=\"https:\/\/campinglaspalmeras.com\/wp-content\/uploads\/2020\/09\/supermercat4.jpg 720w, https:\/\/campinglaspalmeras.com\/wp-content\/uploads\/2020\/09\/supermercat4-300x169.jpg 300w, https:\/\/campinglaspalmeras.com\/wp-content\/uploads\/2020\/09\/supermercat4-705x397.jpg 705w\" sizes=\"(max-width: 720px) 100vw, 720px\" \/><\/div><\/div><\/div><\/p>\n\n<style type=\"text\/css\" data-created_by=\"avia_inline_auto\" id=\"style-css-av-2gkky-364ef55374a09a357ba17d6917c23b2d\">\n#top .hr.hr-invisible.av-2gkky-364ef55374a09a357ba17d6917c23b2d{\nheight:30px;\n}\n<\/style>\n<div  class='hr av-2gkky-364ef55374a09a357ba17d6917c23b2d hr-invisible  avia-builder-el-3  el_after_av_image  el_before_av_textblock '><span class='hr-inner '><span class=\"hr-inner-style\"><\/span><\/span><\/div>\n<section  class='av_textblock_section av-kev99b2m-2af9474404fdf534aa4cd101198e9009 '   itemscope=\"itemscope\" itemtype=\"https:\/\/schema.org\/CreativeWork\" ><div class='avia_textblock'  itemprop=\"text\" ><p>Der Supermarkt ist t\u00e4glich ge\u00f6ffnet. Hier wird zu vern\u00fcnftigen Preisen alles geboten, was die G\u00e4ste m\u00f6glicherweise ben\u00f6tigen, von\u00a0<strong>frischen Lebensmitteln<\/strong>\u00a0(wie Fleisch, Obst und Gem\u00fcse) \u00a0\u00fcber verschiedene Brotsorten bis hin zu\u00a0<strong>Zeitungen und Zeitschriften<\/strong>. Der Supermarkt hat sein Angebot\u00a0 mit Produkten f\u00fcr DIABETIKER (wenig Zucker), ECO Produkten (ohne industrielle Verarbeitung), LAKTOSENFREIEN, GLUTENFREIEN Produkten und KM. 0 \u00a0(Erzeugnisse aus der n\u00e4heren Umgebung). erweitert .Auf diese Weise n\u00e4hern wir uns den Bed\u00fcrfnissen der Verbraucher an.<\/p>\n<\/div><\/section>\n\n<style type=\"text\/css\" data-created_by=\"avia_inline_auto\" id=\"style-css-av-255be-3e9c362f833f4c46b1992e4fddb7028f\">\n#top .hr.hr-invisible.av-255be-3e9c362f833f4c46b1992e4fddb7028f{\nheight:30px;\n}\n<\/style>\n<div  class='hr av-255be-3e9c362f833f4c46b1992e4fddb7028f hr-invisible  avia-builder-el-5  el_after_av_textblock  el_before_av_one_full '><span class='hr-inner '><span class=\"hr-inner-style\"><\/span><\/span><\/div>\n\n<style type=\"text\/css\" data-created_by=\"avia_inline_auto\" id=\"style-css-av-cp0gy-ac0dc005f9eb3c560805c57a6714c068\">\n.flex_column.av-cp0gy-ac0dc005f9eb3c560805c57a6714c068{\n-webkit-border-radius:0px 0px 0px 0px;\n-moz-border-radius:0px 0px 0px 0px;\nborder-radius:0px 0px 0px 0px;\npadding:0px 0px 0px 0px;\n}\n<\/style>\n<div  class='flex_column av-cp0gy-ac0dc005f9eb3c560805c57a6714c068 av_one_full  avia-builder-el-6  el_after_av_hr  el_before_av_hr  first flex_column_div av-zero-column-padding  '     ><div id='av-masonry-1' class='av-masonry av-kev8qool-047ae98b67e5cb278a363d21c944d1e0 noHover av-fixed-size av-large-gap av-hover-overlay- av-masonry-animation-active av-masonry-col-4 av-caption-always av-caption-style- av-masonry-gallery ' data-post_id=\"1302\"><div class=\"av-masonry-container isotope av-js-disabled\"><div class='av-masonry-entry isotope-item av-masonry-item-no-image '><\/div><a href=\"https:\/\/campinglaspalmeras.com\/wp-content\/uploads\/2020\/09\/supermercat1.jpg\" data-srcset=\"https:\/\/campinglaspalmeras.com\/wp-content\/uploads\/2020\/09\/supermercat1.jpg 720w, https:\/\/campinglaspalmeras.com\/wp-content\/uploads\/2020\/09\/supermercat1-300x169.jpg 300w, https:\/\/campinglaspalmeras.com\/wp-content\/uploads\/2020\/09\/supermercat1-705x397.jpg 705w\" data-sizes=\"(max-width: 720px) 100vw, 720px\"  aria-label=\"Bild supermercat1\"  id='av-masonry-1-item-1330' data-av-masonry-item='1330' class='av-masonry-entry isotope-item post-1330 attachment type-attachment status-inherit hentry  av-masonry-item-with-image' title=\"supermercat1\" alt=\"\"    itemprop=\"thumbnailUrl\" ><div class='av-inner-masonry-sizer'><\/div><figure class='av-inner-masonry main_color'><div class=\"av-masonry-outerimage-container\"><div class='av-masonry-image-container' style=\"background-image: url(https:\/\/campinglaspalmeras.com\/wp-content\/uploads\/2020\/09\/supermercat1-705x397.jpg);\"  title=\"supermercat1\"  ><\/div><\/div><\/figure><\/a><!--end av-masonry entry--><a href=\"https:\/\/campinglaspalmeras.com\/wp-content\/uploads\/2020\/09\/supermercat2.jpg\" data-srcset=\"https:\/\/campinglaspalmeras.com\/wp-content\/uploads\/2020\/09\/supermercat2.jpg 720w, https:\/\/campinglaspalmeras.com\/wp-content\/uploads\/2020\/09\/supermercat2-300x169.jpg 300w, https:\/\/campinglaspalmeras.com\/wp-content\/uploads\/2020\/09\/supermercat2-705x397.jpg 705w\" data-sizes=\"(max-width: 720px) 100vw, 720px\"  aria-label=\"Bild supermercat2\"  id='av-masonry-1-item-1331' data-av-masonry-item='1331' class='av-masonry-entry isotope-item post-1331 attachment type-attachment status-inherit hentry  av-masonry-item-with-image' title=\"supermercat2\" alt=\"\"    itemprop=\"thumbnailUrl\" ><div class='av-inner-masonry-sizer'><\/div><figure class='av-inner-masonry main_color'><div class=\"av-masonry-outerimage-container\"><div class='av-masonry-image-container' style=\"background-image: url(https:\/\/campinglaspalmeras.com\/wp-content\/uploads\/2020\/09\/supermercat2-705x397.jpg);\"  title=\"supermercat2\"  ><\/div><\/div><\/figure><\/a><!--end av-masonry entry--><a href=\"https:\/\/campinglaspalmeras.com\/wp-content\/uploads\/2020\/09\/supermercat3.jpg\" data-srcset=\"https:\/\/campinglaspalmeras.com\/wp-content\/uploads\/2020\/09\/supermercat3.jpg 720w, https:\/\/campinglaspalmeras.com\/wp-content\/uploads\/2020\/09\/supermercat3-300x169.jpg 300w, https:\/\/campinglaspalmeras.com\/wp-content\/uploads\/2020\/09\/supermercat3-705x397.jpg 705w\" data-sizes=\"(max-width: 720px) 100vw, 720px\"  aria-label=\"Bild supermercat3\"  id='av-masonry-1-item-1332' data-av-masonry-item='1332' class='av-masonry-entry isotope-item post-1332 attachment type-attachment status-inherit hentry  av-masonry-item-with-image' title=\"supermercat3\" alt=\"\"    itemprop=\"thumbnailUrl\" ><div class='av-inner-masonry-sizer'><\/div><figure class='av-inner-masonry main_color'><div class=\"av-masonry-outerimage-container\"><div class='av-masonry-image-container' style=\"background-image: url(https:\/\/campinglaspalmeras.com\/wp-content\/uploads\/2020\/09\/supermercat3-705x397.jpg);\"  title=\"supermercat3\"  ><\/div><\/div><\/figure><\/a><!--end av-masonry entry--><a href=\"https:\/\/campinglaspalmeras.com\/wp-content\/uploads\/2020\/09\/supermercat4-1.jpg\" data-srcset=\"https:\/\/campinglaspalmeras.com\/wp-content\/uploads\/2020\/09\/supermercat4-1.jpg 720w, https:\/\/campinglaspalmeras.com\/wp-content\/uploads\/2020\/09\/supermercat4-1-300x169.jpg 300w, https:\/\/campinglaspalmeras.com\/wp-content\/uploads\/2020\/09\/supermercat4-1-705x397.jpg 705w\" data-sizes=\"(max-width: 720px) 100vw, 720px\"  aria-label=\"Bild supermercat4\"  id='av-masonry-1-item-1333' data-av-masonry-item='1333' class='av-masonry-entry isotope-item post-1333 attachment type-attachment status-inherit hentry  av-masonry-item-with-image' title=\"supermercat4\" alt=\"\"    itemprop=\"thumbnailUrl\" ><div class='av-inner-masonry-sizer'><\/div><figure class='av-inner-masonry main_color'><div class=\"av-masonry-outerimage-container\"><div class='av-masonry-image-container' style=\"background-image: url(https:\/\/campinglaspalmeras.com\/wp-content\/uploads\/2020\/09\/supermercat4-1-705x397.jpg);\"  title=\"supermercat4\"  ><\/div><\/div><\/figure><\/a><!--end av-masonry entry--><\/div><\/div><\/div>\n\n<style type=\"text\/css\" data-created_by=\"avia_inline_auto\" id=\"style-css-av-wo8i-81e2831d12e6d00a48afe239b9e84037\">\n#top .hr.hr-invisible.av-wo8i-81e2831d12e6d00a48afe239b9e84037{\nheight:30px;\n}\n<\/style>\n<div  class='hr av-wo8i-81e2831d12e6d00a48afe239b9e84037 hr-invisible  avia-builder-el-8  el_after_av_one_full  el_before_av_button '><span class='hr-inner '><span class=\"hr-inner-style\"><\/span><\/span><\/div>\n<div  class='avia-button-wrap av-kev8plwe-cb14e9ec53c3b6467699b63a009a8431-wrap avia-button-center  avia-builder-el-9  el_after_av_hr  avia-builder-el-last '><a href='https:\/\/campinglaspalmeras.com\/de\/contact\/'  class='avia-button av-kev8plwe-cb14e9ec53c3b6467699b63a009a8431 avia-icon_select-no avia-size-large avia-position-center avia-color-theme-color'  ><span class='avia_iconbox_title' >Kontakt<\/span><\/a><\/div>\n","protected":false},"excerpt":{"rendered":"","protected":false},"author":1,"featured_media":0,"parent":1773,"menu_order":164,"comment_status":"closed","ping_status":"closed","template":"","meta":[],"yoast_head":"<!-- This site is optimized with the Yoast SEO plugin v20.9 - https:\/\/yoast.com\/wordpress\/plugins\/seo\/ -->\n<title>Supermarkt - Camping Las Palmeras Costa Brava<\/title>\n<meta name=\"description\" content=\"Der Supermarkt ist t\u00e4glich ge\u00f6ffnet. Hier wird zu vern\u00fcnftigen Preisen alles geboten, was die G\u00e4ste m\u00f6glicherweise ben\u00f6tigen, von frischen Lebensmitteln (wie Fleisch, Obst und Gem\u00fcse) \u00fcber verschiedene Brotsorten bis hin zu Zeitungen und Zeitschriften.\" \/>\n<meta name=\"robots\" content=\"index, follow, max-snippet:-1, max-image-preview:large, max-video-preview:-1\" \/>\n<link rel=\"canonical\" href=\"https:\/\/campinglaspalmeras.com\/de\/services-2\/supermarkt\/\" \/>\n<meta property=\"og:locale\" content=\"de_DE\" \/>\n<meta property=\"og:type\" content=\"article\" \/>\n<meta property=\"og:title\" content=\"Supermarkt - Camping Las Palmeras Costa Brava\" \/>\n<meta property=\"og:description\" content=\"Der Supermarkt ist t\u00e4glich ge\u00f6ffnet. Hier wird zu vern\u00fcnftigen Preisen alles geboten, was die G\u00e4ste m\u00f6glicherweise ben\u00f6tigen, von frischen Lebensmitteln (wie Fleisch, Obst und Gem\u00fcse) \u00fcber verschiedene Brotsorten bis hin zu Zeitungen und Zeitschriften.\" \/>\n<meta property=\"og:url\" content=\"https:\/\/campinglaspalmeras.com\/de\/services-2\/supermarkt\/\" \/>\n<meta property=\"og:site_name\" content=\"Camping Las Palmeras Costa Brava\" \/>\n<meta property=\"article:publisher\" content=\"https:\/\/www.facebook.com\/campingpalmeras\" \/>\n<meta property=\"article:modified_time\" content=\"2020-10-14T15:28:31+00:00\" \/>\n<meta name=\"twitter:card\" content=\"summary_large_image\" \/>\n<meta name=\"twitter:site\" content=\"@CLasPalmeras\" \/>\n<meta name=\"twitter:label1\" content=\"Gesch\u00e4tzte Lesezeit\" \/>\n\t<meta name=\"twitter:data1\" content=\"4\u00a0Minuten\" \/>\n<script type=\"application\/ld+json\" class=\"yoast-schema-graph\">{\"@context\":\"https:\/\/schema.org\",\"@graph\":[{\"@type\":\"WebPage\",\"@id\":\"https:\/\/campinglaspalmeras.com\/de\/services-2\/supermarkt\/\",\"url\":\"https:\/\/campinglaspalmeras.com\/de\/services-2\/supermarkt\/\",\"name\":\"Supermarkt - Camping Las Palmeras Costa Brava\",\"isPartOf\":{\"@id\":\"https:\/\/campinglaspalmeras.com\/ca\/#website\"},\"datePublished\":\"2020-09-09T10:24:26+00:00\",\"dateModified\":\"2020-10-14T15:28:31+00:00\",\"description\":\"Der Supermarkt ist t\u00e4glich ge\u00f6ffnet. Hier wird zu vern\u00fcnftigen Preisen alles geboten, was die G\u00e4ste m\u00f6glicherweise ben\u00f6tigen, von frischen Lebensmitteln (wie Fleisch, Obst und Gem\u00fcse) \u00fcber verschiedene Brotsorten bis hin zu Zeitungen und Zeitschriften.\",\"breadcrumb\":{\"@id\":\"https:\/\/campinglaspalmeras.com\/de\/services-2\/supermarkt\/#breadcrumb\"},\"inLanguage\":\"de\",\"potentialAction\":[{\"@type\":\"ReadAction\",\"target\":[\"https:\/\/campinglaspalmeras.com\/de\/services-2\/supermarkt\/\"]}]},{\"@type\":\"BreadcrumbList\",\"@id\":\"https:\/\/campinglaspalmeras.com\/de\/services-2\/supermarkt\/#breadcrumb\",\"itemListElement\":[{\"@type\":\"ListItem\",\"position\":1,\"name\":\"Portada\",\"item\":\"https:\/\/campinglaspalmeras.com\/de\/home\/\"},{\"@type\":\"ListItem\",\"position\":2,\"name\":\"Installationen\",\"item\":\"https:\/\/campinglaspalmeras.com\/de\/services-2\/\"},{\"@type\":\"ListItem\",\"position\":3,\"name\":\"Supermarkt\"}]},{\"@type\":\"WebSite\",\"@id\":\"https:\/\/campinglaspalmeras.com\/ca\/#website\",\"url\":\"https:\/\/campinglaspalmeras.com\/ca\/\",\"name\":\"Camping Las Palmeras Costa Brava\",\"description\":\"Camping Las Palmeras Costa Brava\",\"potentialAction\":[{\"@type\":\"SearchAction\",\"target\":{\"@type\":\"EntryPoint\",\"urlTemplate\":\"https:\/\/campinglaspalmeras.com\/ca\/?s={search_term_string}\"},\"query-input\":\"required name=search_term_string\"}],\"inLanguage\":\"de\"}]}<\/script>\n<!-- \/ Yoast SEO plugin. -->","yoast_head_json":{"title":"Supermarkt - Camping Las Palmeras Costa Brava","description":"Der Supermarkt ist t\u00e4glich ge\u00f6ffnet. Hier wird zu vern\u00fcnftigen Preisen alles geboten, was die G\u00e4ste m\u00f6glicherweise ben\u00f6tigen, von frischen Lebensmitteln (wie Fleisch, Obst und Gem\u00fcse) \u00fcber verschiedene Brotsorten bis hin zu Zeitungen und Zeitschriften.","robots":{"index":"index","follow":"follow","max-snippet":"max-snippet:-1","max-image-preview":"max-image-preview:large","max-video-preview":"max-video-preview:-1"},"canonical":"https:\/\/campinglaspalmeras.com\/de\/services-2\/supermarkt\/","og_locale":"de_DE","og_type":"article","og_title":"Supermarkt - Camping Las Palmeras Costa Brava","og_description":"Der Supermarkt ist t\u00e4glich ge\u00f6ffnet. Hier wird zu vern\u00fcnftigen Preisen alles geboten, was die G\u00e4ste m\u00f6glicherweise ben\u00f6tigen, von frischen Lebensmitteln (wie Fleisch, Obst und Gem\u00fcse) \u00fcber verschiedene Brotsorten bis hin zu Zeitungen und Zeitschriften.","og_url":"https:\/\/campinglaspalmeras.com\/de\/services-2\/supermarkt\/","og_site_name":"Camping Las Palmeras Costa Brava","article_publisher":"https:\/\/www.facebook.com\/campingpalmeras","article_modified_time":"2020-10-14T15:28:31+00:00","twitter_card":"summary_large_image","twitter_site":"@CLasPalmeras","twitter_misc":{"Gesch\u00e4tzte Lesezeit":"4\u00a0Minuten"},"schema":{"@context":"https:\/\/schema.org","@graph":[{"@type":"WebPage","@id":"https:\/\/campinglaspalmeras.com\/de\/services-2\/supermarkt\/","url":"https:\/\/campinglaspalmeras.com\/de\/services-2\/supermarkt\/","name":"Supermarkt - Camping Las Palmeras Costa Brava","isPartOf":{"@id":"https:\/\/campinglaspalmeras.com\/ca\/#website"},"datePublished":"2020-09-09T10:24:26+00:00","dateModified":"2020-10-14T15:28:31+00:00","description":"Der Supermarkt ist t\u00e4glich ge\u00f6ffnet. Hier wird zu vern\u00fcnftigen Preisen alles geboten, was die G\u00e4ste m\u00f6glicherweise ben\u00f6tigen, von frischen Lebensmitteln (wie Fleisch, Obst und Gem\u00fcse) \u00fcber verschiedene Brotsorten bis hin zu Zeitungen und Zeitschriften.","breadcrumb":{"@id":"https:\/\/campinglaspalmeras.com\/de\/services-2\/supermarkt\/#breadcrumb"},"inLanguage":"de","potentialAction":[{"@type":"ReadAction","target":["https:\/\/campinglaspalmeras.com\/de\/services-2\/supermarkt\/"]}]},{"@type":"BreadcrumbList","@id":"https:\/\/campinglaspalmeras.com\/de\/services-2\/supermarkt\/#breadcrumb","itemListElement":[{"@type":"ListItem","position":1,"name":"Portada","item":"https:\/\/campinglaspalmeras.com\/de\/home\/"},{"@type":"ListItem","position":2,"name":"Installationen","item":"https:\/\/campinglaspalmeras.com\/de\/services-2\/"},{"@type":"ListItem","position":3,"name":"Supermarkt"}]},{"@type":"WebSite","@id":"https:\/\/campinglaspalmeras.com\/ca\/#website","url":"https:\/\/campinglaspalmeras.com\/ca\/","name":"Camping Las Palmeras Costa Brava","description":"Camping Las Palmeras Costa Brava","potentialAction":[{"@type":"SearchAction","target":{"@type":"EntryPoint","urlTemplate":"https:\/\/campinglaspalmeras.com\/ca\/?s={search_term_string}"},"query-input":"required name=search_term_string"}],"inLanguage":"de"}]}},"_links":{"self":[{"href":"https:\/\/campinglaspalmeras.com\/de\/wp-json\/wp\/v2\/pages\/1302"}],"collection":[{"href":"https:\/\/campinglaspalmeras.com\/de\/wp-json\/wp\/v2\/pages"}],"about":[{"href":"https:\/\/campinglaspalmeras.com\/de\/wp-json\/wp\/v2\/types\/page"}],"author":[{"embeddable":true,"href":"https:\/\/campinglaspalmeras.com\/de\/wp-json\/wp\/v2\/users\/1"}],"replies":[{"embeddable":true,"href":"https:\/\/campinglaspalmeras.com\/de\/wp-json\/wp\/v2\/comments?post=1302"}],"version-history":[{"count":3,"href":"https:\/\/campinglaspalmeras.com\/de\/wp-json\/wp\/v2\/pages\/1302\/revisions"}],"predecessor-version":[{"id":3056,"href":"https:\/\/campinglaspalmeras.com\/de\/wp-json\/wp\/v2\/pages\/1302\/revisions\/3056"}],"up":[{"embeddable":true,"href":"https:\/\/campinglaspalmeras.com\/de\/wp-json\/wp\/v2\/pages\/1773"}],"wp:attachment":[{"href":"https:\/\/campinglaspalmeras.com\/de\/wp-json\/wp\/v2\/media?parent=1302"}],"curies":[{"name":"wp","href":"https:\/\/api.w.org\/{rel}","templated":true}]}}