{"id":1403,"date":"2020-09-09T12:24:18","date_gmt":"2020-09-09T10:24:18","guid":{"rendered":"https:\/\/campinglaspalmeras.com\/swimming-pools\/"},"modified":"2024-07-22T16:26:44","modified_gmt":"2024-07-22T14:26:44","slug":"pool","status":"publish","type":"page","link":"https:\/\/campinglaspalmeras.com\/de\/services-2\/pool\/","title":{"rendered":"Pool"},"content":{"rendered":"\n<style type=\"text\/css\" data-created_by=\"avia_inline_auto\" id=\"style-css-av-ketpt1xq-a9da0701922bfcfe586dcc597776d9d9\">\n.avia-section.av-ketpt1xq-a9da0701922bfcfe586dcc597776d9d9 .av-parallax .av-parallax-inner{\nbackground-repeat:no-repeat;\nbackground-image:url(https:\/\/campinglaspalmeras.com\/wp-content\/uploads\/2020\/09\/van-vintage-2285126_1280.jpg);\nbackground-position:50% 50%;\nbackground-attachment:scroll;\n}\n.avia-section.av-ketpt1xq-a9da0701922bfcfe586dcc597776d9d9 .av-section-color-overlay{\nopacity:0.8;\nbackground-color:#2d2d2d;\n}\n<\/style>\n<div id='av_section_1'  class='avia-section av-ketpt1xq-a9da0701922bfcfe586dcc597776d9d9 main_color avia-section-default avia-no-border-styling  avia-builder-el-0  el_before_av_image  avia-builder-el-first  av-parallax-section avia-bg-style-parallax av-section-color-overlay-active container_wrap sidebar_right'  data-section-bg-repeat='no-repeat'><div class='av-parallax' data-avia-parallax-ratio='0.3' ><div class='av-parallax-inner main_color avia-full-stretch'><\/div><\/div><div class=\"av-section-color-overlay-wrap\"><div class=\"av-section-color-overlay\"><\/div><div class='container av-section-cont-open' ><main  role=\"main\" itemprop=\"mainContentOfPage\"  class='template-page content  av-content-small alpha units'><div class='post-entry post-entry-type-page post-entry-1403'><div class='entry-content-wrapper clearfix'>\n\n<style type=\"text\/css\" data-created_by=\"avia_inline_auto\" id=\"style-css-av-kg9jhh60-b584bab60614626116e5ee36e3153a3b\">\n#top .av-special-heading.av-kg9jhh60-b584bab60614626116e5ee36e3153a3b{\npadding-bottom:10px;\ncolor:#ffffff;\n}\nbody .av-special-heading.av-kg9jhh60-b584bab60614626116e5ee36e3153a3b .av-special-heading-tag .heading-char{\nfont-size:25px;\n}\n.av-special-heading.av-kg9jhh60-b584bab60614626116e5ee36e3153a3b .special-heading-inner-border{\nborder-color:#ffffff;\n}\n.av-special-heading.av-kg9jhh60-b584bab60614626116e5ee36e3153a3b .av-subheading{\nfont-size:15px;\n}\n<\/style>\n<div  class='av-special-heading av-kg9jhh60-b584bab60614626116e5ee36e3153a3b av-special-heading-h1 custom-color-heading blockquote modern-quote modern-centered  avia-builder-el-1  avia-builder-el-no-sibling '><h1 class='av-special-heading-tag'  itemprop=\"headline\"  >Pool<\/h1><div class=\"special-heading-border\"><div class=\"special-heading-inner-border\"><\/div><\/div><\/div>\n<\/div><\/div><\/main><!-- close content main element --><\/div><\/div><\/div><div id='after_section_1'  class='main_color av_default_container_wrap container_wrap sidebar_right'  ><div class='container av-section-cont-open' ><div class='template-page content  av-content-small alpha units'><div class='post-entry post-entry-type-page post-entry-1403'><div class='entry-content-wrapper clearfix'>\n\n<style type=\"text\/css\" data-created_by=\"avia_inline_auto\" id=\"style-css-av-kev8ozq5-d65f5a2350e7b1aaa738024e8ad43ebf\">\n.avia-image-container.av-kev8ozq5-d65f5a2350e7b1aaa738024e8ad43ebf img.avia_image{\nbox-shadow:none;\n}\n.avia-image-container.av-kev8ozq5-d65f5a2350e7b1aaa738024e8ad43ebf .av-image-caption-overlay-center{\ncolor:#ffffff;\n}\n<\/style>\n<div  class='avia-image-container av-kev8ozq5-d65f5a2350e7b1aaa738024e8ad43ebf av-styling- avia-align-center  avia-builder-el-2  el_after_av_section  el_before_av_hr  avia-builder-el-first '   itemprop=\"image\" itemscope=\"itemscope\" itemtype=\"https:\/\/schema.org\/ImageObject\" ><div class=\"avia-image-container-inner\"><div class=\"avia-image-overlay-wrap\"><img decoding=\"async\" class='wp-image-9048 avia-img-lazy-loading-not-9048 avia_image ' src=\"https:\/\/campinglaspalmeras.com\/wp-content\/uploads\/2024\/07\/070924_8.jpg\" alt='' title='070924_8'  height=\"742\" width=\"1320\"  itemprop=\"thumbnailUrl\" srcset=\"https:\/\/campinglaspalmeras.com\/wp-content\/uploads\/2024\/07\/070924_8.jpg 1320w, https:\/\/campinglaspalmeras.com\/wp-content\/uploads\/2024\/07\/070924_8-300x169.jpg 300w, https:\/\/campinglaspalmeras.com\/wp-content\/uploads\/2024\/07\/070924_8-1030x579.jpg 1030w, https:\/\/campinglaspalmeras.com\/wp-content\/uploads\/2024\/07\/070924_8-768x432.jpg 768w, https:\/\/campinglaspalmeras.com\/wp-content\/uploads\/2024\/07\/070924_8-705x396.jpg 705w\" sizes=\"(max-width: 1320px) 100vw, 1320px\" \/><\/div><\/div><\/div>\n\n<style type=\"text\/css\" data-created_by=\"avia_inline_auto\" id=\"style-css-av-ppmu9-f374e1e85e1a09ed8e91caec20c9a5bd\">\n#top .hr.hr-invisible.av-ppmu9-f374e1e85e1a09ed8e91caec20c9a5bd{\nheight:30px;\n}\n<\/style>\n<div  class='hr av-ppmu9-f374e1e85e1a09ed8e91caec20c9a5bd hr-invisible  avia-builder-el-3  el_after_av_image  el_before_av_textblock '><span class='hr-inner '><span class=\"hr-inner-style\"><\/span><\/span><\/div>\n<section  class='av_textblock_section av-kev993bo-220f9a9b6296c434d82ebdc6a8ee5d34 '   itemscope=\"itemscope\" itemtype=\"https:\/\/schema.org\/CreativeWork\" ><div class='avia_textblock'  itemprop=\"text\" ><h2><span class=\"hps\">Genie\u00dfen Sie unsere<\/span>\u00a0<span class=\"hps\">drei Swimmingpools und Jacuzzi<\/span><\/h2>\n<p><strong>Der Poolbereich<\/strong> befindet sich neben Restaurant und Bar und bildet zusammen mit der Terrasse ein sehr angenehmes Ensemble. Wir verf\u00fcgen \u00fcber <strong>drei Pools und Jacuzzi<\/strong>, zwei f\u00fcr Erwachsene und einen f\u00fcr Kinder mit Wasserspielen und Rutschen. In der Vor- und Nachsaison ist <strong>eins der Schwimmb\u00e4der beheizt<\/strong>.<\/p>\n<p><a href=\"https:\/\/campinglaspalmeras.com\/wp-content\/uploads\/2020\/09\/handicap-150x150-1.png\"><img decoding=\"async\" loading=\"lazy\" class=\"wp-image-1420 alignleft\" src=\"https:\/\/campinglaspalmeras.com\/wp-content\/uploads\/2020\/09\/handicap-150x150-1.png\" alt=\"handicap-150x150\" width=\"45\" height=\"45\" srcset=\"https:\/\/campinglaspalmeras.com\/wp-content\/uploads\/2020\/09\/handicap-150x150-1.png 150w, https:\/\/campinglaspalmeras.com\/wp-content\/uploads\/2020\/09\/handicap-150x150-1-80x80.png 80w, https:\/\/campinglaspalmeras.com\/wp-content\/uploads\/2020\/09\/handicap-150x150-1-36x36.png 36w\" sizes=\"(max-width: 45px) 100vw, 45px\" \/><\/a>Einer der Pools verf\u00fcgt \u00fcber ein Gel\u00e4nder, um G\u00e4sten mit eingeschr\u00e4nkter Mobilit\u00e4t den Zugang zu erleichtern.<\/p>\n<\/div><\/section>\n\n<style type=\"text\/css\" data-created_by=\"avia_inline_auto\" id=\"style-css-av-ns1ft-30c043361fc39ca8a67a75bed485170f\">\n#top .hr.hr-invisible.av-ns1ft-30c043361fc39ca8a67a75bed485170f{\nheight:30px;\n}\n<\/style>\n<div  class='hr av-ns1ft-30c043361fc39ca8a67a75bed485170f hr-invisible  avia-builder-el-5  el_after_av_textblock  el_before_av_one_full '><span class='hr-inner '><span class=\"hr-inner-style\"><\/span><\/span><\/div>\n\n<style type=\"text\/css\" data-created_by=\"avia_inline_auto\" id=\"style-css-av-gxt8p-30b877c7f8b068fc645be4819903bc54\">\n.flex_column.av-gxt8p-30b877c7f8b068fc645be4819903bc54{\n-webkit-border-radius:0px 0px 0px 0px;\n-moz-border-radius:0px 0px 0px 0px;\nborder-radius:0px 0px 0px 0px;\npadding:0px 0px 0px 0px;\n}\n<\/style>\n<div  class='flex_column av-gxt8p-30b877c7f8b068fc645be4819903bc54 av_one_full  avia-builder-el-6  el_after_av_hr  el_before_av_hr  first flex_column_div av-zero-column-padding  '     ><div id='av-masonry-1' class='av-masonry av-kev8qool-55cb208c3c60fa37c91f8e8cfe371931 noHover av-fixed-size av-large-gap av-hover-overlay- av-masonry-animation-active av-masonry-col-4 av-caption-always av-caption-style- av-masonry-gallery ' data-post_id=\"1403\"><div class=\"av-masonry-container isotope av-js-disabled\"><div class='av-masonry-entry isotope-item av-masonry-item-no-image '><\/div><a href=\"https:\/\/campinglaspalmeras.com\/wp-content\/uploads\/2024\/07\/070924_15-1030x687.jpg\" data-srcset=\"https:\/\/campinglaspalmeras.com\/wp-content\/uploads\/2024\/07\/070924_15-1030x687.jpg 1030w, https:\/\/campinglaspalmeras.com\/wp-content\/uploads\/2024\/07\/070924_15-300x200.jpg 300w, https:\/\/campinglaspalmeras.com\/wp-content\/uploads\/2024\/07\/070924_15-768x512.jpg 768w, https:\/\/campinglaspalmeras.com\/wp-content\/uploads\/2024\/07\/070924_15-705x470.jpg 705w, https:\/\/campinglaspalmeras.com\/wp-content\/uploads\/2024\/07\/070924_15.jpg 1320w\" data-sizes=\"(max-width: 1030px) 100vw, 1030px\"  aria-label=\"Bild 070924_15\"  id='av-masonry-1-item-9062' data-av-masonry-item='9062' class='av-masonry-entry isotope-item post-9062 attachment type-attachment status-inherit hentry  av-masonry-item-with-image' title=\"070924_15\" alt=\"\"    itemprop=\"thumbnailUrl\" ><div class='av-inner-masonry-sizer'><\/div><figure class='av-inner-masonry main_color'><div class=\"av-masonry-outerimage-container\"><div class='av-masonry-image-container' style=\"background-image: url(https:\/\/campinglaspalmeras.com\/wp-content\/uploads\/2024\/07\/070924_15-705x470.jpg);\"  title=\"070924_15\"  ><\/div><\/div><\/figure><\/a><!--end av-masonry entry--><a href=\"https:\/\/campinglaspalmeras.com\/wp-content\/uploads\/2024\/07\/070924_8-1030x579.jpg\" data-srcset=\"https:\/\/campinglaspalmeras.com\/wp-content\/uploads\/2024\/07\/070924_8-1030x579.jpg 1030w, https:\/\/campinglaspalmeras.com\/wp-content\/uploads\/2024\/07\/070924_8-300x169.jpg 300w, https:\/\/campinglaspalmeras.com\/wp-content\/uploads\/2024\/07\/070924_8-768x432.jpg 768w, https:\/\/campinglaspalmeras.com\/wp-content\/uploads\/2024\/07\/070924_8-705x396.jpg 705w, https:\/\/campinglaspalmeras.com\/wp-content\/uploads\/2024\/07\/070924_8.jpg 1320w\" data-sizes=\"(max-width: 1030px) 100vw, 1030px\"  aria-label=\"Bild 070924_8\"  id='av-masonry-1-item-9048' data-av-masonry-item='9048' class='av-masonry-entry isotope-item post-9048 attachment type-attachment status-inherit hentry  av-masonry-item-with-image' title=\"070924_8\" alt=\"\"    itemprop=\"thumbnailUrl\" ><div class='av-inner-masonry-sizer'><\/div><figure class='av-inner-masonry main_color'><div class=\"av-masonry-outerimage-container\"><div class='av-masonry-image-container' style=\"background-image: url(https:\/\/campinglaspalmeras.com\/wp-content\/uploads\/2024\/07\/070924_8-705x396.jpg);\"  title=\"070924_8\"  ><\/div><\/div><\/figure><\/a><!--end av-masonry entry--><a href=\"https:\/\/campinglaspalmeras.com\/wp-content\/uploads\/2024\/07\/070924_7-1030x579.jpg\" data-srcset=\"https:\/\/campinglaspalmeras.com\/wp-content\/uploads\/2024\/07\/070924_7-1030x579.jpg 1030w, https:\/\/campinglaspalmeras.com\/wp-content\/uploads\/2024\/07\/070924_7-300x169.jpg 300w, https:\/\/campinglaspalmeras.com\/wp-content\/uploads\/2024\/07\/070924_7-768x432.jpg 768w, https:\/\/campinglaspalmeras.com\/wp-content\/uploads\/2024\/07\/070924_7-705x396.jpg 705w, https:\/\/campinglaspalmeras.com\/wp-content\/uploads\/2024\/07\/070924_7.jpg 1320w\" data-sizes=\"(max-width: 1030px) 100vw, 1030px\"  aria-label=\"Bild 070924_7\"  id='av-masonry-1-item-9045' data-av-masonry-item='9045' class='av-masonry-entry isotope-item post-9045 attachment type-attachment status-inherit hentry  av-masonry-item-with-image' title=\"070924_7\" alt=\"\"    itemprop=\"thumbnailUrl\" ><div class='av-inner-masonry-sizer'><\/div><figure class='av-inner-masonry main_color'><div class=\"av-masonry-outerimage-container\"><div class='av-masonry-image-container' style=\"background-image: url(https:\/\/campinglaspalmeras.com\/wp-content\/uploads\/2024\/07\/070924_7-705x396.jpg);\"  title=\"070924_7\"  ><\/div><\/div><\/figure><\/a><!--end av-masonry entry--><a href=\"https:\/\/campinglaspalmeras.com\/wp-content\/uploads\/2024\/07\/070924_6-1030x579.jpg\" data-srcset=\"https:\/\/campinglaspalmeras.com\/wp-content\/uploads\/2024\/07\/070924_6-1030x579.jpg 1030w, https:\/\/campinglaspalmeras.com\/wp-content\/uploads\/2024\/07\/070924_6-300x169.jpg 300w, https:\/\/campinglaspalmeras.com\/wp-content\/uploads\/2024\/07\/070924_6-768x432.jpg 768w, https:\/\/campinglaspalmeras.com\/wp-content\/uploads\/2024\/07\/070924_6-705x396.jpg 705w, https:\/\/campinglaspalmeras.com\/wp-content\/uploads\/2024\/07\/070924_6.jpg 1320w\" data-sizes=\"(max-width: 1030px) 100vw, 1030px\"  aria-label=\"Bild 070924_6\"  id='av-masonry-1-item-9037' data-av-masonry-item='9037' class='av-masonry-entry isotope-item post-9037 attachment type-attachment status-inherit hentry  av-masonry-item-with-image' title=\"070924_6\" alt=\"\"    itemprop=\"thumbnailUrl\" ><div class='av-inner-masonry-sizer'><\/div><figure class='av-inner-masonry main_color'><div class=\"av-masonry-outerimage-container\"><div class='av-masonry-image-container' style=\"background-image: url(https:\/\/campinglaspalmeras.com\/wp-content\/uploads\/2024\/07\/070924_6-705x396.jpg);\"  title=\"070924_6\"  ><\/div><\/div><\/figure><\/a><!--end av-masonry entry--><a href=\"https:\/\/campinglaspalmeras.com\/wp-content\/uploads\/2024\/07\/070924_2-1030x579.jpg\" data-srcset=\"https:\/\/campinglaspalmeras.com\/wp-content\/uploads\/2024\/07\/070924_2-1030x579.jpg 1030w, https:\/\/campinglaspalmeras.com\/wp-content\/uploads\/2024\/07\/070924_2-300x169.jpg 300w, https:\/\/campinglaspalmeras.com\/wp-content\/uploads\/2024\/07\/070924_2-768x432.jpg 768w, https:\/\/campinglaspalmeras.com\/wp-content\/uploads\/2024\/07\/070924_2-705x396.jpg 705w, https:\/\/campinglaspalmeras.com\/wp-content\/uploads\/2024\/07\/070924_2.jpg 1320w\" data-sizes=\"(max-width: 1030px) 100vw, 1030px\"  aria-label=\"Bild 070924_2\"  id='av-masonry-1-item-9029' data-av-masonry-item='9029' class='av-masonry-entry isotope-item post-9029 attachment type-attachment status-inherit hentry  av-masonry-item-with-image' title=\"070924_2\" alt=\"\"    itemprop=\"thumbnailUrl\" ><div class='av-inner-masonry-sizer'><\/div><figure class='av-inner-masonry main_color'><div class=\"av-masonry-outerimage-container\"><div class='av-masonry-image-container' style=\"background-image: url(https:\/\/campinglaspalmeras.com\/wp-content\/uploads\/2024\/07\/070924_2-705x396.jpg);\"  title=\"070924_2\"  ><\/div><\/div><\/figure><\/a><!--end av-masonry entry--><\/div><\/div><\/div>\n<style type=\"text\/css\" data-created_by=\"avia_inline_auto\" id=\"style-css-av-bc0kx-4dbf74cdbd8539208157394221df6632\">\n#top .hr.hr-invisible.av-bc0kx-4dbf74cdbd8539208157394221df6632{\nheight:30px;\n}\n<\/style>\n<div  class='hr av-bc0kx-4dbf74cdbd8539208157394221df6632 hr-invisible  avia-builder-el-8  el_after_av_one_full  el_before_av_button '><span class='hr-inner '><span class=\"hr-inner-style\"><\/span><\/span><\/div><\/p>\n<div  class='avia-button-wrap av-kev8plwe-cb14e9ec53c3b6467699b63a009a8431-wrap avia-button-center  avia-builder-el-9  el_after_av_hr  avia-builder-el-last '><a href='https:\/\/campinglaspalmeras.com\/de\/contact\/'  class='avia-button av-kev8plwe-cb14e9ec53c3b6467699b63a009a8431 avia-icon_select-no avia-size-large avia-position-center avia-color-theme-color'  ><span class='avia_iconbox_title' >Kontakt<\/span><\/a><\/div>\n","protected":false},"excerpt":{"rendered":"","protected":false},"author":1,"featured_media":0,"parent":1773,"menu_order":163,"comment_status":"closed","ping_status":"closed","template":"","meta":[],"yoast_head":"<!-- This site is optimized with the Yoast SEO plugin v20.9 - https:\/\/yoast.com\/wordpress\/plugins\/seo\/ -->\n<title>Pool - Camping Las Palmeras Costa Brava<\/title>\n<meta name=\"description\" content=\"Genie\u00dfen Sie unsere drei Swimmingpools Der Poolbereich befindet sich neben Restaurant und Bar und bildet zusammen mit der Terrasse ein sehr angenehmes Ensemble.\" \/>\n<meta name=\"robots\" content=\"index, follow, max-snippet:-1, max-image-preview:large, max-video-preview:-1\" \/>\n<link rel=\"canonical\" href=\"https:\/\/campinglaspalmeras.com\/de\/services-2\/pool\/\" \/>\n<meta property=\"og:locale\" content=\"de_DE\" \/>\n<meta property=\"og:type\" content=\"article\" \/>\n<meta property=\"og:title\" content=\"Pool - Camping Las Palmeras Costa Brava\" \/>\n<meta property=\"og:description\" content=\"Genie\u00dfen Sie unsere drei Swimmingpools Der Poolbereich befindet sich neben Restaurant und Bar und bildet zusammen mit der Terrasse ein sehr angenehmes Ensemble.\" \/>\n<meta property=\"og:url\" content=\"https:\/\/campinglaspalmeras.com\/de\/services-2\/pool\/\" \/>\n<meta property=\"og:site_name\" content=\"Camping Las Palmeras Costa Brava\" \/>\n<meta property=\"article:publisher\" content=\"https:\/\/www.facebook.com\/campingpalmeras\" \/>\n<meta property=\"article:modified_time\" content=\"2024-07-22T14:26:44+00:00\" \/>\n<meta property=\"og:image\" content=\"https:\/\/campinglaspalmeras.com\/wp-content\/uploads\/2020\/09\/handicap-150x150-1.png\" \/>\n<meta name=\"twitter:card\" content=\"summary_large_image\" \/>\n<meta name=\"twitter:site\" content=\"@CLasPalmeras\" \/>\n<meta name=\"twitter:label1\" content=\"Gesch\u00e4tzte Lesezeit\" \/>\n\t<meta name=\"twitter:data1\" content=\"3\u00a0Minuten\" \/>\n<script type=\"application\/ld+json\" class=\"yoast-schema-graph\">{\"@context\":\"https:\/\/schema.org\",\"@graph\":[{\"@type\":\"WebPage\",\"@id\":\"https:\/\/campinglaspalmeras.com\/de\/services-2\/pool\/\",\"url\":\"https:\/\/campinglaspalmeras.com\/de\/services-2\/pool\/\",\"name\":\"Pool - Camping Las Palmeras Costa Brava\",\"isPartOf\":{\"@id\":\"https:\/\/campinglaspalmeras.com\/ca\/#website\"},\"datePublished\":\"2020-09-09T10:24:18+00:00\",\"dateModified\":\"2024-07-22T14:26:44+00:00\",\"description\":\"Genie\u00dfen Sie unsere drei Swimmingpools Der Poolbereich befindet sich neben Restaurant und Bar und bildet zusammen mit der Terrasse ein sehr angenehmes Ensemble.\",\"breadcrumb\":{\"@id\":\"https:\/\/campinglaspalmeras.com\/de\/services-2\/pool\/#breadcrumb\"},\"inLanguage\":\"de\",\"potentialAction\":[{\"@type\":\"ReadAction\",\"target\":[\"https:\/\/campinglaspalmeras.com\/de\/services-2\/pool\/\"]}]},{\"@type\":\"BreadcrumbList\",\"@id\":\"https:\/\/campinglaspalmeras.com\/de\/services-2\/pool\/#breadcrumb\",\"itemListElement\":[{\"@type\":\"ListItem\",\"position\":1,\"name\":\"Portada\",\"item\":\"https:\/\/campinglaspalmeras.com\/de\/home\/\"},{\"@type\":\"ListItem\",\"position\":2,\"name\":\"Installationen\",\"item\":\"https:\/\/campinglaspalmeras.com\/de\/services-2\/\"},{\"@type\":\"ListItem\",\"position\":3,\"name\":\"Pool\"}]},{\"@type\":\"WebSite\",\"@id\":\"https:\/\/campinglaspalmeras.com\/ca\/#website\",\"url\":\"https:\/\/campinglaspalmeras.com\/ca\/\",\"name\":\"Camping Las Palmeras Costa Brava\",\"description\":\"Camping Las Palmeras Costa Brava\",\"potentialAction\":[{\"@type\":\"SearchAction\",\"target\":{\"@type\":\"EntryPoint\",\"urlTemplate\":\"https:\/\/campinglaspalmeras.com\/ca\/?s={search_term_string}\"},\"query-input\":\"required name=search_term_string\"}],\"inLanguage\":\"de\"}]}<\/script>\n<!-- \/ Yoast SEO plugin. -->","yoast_head_json":{"title":"Pool - Camping Las Palmeras Costa Brava","description":"Genie\u00dfen Sie unsere drei Swimmingpools Der Poolbereich befindet sich neben Restaurant und Bar und bildet zusammen mit der Terrasse ein sehr angenehmes Ensemble.","robots":{"index":"index","follow":"follow","max-snippet":"max-snippet:-1","max-image-preview":"max-image-preview:large","max-video-preview":"max-video-preview:-1"},"canonical":"https:\/\/campinglaspalmeras.com\/de\/services-2\/pool\/","og_locale":"de_DE","og_type":"article","og_title":"Pool - Camping Las Palmeras Costa Brava","og_description":"Genie\u00dfen Sie unsere drei Swimmingpools Der Poolbereich befindet sich neben Restaurant und Bar und bildet zusammen mit der Terrasse ein sehr angenehmes Ensemble.","og_url":"https:\/\/campinglaspalmeras.com\/de\/services-2\/pool\/","og_site_name":"Camping Las Palmeras Costa Brava","article_publisher":"https:\/\/www.facebook.com\/campingpalmeras","article_modified_time":"2024-07-22T14:26:44+00:00","og_image":[{"url":"https:\/\/campinglaspalmeras.com\/wp-content\/uploads\/2020\/09\/handicap-150x150-1.png"}],"twitter_card":"summary_large_image","twitter_site":"@CLasPalmeras","twitter_misc":{"Gesch\u00e4tzte Lesezeit":"3\u00a0Minuten"},"schema":{"@context":"https:\/\/schema.org","@graph":[{"@type":"WebPage","@id":"https:\/\/campinglaspalmeras.com\/de\/services-2\/pool\/","url":"https:\/\/campinglaspalmeras.com\/de\/services-2\/pool\/","name":"Pool - Camping Las Palmeras Costa Brava","isPartOf":{"@id":"https:\/\/campinglaspalmeras.com\/ca\/#website"},"datePublished":"2020-09-09T10:24:18+00:00","dateModified":"2024-07-22T14:26:44+00:00","description":"Genie\u00dfen Sie unsere drei Swimmingpools Der Poolbereich befindet sich neben Restaurant und Bar und bildet zusammen mit der Terrasse ein sehr angenehmes Ensemble.","breadcrumb":{"@id":"https:\/\/campinglaspalmeras.com\/de\/services-2\/pool\/#breadcrumb"},"inLanguage":"de","potentialAction":[{"@type":"ReadAction","target":["https:\/\/campinglaspalmeras.com\/de\/services-2\/pool\/"]}]},{"@type":"BreadcrumbList","@id":"https:\/\/campinglaspalmeras.com\/de\/services-2\/pool\/#breadcrumb","itemListElement":[{"@type":"ListItem","position":1,"name":"Portada","item":"https:\/\/campinglaspalmeras.com\/de\/home\/"},{"@type":"ListItem","position":2,"name":"Installationen","item":"https:\/\/campinglaspalmeras.com\/de\/services-2\/"},{"@type":"ListItem","position":3,"name":"Pool"}]},{"@type":"WebSite","@id":"https:\/\/campinglaspalmeras.com\/ca\/#website","url":"https:\/\/campinglaspalmeras.com\/ca\/","name":"Camping Las Palmeras Costa Brava","description":"Camping Las Palmeras Costa Brava","potentialAction":[{"@type":"SearchAction","target":{"@type":"EntryPoint","urlTemplate":"https:\/\/campinglaspalmeras.com\/ca\/?s={search_term_string}"},"query-input":"required name=search_term_string"}],"inLanguage":"de"}]}},"_links":{"self":[{"href":"https:\/\/campinglaspalmeras.com\/de\/wp-json\/wp\/v2\/pages\/1403"}],"collection":[{"href":"https:\/\/campinglaspalmeras.com\/de\/wp-json\/wp\/v2\/pages"}],"about":[{"href":"https:\/\/campinglaspalmeras.com\/de\/wp-json\/wp\/v2\/types\/page"}],"author":[{"embeddable":true,"href":"https:\/\/campinglaspalmeras.com\/de\/wp-json\/wp\/v2\/users\/1"}],"replies":[{"embeddable":true,"href":"https:\/\/campinglaspalmeras.com\/de\/wp-json\/wp\/v2\/comments?post=1403"}],"version-history":[{"count":8,"href":"https:\/\/campinglaspalmeras.com\/de\/wp-json\/wp\/v2\/pages\/1403\/revisions"}],"predecessor-version":[{"id":9156,"href":"https:\/\/campinglaspalmeras.com\/de\/wp-json\/wp\/v2\/pages\/1403\/revisions\/9156"}],"up":[{"embeddable":true,"href":"https:\/\/campinglaspalmeras.com\/de\/wp-json\/wp\/v2\/pages\/1773"}],"wp:attachment":[{"href":"https:\/\/campinglaspalmeras.com\/de\/wp-json\/wp\/v2\/media?parent=1403"}],"curies":[{"name":"wp","href":"https:\/\/api.w.org\/{rel}","templated":true}]}}