{"id":1405,"date":"2020-09-09T12:24:11","date_gmt":"2020-09-09T10:24:11","guid":{"rendered":"https:\/\/campinglaspalmeras.com\/bar-restaurant\/"},"modified":"2023-10-13T11:16:34","modified_gmt":"2023-10-13T09:16:34","slug":"bar-restaurant","status":"publish","type":"page","link":"https:\/\/campinglaspalmeras.com\/de\/services-2\/bar-restaurant\/","title":{"rendered":"Bar und Restaurant"},"content":{"rendered":"\n<style type=\"text\/css\" data-created_by=\"avia_inline_auto\" id=\"style-css-av-ketpt1xq-a9da0701922bfcfe586dcc597776d9d9\">\n.avia-section.av-ketpt1xq-a9da0701922bfcfe586dcc597776d9d9 .av-parallax .av-parallax-inner{\nbackground-repeat:no-repeat;\nbackground-image:url(https:\/\/campinglaspalmeras.com\/wp-content\/uploads\/2020\/09\/van-vintage-2285126_1280.jpg);\nbackground-position:50% 50%;\nbackground-attachment:scroll;\n}\n.avia-section.av-ketpt1xq-a9da0701922bfcfe586dcc597776d9d9 .av-section-color-overlay{\nopacity:0.8;\nbackground-color:#2d2d2d;\n}\n<\/style>\n<div id='av_section_1'  class='avia-section av-ketpt1xq-a9da0701922bfcfe586dcc597776d9d9 main_color avia-section-default avia-no-border-styling  avia-builder-el-0  el_before_av_slideshow  avia-builder-el-first  av-parallax-section avia-bg-style-parallax av-section-color-overlay-active container_wrap sidebar_right'  data-section-bg-repeat='no-repeat'><div class='av-parallax' data-avia-parallax-ratio='0.3' ><div class='av-parallax-inner main_color avia-full-stretch'><\/div><\/div><div class=\"av-section-color-overlay-wrap\"><div class=\"av-section-color-overlay\"><\/div><div class='container av-section-cont-open' ><main  role=\"main\" itemprop=\"mainContentOfPage\"  class='template-page content  av-content-small alpha units'><div class='post-entry post-entry-type-page post-entry-1405'><div class='entry-content-wrapper clearfix'>\n\n<style type=\"text\/css\" data-created_by=\"avia_inline_auto\" id=\"style-css-av-kg9iyi8d-9c7f501eea82e9b0afd9dbf32d1a2ef0\">\n#top .av-special-heading.av-kg9iyi8d-9c7f501eea82e9b0afd9dbf32d1a2ef0{\npadding-bottom:10px;\ncolor:#ffffff;\n}\nbody .av-special-heading.av-kg9iyi8d-9c7f501eea82e9b0afd9dbf32d1a2ef0 .av-special-heading-tag .heading-char{\nfont-size:25px;\n}\n.av-special-heading.av-kg9iyi8d-9c7f501eea82e9b0afd9dbf32d1a2ef0 .special-heading-inner-border{\nborder-color:#ffffff;\n}\n.av-special-heading.av-kg9iyi8d-9c7f501eea82e9b0afd9dbf32d1a2ef0 .av-subheading{\nfont-size:15px;\n}\n<\/style>\n<div  class='av-special-heading av-kg9iyi8d-9c7f501eea82e9b0afd9dbf32d1a2ef0 av-special-heading-h1 custom-color-heading blockquote modern-quote modern-centered  avia-builder-el-1  avia-builder-el-no-sibling '><h1 class='av-special-heading-tag'  itemprop=\"headline\"  >Bar und Restaurant<\/h1><div class=\"special-heading-border\"><div class=\"special-heading-inner-border\"><\/div><\/div><\/div>\n<\/div><\/div><\/main><!-- close content main element --><\/div><\/div><\/div><div id='after_section_1'  class='main_color av_default_container_wrap container_wrap sidebar_right'  ><div class='container av-section-cont-open' ><div class='template-page content  av-content-small alpha units'><div class='post-entry post-entry-type-page post-entry-1405'><div class='entry-content-wrapper clearfix'>\n<div  class='avia-slideshow av-kmap38hf-c2737018f849364cafb6a5617ce81e04 avia-slideshow-featured_large av_slideshow avia-fade-slider  avia-builder-el-2  el_after_av_section  el_before_av_one_fourth  avia-builder-el-first  av-slideshow-ui av-control-default av-slideshow-autoplay av-loop-endless av-loop-manual-endless av-default-height-applied avia-slideshow-1' data-slideshow-options=\"{&quot;animation&quot;:&quot;fade&quot;,&quot;autoplay&quot;:true,&quot;loop_autoplay&quot;:&quot;endless&quot;,&quot;interval&quot;:5,&quot;loop_manual&quot;:&quot;manual-endless&quot;,&quot;autoplay_stopper&quot;:false,&quot;noNavigation&quot;:false,&quot;bg_slider&quot;:false,&quot;keep_padding&quot;:false,&quot;hoverpause&quot;:false,&quot;show_slide_delay&quot;:0}\"  itemprop=\"image\" itemscope=\"itemscope\" itemtype=\"https:\/\/schema.org\/ImageObject\" ><ul class='avia-slideshow-inner ' style='padding-bottom: 51.470588235294%;'><li  class='avia-slideshow-slide av-kmap38hf-c2737018f849364cafb6a5617ce81e04__0  slide-1 slide-odd'><div data-rel='slideshow-1' class='avia-slide-wrap '   ><img decoding=\"async\" class=\"wp-image-5751 avia-img-lazy-loading-not-5751\"  src=\"https:\/\/campinglaspalmeras.com\/wp-content\/uploads\/2021\/06\/Restaurant-03-1224x630.jpg\" width=\"1224\" height=\"630\" title='Restaurant 03' alt=''  itemprop=\"thumbnailUrl\"   \/><\/div><\/li><li  class='avia-slideshow-slide av-kmap38hf-c2737018f849364cafb6a5617ce81e04__1  slide-2 slide-even'><div data-rel='slideshow-1' class='avia-slide-wrap '   ><img decoding=\"async\" class=\"wp-image-5743 avia-img-lazy-loading-not-5743\"  src=\"https:\/\/campinglaspalmeras.com\/wp-content\/uploads\/2021\/06\/Restaurant-02.jpg\" width=\"1224\" height=\"602\" title='Restaurant 02' alt=''  itemprop=\"thumbnailUrl\" srcset=\"https:\/\/campinglaspalmeras.com\/wp-content\/uploads\/2021\/06\/Restaurant-02.jpg 1224w, https:\/\/campinglaspalmeras.com\/wp-content\/uploads\/2021\/06\/Restaurant-02-300x148.jpg 300w, https:\/\/campinglaspalmeras.com\/wp-content\/uploads\/2021\/06\/Restaurant-02-1030x507.jpg 1030w, https:\/\/campinglaspalmeras.com\/wp-content\/uploads\/2021\/06\/Restaurant-02-768x378.jpg 768w, https:\/\/campinglaspalmeras.com\/wp-content\/uploads\/2021\/06\/Restaurant-02-705x347.jpg 705w\" sizes=\"(max-width: 1224px) 100vw, 1224px\" \/><\/div><\/li><li  class='avia-slideshow-slide av-kmap38hf-c2737018f849364cafb6a5617ce81e04__2  slide-3 slide-odd'><div data-rel='slideshow-1' class='avia-slide-wrap '   ><img decoding=\"async\" class=\"wp-image-5735 avia-img-lazy-loading-not-5735\"  src=\"https:\/\/campinglaspalmeras.com\/wp-content\/uploads\/2021\/06\/Restaurant-01-1224x630.jpg\" width=\"1224\" height=\"630\" title='Restaurant 01' alt=''  itemprop=\"thumbnailUrl\"   \/><\/div><\/li><\/ul><div class='avia-slideshow-arrows avia-slideshow-controls' ><a href='#prev' class='prev-slide ' aria-hidden='true' data-av_icon='\ue87c' data-av_iconfont='entypo-fontello'  tabindex='-1'>Zur\u00fcck<\/a><a href='#next' class='next-slide ' aria-hidden='true' data-av_icon='\ue87d' data-av_iconfont='entypo-fontello'  tabindex='-1'>Weiter<\/a><\/div><div class='avia-slideshow-dots avia-slideshow-controls'><a href='#1' class='goto-slide active' >1<\/a><a href='#2' class='goto-slide ' >2<\/a><a href='#3' class='goto-slide ' >3<\/a><\/div><\/div>\n\n<style type=\"text\/css\" data-created_by=\"avia_inline_auto\" id=\"style-css-av-av_one_fourth-79ff81c021393065cee878051452f6a6\">\n.flex_column.av-av_one_fourth-79ff81c021393065cee878051452f6a6{\n-webkit-border-radius:0px 0px 0px 0px;\n-moz-border-radius:0px 0px 0px 0px;\nborder-radius:0px 0px 0px 0px;\npadding:0px 0px 0px 0px;\n}\n<\/style>\n<div  class='flex_column av-av_one_fourth-79ff81c021393065cee878051452f6a6 av_one_fourth  avia-builder-el-3  el_after_av_slideshow  el_before_av_one_fourth  first flex_column_div av-zero-column-padding  '     ><\/div>\n\n<style type=\"text\/css\" data-created_by=\"avia_inline_auto\" id=\"style-css-av-av_one_fourth-49f6e875884219cf77c24341e550af53\">\n.flex_column.av-av_one_fourth-49f6e875884219cf77c24341e550af53{\n-webkit-border-radius:0px 0px 0px 0px;\n-moz-border-radius:0px 0px 0px 0px;\nborder-radius:0px 0px 0px 0px;\npadding:0px 0px 0px 0px;\n}\n<\/style>\n<div  class='flex_column av-av_one_fourth-49f6e875884219cf77c24341e550af53 av_one_fourth  avia-builder-el-4  el_after_av_one_fourth  el_before_av_two_fifth  flex_column_div av-zero-column-padding  '     ><\/div>\n\n<style type=\"text\/css\" data-created_by=\"avia_inline_auto\" id=\"style-css-av-9kf88-3a519c6e75155cb4575ea36b7089816c\">\n.flex_column.av-9kf88-3a519c6e75155cb4575ea36b7089816c{\n-webkit-border-radius:0px 0px 0px 0px;\n-moz-border-radius:0px 0px 0px 0px;\nborder-radius:0px 0px 0px 0px;\npadding:0px 0px 0px 0px;\n}\n<\/style>\n<div  class='flex_column av-9kf88-3a519c6e75155cb4575ea36b7089816c av_two_fifth  avia-builder-el-6  el_after_av_one_fourth  el_before_av_hr  flex_column_div av-zero-column-padding  '     ><p>\n<style type=\"text\/css\" data-created_by=\"avia_inline_auto\" id=\"style-css-av-2mibc-84d9c04e9e9f7ed157c4ca65c932f491\">\n#top .hr.hr-invisible.av-2mibc-84d9c04e9e9f7ed157c4ca65c932f491{\nheight:30px;\n}\n<\/style>\n<div  class='hr av-2mibc-84d9c04e9e9f7ed157c4ca65c932f491 hr-invisible  avia-builder-el-7  el_before_av_hr  avia-builder-el-first '><span class='hr-inner '><span class=\"hr-inner-style\"><\/span><\/span><\/div><br \/>\n\n<style type=\"text\/css\" data-created_by=\"avia_inline_auto\" id=\"style-css-av-2mibc-84d9c04e9e9f7ed157c4ca65c932f491\">\n#top .hr.hr-invisible.av-2mibc-84d9c04e9e9f7ed157c4ca65c932f491{\nheight:30px;\n}\n<\/style>\n<div  class='hr av-2mibc-84d9c04e9e9f7ed157c4ca65c932f491 hr-invisible  avia-builder-el-8  el_after_av_hr  el_before_av_button '><span class='hr-inner '><span class=\"hr-inner-style\"><\/span><\/span><\/div><br \/>\n<div  class='avia-button-wrap av-lnlxcu0b-f9a6f6cdc85de13ae6d8973e210ddc26-wrap avia-button-center  avia-builder-el-9  el_after_av_hr  avia-builder-el-last '><a href='https:\/\/campinglaspalmeras.com\/wp-content\/themes\/enfold-child\/pdf\/menu.pdf'  class='avia-button av-lnlxcu0b-f9a6f6cdc85de13ae6d8973e210ddc26 avia-icon_select-no avia-size-large avia-position-center av-desktop-hide av-medium-hide av-small-hide av-mini-hide avia-color-theme-color'  ><span class='avia_iconbox_title' >\u00dcberpr\u00fcfen sie unsere speisekarte<\/span><\/a><\/div><\/p><\/div>\n<style type=\"text\/css\" data-created_by=\"avia_inline_auto\" id=\"style-css-av-2mibc-84d9c04e9e9f7ed157c4ca65c932f491\">\n#top .hr.hr-invisible.av-2mibc-84d9c04e9e9f7ed157c4ca65c932f491{\nheight:30px;\n}\n<\/style>\n<div  class='hr av-2mibc-84d9c04e9e9f7ed157c4ca65c932f491 hr-invisible  avia-builder-el-10  el_after_av_two_fifth  el_before_av_textblock '><span class='hr-inner '><span class=\"hr-inner-style\"><\/span><\/span><\/div><\/p>\n<section  class='av_textblock_section av-kev98oh0-5c4ceb10518772b3cc99ac256a152f0c '   itemscope=\"itemscope\" itemtype=\"https:\/\/schema.org\/CreativeWork\" ><div class='avia_textblock'  itemprop=\"text\" ><p>Neben den \u00fcblichen Angeboten einer Bar und eines Restaurants bieten wir Ihnen in Las Palmeras auch die M\u00f6glichkeit\u00a0<strong>traditionelle Gerichte<\/strong>\u00a0der katalanischen und mediterranen K\u00fcche kennenzulernen, die mit regionalen Produkten (Km 0) h\u00f6chster Qualit\u00e4t zubereitet werden.<br \/>\nDas Lokal verf\u00fcgt \u00fcber drei Fernsehbildschirme, auf denen Sie alle\u00a0nationalen und internationalen<strong>\u00a0Fu\u00dfballspiele<\/strong>\u00a0<wbr ><\/wbr>(nl, d, e) sowie andere Sportereignisse verfolgen k\u00f6nnen.<br \/>\n<em>H\u00e4hnchenbraterei- take away<\/em><br \/>\nWir verf\u00fcgen au\u00dferdem \u00fcber eine H\u00e4hnchenbraterei mit H\u00e4hnchen und anderen Speisen zum Mitnehmen.<br \/>\n<em>Eisdiele<\/em><br \/>\nEis, Eisbecher und Nachspeisen.<\/p>\n<\/div><\/section>\n\n<style type=\"text\/css\" data-created_by=\"avia_inline_auto\" id=\"style-css-av-nt0xk-72d69c9537ae914f4a86c25a7546f6e8\">\n#top .hr.hr-invisible.av-nt0xk-72d69c9537ae914f4a86c25a7546f6e8{\nheight:30px;\n}\n<\/style>\n<div  class='hr av-nt0xk-72d69c9537ae914f4a86c25a7546f6e8 hr-invisible  avia-builder-el-12  el_after_av_textblock  el_before_av_one_full '><span class='hr-inner '><span class=\"hr-inner-style\"><\/span><\/span><\/div>\n\n<style type=\"text\/css\" data-created_by=\"avia_inline_auto\" id=\"style-css-av-dj29c-ce680c63ae8e3f6cde3f38774f0cdda0\">\n.flex_column.av-dj29c-ce680c63ae8e3f6cde3f38774f0cdda0{\n-webkit-border-radius:0px 0px 0px 0px;\n-moz-border-radius:0px 0px 0px 0px;\nborder-radius:0px 0px 0px 0px;\npadding:0px 0px 0px 0px;\n}\n<\/style>\n<div  class='flex_column av-dj29c-ce680c63ae8e3f6cde3f38774f0cdda0 av_one_full  avia-builder-el-13  el_after_av_hr  el_before_av_hr  first flex_column_div av-zero-column-padding  '     ><div id='av-masonry-1' class='av-masonry av-kev8qool-8c113ddc823a40615eb4f0c267dbab7d noHover av-fixed-size av-large-gap av-hover-overlay- av-masonry-animation-active av-masonry-col-4 av-caption-always av-caption-style- av-masonry-gallery ' data-post_id=\"1405\"><div class=\"av-masonry-container isotope av-js-disabled\"><div class='av-masonry-entry isotope-item av-masonry-item-no-image '><\/div><a href=\"https:\/\/campinglaspalmeras.com\/wp-content\/uploads\/2020\/09\/bar01-1030x687.jpg\" data-srcset=\"https:\/\/campinglaspalmeras.com\/wp-content\/uploads\/2020\/09\/bar01-1030x687.jpg 1030w, https:\/\/campinglaspalmeras.com\/wp-content\/uploads\/2020\/09\/bar01-300x200.jpg 300w, https:\/\/campinglaspalmeras.com\/wp-content\/uploads\/2020\/09\/bar01-768x512.jpg 768w, https:\/\/campinglaspalmeras.com\/wp-content\/uploads\/2020\/09\/bar01-705x470.jpg 705w, https:\/\/campinglaspalmeras.com\/wp-content\/uploads\/2020\/09\/bar01.jpg 1200w\" data-sizes=\"(max-width: 1030px) 100vw, 1030px\"  aria-label=\"Bild bar01\"  id='av-masonry-1-item-1430' data-av-masonry-item='1430' class='av-masonry-entry isotope-item post-1430 attachment type-attachment status-inherit hentry  av-masonry-item-with-image' title=\"bar01\" alt=\"\"    itemprop=\"thumbnailUrl\" ><div class='av-inner-masonry-sizer'><\/div><figure class='av-inner-masonry main_color'><div class=\"av-masonry-outerimage-container\"><div class='av-masonry-image-container' style=\"background-image: url(https:\/\/campinglaspalmeras.com\/wp-content\/uploads\/2020\/09\/bar01-705x470.jpg);\"  title=\"bar01\"  ><\/div><\/div><\/figure><\/a><!--end av-masonry entry--><a href=\"https:\/\/campinglaspalmeras.com\/wp-content\/uploads\/2020\/09\/bar02-1-1030x687.jpg\" data-srcset=\"https:\/\/campinglaspalmeras.com\/wp-content\/uploads\/2020\/09\/bar02-1-1030x687.jpg 1030w, https:\/\/campinglaspalmeras.com\/wp-content\/uploads\/2020\/09\/bar02-1-300x200.jpg 300w, https:\/\/campinglaspalmeras.com\/wp-content\/uploads\/2020\/09\/bar02-1-768x512.jpg 768w, https:\/\/campinglaspalmeras.com\/wp-content\/uploads\/2020\/09\/bar02-1-705x470.jpg 705w, https:\/\/campinglaspalmeras.com\/wp-content\/uploads\/2020\/09\/bar02-1.jpg 1200w\" data-sizes=\"(max-width: 1030px) 100vw, 1030px\"  aria-label=\"Bild bar02\"  id='av-masonry-1-item-1431' data-av-masonry-item='1431' class='av-masonry-entry isotope-item post-1431 attachment type-attachment status-inherit hentry  av-masonry-item-with-image' title=\"bar02\" alt=\"\"    itemprop=\"thumbnailUrl\" ><div class='av-inner-masonry-sizer'><\/div><figure class='av-inner-masonry main_color'><div class=\"av-masonry-outerimage-container\"><div class='av-masonry-image-container' style=\"background-image: url(https:\/\/campinglaspalmeras.com\/wp-content\/uploads\/2020\/09\/bar02-1-705x470.jpg);\"  title=\"bar02\"  ><\/div><\/div><\/figure><\/a><!--end av-masonry entry--><a href=\"https:\/\/campinglaspalmeras.com\/wp-content\/uploads\/2020\/09\/bar04-1030x687.jpg\" data-srcset=\"https:\/\/campinglaspalmeras.com\/wp-content\/uploads\/2020\/09\/bar04-1030x687.jpg 1030w, https:\/\/campinglaspalmeras.com\/wp-content\/uploads\/2020\/09\/bar04-300x200.jpg 300w, https:\/\/campinglaspalmeras.com\/wp-content\/uploads\/2020\/09\/bar04-768x512.jpg 768w, https:\/\/campinglaspalmeras.com\/wp-content\/uploads\/2020\/09\/bar04-705x470.jpg 705w, https:\/\/campinglaspalmeras.com\/wp-content\/uploads\/2020\/09\/bar04.jpg 1200w\" data-sizes=\"(max-width: 1030px) 100vw, 1030px\"  aria-label=\"Bild bar04\"  id='av-masonry-1-item-1433' data-av-masonry-item='1433' class='av-masonry-entry isotope-item post-1433 attachment type-attachment status-inherit hentry  av-masonry-item-with-image' title=\"bar04\" alt=\"\"    itemprop=\"thumbnailUrl\" ><div class='av-inner-masonry-sizer'><\/div><figure class='av-inner-masonry main_color'><div class=\"av-masonry-outerimage-container\"><div class='av-masonry-image-container' style=\"background-image: url(https:\/\/campinglaspalmeras.com\/wp-content\/uploads\/2020\/09\/bar04-705x470.jpg);\"  title=\"bar04\"  ><\/div><\/div><\/figure><\/a><!--end av-masonry entry--><a href=\"https:\/\/campinglaspalmeras.com\/wp-content\/uploads\/2021\/03\/Restaurant-1030x687.jpg\" data-srcset=\"https:\/\/campinglaspalmeras.com\/wp-content\/uploads\/2021\/03\/Restaurant-1030x687.jpg 1030w, https:\/\/campinglaspalmeras.com\/wp-content\/uploads\/2021\/03\/Restaurant-300x200.jpg 300w, https:\/\/campinglaspalmeras.com\/wp-content\/uploads\/2021\/03\/Restaurant-768x512.jpg 768w, https:\/\/campinglaspalmeras.com\/wp-content\/uploads\/2021\/03\/Restaurant-705x470.jpg 705w, https:\/\/campinglaspalmeras.com\/wp-content\/uploads\/2021\/03\/Restaurant.jpg 1350w\" data-sizes=\"(max-width: 1030px) 100vw, 1030px\"  aria-label=\"Bild Restaurant\"  id='av-masonry-1-item-4367' data-av-masonry-item='4367' class='av-masonry-entry isotope-item post-4367 attachment type-attachment status-inherit hentry  av-masonry-item-with-image' title=\"Restaurant\" alt=\"\"    itemprop=\"thumbnailUrl\" ><div class='av-inner-masonry-sizer'><\/div><figure class='av-inner-masonry main_color'><div class=\"av-masonry-outerimage-container\"><div class='av-masonry-image-container' style=\"background-image: url(https:\/\/campinglaspalmeras.com\/wp-content\/uploads\/2021\/03\/Restaurant-705x470.jpg);\"  title=\"Restaurant\"  ><\/div><\/div><\/figure><\/a><!--end av-masonry entry--><\/div><\/div><\/div>\n\n<style type=\"text\/css\" data-created_by=\"avia_inline_auto\" id=\"style-css-av-6v2lk-a897349a752ab41558538c4c8f5a4a9b\">\n#top .hr.hr-invisible.av-6v2lk-a897349a752ab41558538c4c8f5a4a9b{\nheight:30px;\n}\n<\/style>\n<div  class='hr av-6v2lk-a897349a752ab41558538c4c8f5a4a9b hr-invisible  avia-builder-el-15  el_after_av_one_full  el_before_av_button '><span class='hr-inner '><span class=\"hr-inner-style\"><\/span><\/span><\/div>\n<div  class='avia-button-wrap av-kev8plwe-cb14e9ec53c3b6467699b63a009a8431-wrap avia-button-center  avia-builder-el-16  el_after_av_hr  avia-builder-el-last '><a href='https:\/\/campinglaspalmeras.com\/de\/contact\/'  class='avia-button av-kev8plwe-cb14e9ec53c3b6467699b63a009a8431 avia-icon_select-no avia-size-large avia-position-center avia-color-theme-color'  ><span class='avia_iconbox_title' >Kontakt<\/span><\/a><\/div>\n","protected":false},"excerpt":{"rendered":"","protected":false},"author":1,"featured_media":0,"parent":1773,"menu_order":162,"comment_status":"closed","ping_status":"closed","template":"","meta":[],"yoast_head":"<!-- This site is optimized with the Yoast SEO plugin v20.9 - https:\/\/yoast.com\/wordpress\/plugins\/seo\/ -->\n<title>Bar und Restaurant - Camping Las Palmeras Costa Brava<\/title>\n<meta name=\"description\" content=\"Neben den \u00fcblichen Angeboten einer Bar und eines Restaurants bieten wir Ihnen in Las Palmeras auch die M\u00f6glichkeit traditionelle Gerichte der katalanischen und mediterranen K\u00fcche kennenzulernen\" \/>\n<meta name=\"robots\" content=\"index, follow, max-snippet:-1, max-image-preview:large, max-video-preview:-1\" \/>\n<link rel=\"canonical\" href=\"https:\/\/campinglaspalmeras.com\/de\/services-2\/bar-restaurant\/\" \/>\n<meta property=\"og:locale\" content=\"de_DE\" \/>\n<meta property=\"og:type\" content=\"article\" \/>\n<meta property=\"og:title\" content=\"Bar und Restaurant - Camping Las Palmeras Costa Brava\" \/>\n<meta property=\"og:description\" content=\"Neben den \u00fcblichen Angeboten einer Bar und eines Restaurants bieten wir Ihnen in Las Palmeras auch die M\u00f6glichkeit traditionelle Gerichte der katalanischen und mediterranen K\u00fcche kennenzulernen\" \/>\n<meta property=\"og:url\" content=\"https:\/\/campinglaspalmeras.com\/de\/services-2\/bar-restaurant\/\" \/>\n<meta property=\"og:site_name\" content=\"Camping Las Palmeras Costa Brava\" \/>\n<meta property=\"article:publisher\" content=\"https:\/\/www.facebook.com\/campingpalmeras\" \/>\n<meta property=\"article:modified_time\" content=\"2023-10-13T09:16:34+00:00\" \/>\n<meta name=\"twitter:card\" content=\"summary_large_image\" \/>\n<meta name=\"twitter:site\" content=\"@CLasPalmeras\" \/>\n<meta name=\"twitter:label1\" content=\"Gesch\u00e4tzte Lesezeit\" \/>\n\t<meta name=\"twitter:data1\" content=\"3\u00a0Minuten\" \/>\n<script type=\"application\/ld+json\" class=\"yoast-schema-graph\">{\"@context\":\"https:\/\/schema.org\",\"@graph\":[{\"@type\":\"WebPage\",\"@id\":\"https:\/\/campinglaspalmeras.com\/de\/services-2\/bar-restaurant\/\",\"url\":\"https:\/\/campinglaspalmeras.com\/de\/services-2\/bar-restaurant\/\",\"name\":\"Bar und Restaurant - Camping Las Palmeras Costa Brava\",\"isPartOf\":{\"@id\":\"https:\/\/campinglaspalmeras.com\/ca\/#website\"},\"datePublished\":\"2020-09-09T10:24:11+00:00\",\"dateModified\":\"2023-10-13T09:16:34+00:00\",\"description\":\"Neben den \u00fcblichen Angeboten einer Bar und eines Restaurants bieten wir Ihnen in Las Palmeras auch die M\u00f6glichkeit traditionelle Gerichte der katalanischen und mediterranen K\u00fcche kennenzulernen\",\"breadcrumb\":{\"@id\":\"https:\/\/campinglaspalmeras.com\/de\/services-2\/bar-restaurant\/#breadcrumb\"},\"inLanguage\":\"de\",\"potentialAction\":[{\"@type\":\"ReadAction\",\"target\":[\"https:\/\/campinglaspalmeras.com\/de\/services-2\/bar-restaurant\/\"]}]},{\"@type\":\"BreadcrumbList\",\"@id\":\"https:\/\/campinglaspalmeras.com\/de\/services-2\/bar-restaurant\/#breadcrumb\",\"itemListElement\":[{\"@type\":\"ListItem\",\"position\":1,\"name\":\"Portada\",\"item\":\"https:\/\/campinglaspalmeras.com\/de\/home\/\"},{\"@type\":\"ListItem\",\"position\":2,\"name\":\"Installationen\",\"item\":\"https:\/\/campinglaspalmeras.com\/de\/services-2\/\"},{\"@type\":\"ListItem\",\"position\":3,\"name\":\"Bar und Restaurant\"}]},{\"@type\":\"WebSite\",\"@id\":\"https:\/\/campinglaspalmeras.com\/ca\/#website\",\"url\":\"https:\/\/campinglaspalmeras.com\/ca\/\",\"name\":\"Camping Las Palmeras Costa Brava\",\"description\":\"Camping Las Palmeras Costa Brava\",\"potentialAction\":[{\"@type\":\"SearchAction\",\"target\":{\"@type\":\"EntryPoint\",\"urlTemplate\":\"https:\/\/campinglaspalmeras.com\/ca\/?s={search_term_string}\"},\"query-input\":\"required name=search_term_string\"}],\"inLanguage\":\"de\"}]}<\/script>\n<!-- \/ Yoast SEO plugin. -->","yoast_head_json":{"title":"Bar und Restaurant - Camping Las Palmeras Costa Brava","description":"Neben den \u00fcblichen Angeboten einer Bar und eines Restaurants bieten wir Ihnen in Las Palmeras auch die M\u00f6glichkeit traditionelle Gerichte der katalanischen und mediterranen K\u00fcche kennenzulernen","robots":{"index":"index","follow":"follow","max-snippet":"max-snippet:-1","max-image-preview":"max-image-preview:large","max-video-preview":"max-video-preview:-1"},"canonical":"https:\/\/campinglaspalmeras.com\/de\/services-2\/bar-restaurant\/","og_locale":"de_DE","og_type":"article","og_title":"Bar und Restaurant - Camping Las Palmeras Costa Brava","og_description":"Neben den \u00fcblichen Angeboten einer Bar und eines Restaurants bieten wir Ihnen in Las Palmeras auch die M\u00f6glichkeit traditionelle Gerichte der katalanischen und mediterranen K\u00fcche kennenzulernen","og_url":"https:\/\/campinglaspalmeras.com\/de\/services-2\/bar-restaurant\/","og_site_name":"Camping Las Palmeras Costa Brava","article_publisher":"https:\/\/www.facebook.com\/campingpalmeras","article_modified_time":"2023-10-13T09:16:34+00:00","twitter_card":"summary_large_image","twitter_site":"@CLasPalmeras","twitter_misc":{"Gesch\u00e4tzte Lesezeit":"3\u00a0Minuten"},"schema":{"@context":"https:\/\/schema.org","@graph":[{"@type":"WebPage","@id":"https:\/\/campinglaspalmeras.com\/de\/services-2\/bar-restaurant\/","url":"https:\/\/campinglaspalmeras.com\/de\/services-2\/bar-restaurant\/","name":"Bar und Restaurant - Camping Las Palmeras Costa Brava","isPartOf":{"@id":"https:\/\/campinglaspalmeras.com\/ca\/#website"},"datePublished":"2020-09-09T10:24:11+00:00","dateModified":"2023-10-13T09:16:34+00:00","description":"Neben den \u00fcblichen Angeboten einer Bar und eines Restaurants bieten wir Ihnen in Las Palmeras auch die M\u00f6glichkeit traditionelle Gerichte der katalanischen und mediterranen K\u00fcche kennenzulernen","breadcrumb":{"@id":"https:\/\/campinglaspalmeras.com\/de\/services-2\/bar-restaurant\/#breadcrumb"},"inLanguage":"de","potentialAction":[{"@type":"ReadAction","target":["https:\/\/campinglaspalmeras.com\/de\/services-2\/bar-restaurant\/"]}]},{"@type":"BreadcrumbList","@id":"https:\/\/campinglaspalmeras.com\/de\/services-2\/bar-restaurant\/#breadcrumb","itemListElement":[{"@type":"ListItem","position":1,"name":"Portada","item":"https:\/\/campinglaspalmeras.com\/de\/home\/"},{"@type":"ListItem","position":2,"name":"Installationen","item":"https:\/\/campinglaspalmeras.com\/de\/services-2\/"},{"@type":"ListItem","position":3,"name":"Bar und Restaurant"}]},{"@type":"WebSite","@id":"https:\/\/campinglaspalmeras.com\/ca\/#website","url":"https:\/\/campinglaspalmeras.com\/ca\/","name":"Camping Las Palmeras Costa Brava","description":"Camping Las Palmeras Costa Brava","potentialAction":[{"@type":"SearchAction","target":{"@type":"EntryPoint","urlTemplate":"https:\/\/campinglaspalmeras.com\/ca\/?s={search_term_string}"},"query-input":"required name=search_term_string"}],"inLanguage":"de"}]}},"_links":{"self":[{"href":"https:\/\/campinglaspalmeras.com\/de\/wp-json\/wp\/v2\/pages\/1405"}],"collection":[{"href":"https:\/\/campinglaspalmeras.com\/de\/wp-json\/wp\/v2\/pages"}],"about":[{"href":"https:\/\/campinglaspalmeras.com\/de\/wp-json\/wp\/v2\/types\/page"}],"author":[{"embeddable":true,"href":"https:\/\/campinglaspalmeras.com\/de\/wp-json\/wp\/v2\/users\/1"}],"replies":[{"embeddable":true,"href":"https:\/\/campinglaspalmeras.com\/de\/wp-json\/wp\/v2\/comments?post=1405"}],"version-history":[{"count":10,"href":"https:\/\/campinglaspalmeras.com\/de\/wp-json\/wp\/v2\/pages\/1405\/revisions"}],"predecessor-version":[{"id":8075,"href":"https:\/\/campinglaspalmeras.com\/de\/wp-json\/wp\/v2\/pages\/1405\/revisions\/8075"}],"up":[{"embeddable":true,"href":"https:\/\/campinglaspalmeras.com\/de\/wp-json\/wp\/v2\/pages\/1773"}],"wp:attachment":[{"href":"https:\/\/campinglaspalmeras.com\/de\/wp-json\/wp\/v2\/media?parent=1405"}],"curies":[{"name":"wp","href":"https:\/\/api.w.org\/{rel}","templated":true}]}}