{"id":1603,"date":"2020-09-08T11:10:50","date_gmt":"2020-09-08T09:10:50","guid":{"rendered":"https:\/\/campinglaspalmeras.com\/pitch\/"},"modified":"2026-03-31T23:17:34","modified_gmt":"2026-03-31T21:17:34","slug":"parzelle","status":"publish","type":"page","link":"https:\/\/campinglaspalmeras.com\/de\/unterkuenft\/parzelle\/","title":{"rendered":"Stellplatz"},"content":{"rendered":"\n<style type=\"text\/css\" data-created_by=\"avia_inline_auto\" id=\"style-css-av-ketpt1xq-a2d3ee490fea1bf99b816595a4649da4\">\n.avia-section.av-ketpt1xq-a2d3ee490fea1bf99b816595a4649da4 .av-parallax .av-parallax-inner{\nbackground-repeat:no-repeat;\nbackground-image:url(https:\/\/campinglaspalmeras.com\/wp-content\/uploads\/2020\/09\/camp-2445212_1280.jpg);\nbackground-position:50% 50%;\nbackground-attachment:scroll;\n}\n.avia-section.av-ketpt1xq-a2d3ee490fea1bf99b816595a4649da4 .av-section-color-overlay{\nopacity:0.8;\nbackground-color:#2d2d2d;\n}\n<\/style>\n<div id='av_section_1'  class='avia-section av-ketpt1xq-a2d3ee490fea1bf99b816595a4649da4 main_color avia-section-default avia-no-border-styling  avia-builder-el-0  el_before_av_slideshow  avia-builder-el-first  av-parallax-section avia-bg-style-parallax av-section-color-overlay-active container_wrap sidebar_right'  data-section-bg-repeat='no-repeat'><div class='av-parallax' data-avia-parallax-ratio='0.3' ><div class='av-parallax-inner main_color avia-full-stretch'><\/div><\/div><div class=\"av-section-color-overlay-wrap\"><div class=\"av-section-color-overlay\"><\/div><div class='container av-section-cont-open' ><main  role=\"main\" itemprop=\"mainContentOfPage\"  class='template-page content  av-content-small alpha units'><div class='post-entry post-entry-type-page post-entry-1603'><div class='entry-content-wrapper clearfix'>\n\n<style type=\"text\/css\" data-created_by=\"avia_inline_auto\" id=\"style-css-av-kg9fv7l4-c2e746d6447e64f191eb1f2b6669017a\">\n#top .av-special-heading.av-kg9fv7l4-c2e746d6447e64f191eb1f2b6669017a{\npadding-bottom:10px;\ncolor:#ffffff;\n}\nbody .av-special-heading.av-kg9fv7l4-c2e746d6447e64f191eb1f2b6669017a .av-special-heading-tag .heading-char{\nfont-size:25px;\n}\n.av-special-heading.av-kg9fv7l4-c2e746d6447e64f191eb1f2b6669017a .special-heading-inner-border{\nborder-color:#ffffff;\n}\n.av-special-heading.av-kg9fv7l4-c2e746d6447e64f191eb1f2b6669017a .av-subheading{\nfont-size:15px;\n}\n<\/style>\n<div  class='av-special-heading av-kg9fv7l4-c2e746d6447e64f191eb1f2b6669017a av-special-heading-h1 custom-color-heading blockquote modern-quote modern-centered  avia-builder-el-1  avia-builder-el-no-sibling '><h1 class='av-special-heading-tag'  itemprop=\"headline\"  >Stellplatz<\/h1><div class=\"special-heading-border\"><div class=\"special-heading-inner-border\"><\/div><\/div><\/div>\n<\/div><\/div><\/main><!-- close content main element --><\/div><\/div><\/div><div id='after_section_1'  class='main_color av_default_container_wrap container_wrap sidebar_right'  ><div class='container av-section-cont-open' ><div class='template-page content  av-content-small alpha units'><div class='post-entry post-entry-type-page post-entry-1603'><div class='entry-content-wrapper clearfix'>\n<div  class='avia-slideshow av-kqklvq5z-eeffc5873e73a31bf516576774cdd55a avia-slideshow-featured_large av_slideshow avia-slide-slider  avia-builder-el-2  el_after_av_section  el_before_av_hr  avia-builder-el-first  av-slideshow-ui av-control-default av-slideshow-autoplay av-loop-endless av-loop-manual-endless av-default-height-applied avia-slideshow-1' data-slideshow-options=\"{&quot;animation&quot;:&quot;slide&quot;,&quot;autoplay&quot;:true,&quot;loop_autoplay&quot;:&quot;endless&quot;,&quot;interval&quot;:5,&quot;loop_manual&quot;:&quot;manual-endless&quot;,&quot;autoplay_stopper&quot;:false,&quot;noNavigation&quot;:false,&quot;bg_slider&quot;:false,&quot;keep_padding&quot;:false,&quot;hoverpause&quot;:false,&quot;show_slide_delay&quot;:0}\"  itemprop=\"image\" itemscope=\"itemscope\" itemtype=\"https:\/\/schema.org\/ImageObject\" ><ul class='avia-slideshow-inner ' style='padding-bottom: 51.470588235294%;'><li  class='avia-slideshow-slide av-kqklvq5z-eeffc5873e73a31bf516576774cdd55a__0  slide-1 slide-odd'><div data-rel='slideshow-1' class='avia-slide-wrap '   ><img decoding=\"async\" class=\"wp-image-5858 avia-img-lazy-loading-not-5858\"  src=\"https:\/\/campinglaspalmeras.com\/wp-content\/uploads\/2021\/07\/Parcela-02-1224x630.jpg\" width=\"1224\" height=\"630\" title='Parcela 02' alt=''  itemprop=\"thumbnailUrl\"   \/><\/div><\/li><li  class='avia-slideshow-slide av-kqklvq5z-eeffc5873e73a31bf516576774cdd55a__1  slide-2 slide-even'><div data-rel='slideshow-1' class='avia-slide-wrap '   ><img decoding=\"async\" class=\"wp-image-5866 avia-img-lazy-loading-not-5866\"  src=\"https:\/\/campinglaspalmeras.com\/wp-content\/uploads\/2021\/07\/Parcela-01-1224x630.jpg\" width=\"1224\" height=\"630\" title='Parcela 01' alt=''  itemprop=\"thumbnailUrl\"   \/><\/div><\/li><\/ul><div class='avia-slideshow-arrows avia-slideshow-controls' ><a href='#prev' class='prev-slide ' aria-hidden='true' data-av_icon='\ue87c' data-av_iconfont='entypo-fontello'  tabindex='-1'>Zur\u00fcck<\/a><a href='#next' class='next-slide ' aria-hidden='true' data-av_icon='\ue87d' data-av_iconfont='entypo-fontello'  tabindex='-1'>Weiter<\/a><\/div><div class='avia-slideshow-dots avia-slideshow-controls'><a href='#1' class='goto-slide active' >1<\/a><a href='#2' class='goto-slide ' >2<\/a><\/div><\/div>\n\n<style type=\"text\/css\" data-created_by=\"avia_inline_auto\" id=\"style-css-av-2y2v2-0533f88e7c700588ff6b79e9b55540e8\">\n#top .hr.hr-invisible.av-2y2v2-0533f88e7c700588ff6b79e9b55540e8{\nheight:30px;\n}\n<\/style>\n<div  class='hr av-2y2v2-0533f88e7c700588ff6b79e9b55540e8 hr-invisible  avia-builder-el-3  el_after_av_slideshow  el_before_av_textblock '><span class='hr-inner '><span class=\"hr-inner-style\"><\/span><\/span><\/div>\n<section  class='av_textblock_section av-ketsz5z3-ead9a646c44991e5c0f5a077afb076d0 '   itemscope=\"itemscope\" itemtype=\"https:\/\/schema.org\/CreativeWork\" ><div class='avia_textblock'  itemprop=\"text\" ><h2>Ger\u00e4umige Stellpl\u00e4tze<\/h2>\n<p>Die Parzellen haben eine\u00a0<strong>Gr\u00f6\u00dfe zwischen 90 und 120 m2,<\/strong>\u00a0mit Schatten und nur wenige Gehminuten von den Sanit\u00e4ranlagen. Sie haben Stromanschluss (220 V. 10A) und einige sind mit Wasserversorgung und Abwasser ausgestattet.<\/p>\n<p>Haustiere sind erlaubt. Hunde auch, au\u00dfer gef\u00e4hrlich Rassen.<\/p>\n<div id=\"g1-table-1\" class=\"g1-table g1-table--solid \">\n<table>\n<thead>\n<tr>\n<th>Saison:<\/th>\n<th>11\/4-25\/4<\/p>\n<p>12\/10-31\/10<\/th>\n<th>28\/3-31\/3<\/p>\n<p>6\/4-10\/4<\/p>\n<p>26\/4-26\/5<\/p>\n<p>6\/6-20\/6<\/p>\n<p>18\/9-11\/10<\/th>\n<th>1\/4-5\/4<\/p>\n<p>27\/5-5\/6<\/p>\n<p>21\/6-30\/6<\/p>\n<p>30\/8-17\/9<\/th>\n<th><span style=\"font-family: inherit; font-size: inherit;\">1\/7-11\/7<\/span><\/p>\n<p>22\/8-29\/8<\/th>\n<th>12\/7-21\/8<\/th>\n<\/tr>\n<\/thead>\n<tbody>\n<tr>\n<th>Erwachsene(r)<\/th>\n<td>4,90\u20ac<\/td>\n<td>4,90\u20ac<\/td>\n<td>4,90\u20ac<\/td>\n<td>7,20\u20ac<\/td>\n<td>7,20\u20ac<\/td>\n<\/tr>\n<tr>\n<th>Kind (3-9)<\/th>\n<td>2,90\u20ac<\/td>\n<td>2,90\u20ac<\/td>\n<td>2,90\u20ac<\/td>\n<td>4,70\u20ac<\/td>\n<td>4,70\u20ac<\/td>\n<\/tr>\n<tr>\n<th>Parzelle<\/th>\n<td>19,70\u20ac<\/td>\n<td>26,10\u20ac<\/td>\n<td>35,60\u20ac<\/td>\n<td>45,90\u20ac<\/td>\n<td>60,50\u20ac<\/td>\n<\/tr>\n<tr>\n<th>Parzelle Wasser+Abwasser<\/th>\n<td>21,80\u20ac<\/td>\n<td>28,20\u20ac<\/td>\n<td>37,70\u20ac<\/td>\n<td>48,80\u20ac<\/td>\n<td>63,40\u20ac<\/td>\n<\/tr>\n<tr>\n<th>220 V. 10 Amp.<\/th>\n<td>7,00\u20ac<\/td>\n<td>7,00\u20ac<\/td>\n<td>7,00\u20ac<\/td>\n<td>7,00\u20ac<\/td>\n<td>7,00\u20ac<\/td>\n<\/tr>\n<tr>\n<th>Hunde (max. 2)<\/th>\n<td>3,50\u20ac<\/td>\n<td>3,50\u20ac<\/td>\n<td>3,50\u20ac<\/td>\n<td>4,50\u20ac<\/td>\n<td>6,00\u20ac<\/td>\n<\/tr>\n<\/tbody>\n<\/table>\n<\/div>\n<p><strong>TOURISTENABGABE nicht inbegriffen: 0,99 \u20ac pro Person \u00e4lter als 16 Jahre und Nacht; max. 6,93 \u20ac pro Person und Aufenthalt.<\/strong><\/p>\n<\/div><\/section>\n\n<style type=\"text\/css\" data-created_by=\"avia_inline_auto\" id=\"style-css-av-20hra-7bd9b617b90b8cd1502e6fa7f370c94e\">\n#top .hr.hr-invisible.av-20hra-7bd9b617b90b8cd1502e6fa7f370c94e{\nheight:30px;\n}\n<\/style>\n<div  class='hr av-20hra-7bd9b617b90b8cd1502e6fa7f370c94e hr-invisible  avia-builder-el-5  el_after_av_textblock  el_before_av_button '><span class='hr-inner '><span class=\"hr-inner-style\"><\/span><\/span><\/div>\n<div  class='avia-button-wrap av-ketszya5-e98821feccfb825aa8f166f93c0aa3a2-wrap avia-button-center  avia-builder-el-6  el_after_av_hr  el_before_av_hr '><a href='https:\/\/booking.campinglaspalmeras.com\/search?lang=de' class='avia-button av-ketszya5-e98821feccfb825aa8f166f93c0aa3a2 avia-icon_select-yes-left-icon avia-size-large avia-position-center avia-color-theme-color' target=\"_blank\" rel=\"noopener noreferrer\"><span class='avia_button_icon avia_button_icon_left' aria-hidden='true' data-av_icon='\ue85b' data-av_iconfont='entypo-fontello'><\/span><span class='avia_iconbox_title' >Reservierungen<\/span><\/a><\/div>\n\n<style type=\"text\/css\" data-created_by=\"avia_inline_auto\" id=\"style-css-av-gndcm-950f9e8d7405bd5a6df65779e4b05f65\">\n#top .hr.hr-invisible.av-gndcm-950f9e8d7405bd5a6df65779e4b05f65{\nheight:30px;\n}\n<\/style>\n<div  class='hr av-gndcm-950f9e8d7405bd5a6df65779e4b05f65 hr-invisible  avia-builder-el-7  el_after_av_button  el_before_av_codeblock '><span class='hr-inner '><span class=\"hr-inner-style\"><\/span><\/span><\/div>\n\n\n<style type=\"text\/css\" data-created_by=\"avia_inline_auto\" id=\"style-css-av-azzla-716c436ea9c9844414ec1a1a84c30b06\">\n#top .hr.hr-invisible.av-azzla-716c436ea9c9844414ec1a1a84c30b06{\nheight:30px;\n}\n<\/style>\n<div  class='hr av-azzla-716c436ea9c9844414ec1a1a84c30b06 hr-invisible  avia-builder-el-9  el_after_av_codeblock  el_before_av_icon_box '><span class='hr-inner '><span class=\"hr-inner-style\"><\/span><\/span><\/div>\n<article  class='iconbox iconbox_top av-kett199q-a3673f8a214b49f6fc9cc287c1a54a77  avia-builder-el-10  el_after_av_hr  avia-builder-el-last  main_color'  itemscope=\"itemscope\" itemtype=\"https:\/\/schema.org\/CreativeWork\" ><div class=\"iconbox_content\"><header class=\"entry-content-header\"><div class=\"iconbox_icon heading-color\" aria-hidden='true' data-av_icon='\ue83e' data-av_iconfont='entypo-fontello'><\/div><\/header><div class='iconbox_content_container '  itemprop=\"text\" ><p>Wir bitten unsere Kunden, vor allem Besitzer von Wohnwagen, keine Kunststoffplane unter das Vorzelt zu legen. Unser G\u00e4rtner-team macht jedes Jahr eine gro\u00dfe Anstrengung, um das Gras zu erhalten. Es gibt eine por\u00f6se Bodenart aus Kunststoff, seine Verwendung w\u00fcrde uns helfen, das Gras in gutem Zustand zu erhalten, zum Wohle aller.<\/p>\n<\/div><\/div><footer class=\"entry-footer\"><\/footer><\/article>\n","protected":false},"excerpt":{"rendered":"","protected":false},"author":1,"featured_media":0,"parent":1849,"menu_order":110,"comment_status":"closed","ping_status":"closed","template":"","meta":[],"yoast_head":"<!-- This site is optimized with the Yoast SEO plugin v20.9 - https:\/\/yoast.com\/wordpress\/plugins\/seo\/ -->\n<title>Stellplatz - Camping Las Palmeras Costa Brava<\/title>\n<meta name=\"description\" content=\"Ger\u00e4umige Stellpl\u00e4tze Die Parzellen haben eine Gr\u00f6\u00dfe zwischen 90 und 120 m2, mit Schatten und nur wenige Gehminuten von den Sanit\u00e4ranlagen. Sie haben Stromanschluss (220 V. 10A) und einige sind mit Wasserversorgung und Abwasser ausgestattet.\" \/>\n<meta name=\"robots\" content=\"index, follow, max-snippet:-1, max-image-preview:large, max-video-preview:-1\" \/>\n<link rel=\"canonical\" href=\"https:\/\/campinglaspalmeras.com\/de\/unterkuenft\/parzelle\/\" \/>\n<meta property=\"og:locale\" content=\"de_DE\" \/>\n<meta property=\"og:type\" content=\"article\" \/>\n<meta property=\"og:title\" content=\"Stellplatz - Camping Las Palmeras Costa Brava\" \/>\n<meta property=\"og:description\" content=\"Ger\u00e4umige Stellpl\u00e4tze Die Parzellen haben eine Gr\u00f6\u00dfe zwischen 90 und 120 m2, mit Schatten und nur wenige Gehminuten von den Sanit\u00e4ranlagen. Sie haben Stromanschluss (220 V. 10A) und einige sind mit Wasserversorgung und Abwasser ausgestattet.\" \/>\n<meta property=\"og:url\" content=\"https:\/\/campinglaspalmeras.com\/de\/unterkuenft\/parzelle\/\" \/>\n<meta property=\"og:site_name\" content=\"Camping Las Palmeras Costa Brava\" \/>\n<meta property=\"article:publisher\" content=\"https:\/\/www.facebook.com\/campingpalmeras\" \/>\n<meta property=\"article:modified_time\" content=\"2026-03-31T21:17:34+00:00\" \/>\n<meta name=\"twitter:card\" content=\"summary_large_image\" \/>\n<meta name=\"twitter:site\" content=\"@CLasPalmeras\" \/>\n<meta name=\"twitter:label1\" content=\"Gesch\u00e4tzte Lesezeit\" \/>\n\t<meta name=\"twitter:data1\" content=\"2\u00a0Minuten\" \/>\n<script type=\"application\/ld+json\" class=\"yoast-schema-graph\">{\"@context\":\"https:\/\/schema.org\",\"@graph\":[{\"@type\":\"WebPage\",\"@id\":\"https:\/\/campinglaspalmeras.com\/de\/unterkuenft\/parzelle\/\",\"url\":\"https:\/\/campinglaspalmeras.com\/de\/unterkuenft\/parzelle\/\",\"name\":\"Stellplatz - Camping Las Palmeras Costa Brava\",\"isPartOf\":{\"@id\":\"https:\/\/campinglaspalmeras.com\/ca\/#website\"},\"datePublished\":\"2020-09-08T09:10:50+00:00\",\"dateModified\":\"2026-03-31T21:17:34+00:00\",\"description\":\"Ger\u00e4umige Stellpl\u00e4tze Die Parzellen haben eine Gr\u00f6\u00dfe zwischen 90 und 120 m2, mit Schatten und nur wenige Gehminuten von den Sanit\u00e4ranlagen. Sie haben Stromanschluss (220 V. 10A) und einige sind mit Wasserversorgung und Abwasser ausgestattet.\",\"breadcrumb\":{\"@id\":\"https:\/\/campinglaspalmeras.com\/de\/unterkuenft\/parzelle\/#breadcrumb\"},\"inLanguage\":\"de\",\"potentialAction\":[{\"@type\":\"ReadAction\",\"target\":[\"https:\/\/campinglaspalmeras.com\/de\/unterkuenft\/parzelle\/\"]}]},{\"@type\":\"BreadcrumbList\",\"@id\":\"https:\/\/campinglaspalmeras.com\/de\/unterkuenft\/parzelle\/#breadcrumb\",\"itemListElement\":[{\"@type\":\"ListItem\",\"position\":1,\"name\":\"Portada\",\"item\":\"https:\/\/campinglaspalmeras.com\/de\/home\/\"},{\"@type\":\"ListItem\",\"position\":2,\"name\":\"Unterk\u00fcnfte\",\"item\":\"https:\/\/campinglaspalmeras.com\/de\/unterkuenft\/\"},{\"@type\":\"ListItem\",\"position\":3,\"name\":\"Stellplatz\"}]},{\"@type\":\"WebSite\",\"@id\":\"https:\/\/campinglaspalmeras.com\/ca\/#website\",\"url\":\"https:\/\/campinglaspalmeras.com\/ca\/\",\"name\":\"Camping Las Palmeras Costa Brava\",\"description\":\"Camping Las Palmeras Costa Brava\",\"potentialAction\":[{\"@type\":\"SearchAction\",\"target\":{\"@type\":\"EntryPoint\",\"urlTemplate\":\"https:\/\/campinglaspalmeras.com\/ca\/?s={search_term_string}\"},\"query-input\":\"required name=search_term_string\"}],\"inLanguage\":\"de\"}]}<\/script>\n<!-- \/ Yoast SEO plugin. -->","yoast_head_json":{"title":"Stellplatz - Camping Las Palmeras Costa Brava","description":"Ger\u00e4umige Stellpl\u00e4tze Die Parzellen haben eine Gr\u00f6\u00dfe zwischen 90 und 120 m2, mit Schatten und nur wenige Gehminuten von den Sanit\u00e4ranlagen. Sie haben Stromanschluss (220 V. 10A) und einige sind mit Wasserversorgung und Abwasser ausgestattet.","robots":{"index":"index","follow":"follow","max-snippet":"max-snippet:-1","max-image-preview":"max-image-preview:large","max-video-preview":"max-video-preview:-1"},"canonical":"https:\/\/campinglaspalmeras.com\/de\/unterkuenft\/parzelle\/","og_locale":"de_DE","og_type":"article","og_title":"Stellplatz - Camping Las Palmeras Costa Brava","og_description":"Ger\u00e4umige Stellpl\u00e4tze Die Parzellen haben eine Gr\u00f6\u00dfe zwischen 90 und 120 m2, mit Schatten und nur wenige Gehminuten von den Sanit\u00e4ranlagen. Sie haben Stromanschluss (220 V. 10A) und einige sind mit Wasserversorgung und Abwasser ausgestattet.","og_url":"https:\/\/campinglaspalmeras.com\/de\/unterkuenft\/parzelle\/","og_site_name":"Camping Las Palmeras Costa Brava","article_publisher":"https:\/\/www.facebook.com\/campingpalmeras","article_modified_time":"2026-03-31T21:17:34+00:00","twitter_card":"summary_large_image","twitter_site":"@CLasPalmeras","twitter_misc":{"Gesch\u00e4tzte Lesezeit":"2\u00a0Minuten"},"schema":{"@context":"https:\/\/schema.org","@graph":[{"@type":"WebPage","@id":"https:\/\/campinglaspalmeras.com\/de\/unterkuenft\/parzelle\/","url":"https:\/\/campinglaspalmeras.com\/de\/unterkuenft\/parzelle\/","name":"Stellplatz - Camping Las Palmeras Costa Brava","isPartOf":{"@id":"https:\/\/campinglaspalmeras.com\/ca\/#website"},"datePublished":"2020-09-08T09:10:50+00:00","dateModified":"2026-03-31T21:17:34+00:00","description":"Ger\u00e4umige Stellpl\u00e4tze Die Parzellen haben eine Gr\u00f6\u00dfe zwischen 90 und 120 m2, mit Schatten und nur wenige Gehminuten von den Sanit\u00e4ranlagen. Sie haben Stromanschluss (220 V. 10A) und einige sind mit Wasserversorgung und Abwasser ausgestattet.","breadcrumb":{"@id":"https:\/\/campinglaspalmeras.com\/de\/unterkuenft\/parzelle\/#breadcrumb"},"inLanguage":"de","potentialAction":[{"@type":"ReadAction","target":["https:\/\/campinglaspalmeras.com\/de\/unterkuenft\/parzelle\/"]}]},{"@type":"BreadcrumbList","@id":"https:\/\/campinglaspalmeras.com\/de\/unterkuenft\/parzelle\/#breadcrumb","itemListElement":[{"@type":"ListItem","position":1,"name":"Portada","item":"https:\/\/campinglaspalmeras.com\/de\/home\/"},{"@type":"ListItem","position":2,"name":"Unterk\u00fcnfte","item":"https:\/\/campinglaspalmeras.com\/de\/unterkuenft\/"},{"@type":"ListItem","position":3,"name":"Stellplatz"}]},{"@type":"WebSite","@id":"https:\/\/campinglaspalmeras.com\/ca\/#website","url":"https:\/\/campinglaspalmeras.com\/ca\/","name":"Camping Las Palmeras Costa Brava","description":"Camping Las Palmeras Costa Brava","potentialAction":[{"@type":"SearchAction","target":{"@type":"EntryPoint","urlTemplate":"https:\/\/campinglaspalmeras.com\/ca\/?s={search_term_string}"},"query-input":"required name=search_term_string"}],"inLanguage":"de"}]}},"_links":{"self":[{"href":"https:\/\/campinglaspalmeras.com\/de\/wp-json\/wp\/v2\/pages\/1603"}],"collection":[{"href":"https:\/\/campinglaspalmeras.com\/de\/wp-json\/wp\/v2\/pages"}],"about":[{"href":"https:\/\/campinglaspalmeras.com\/de\/wp-json\/wp\/v2\/types\/page"}],"author":[{"embeddable":true,"href":"https:\/\/campinglaspalmeras.com\/de\/wp-json\/wp\/v2\/users\/1"}],"replies":[{"embeddable":true,"href":"https:\/\/campinglaspalmeras.com\/de\/wp-json\/wp\/v2\/comments?post=1603"}],"version-history":[{"count":10,"href":"https:\/\/campinglaspalmeras.com\/de\/wp-json\/wp\/v2\/pages\/1603\/revisions"}],"predecessor-version":[{"id":10618,"href":"https:\/\/campinglaspalmeras.com\/de\/wp-json\/wp\/v2\/pages\/1603\/revisions\/10618"}],"up":[{"embeddable":true,"href":"https:\/\/campinglaspalmeras.com\/de\/wp-json\/wp\/v2\/pages\/1849"}],"wp:attachment":[{"href":"https:\/\/campinglaspalmeras.com\/de\/wp-json\/wp\/v2\/media?parent=1603"}],"curies":[{"name":"wp","href":"https:\/\/api.w.org\/{rel}","templated":true}]}}