{"id":956,"date":"2020-09-15T10:01:46","date_gmt":"2020-09-15T08:01:46","guid":{"rendered":"https:\/\/campinglaspalmeras.com\/internal-regulations\/"},"modified":"2024-03-05T10:59:04","modified_gmt":"2024-03-05T09:59:04","slug":"hausordnung","status":"publish","type":"page","link":"https:\/\/campinglaspalmeras.com\/de\/hausordnung\/","title":{"rendered":"Hausordnung"},"content":{"rendered":"<\/p>\n\n<style type=\"text\/css\" data-created_by=\"avia_inline_auto\" id=\"style-css-av-ketpt1xq-a2d3ee490fea1bf99b816595a4649da4\">\n.avia-section.av-ketpt1xq-a2d3ee490fea1bf99b816595a4649da4 .av-parallax .av-parallax-inner{\nbackground-repeat:no-repeat;\nbackground-image:url(https:\/\/campinglaspalmeras.com\/wp-content\/uploads\/2020\/09\/camp-2445212_1280.jpg);\nbackground-position:50% 50%;\nbackground-attachment:scroll;\n}\n.avia-section.av-ketpt1xq-a2d3ee490fea1bf99b816595a4649da4 .av-section-color-overlay{\nopacity:0.8;\nbackground-color:#2d2d2d;\n}\n<\/style>\n<div id='av_section_1'  class='avia-section av-ketpt1xq-a2d3ee490fea1bf99b816595a4649da4 main_color avia-section-default avia-no-border-styling  avia-builder-el-0  el_before_av_one_full  avia-builder-el-first  av-parallax-section avia-bg-style-parallax av-section-color-overlay-active container_wrap sidebar_right'  data-section-bg-repeat='no-repeat'><div class='av-parallax' data-avia-parallax-ratio='0.3' ><div class='av-parallax-inner main_color avia-full-stretch'><\/div><\/div><div class=\"av-section-color-overlay-wrap\"><div class=\"av-section-color-overlay\"><\/div><div class='container av-section-cont-open' ><main  role=\"main\" itemprop=\"mainContentOfPage\"  class='template-page content  av-content-small alpha units'><div class='post-entry post-entry-type-page post-entry-956'><div class='entry-content-wrapper clearfix'>\n\n<style type=\"text\/css\" data-created_by=\"avia_inline_auto\" id=\"style-css-av-kgatct73-55013d53ac8555d076b064690d60e233\">\n#top .av-special-heading.av-kgatct73-55013d53ac8555d076b064690d60e233{\npadding-bottom:10px;\ncolor:#ffffff;\n}\nbody .av-special-heading.av-kgatct73-55013d53ac8555d076b064690d60e233 .av-special-heading-tag .heading-char{\nfont-size:25px;\n}\n.av-special-heading.av-kgatct73-55013d53ac8555d076b064690d60e233 .special-heading-inner-border{\nborder-color:#ffffff;\n}\n.av-special-heading.av-kgatct73-55013d53ac8555d076b064690d60e233 .av-subheading{\nfont-size:15px;\n}\n<\/style>\n<div  class='av-special-heading av-kgatct73-55013d53ac8555d076b064690d60e233 av-special-heading-h1 custom-color-heading blockquote modern-quote  avia-builder-el-1  avia-builder-el-no-sibling '><h1 class='av-special-heading-tag'  itemprop=\"headline\"  >Hausordnung<\/h1><div class=\"special-heading-border\"><div class=\"special-heading-inner-border\"><\/div><\/div><\/div>\n<\/div><\/div><\/main><!-- close content main element --><\/div><\/div><\/div><div id='after_section_1'  class='main_color av_default_container_wrap container_wrap sidebar_right'  ><div class='container av-section-cont-open' ><div class='template-page content  av-content-small alpha units'><div class='post-entry post-entry-type-page post-entry-956'><div class='entry-content-wrapper clearfix'>\n\n<style type=\"text\/css\" data-created_by=\"avia_inline_auto\" id=\"style-css-av-av_one_full-79ff81c021393065cee878051452f6a6\">\n.flex_column.av-av_one_full-79ff81c021393065cee878051452f6a6{\n-webkit-border-radius:0px 0px 0px 0px;\n-moz-border-radius:0px 0px 0px 0px;\nborder-radius:0px 0px 0px 0px;\npadding:0px 0px 0px 0px;\n}\n<\/style>\n<div  class='flex_column av-av_one_full-79ff81c021393065cee878051452f6a6 av_one_full  avia-builder-el-2  el_after_av_section  avia-builder-el-no-sibling  first flex_column_div av-zero-column-padding  '     ><section  class='av_textblock_section av-kf3o3p09-6566d3f5092915db257a6826cd30f0b3 '   itemscope=\"itemscope\" itemtype=\"https:\/\/schema.org\/CreativeWork\" ><div class='avia_textblock'  itemprop=\"text\" ><p style=\"text-align: left;\"><strong>F\u00fcr den reibungslosen Betrieb des Campingplatzes und einen <\/strong><strong>angenehmen Aufenthalt unserer G\u00e4ste bitten wir um Beachtung der folgenden Informationen und Regeln.<\/strong><\/p>\n<ul>\n<li><strong>DER CAMPINGPLATZ MUSS AM<\/strong> Tag der Abreise vor 12.00 Uhr verlassen werden und die Bungalows vor 11.00 Uhr.<strong>\u00a0<\/strong><\/li>\n<\/ul>\n<ul>\n<li><strong>DER CAMPINGPLATZ<\/strong> ist in nummerierte Parzellen aufgeteilt. Die Ma\u00dfe der Parzellen werden durch Grenzsteine bestimmt und nicht durch B\u00e4ume, auch wenn dies in einigen F\u00e4llen vorkommt. Jede Parzelle verf\u00fcgt \u00fcber einen 10Amp- Stromanschluss.<strong>\u00a0<\/strong><\/li>\n<\/ul>\n<ul>\n<li><strong>SEHR WICHTIG:<\/strong> Die H\u00f6chstgeschwindigkeit auf dem Platz betr\u00e4gt 5 Km\/h.<\/li>\n<\/ul>\n<ul>\n<li><strong>BEFESTIGEN SIE H\u00c4NGEMATTEN NICHT<\/strong> an junge B\u00e4ume, Stra\u00dfenlaternen oder Bungalows.<\/li>\n<\/ul>\n<ul>\n<li><strong>DIE RUHEZEITEN <\/strong>sind von 24.00 bis 7.00 Uhr. In der Zeit darf auf dem Platz nicht gefahren werden. Auch tags\u00fcber darf der L\u00e4rmpegel, den die Kunden selbst, Ihre Ger\u00e4te und ihre Haustiere erzeugen, die Nachbarn nicht bel\u00e4stigen. Es ist auch in \u00f6ffentlichen Bereichen, insbesondere die Sanit\u00e4ranlage, anwendbar.<\/li>\n<\/ul>\n<ul>\n<li><strong>GRILLEN <\/strong>ist auf dem Campingplatz erlaubt, jedoch unter folgenden Bedingungen: Sie d\u00fcrfen nur mit nicht brennbaren Tabletten angez\u00fcndet werden, fern von Palmen, Hecken, Bungalows oder anderen brennbaren Au\u00dferdem sollten Sie einen Beh\u00e4lter mit Wasser in der<br \/>\nN\u00e4he haben.<\/li>\n<\/ul>\n<ul>\n<li><strong>KINDER.<\/strong> Beachten Sie bitte, dass es diverse Spielbereiche gibt:Spielplatz, Sporteinrichtungen, Schwimmb\u00e4der&#8230;etc. Und andere Bereiche die nicht zum Spielen geeignet sind wie: Sanit\u00e4ranlage, W\u00e4scherei, Supermarkt, Bar-restaurant, etc.<\/li>\n<\/ul>\n<ul>\n<li><strong>BESUCHER <\/strong>werden nur genehmigt, wenn die Kapazit\u00e4t dies zul\u00e4sst. Sie m\u00fcssen sich an der Rezeption anmelden und den aktuellen Tarif von einem Tag f\u00fcr Stellplatz und Personen bezahlen.<\/li>\n<\/ul>\n<p><strong>Die Kunden werden herzlich gebeten sich an der Sauberhaltung des <\/strong><strong>Campingplatzes zu beteiligen. Benutzen Sie bitte die Fu\u00df duschen, die sich an allen Eing\u00e4ngen der Sanit\u00e4rblocke befinden, um den Sand von den F\u00fcssen zu waschen vor dem Betreten der Duschen. Benutzen Sie bitte die Papierk\u00f6rbe f\u00fcr Zigarettenkippen, Essenreste etc&#8230;<\/strong><\/p>\n<\/div><\/section><\/div>\n","protected":false},"excerpt":{"rendered":"","protected":false},"author":1,"featured_media":0,"parent":0,"menu_order":800,"comment_status":"closed","ping_status":"closed","template":"","meta":[],"yoast_head":"<!-- This site is optimized with the Yoast SEO plugin v20.9 - https:\/\/yoast.com\/wordpress\/plugins\/seo\/ -->\n<title>Hausordnung - Camping Las Palmeras Costa Brava<\/title>\n<meta name=\"description\" content=\"Hausordnung Um ein ordnungsgem\u00e4\u00dfes Zusammenleben auf dem Campingplatz zu gew\u00e4hrleisten, bitten wir um die Einhaltung unserer Hausordnung:\" \/>\n<meta name=\"robots\" content=\"index, follow, max-snippet:-1, max-image-preview:large, max-video-preview:-1\" \/>\n<link rel=\"canonical\" href=\"https:\/\/campinglaspalmeras.com\/de\/hausordnung\/\" \/>\n<meta property=\"og:locale\" content=\"de_DE\" \/>\n<meta property=\"og:type\" content=\"article\" \/>\n<meta property=\"og:title\" content=\"Hausordnung - Camping Las Palmeras Costa Brava\" \/>\n<meta property=\"og:description\" content=\"Hausordnung Um ein ordnungsgem\u00e4\u00dfes Zusammenleben auf dem Campingplatz zu gew\u00e4hrleisten, bitten wir um die Einhaltung unserer Hausordnung:\" \/>\n<meta property=\"og:url\" content=\"https:\/\/campinglaspalmeras.com\/de\/hausordnung\/\" \/>\n<meta property=\"og:site_name\" content=\"Camping Las Palmeras Costa Brava\" \/>\n<meta property=\"article:publisher\" content=\"https:\/\/www.facebook.com\/campingpalmeras\" \/>\n<meta property=\"article:modified_time\" content=\"2024-03-05T09:59:04+00:00\" \/>\n<meta name=\"twitter:card\" content=\"summary_large_image\" \/>\n<meta name=\"twitter:site\" content=\"@CLasPalmeras\" \/>\n<meta name=\"twitter:label1\" content=\"Gesch\u00e4tzte Lesezeit\" \/>\n\t<meta name=\"twitter:data1\" content=\"2\u00a0Minuten\" \/>\n<script type=\"application\/ld+json\" class=\"yoast-schema-graph\">{\"@context\":\"https:\/\/schema.org\",\"@graph\":[{\"@type\":\"WebPage\",\"@id\":\"https:\/\/campinglaspalmeras.com\/de\/hausordnung\/\",\"url\":\"https:\/\/campinglaspalmeras.com\/de\/hausordnung\/\",\"name\":\"Hausordnung - Camping Las Palmeras Costa Brava\",\"isPartOf\":{\"@id\":\"https:\/\/campinglaspalmeras.com\/ca\/#website\"},\"datePublished\":\"2020-09-15T08:01:46+00:00\",\"dateModified\":\"2024-03-05T09:59:04+00:00\",\"description\":\"Hausordnung Um ein ordnungsgem\u00e4\u00dfes Zusammenleben auf dem Campingplatz zu gew\u00e4hrleisten, bitten wir um die Einhaltung unserer Hausordnung:\",\"breadcrumb\":{\"@id\":\"https:\/\/campinglaspalmeras.com\/de\/hausordnung\/#breadcrumb\"},\"inLanguage\":\"de\",\"potentialAction\":[{\"@type\":\"ReadAction\",\"target\":[\"https:\/\/campinglaspalmeras.com\/de\/hausordnung\/\"]}]},{\"@type\":\"BreadcrumbList\",\"@id\":\"https:\/\/campinglaspalmeras.com\/de\/hausordnung\/#breadcrumb\",\"itemListElement\":[{\"@type\":\"ListItem\",\"position\":1,\"name\":\"Portada\",\"item\":\"https:\/\/campinglaspalmeras.com\/de\/home\/\"},{\"@type\":\"ListItem\",\"position\":2,\"name\":\"Hausordnung\"}]},{\"@type\":\"WebSite\",\"@id\":\"https:\/\/campinglaspalmeras.com\/ca\/#website\",\"url\":\"https:\/\/campinglaspalmeras.com\/ca\/\",\"name\":\"Camping Las Palmeras Costa Brava\",\"description\":\"Camping Las Palmeras Costa Brava\",\"potentialAction\":[{\"@type\":\"SearchAction\",\"target\":{\"@type\":\"EntryPoint\",\"urlTemplate\":\"https:\/\/campinglaspalmeras.com\/ca\/?s={search_term_string}\"},\"query-input\":\"required name=search_term_string\"}],\"inLanguage\":\"de\"}]}<\/script>\n<!-- \/ Yoast SEO plugin. -->","yoast_head_json":{"title":"Hausordnung - Camping Las Palmeras Costa Brava","description":"Hausordnung Um ein ordnungsgem\u00e4\u00dfes Zusammenleben auf dem Campingplatz zu gew\u00e4hrleisten, bitten wir um die Einhaltung unserer Hausordnung:","robots":{"index":"index","follow":"follow","max-snippet":"max-snippet:-1","max-image-preview":"max-image-preview:large","max-video-preview":"max-video-preview:-1"},"canonical":"https:\/\/campinglaspalmeras.com\/de\/hausordnung\/","og_locale":"de_DE","og_type":"article","og_title":"Hausordnung - Camping Las Palmeras Costa Brava","og_description":"Hausordnung Um ein ordnungsgem\u00e4\u00dfes Zusammenleben auf dem Campingplatz zu gew\u00e4hrleisten, bitten wir um die Einhaltung unserer Hausordnung:","og_url":"https:\/\/campinglaspalmeras.com\/de\/hausordnung\/","og_site_name":"Camping Las Palmeras Costa Brava","article_publisher":"https:\/\/www.facebook.com\/campingpalmeras","article_modified_time":"2024-03-05T09:59:04+00:00","twitter_card":"summary_large_image","twitter_site":"@CLasPalmeras","twitter_misc":{"Gesch\u00e4tzte Lesezeit":"2\u00a0Minuten"},"schema":{"@context":"https:\/\/schema.org","@graph":[{"@type":"WebPage","@id":"https:\/\/campinglaspalmeras.com\/de\/hausordnung\/","url":"https:\/\/campinglaspalmeras.com\/de\/hausordnung\/","name":"Hausordnung - Camping Las Palmeras Costa Brava","isPartOf":{"@id":"https:\/\/campinglaspalmeras.com\/ca\/#website"},"datePublished":"2020-09-15T08:01:46+00:00","dateModified":"2024-03-05T09:59:04+00:00","description":"Hausordnung Um ein ordnungsgem\u00e4\u00dfes Zusammenleben auf dem Campingplatz zu gew\u00e4hrleisten, bitten wir um die Einhaltung unserer Hausordnung:","breadcrumb":{"@id":"https:\/\/campinglaspalmeras.com\/de\/hausordnung\/#breadcrumb"},"inLanguage":"de","potentialAction":[{"@type":"ReadAction","target":["https:\/\/campinglaspalmeras.com\/de\/hausordnung\/"]}]},{"@type":"BreadcrumbList","@id":"https:\/\/campinglaspalmeras.com\/de\/hausordnung\/#breadcrumb","itemListElement":[{"@type":"ListItem","position":1,"name":"Portada","item":"https:\/\/campinglaspalmeras.com\/de\/home\/"},{"@type":"ListItem","position":2,"name":"Hausordnung"}]},{"@type":"WebSite","@id":"https:\/\/campinglaspalmeras.com\/ca\/#website","url":"https:\/\/campinglaspalmeras.com\/ca\/","name":"Camping Las Palmeras Costa Brava","description":"Camping Las Palmeras Costa Brava","potentialAction":[{"@type":"SearchAction","target":{"@type":"EntryPoint","urlTemplate":"https:\/\/campinglaspalmeras.com\/ca\/?s={search_term_string}"},"query-input":"required name=search_term_string"}],"inLanguage":"de"}]}},"_links":{"self":[{"href":"https:\/\/campinglaspalmeras.com\/de\/wp-json\/wp\/v2\/pages\/956"}],"collection":[{"href":"https:\/\/campinglaspalmeras.com\/de\/wp-json\/wp\/v2\/pages"}],"about":[{"href":"https:\/\/campinglaspalmeras.com\/de\/wp-json\/wp\/v2\/types\/page"}],"author":[{"embeddable":true,"href":"https:\/\/campinglaspalmeras.com\/de\/wp-json\/wp\/v2\/users\/1"}],"replies":[{"embeddable":true,"href":"https:\/\/campinglaspalmeras.com\/de\/wp-json\/wp\/v2\/comments?post=956"}],"version-history":[{"count":9,"href":"https:\/\/campinglaspalmeras.com\/de\/wp-json\/wp\/v2\/pages\/956\/revisions"}],"predecessor-version":[{"id":8807,"href":"https:\/\/campinglaspalmeras.com\/de\/wp-json\/wp\/v2\/pages\/956\/revisions\/8807"}],"wp:attachment":[{"href":"https:\/\/campinglaspalmeras.com\/de\/wp-json\/wp\/v2\/media?parent=956"}],"curies":[{"name":"wp","href":"https:\/\/api.w.org\/{rel}","templated":true}]}}