{"id":1026,"date":"2020-09-10T10:39:59","date_gmt":"2020-09-10T08:39:59","guid":{"rendered":"https:\/\/campinglaspalmeras.com\/f-a-q\/"},"modified":"2025-10-30T12:30:49","modified_gmt":"2025-10-30T11:30:49","slug":"f-a-q","status":"publish","type":"page","link":"https:\/\/campinglaspalmeras.com\/es\/f-a-q\/","title":{"rendered":"F.A.Q."},"content":{"rendered":"\n<style type=\"text\/css\" data-created_by=\"avia_inline_auto\" id=\"style-css-av-ketpt1xq-a2d3ee490fea1bf99b816595a4649da4\">\n.avia-section.av-ketpt1xq-a2d3ee490fea1bf99b816595a4649da4 .av-parallax .av-parallax-inner{\nbackground-repeat:no-repeat;\nbackground-image:url(https:\/\/campinglaspalmeras.com\/wp-content\/uploads\/2020\/09\/camp-2445212_1280.jpg);\nbackground-position:50% 50%;\nbackground-attachment:scroll;\n}\n.avia-section.av-ketpt1xq-a2d3ee490fea1bf99b816595a4649da4 .av-section-color-overlay{\nopacity:0.8;\nbackground-color:#2d2d2d;\n}\n<\/style>\n<div id='av_section_1'  class='avia-section av-ketpt1xq-a2d3ee490fea1bf99b816595a4649da4 main_color avia-section-default avia-no-border-styling  avia-builder-el-0  el_before_av_one_fifth  avia-builder-el-first  av-parallax-section avia-bg-style-parallax av-section-color-overlay-active container_wrap sidebar_right'  data-section-bg-repeat='no-repeat'><div class='av-parallax' data-avia-parallax-ratio='0.3' ><div class='av-parallax-inner main_color avia-full-stretch'><\/div><\/div><div class=\"av-section-color-overlay-wrap\"><div class=\"av-section-color-overlay\"><\/div><div class='container av-section-cont-open' ><main  role=\"main\" itemprop=\"mainContentOfPage\"  class='template-page content  av-content-small alpha units'><div class='post-entry post-entry-type-page post-entry-1026'><div class='entry-content-wrapper clearfix'>\n\n<style type=\"text\/css\" data-created_by=\"avia_inline_auto\" id=\"style-css-av-kewke46t-38805e71cea27ce384bc86e17386a869\">\n#top .av-special-heading.av-kewke46t-38805e71cea27ce384bc86e17386a869{\npadding-bottom:10px;\ncolor:#ffffff;\n}\nbody .av-special-heading.av-kewke46t-38805e71cea27ce384bc86e17386a869 .av-special-heading-tag .heading-char{\nfont-size:25px;\n}\n.av-special-heading.av-kewke46t-38805e71cea27ce384bc86e17386a869 .special-heading-inner-border{\nborder-color:#ffffff;\n}\n.av-special-heading.av-kewke46t-38805e71cea27ce384bc86e17386a869 .av-subheading{\nfont-size:15px;\n}\n<\/style>\n<div  class='av-special-heading av-kewke46t-38805e71cea27ce384bc86e17386a869 av-special-heading-h1 custom-color-heading blockquote modern-quote modern-centered  avia-builder-el-1  avia-builder-el-no-sibling '><h1 class='av-special-heading-tag'  itemprop=\"headline\"  >F.A.Q.<\/h1><div class=\"special-heading-border\"><div class=\"special-heading-inner-border\"><\/div><\/div><\/div>\n<\/div><\/div><\/main><!-- close content main element --><\/div><\/div><\/div><div id='after_section_1'  class='main_color av_default_container_wrap container_wrap sidebar_right'  ><div class='container av-section-cont-open' ><div class='template-page content  av-content-small alpha units'><div class='post-entry post-entry-type-page post-entry-1026'><div class='entry-content-wrapper clearfix'>\n\n<style type=\"text\/css\" data-created_by=\"avia_inline_auto\" id=\"style-css-av-av_one_fifth-79ff81c021393065cee878051452f6a6\">\n.flex_column.av-av_one_fifth-79ff81c021393065cee878051452f6a6{\n-webkit-border-radius:0px 0px 0px 0px;\n-moz-border-radius:0px 0px 0px 0px;\nborder-radius:0px 0px 0px 0px;\npadding:0px 0px 0px 0px;\n}\n<\/style>\n<div  class='flex_column av-av_one_fifth-79ff81c021393065cee878051452f6a6 av_one_fifth  avia-builder-el-2  el_after_av_section  el_before_av_three_fifth  avia-builder-el-first  first flex_column_div av-zero-column-padding  '     ><\/div>\n\n<style type=\"text\/css\" data-created_by=\"avia_inline_auto\" id=\"style-css-av-av_three_fifth-49f6e875884219cf77c24341e550af53\">\n.flex_column.av-av_three_fifth-49f6e875884219cf77c24341e550af53{\n-webkit-border-radius:0px 0px 0px 0px;\n-moz-border-radius:0px 0px 0px 0px;\nborder-radius:0px 0px 0px 0px;\npadding:0px 0px 0px 0px;\n}\n<\/style>\n<div  class='flex_column av-av_three_fifth-49f6e875884219cf77c24341e550af53 av_three_fifth  avia-builder-el-3  el_after_av_one_fifth  avia-builder-el-last  flex_column_div av-zero-column-padding  '     ><section  class='av_textblock_section av-kgal8s6x-bfece637f2bdd00e6d0863f774f24f6c '   itemscope=\"itemscope\" itemtype=\"https:\/\/schema.org\/CreativeWork\" ><div class='avia_textblock'  itemprop=\"text\" ><h2>Preguntas m\u00e1s frecuentes<\/h2>\n<div id=\"g1-divider-1\" class=\"g1-divider g1-divider--simple g1-divider--noicon \"><\/div>\n<h3>01.\u00a0\u00bfA qu\u00e9 distancia de la playa se encuentra el camping?<\/h3>\n<p>El camping se encuentra a 100 metros de la playa<\/p>\n<hr \/>\n<h3>02.\u00a0\u00bfSe puede pagar con tarjeta de cr\u00e9dito?<\/h3>\n<p>Si, aceptamos tarjetas de cr\u00e9dito.<\/p>\n<hr \/>\n<h3>03.\u00a0\u00bfEst\u00e1 prohibido hacer barbacoas?<\/h3>\n<p>Est\u00e1n permitidas en el camping, pero bajo las siguientes condiciones: s\u00f3lo se pueden encender con pastillas que no hagan llama, lejos de palmeras, setos, Bungalows o cualquier material inflamable. Adem\u00e1s se debe tener un recipiente con agua cerca.<\/p>\n<hr \/>\n<h3>04.\u00a0\u00bfSe pueden alquilar neveras?<\/h3>\n<p>S\u00ed, el camping dispone de un servicio de alquiler en recepci\u00f3n.<\/p>\n<hr \/>\n<h3>05.\u00a0\u00bfSe admiten perros?<\/h3>\n<p>No se admiten animales dom\u00e9sticos de ninguna clase en los Bungalows. Dentro de la zona de camping se admiten con su normativa correspondiente (m\u00e1ximo dos perros por parcela). Les hacemos saber que los perros \u201cpotencialmente peligrosos\u201d(pit bull, rottweiler, dogo argentino, bullmastif, staffordshire, doberman, fila brasileiro, tosa japon\u00e9s y presa canario) no ser\u00e1n admitidos.<\/p>\n<hr \/>\n<h3>06.\u00a0\u00bfHay piscina en el camping?<\/h3>\n<p>Disponemos de\u00a0tres piscinas y un jacuzzi, dos piscinas para adultos y una para ni\u00f1os con juegos de agua y toboganes. En temporada baja,\u00a0una de las piscinas est\u00e1 climatizada constantemente.<\/p>\n<hr \/>\n<h3>07.\u00a0\u00bfHay animaci\u00f3n para grandes y peque\u00f1os?<\/h3>\n<p>S\u00ed, disponemos de animaci\u00f3n infantil en Semana Santa , otras vacaciones escolares, y en julio y agosto. Para mayores, desde la apertura al cierre, con m\u00e1s actividades en julio y agosto.<\/p>\n<hr \/>\n<h3>08.\u00a0\u00bfSe aceptan visitas en el camping?<\/h3>\n<p>Solo ser\u00e1n autorizadas si el aforo lo permitiese. Deber\u00e1n registrarse en recepci\u00f3n y abonar la tarifa vigente de una jornada por parcela y persona.<\/p>\n<hr \/>\n<h3>09. \u00bfQu\u00e9 pasa si vengo con dos coches?<\/h3>\n<p>Se puede registrar un coche extra en la recepci\u00f3n y entrarlo al camping. Este coche se puede aparcar en la parcela, el parking de la entrada o el parking exterior junto recepci\u00f3n. Se tiene que abonar la tarifa vigente para el coche extra, aparcarlo en el parking exterior no exime de pago.<\/p>\n<hr \/>\n<h2>Bungalows<\/h2>\n<div id=\"g1-divider-2\" class=\"g1-divider g1-divider--simple g1-divider--noicon \"><\/div>\n<h3>01.\u00a0\u00bfTienen aire acondicionado los Bungalows?<\/h3>\n<p>Si disponen de aire acondicionado.<\/p>\n<hr \/>\n<h3>02.\u00a0\u00bfQu\u00e9 equipamiento tienen?<\/h3>\n<p>Todos nuestros Bungalows est\u00e1n equipados con dos mesas (una interior y una exterior), sillas, TV, router, dos hamacas y los utensilios de cocina b\u00e1sicos; ollas, paellas, cubiertos, vasos , cafetera y microondas. No tienen horno.<\/p>\n<hr \/>\n<h3>03.\u00a0\u00bfSe incluye ropa de cama?<\/h3>\n<p>Si, se facilitan mantas, s\u00e1banas, toallas y trapos de cocina.<\/p>\n<hr \/>\n<h3>04.\u00a0\u00bfDispone de cuna para beb\u00e9?<\/h3>\n<p>S\u00ed, solic\u00edtela cuando haga su reserva.<\/p>\n<hr \/>\n<h3>05.\u00a0\u00bfSe puede reservar un n\u00famero concreto de bungalow?<\/h3>\n<p>No, el numero de bungalow le ser\u00e1 asignado seg\u00fan disponibilidad.<\/p>\n<hr \/>\n<h3>06.\u00a0\u00bfA qu\u00e9 hora he de dejar el bungalow?<\/h3>\n<p>El bungalow tiene que estar libre antes de las 11:00h de la ma\u00f1ana.<\/p>\n<h2>Parcela<\/h2>\n<div id=\"g1-divider-3\" class=\"g1-divider g1-divider--simple g1-divider--noicon \"><\/div>\n<h3>01.\u00a0\u00bfDe cu\u00e1ntos amperios es la toma de corriente de las parcelas?<\/h3>\n<p>10 amperios. Son enchufes normales de dos clavijas, tipo\u00a0<em>schuko<\/em>.<\/p>\n<hr \/>\n<h3>02.\u00a0\u00bfPodemos instalar nuestro bungalow \/ mobilhome en una parcela?<\/h3>\n<p>No, no se permite instalar este tipo de alojamiento en nuestro camping.<\/p>\n<hr \/>\n<h3>03.\u00a0\u00bfA qu\u00e9 hora he de marchar de la parcela?<\/h3>\n<p>La parcela tiene que estar libre antes de las 12:00h de la ma\u00f1ana.<\/p>\n<hr \/>\n<h3>04.\u00a0\u00bfAlquil\u00e1is parcelas por temporada?<\/h3>\n<p>No.<\/p>\n<h2>Reservas<\/h2>\n<div id=\"g1-divider-4\" class=\"g1-divider g1-divider--simple g1-divider--noicon \"><\/div>\n<h3>01.\u00a0\u00bfC\u00f3mo puedo hacer una reserva para el camping Las Palmeras?<\/h3>\n<p>Puede realizar su reserva a trav\u00e9s de nuestra p\u00e1gina web, v\u00eda tel\u00e9fono, carta o en la misma recepci\u00f3n del camping.<\/p>\n<hr \/>\n<h3>02.\u00a0\u00bfA partir de cu\u00e1ndo puedo reservar para la temporada siguiente?<\/h3>\n<p>A partir del 15 de noviembre.<\/p>\n<hr \/>\n<h3>03.\u00a0\u00bfQu\u00e9 pasa si cancelo mi reserva?<\/h3>\n<p>La anulaci\u00f3n de la reserva comporta la p\u00e9rdida del 50% de la cantidad abonada. Si la anulaci\u00f3n se hace los 30 d\u00edas anteriores a la fecha prevista de llegada, la perdida ser\u00e1 del 100%.<\/p>\n<\/div><\/section><\/div>\n","protected":false},"excerpt":{"rendered":"","protected":false},"author":1,"featured_media":0,"parent":0,"menu_order":800,"comment_status":"closed","ping_status":"closed","template":"","meta":[],"yoast_head":"<!-- This site is optimized with the Yoast SEO plugin v20.9 - https:\/\/yoast.com\/wordpress\/plugins\/seo\/ -->\n<title>F.A.Q. - Camping Las Palmeras Costa Brava<\/title>\n<meta name=\"description\" content=\"Preguntas m\u00e1s frecuentes 01. \u00bfA qu\u00e9 distancia de la playa se encuentra el camping? El camping se encuentra a 250 metros de la playa\" \/>\n<meta name=\"robots\" content=\"index, follow, max-snippet:-1, max-image-preview:large, max-video-preview:-1\" \/>\n<link rel=\"canonical\" href=\"https:\/\/campinglaspalmeras.com\/es\/f-a-q\/\" \/>\n<meta property=\"og:locale\" content=\"es_ES\" \/>\n<meta property=\"og:type\" content=\"article\" \/>\n<meta property=\"og:title\" content=\"F.A.Q. - Camping Las Palmeras Costa Brava\" \/>\n<meta property=\"og:description\" content=\"Preguntas m\u00e1s frecuentes 01. \u00bfA qu\u00e9 distancia de la playa se encuentra el camping? El camping se encuentra a 250 metros de la playa\" \/>\n<meta property=\"og:url\" content=\"https:\/\/campinglaspalmeras.com\/es\/f-a-q\/\" \/>\n<meta property=\"og:site_name\" content=\"Camping Las Palmeras Costa Brava\" \/>\n<meta property=\"article:publisher\" content=\"https:\/\/www.facebook.com\/campingpalmeras\" \/>\n<meta property=\"article:modified_time\" content=\"2025-10-30T11:30:49+00:00\" \/>\n<meta name=\"twitter:card\" content=\"summary_large_image\" \/>\n<meta name=\"twitter:site\" content=\"@CLasPalmeras\" \/>\n<meta name=\"twitter:label1\" content=\"Tiempo de lectura\" \/>\n\t<meta name=\"twitter:data1\" content=\"4 minutos\" \/>\n<script type=\"application\/ld+json\" class=\"yoast-schema-graph\">{\"@context\":\"https:\/\/schema.org\",\"@graph\":[{\"@type\":\"WebPage\",\"@id\":\"https:\/\/campinglaspalmeras.com\/es\/f-a-q\/\",\"url\":\"https:\/\/campinglaspalmeras.com\/es\/f-a-q\/\",\"name\":\"F.A.Q. - Camping Las Palmeras Costa Brava\",\"isPartOf\":{\"@id\":\"https:\/\/campinglaspalmeras.com\/ca\/#website\"},\"datePublished\":\"2020-09-10T08:39:59+00:00\",\"dateModified\":\"2025-10-30T11:30:49+00:00\",\"description\":\"Preguntas m\u00e1s frecuentes 01. \u00bfA qu\u00e9 distancia de la playa se encuentra el camping? El camping se encuentra a 250 metros de la playa\",\"breadcrumb\":{\"@id\":\"https:\/\/campinglaspalmeras.com\/es\/f-a-q\/#breadcrumb\"},\"inLanguage\":\"es\",\"potentialAction\":[{\"@type\":\"ReadAction\",\"target\":[\"https:\/\/campinglaspalmeras.com\/es\/f-a-q\/\"]}]},{\"@type\":\"BreadcrumbList\",\"@id\":\"https:\/\/campinglaspalmeras.com\/es\/f-a-q\/#breadcrumb\",\"itemListElement\":[{\"@type\":\"ListItem\",\"position\":1,\"name\":\"Portada\",\"item\":\"https:\/\/campinglaspalmeras.com\/es\/inicio\/\"},{\"@type\":\"ListItem\",\"position\":2,\"name\":\"F.A.Q.\"}]},{\"@type\":\"WebSite\",\"@id\":\"https:\/\/campinglaspalmeras.com\/ca\/#website\",\"url\":\"https:\/\/campinglaspalmeras.com\/ca\/\",\"name\":\"Camping Las Palmeras Costa Brava\",\"description\":\"Camping Las Palmeras Costa Brava\",\"potentialAction\":[{\"@type\":\"SearchAction\",\"target\":{\"@type\":\"EntryPoint\",\"urlTemplate\":\"https:\/\/campinglaspalmeras.com\/ca\/?s={search_term_string}\"},\"query-input\":\"required name=search_term_string\"}],\"inLanguage\":\"es\"}]}<\/script>\n<!-- \/ Yoast SEO plugin. -->","yoast_head_json":{"title":"F.A.Q. - Camping Las Palmeras Costa Brava","description":"Preguntas m\u00e1s frecuentes 01. \u00bfA qu\u00e9 distancia de la playa se encuentra el camping? El camping se encuentra a 250 metros de la playa","robots":{"index":"index","follow":"follow","max-snippet":"max-snippet:-1","max-image-preview":"max-image-preview:large","max-video-preview":"max-video-preview:-1"},"canonical":"https:\/\/campinglaspalmeras.com\/es\/f-a-q\/","og_locale":"es_ES","og_type":"article","og_title":"F.A.Q. - Camping Las Palmeras Costa Brava","og_description":"Preguntas m\u00e1s frecuentes 01. \u00bfA qu\u00e9 distancia de la playa se encuentra el camping? El camping se encuentra a 250 metros de la playa","og_url":"https:\/\/campinglaspalmeras.com\/es\/f-a-q\/","og_site_name":"Camping Las Palmeras Costa Brava","article_publisher":"https:\/\/www.facebook.com\/campingpalmeras","article_modified_time":"2025-10-30T11:30:49+00:00","twitter_card":"summary_large_image","twitter_site":"@CLasPalmeras","twitter_misc":{"Tiempo de lectura":"4 minutos"},"schema":{"@context":"https:\/\/schema.org","@graph":[{"@type":"WebPage","@id":"https:\/\/campinglaspalmeras.com\/es\/f-a-q\/","url":"https:\/\/campinglaspalmeras.com\/es\/f-a-q\/","name":"F.A.Q. - Camping Las Palmeras Costa Brava","isPartOf":{"@id":"https:\/\/campinglaspalmeras.com\/ca\/#website"},"datePublished":"2020-09-10T08:39:59+00:00","dateModified":"2025-10-30T11:30:49+00:00","description":"Preguntas m\u00e1s frecuentes 01. \u00bfA qu\u00e9 distancia de la playa se encuentra el camping? El camping se encuentra a 250 metros de la playa","breadcrumb":{"@id":"https:\/\/campinglaspalmeras.com\/es\/f-a-q\/#breadcrumb"},"inLanguage":"es","potentialAction":[{"@type":"ReadAction","target":["https:\/\/campinglaspalmeras.com\/es\/f-a-q\/"]}]},{"@type":"BreadcrumbList","@id":"https:\/\/campinglaspalmeras.com\/es\/f-a-q\/#breadcrumb","itemListElement":[{"@type":"ListItem","position":1,"name":"Portada","item":"https:\/\/campinglaspalmeras.com\/es\/inicio\/"},{"@type":"ListItem","position":2,"name":"F.A.Q."}]},{"@type":"WebSite","@id":"https:\/\/campinglaspalmeras.com\/ca\/#website","url":"https:\/\/campinglaspalmeras.com\/ca\/","name":"Camping Las Palmeras Costa Brava","description":"Camping Las Palmeras Costa Brava","potentialAction":[{"@type":"SearchAction","target":{"@type":"EntryPoint","urlTemplate":"https:\/\/campinglaspalmeras.com\/ca\/?s={search_term_string}"},"query-input":"required name=search_term_string"}],"inLanguage":"es"}]}},"_links":{"self":[{"href":"https:\/\/campinglaspalmeras.com\/es\/wp-json\/wp\/v2\/pages\/1026"}],"collection":[{"href":"https:\/\/campinglaspalmeras.com\/es\/wp-json\/wp\/v2\/pages"}],"about":[{"href":"https:\/\/campinglaspalmeras.com\/es\/wp-json\/wp\/v2\/types\/page"}],"author":[{"embeddable":true,"href":"https:\/\/campinglaspalmeras.com\/es\/wp-json\/wp\/v2\/users\/1"}],"replies":[{"embeddable":true,"href":"https:\/\/campinglaspalmeras.com\/es\/wp-json\/wp\/v2\/comments?post=1026"}],"version-history":[{"count":9,"href":"https:\/\/campinglaspalmeras.com\/es\/wp-json\/wp\/v2\/pages\/1026\/revisions"}],"predecessor-version":[{"id":10245,"href":"https:\/\/campinglaspalmeras.com\/es\/wp-json\/wp\/v2\/pages\/1026\/revisions\/10245"}],"wp:attachment":[{"href":"https:\/\/campinglaspalmeras.com\/es\/wp-json\/wp\/v2\/media?parent=1026"}],"curies":[{"name":"wp","href":"https:\/\/api.w.org\/{rel}","templated":true}]}}