{"id":1053,"date":"2020-09-09T16:12:32","date_gmt":"2020-09-09T14:12:32","guid":{"rendered":"https:\/\/campinglaspalmeras.com\/environmental-policies\/"},"modified":"2020-10-15T11:03:23","modified_gmt":"2020-10-15T09:03:23","slug":"politica-ambiental","status":"publish","type":"page","link":"https:\/\/campinglaspalmeras.com\/es\/politica-ambiental\/","title":{"rendered":"Preocupaci\u00f3n por el medio ambiente"},"content":{"rendered":"\n<style type=\"text\/css\" data-created_by=\"avia_inline_auto\" id=\"style-css-av-ketpt1xq-a2d3ee490fea1bf99b816595a4649da4\">\n.avia-section.av-ketpt1xq-a2d3ee490fea1bf99b816595a4649da4 .av-parallax .av-parallax-inner{\nbackground-repeat:no-repeat;\nbackground-image:url(https:\/\/campinglaspalmeras.com\/wp-content\/uploads\/2020\/09\/camp-2445212_1280.jpg);\nbackground-position:50% 50%;\nbackground-attachment:scroll;\n}\n.avia-section.av-ketpt1xq-a2d3ee490fea1bf99b816595a4649da4 .av-section-color-overlay{\nopacity:0.8;\nbackground-color:#2d2d2d;\n}\n<\/style>\n<div id='av_section_1'  class='avia-section av-ketpt1xq-a2d3ee490fea1bf99b816595a4649da4 main_color avia-section-default avia-no-border-styling  avia-builder-el-0  el_before_av_section  avia-builder-el-first  av-parallax-section avia-bg-style-parallax av-section-color-overlay-active container_wrap sidebar_right'  data-section-bg-repeat='no-repeat'><div class='av-parallax' data-avia-parallax-ratio='0.3' ><div class='av-parallax-inner main_color avia-full-stretch'><\/div><\/div><div class=\"av-section-color-overlay-wrap\"><div class=\"av-section-color-overlay\"><\/div><div class='container av-section-cont-open' ><main  role=\"main\" itemprop=\"mainContentOfPage\"  class='template-page content  av-content-small alpha units'><div class='post-entry post-entry-type-page post-entry-1053'><div class='entry-content-wrapper clearfix'>\n\n<style type=\"text\/css\" data-created_by=\"avia_inline_auto\" id=\"style-css-av-kgalhlm1-879375138b8c36e21bbede494bd706e9\">\n#top .av-special-heading.av-kgalhlm1-879375138b8c36e21bbede494bd706e9{\npadding-bottom:10px;\ncolor:#ffffff;\n}\nbody .av-special-heading.av-kgalhlm1-879375138b8c36e21bbede494bd706e9 .av-special-heading-tag .heading-char{\nfont-size:25px;\n}\n.av-special-heading.av-kgalhlm1-879375138b8c36e21bbede494bd706e9 .special-heading-inner-border{\nborder-color:#ffffff;\n}\n.av-special-heading.av-kgalhlm1-879375138b8c36e21bbede494bd706e9 .av-subheading{\nfont-size:15px;\n}\n<\/style>\n<div  class='av-special-heading av-kgalhlm1-879375138b8c36e21bbede494bd706e9 av-special-heading-h1 custom-color-heading blockquote modern-quote modern-centered  avia-builder-el-1  avia-builder-el-no-sibling '><h1 class='av-special-heading-tag'  itemprop=\"headline\"  > Preocupaci\u00f3n por el medio ambiente<\/h1><div class=\"special-heading-border\"><div class=\"special-heading-inner-border\"><\/div><\/div><\/div>\n<\/div><\/div><\/main><!-- close content main element --><\/div><\/div><\/div>\n<style type=\"text\/css\" data-created_by=\"avia_inline_auto\" id=\"style-css-av-kevgoioy-d42bc6aad4e9f3291a303ba59e1f8a55\">\n.avia-section.av-kevgoioy-d42bc6aad4e9f3291a303ba59e1f8a55{\nbackground-color:#f2f2f2;\nbackground-image:unset;\n}\n<\/style>\n<div id='av_section_2'  class='avia-section av-kevgoioy-d42bc6aad4e9f3291a303ba59e1f8a55 main_color avia-section-default avia-no-border-styling  avia-builder-el-2  el_after_av_section  el_before_av_one_half  avia-bg-style-scroll container_wrap sidebar_right'  ><div class='container av-section-cont-open' ><div class='template-page content  av-content-small alpha units'><div class='post-entry post-entry-type-page post-entry-1053'><div class='entry-content-wrapper clearfix'>\n\n<style type=\"text\/css\" data-created_by=\"avia_inline_auto\" id=\"style-css-av-rvt1n-fd694be6afdff2d427a5105d29712ad4\">\n.flex_column.av-rvt1n-fd694be6afdff2d427a5105d29712ad4{\n-webkit-border-radius:0px 0px 0px 0px;\n-moz-border-radius:0px 0px 0px 0px;\nborder-radius:0px 0px 0px 0px;\npadding:0px 0px 0px 0px;\n}\n<\/style>\n<div  class='flex_column av-rvt1n-fd694be6afdff2d427a5105d29712ad4 av_one_fifth  avia-builder-el-3  el_before_av_four_fifth  avia-builder-el-first  first flex_column_div av-zero-column-padding  '     ><style type=\"text\/css\" data-created_by=\"avia_inline_auto\" id=\"style-css-av-kevgnoaf-95138b08e2b3b78fe7a9b499908238f0\">\n.avia-image-container.av-kevgnoaf-95138b08e2b3b78fe7a9b499908238f0 img.avia_image{\nbox-shadow:none;\n}\n.avia-image-container.av-kevgnoaf-95138b08e2b3b78fe7a9b499908238f0 .av-image-caption-overlay-center{\ncolor:#ffffff;\n}\n<\/style>\n<div  class='avia-image-container av-kevgnoaf-95138b08e2b3b78fe7a9b499908238f0 av-styling- avia-align-center  avia-builder-el-4  avia-builder-el-no-sibling '   itemprop=\"image\" itemscope=\"itemscope\" itemtype=\"https:\/\/schema.org\/ImageObject\" ><div class=\"avia-image-container-inner\"><div class=\"avia-image-overlay-wrap\"><img decoding=\"async\" class='wp-image-908 avia-img-lazy-loading-not-908 avia_image ' src=\"https:\/\/campinglaspalmeras.com\/wp-content\/uploads\/2020\/09\/garantia-qualitat-ambiental-150x150-1.jpg\" alt='' title='garantia-qualitat-ambiental-150x150'  height=\"150\" width=\"150\"  itemprop=\"thumbnailUrl\" srcset=\"https:\/\/campinglaspalmeras.com\/wp-content\/uploads\/2020\/09\/garantia-qualitat-ambiental-150x150-1.jpg 150w, https:\/\/campinglaspalmeras.com\/wp-content\/uploads\/2020\/09\/garantia-qualitat-ambiental-150x150-1-80x80.jpg 80w, https:\/\/campinglaspalmeras.com\/wp-content\/uploads\/2020\/09\/garantia-qualitat-ambiental-150x150-1-36x36.jpg 36w\" sizes=\"(max-width: 150px) 100vw, 150px\" \/><\/div><\/div><\/div><\/div>\n<style type=\"text\/css\" data-created_by=\"avia_inline_auto\" id=\"style-css-av-jjz2b-2eb89559743c5a980b9c85eb2fe463cc\">\n.flex_column.av-jjz2b-2eb89559743c5a980b9c85eb2fe463cc{\n-webkit-border-radius:0px 0px 0px 0px;\n-moz-border-radius:0px 0px 0px 0px;\nborder-radius:0px 0px 0px 0px;\npadding:0px 0px 0px 0px;\n}\n<\/style>\n<div  class='flex_column av-jjz2b-2eb89559743c5a980b9c85eb2fe463cc av_four_fifth  avia-builder-el-5  el_after_av_one_fifth  avia-builder-el-last  flex_column_div av-zero-column-padding  '     ><section  class='av_textblock_section av-kevgo2ja-e4870e60db236899b299daf26cfbcadd '   itemscope=\"itemscope\" itemtype=\"https:\/\/schema.org\/CreativeWork\" ><div class='avia_textblock'  itemprop=\"text\" ><p>El camping Las Palmeras dispone del<strong>Distintivo de Garant\u00eda de Calidad Ambiental<\/strong>, obtenido gracias a la pol\u00edtica de respeto al entorno natural y minimizaci\u00f3n continua del impacto ambiental.<br \/>\nEs por eso que fomentamos los buenos h\u00e1bitos y la conciencia ambiental entre los trabajadores y clientes.<\/p>\n<\/div><\/section><\/div><\/div><\/div><\/div><!-- close content main div --><\/div><\/div><div id='after_section_2'  class='main_color av_default_container_wrap container_wrap sidebar_right'  ><div class='container av-section-cont-open' ><div class='template-page content  av-content-small alpha units'><div class='post-entry post-entry-type-page post-entry-1053'><div class='entry-content-wrapper clearfix'>\n<style type=\"text\/css\" data-created_by=\"avia_inline_auto\" id=\"style-css-av-gjbsr-0adb3b5595f6deb8c5731529026590ba\">\n.flex_column.av-gjbsr-0adb3b5595f6deb8c5731529026590ba{\n-webkit-border-radius:0px 0px 0px 0px;\n-moz-border-radius:0px 0px 0px 0px;\nborder-radius:0px 0px 0px 0px;\npadding:0px 0px 0px 0px;\n}\n<\/style>\n<div  class='flex_column av-gjbsr-0adb3b5595f6deb8c5731529026590ba av_one_half  avia-builder-el-7  el_after_av_section  el_before_av_one_half  avia-builder-el-first  first flex_column_div av-zero-column-padding  '     ><section  class='av_textblock_section av-kevgp1c0-ad6c446fc8962fd4029d244d09801d4f '   itemscope=\"itemscope\" itemtype=\"https:\/\/schema.org\/CreativeWork\" ><div class='avia_textblock'  itemprop=\"text\" ><h2>Algunas de nuestras apuestas son:<\/h2>\n<p><strong>Ahorro de agua<\/strong><\/p>\n<p>Minimizar el consumo y buscar un uso racional de este recurso tan valioso y limitado. Por eso el camping dispone de elementos para cumplir con los criterios de bajo consumo, como duchas con un caudal inferior a 10 l\/min., grifos con un caudal inferior a 9 l\/min. y v\u00e1ters con descarga inferior a los 6 litros. Los sistemas de riego de nuestros jardines son gota a gota y tambi\u00e9n disponemos de una depuradora de aguas residuales.<\/p>\n<p><strong>Eficacia energ\u00e9tica<\/strong><\/p>\n<p>Disponemos de captadores solares t\u00e9rmicos para aprovechar la energ\u00eda solar para la climatizaci\u00f3n del agua de la piscina. Del mismo modo, para el alumbrado del camping en zonas comunitarias se dispone de l\u00e1mparas de iluminaci\u00f3n de alto rendimiento con c\u00e9lulas de encendido y apagado autom\u00e1tica, as\u00ed como de reloj temporizador. Tambi\u00e9n disponemos de calderas con un rendimiento superior al 90%.<\/p>\n<p><strong>Gesti\u00f3n de los residuos<\/strong><\/p>\n<p>En el camping se hace recogida selectiva de vidrio, papel y cart\u00f3n, envases de pl\u00e1stico, tetrabric o metal, pilas, l\u00e1mparas fluorescentes, residuos org\u00e1nicos y aceites de cocina. Del mismo modo, a nuestros clientes les facilitamos una bolsa ecol\u00f3gica por tal que puedan utilizarla para ir a comprar al supermercado, ya que seguimos una pol\u00edtica de eliminaci\u00f3n de bolsas de pl\u00e1stico.<\/p>\n<p><strong>Integraci\u00f3n paisaj\u00edstica<\/strong><\/p>\n<p>Hay que tener presente que el camping est\u00e1 situado al lado del mar y tocando el Parque Natural de los Aiguamolls de l\u2019Empord\u00e1. El respeto por el entorno nos ha hecho apostar por dise\u00f1ar la arquitectura de nuestras instalaciones siguiendo los criterios constructivos de la zona y el enjardinado de acuerdo con la vegetaci\u00f3n aut\u00f3ctona y la flora mediterr\u00e1nea.<\/p>\n<\/div><\/section><\/div>\n<style type=\"text\/css\" data-created_by=\"avia_inline_auto\" id=\"style-css-av-apep7-661e0b1cd1af7bb2ac66a75473636195\">\n.flex_column.av-apep7-661e0b1cd1af7bb2ac66a75473636195{\n-webkit-border-radius:0px 0px 0px 0px;\n-moz-border-radius:0px 0px 0px 0px;\nborder-radius:0px 0px 0px 0px;\npadding:0px 0px 0px 0px;\n}\n<\/style>\n<div  class='flex_column av-apep7-661e0b1cd1af7bb2ac66a75473636195 av_one_half  avia-builder-el-9  el_after_av_one_half  avia-builder-el-last  flex_column_div av-zero-column-padding  '     ><section  class='av_textblock_section av-kevgp1c0-ad6c446fc8962fd4029d244d09801d4f '   itemscope=\"itemscope\" itemtype=\"https:\/\/schema.org\/CreativeWork\" ><div class='avia_textblock'  itemprop=\"text\" ><h2>Recomendaciones para el medio ambiente<\/h2>\n<p>Animamos a nuestros clientes a participar activamente en la preservaci\u00f3n del medio ambiente con un comportamiento respetuoso con el entorno y los recursos. Estas son algunas de nuestras recomendaciones:<\/p>\n<p><strong>Agua<\/strong><\/p>\n<ul>\n<li>Evitar el uso del v\u00e1ter como papelera.<\/li>\n<li>Cerrar los grifos cuando no se utilice el agua.<\/li>\n<\/ul>\n<p><strong>Energ\u00eda<\/strong><\/p>\n<ul>\n<li>Aprovechar la luz natural y apagar las l\u00e1mparas cuando no se utilicen.<\/li>\n<li>Lavar con agua fr\u00eda.<\/li>\n<li>Apagar los equipamientos con el interruptor del aparato y no con el mando a distancia para evitar el consumo continuado e innecesario de energ\u00eda.<\/li>\n<\/ul>\n<p><strong>Residuos<\/strong><\/p>\n<ul>\n<li>Separar los residuos utilizando los contenedores de recogida selectiva.<\/li>\n<li>Evitar el consumo de envases de un solo uso.<\/li>\n<li>Utilizar la bolsa que les facilitamos en la recepci\u00f3n del camping.<\/li>\n<li>Escoger productos con envases que se puedan retornar.<\/li>\n<li>Priorizar el vidrio ante el pl\u00e1stico, ya que es m\u00e1s f\u00e1cil de reciclar.<\/li>\n<\/ul>\n<p><strong>Transporte<\/strong><\/p>\n<ul>\n<li style=\"list-style-type: none;\">\n<ul>\n<li>Hay que priorizar el uso del transporte no motorizado para descubrir el entorno natural.<\/li>\n<\/ul>\n<\/li>\n<\/ul>\n<\/div><\/section><\/div><\/p>\n","protected":false},"excerpt":{"rendered":"","protected":false},"author":1,"featured_media":0,"parent":0,"menu_order":700,"comment_status":"closed","ping_status":"closed","template":"","meta":[],"yoast_head":"<!-- This site is optimized with the Yoast SEO plugin v20.9 - https:\/\/yoast.com\/wordpress\/plugins\/seo\/ -->\n<title>Preocupaci\u00f3n por el medio ambiente - Camping Las Palmeras Costa Brava<\/title>\n<meta name=\"description\" content=\"El camping Las Palmeras dispone delDistintivo de Garant\u00eda de Calidad Ambiental, obtenido gracias a la pol\u00edtica de respeto al entorno natural y minimizaci\u00f3n continua del impacto ambiental.\" \/>\n<meta name=\"robots\" content=\"index, follow, max-snippet:-1, max-image-preview:large, max-video-preview:-1\" \/>\n<link rel=\"canonical\" href=\"https:\/\/campinglaspalmeras.com\/es\/politica-ambiental\/\" \/>\n<meta property=\"og:locale\" content=\"es_ES\" \/>\n<meta property=\"og:type\" content=\"article\" \/>\n<meta property=\"og:title\" content=\"Preocupaci\u00f3n por el medio ambiente - Camping Las Palmeras Costa Brava\" \/>\n<meta property=\"og:description\" content=\"El camping Las Palmeras dispone delDistintivo de Garant\u00eda de Calidad Ambiental, obtenido gracias a la pol\u00edtica de respeto al entorno natural y minimizaci\u00f3n continua del impacto ambiental.\" \/>\n<meta property=\"og:url\" content=\"https:\/\/campinglaspalmeras.com\/es\/politica-ambiental\/\" \/>\n<meta property=\"og:site_name\" content=\"Camping Las Palmeras Costa Brava\" \/>\n<meta property=\"article:publisher\" content=\"https:\/\/www.facebook.com\/campingpalmeras\" \/>\n<meta property=\"article:modified_time\" content=\"2020-10-15T09:03:23+00:00\" \/>\n<meta name=\"twitter:card\" content=\"summary_large_image\" \/>\n<meta name=\"twitter:site\" content=\"@CLasPalmeras\" \/>\n<meta name=\"twitter:label1\" content=\"Tiempo de lectura\" \/>\n\t<meta name=\"twitter:data1\" content=\"7 minutos\" \/>\n<script type=\"application\/ld+json\" class=\"yoast-schema-graph\">{\"@context\":\"https:\/\/schema.org\",\"@graph\":[{\"@type\":\"WebPage\",\"@id\":\"https:\/\/campinglaspalmeras.com\/es\/politica-ambiental\/\",\"url\":\"https:\/\/campinglaspalmeras.com\/es\/politica-ambiental\/\",\"name\":\"Preocupaci\u00f3n por el medio ambiente - Camping Las Palmeras Costa Brava\",\"isPartOf\":{\"@id\":\"https:\/\/campinglaspalmeras.com\/ca\/#website\"},\"datePublished\":\"2020-09-09T14:12:32+00:00\",\"dateModified\":\"2020-10-15T09:03:23+00:00\",\"description\":\"El camping Las Palmeras dispone delDistintivo de Garant\u00eda de Calidad Ambiental, obtenido gracias a la pol\u00edtica de respeto al entorno natural y minimizaci\u00f3n continua del impacto ambiental.\",\"breadcrumb\":{\"@id\":\"https:\/\/campinglaspalmeras.com\/es\/politica-ambiental\/#breadcrumb\"},\"inLanguage\":\"es\",\"potentialAction\":[{\"@type\":\"ReadAction\",\"target\":[\"https:\/\/campinglaspalmeras.com\/es\/politica-ambiental\/\"]}]},{\"@type\":\"BreadcrumbList\",\"@id\":\"https:\/\/campinglaspalmeras.com\/es\/politica-ambiental\/#breadcrumb\",\"itemListElement\":[{\"@type\":\"ListItem\",\"position\":1,\"name\":\"Portada\",\"item\":\"https:\/\/campinglaspalmeras.com\/es\/inicio\/\"},{\"@type\":\"ListItem\",\"position\":2,\"name\":\"Preocupaci\u00f3n por el medio ambiente\"}]},{\"@type\":\"WebSite\",\"@id\":\"https:\/\/campinglaspalmeras.com\/ca\/#website\",\"url\":\"https:\/\/campinglaspalmeras.com\/ca\/\",\"name\":\"Camping Las Palmeras Costa Brava\",\"description\":\"Camping Las Palmeras Costa Brava\",\"potentialAction\":[{\"@type\":\"SearchAction\",\"target\":{\"@type\":\"EntryPoint\",\"urlTemplate\":\"https:\/\/campinglaspalmeras.com\/ca\/?s={search_term_string}\"},\"query-input\":\"required name=search_term_string\"}],\"inLanguage\":\"es\"}]}<\/script>\n<!-- \/ Yoast SEO plugin. -->","yoast_head_json":{"title":"Preocupaci\u00f3n por el medio ambiente - Camping Las Palmeras Costa Brava","description":"El camping Las Palmeras dispone delDistintivo de Garant\u00eda de Calidad Ambiental, obtenido gracias a la pol\u00edtica de respeto al entorno natural y minimizaci\u00f3n continua del impacto ambiental.","robots":{"index":"index","follow":"follow","max-snippet":"max-snippet:-1","max-image-preview":"max-image-preview:large","max-video-preview":"max-video-preview:-1"},"canonical":"https:\/\/campinglaspalmeras.com\/es\/politica-ambiental\/","og_locale":"es_ES","og_type":"article","og_title":"Preocupaci\u00f3n por el medio ambiente - Camping Las Palmeras Costa Brava","og_description":"El camping Las Palmeras dispone delDistintivo de Garant\u00eda de Calidad Ambiental, obtenido gracias a la pol\u00edtica de respeto al entorno natural y minimizaci\u00f3n continua del impacto ambiental.","og_url":"https:\/\/campinglaspalmeras.com\/es\/politica-ambiental\/","og_site_name":"Camping Las Palmeras Costa Brava","article_publisher":"https:\/\/www.facebook.com\/campingpalmeras","article_modified_time":"2020-10-15T09:03:23+00:00","twitter_card":"summary_large_image","twitter_site":"@CLasPalmeras","twitter_misc":{"Tiempo de lectura":"7 minutos"},"schema":{"@context":"https:\/\/schema.org","@graph":[{"@type":"WebPage","@id":"https:\/\/campinglaspalmeras.com\/es\/politica-ambiental\/","url":"https:\/\/campinglaspalmeras.com\/es\/politica-ambiental\/","name":"Preocupaci\u00f3n por el medio ambiente - Camping Las Palmeras Costa Brava","isPartOf":{"@id":"https:\/\/campinglaspalmeras.com\/ca\/#website"},"datePublished":"2020-09-09T14:12:32+00:00","dateModified":"2020-10-15T09:03:23+00:00","description":"El camping Las Palmeras dispone delDistintivo de Garant\u00eda de Calidad Ambiental, obtenido gracias a la pol\u00edtica de respeto al entorno natural y minimizaci\u00f3n continua del impacto ambiental.","breadcrumb":{"@id":"https:\/\/campinglaspalmeras.com\/es\/politica-ambiental\/#breadcrumb"},"inLanguage":"es","potentialAction":[{"@type":"ReadAction","target":["https:\/\/campinglaspalmeras.com\/es\/politica-ambiental\/"]}]},{"@type":"BreadcrumbList","@id":"https:\/\/campinglaspalmeras.com\/es\/politica-ambiental\/#breadcrumb","itemListElement":[{"@type":"ListItem","position":1,"name":"Portada","item":"https:\/\/campinglaspalmeras.com\/es\/inicio\/"},{"@type":"ListItem","position":2,"name":"Preocupaci\u00f3n por el medio ambiente"}]},{"@type":"WebSite","@id":"https:\/\/campinglaspalmeras.com\/ca\/#website","url":"https:\/\/campinglaspalmeras.com\/ca\/","name":"Camping Las Palmeras Costa Brava","description":"Camping Las Palmeras Costa Brava","potentialAction":[{"@type":"SearchAction","target":{"@type":"EntryPoint","urlTemplate":"https:\/\/campinglaspalmeras.com\/ca\/?s={search_term_string}"},"query-input":"required name=search_term_string"}],"inLanguage":"es"}]}},"_links":{"self":[{"href":"https:\/\/campinglaspalmeras.com\/es\/wp-json\/wp\/v2\/pages\/1053"}],"collection":[{"href":"https:\/\/campinglaspalmeras.com\/es\/wp-json\/wp\/v2\/pages"}],"about":[{"href":"https:\/\/campinglaspalmeras.com\/es\/wp-json\/wp\/v2\/types\/page"}],"author":[{"embeddable":true,"href":"https:\/\/campinglaspalmeras.com\/es\/wp-json\/wp\/v2\/users\/1"}],"replies":[{"embeddable":true,"href":"https:\/\/campinglaspalmeras.com\/es\/wp-json\/wp\/v2\/comments?post=1053"}],"version-history":[{"count":3,"href":"https:\/\/campinglaspalmeras.com\/es\/wp-json\/wp\/v2\/pages\/1053\/revisions"}],"predecessor-version":[{"id":3228,"href":"https:\/\/campinglaspalmeras.com\/es\/wp-json\/wp\/v2\/pages\/1053\/revisions\/3228"}],"wp:attachment":[{"href":"https:\/\/campinglaspalmeras.com\/es\/wp-json\/wp\/v2\/media?parent=1053"}],"curies":[{"name":"wp","href":"https:\/\/api.w.org\/{rel}","templated":true}]}}