{"id":1550,"date":"2020-09-08T11:20:48","date_gmt":"2020-09-08T09:20:48","guid":{"rendered":"https:\/\/campinglaspalmeras.com\/bungalow-5\/"},"modified":"2026-03-31T23:00:11","modified_gmt":"2026-03-31T21:00:11","slug":"bungalow-5","status":"publish","type":"page","link":"https:\/\/campinglaspalmeras.com\/es\/alojamiento\/bungalow-5\/","title":{"rendered":"Bungalow 5"},"content":{"rendered":"\n<style type=\"text\/css\" data-created_by=\"avia_inline_auto\" id=\"style-css-av-ketpt1xq-a2d3ee490fea1bf99b816595a4649da4\">\n.avia-section.av-ketpt1xq-a2d3ee490fea1bf99b816595a4649da4 .av-parallax .av-parallax-inner{\nbackground-repeat:no-repeat;\nbackground-image:url(https:\/\/campinglaspalmeras.com\/wp-content\/uploads\/2020\/09\/camp-2445212_1280.jpg);\nbackground-position:50% 50%;\nbackground-attachment:scroll;\n}\n.avia-section.av-ketpt1xq-a2d3ee490fea1bf99b816595a4649da4 .av-section-color-overlay{\nopacity:0.8;\nbackground-color:#2d2d2d;\n}\n<\/style>\n<div id='av_section_1'  class='avia-section av-ketpt1xq-a2d3ee490fea1bf99b816595a4649da4 main_color avia-section-default avia-no-border-styling  avia-builder-el-0  el_before_av_slideshow  avia-builder-el-first  av-parallax-section avia-bg-style-parallax av-section-color-overlay-active container_wrap sidebar_right'  data-section-bg-repeat='no-repeat'><div class='av-parallax' data-avia-parallax-ratio='0.3' ><div class='av-parallax-inner main_color avia-full-stretch'><\/div><\/div><div class=\"av-section-color-overlay-wrap\"><div class=\"av-section-color-overlay\"><\/div><div class='container av-section-cont-open' ><main  role=\"main\" itemprop=\"mainContentOfPage\"  class='template-page content  av-content-small alpha units'><div class='post-entry post-entry-type-page post-entry-1550'><div class='entry-content-wrapper clearfix'>\n\n<style type=\"text\/css\" data-created_by=\"avia_inline_auto\" id=\"style-css-av-ketrjenb-4e03044018fa49b589b7128e031b6a4e\">\n#top .av-special-heading.av-ketrjenb-4e03044018fa49b589b7128e031b6a4e{\npadding-bottom:10px;\ncolor:#ffffff;\n}\nbody .av-special-heading.av-ketrjenb-4e03044018fa49b589b7128e031b6a4e .av-special-heading-tag .heading-char{\nfont-size:25px;\n}\n.av-special-heading.av-ketrjenb-4e03044018fa49b589b7128e031b6a4e .special-heading-inner-border{\nborder-color:#ffffff;\n}\n.av-special-heading.av-ketrjenb-4e03044018fa49b589b7128e031b6a4e .av-subheading{\nfont-size:15px;\n}\n<\/style>\n<div  class='av-special-heading av-ketrjenb-4e03044018fa49b589b7128e031b6a4e av-special-heading-h1 custom-color-heading blockquote modern-quote modern-centered  avia-builder-el-1  avia-builder-el-no-sibling '><h1 class='av-special-heading-tag'  itemprop=\"headline\"  >Bungalow 5<\/h1><div class=\"special-heading-border\"><div class=\"special-heading-inner-border\"><\/div><\/div><\/div>\n<\/div><\/div><\/main><!-- close content main element --><\/div><\/div><\/div><div id='after_section_1'  class='main_color av_default_container_wrap container_wrap sidebar_right'  ><div class='container av-section-cont-open' ><div class='template-page content  av-content-small alpha units'><div class='post-entry post-entry-type-page post-entry-1550'><div class='entry-content-wrapper clearfix'>\n<div  class='avia-slideshow av-kiso9cmn-739aafff98832e0ae01b85adb40fa878 avia-slideshow-featured_large av_slideshow avia-slide-slider  avia-builder-el-2  el_after_av_section  el_before_av_hr  avia-builder-el-first  av-slideshow-ui av-control-default av-slideshow-autoplay av-loop-endless av-loop-manual-endless av-default-height-applied avia-slideshow-1' data-slideshow-options=\"{&quot;animation&quot;:&quot;slide&quot;,&quot;autoplay&quot;:true,&quot;loop_autoplay&quot;:&quot;endless&quot;,&quot;interval&quot;:5,&quot;loop_manual&quot;:&quot;manual-endless&quot;,&quot;autoplay_stopper&quot;:false,&quot;noNavigation&quot;:false,&quot;bg_slider&quot;:false,&quot;keep_padding&quot;:false,&quot;hoverpause&quot;:false,&quot;show_slide_delay&quot;:0}\"  itemprop=\"image\" itemscope=\"itemscope\" itemtype=\"https:\/\/schema.org\/ImageObject\" ><ul class='avia-slideshow-inner ' style='padding-bottom: 51.470588235294%;'><li  class='avia-slideshow-slide av-kiso9cmn-739aafff98832e0ae01b85adb40fa878__0  slide-1 slide-odd'><div data-rel='slideshow-1' class='avia-slide-wrap '   ><img decoding=\"async\" class=\"wp-image-5982 avia-img-lazy-loading-not-5982\"  src=\"https:\/\/campinglaspalmeras.com\/wp-content\/uploads\/2021\/07\/Bungalow-5-01-1224x630.jpg\" width=\"1224\" height=\"630\" title='Bungalow 5 01' alt=''  itemprop=\"thumbnailUrl\"   \/><\/div><\/li><li  class='avia-slideshow-slide av-kiso9cmn-739aafff98832e0ae01b85adb40fa878__1  slide-2 slide-even'><div data-rel='slideshow-1' class='avia-slide-wrap '   ><img decoding=\"async\" class=\"wp-image-5974 avia-img-lazy-loading-not-5974\"  src=\"https:\/\/campinglaspalmeras.com\/wp-content\/uploads\/2021\/07\/Bungalow-5-interior-1224x630.jpg\" width=\"1224\" height=\"630\" title='Bungalow 5 interior' alt=''  itemprop=\"thumbnailUrl\"   \/><\/div><\/li><li  class='avia-slideshow-slide av-kiso9cmn-739aafff98832e0ae01b85adb40fa878__2  slide-3 slide-odd'><div data-rel='slideshow-1' class='avia-slide-wrap '   ><img decoding=\"async\" class=\"wp-image-3903 avia-img-lazy-loading-not-3903\"  src=\"https:\/\/campinglaspalmeras.com\/wp-content\/uploads\/2020\/12\/02-1200x630.jpg\" width=\"1200\" height=\"630\" title='02' alt=''  itemprop=\"thumbnailUrl\"   \/><\/div><\/li><li  class='avia-slideshow-slide av-kiso9cmn-739aafff98832e0ae01b85adb40fa878__3  slide-4 slide-even'><div data-rel='slideshow-1' class='avia-slide-wrap '   ><img decoding=\"async\" class=\"wp-image-3895 avia-img-lazy-loading-not-3895\"  src=\"https:\/\/campinglaspalmeras.com\/wp-content\/uploads\/2020\/12\/01-1200x630.jpg\" width=\"1200\" height=\"630\" title='01' alt=''  itemprop=\"thumbnailUrl\"   \/><\/div><\/li><li  class='avia-slideshow-slide av-kiso9cmn-739aafff98832e0ae01b85adb40fa878__4  slide-5 slide-odd'><div data-rel='slideshow-1' class='avia-slide-wrap '   ><img decoding=\"async\" class=\"wp-image-3920 avia-img-lazy-loading-not-3920\"  src=\"https:\/\/campinglaspalmeras.com\/wp-content\/uploads\/2020\/12\/03b-1200x630.jpg\" width=\"1200\" height=\"630\" title='03b' alt=''  itemprop=\"thumbnailUrl\"   \/><\/div><\/li><\/ul><div class='avia-slideshow-arrows avia-slideshow-controls' ><a href='#prev' class='prev-slide ' aria-hidden='true' data-av_icon='\ue87c' data-av_iconfont='entypo-fontello'  tabindex='-1'>Anterior<\/a><a href='#next' class='next-slide ' aria-hidden='true' data-av_icon='\ue87d' data-av_iconfont='entypo-fontello'  tabindex='-1'>Posterior<\/a><\/div><div class='avia-slideshow-dots avia-slideshow-controls'><a href='#1' class='goto-slide active' >1<\/a><a href='#2' class='goto-slide ' >2<\/a><a href='#3' class='goto-slide ' >3<\/a><a href='#4' class='goto-slide ' >4<\/a><a href='#5' class='goto-slide ' >5<\/a><\/div><\/div>\n\n<style type=\"text\/css\" data-created_by=\"avia_inline_auto\" id=\"style-css-av-vkuw7-4da78cc1584380cdce8a551d8e59b5dc\">\n#top .hr.hr-invisible.av-vkuw7-4da78cc1584380cdce8a551d8e59b5dc{\nheight:30px;\n}\n<\/style>\n<div  class='hr av-vkuw7-4da78cc1584380cdce8a551d8e59b5dc hr-invisible  avia-builder-el-3  el_after_av_slideshow  el_before_av_textblock '><span class='hr-inner '><span class=\"hr-inner-style\"><\/span><\/span><\/div>\n<section  class='av_textblock_section av-ketsz5z3-ead9a646c44991e5c0f5a077afb076d0 '   itemscope=\"itemscope\" itemtype=\"https:\/\/schema.org\/CreativeWork\" ><div class='avia_textblock'  itemprop=\"text\" ><ol id=\"g1-list-1\" class=\"g1-list--icon g1-list--simple \">\n<li><i class=\"icon-ok-sign g1-list__icon\"><\/i><strong>Capacidad m\u00e1xima del bungalow de 5 personas.<\/strong><\/li>\n<li><i class=\"icon-ok-sign g1-list__icon\"><\/i><strong>32m2 + terraza<\/strong><\/li>\n<li><i class=\"icon-ok-sign g1-list__icon\"><\/i>Habitaci\u00f3n doble con cama de matrimonio de 135 cm.<\/li>\n<li><i class=\"icon-ok-sign g1-list__icon\"><\/i>Habitaci\u00f3n Triple (una litera y cama individual, de 80 cm.)<\/li>\n<li><i class=\"icon-ok-sign g1-list__icon\"><\/i>Ba\u00f1o.<\/li>\n<li>Secador de pelo.<\/li>\n<li><i class=\"icon-ok-sign g1-list__icon\"><\/i>Comedor.<\/li>\n<li><i class=\"icon-ok-sign g1-list__icon\"><\/i>Cocina equipada, tambi\u00e9n con microondas.<\/li>\n<li>Televisi\u00f3n.<\/li>\n<li>Wi-Fi.<\/li>\n<li><i class=\"icon-ok-sign g1-list__icon\"><\/i>Calefacci\u00f3n.<\/li>\n<li><i class=\"icon-ok-sign g1-list__icon\"><\/i>Aire acondicionado.<\/li>\n<li><i class=\"icon-ok-sign g1-list__icon\"><\/i>Caja fuerte.<\/li>\n<li><i class=\"icon-ok-sign g1-list__icon\"><\/i>Mantas y almohadas.<\/li>\n<li><i class=\"icon-ok-sign g1-list__icon\"><\/i>S\u00e1banas y toallas incluidos.<\/li>\n<li><i class=\"icon-ok-sign g1-list__icon\"><\/i>Terraza con sillas, mesa y hamacas.<\/li>\n<\/ol>\n<div id=\"g1-table-1\" class=\"g1-table g1-table--solid \">\n<table>\n<thead>\n<tr>\n<th>Temporada:<\/th>\n<th>11\/4-25\/4<\/p>\n<p>12\/10-31\/10<\/th>\n<th>28\/3-31\/3<\/p>\n<p>6\/4-10\/4<\/p>\n<p>26\/4-26\/5<\/p>\n<p>6\/6-20\/6<\/p>\n<p>18\/9-11\/10<\/th>\n<th>1\/4-5\/4<\/p>\n<p>27\/5-5\/6<\/p>\n<p>21\/6-30\/6<\/p>\n<p>30\/8-17\/9<\/th>\n<th><span style=\"font-family: inherit; font-size: inherit;\">1\/7-11\/7<\/span><\/p>\n<p>22\/8-29\/8<\/th>\n<th>12\/7-21\/8<\/th>\n<\/tr>\n<\/thead>\n<tbody>\n<tr>\n<th>Bungalow (5 pers)<\/th>\n<td>100\u20ac<\/td>\n<td>117\u20ac<\/td>\n<td>136\u20ac<\/td>\n<td>171\u20ac<\/td>\n<td>205\u20ac<\/td>\n<\/tr>\n<\/tbody>\n<\/table>\n<\/div>\n<p><strong>TASA TURISTICA no incluida: 0,99 \u20ac por persona mayor de 16 a\u00f1os y noche; m\u00e1ximo 6,93 \u20ac por persona y estancia.<\/strong><\/p>\n<p><strong>Fianza de 50 \u20ac.<\/strong><\/p>\n<\/div><\/section>\n\n<style type=\"text\/css\" data-created_by=\"avia_inline_auto\" id=\"style-css-av-2vp7z-37cbe9bb97a8b8eb82a5b8109a23d251\">\n#top .hr.hr-invisible.av-2vp7z-37cbe9bb97a8b8eb82a5b8109a23d251{\nheight:30px;\n}\n<\/style>\n<div  class='hr av-2vp7z-37cbe9bb97a8b8eb82a5b8109a23d251 hr-invisible  avia-builder-el-5  el_after_av_textblock  el_before_av_button '><span class='hr-inner '><span class=\"hr-inner-style\"><\/span><\/span><\/div>\n<div  class='avia-button-wrap av-ketszya5-8fddcde1a8a47d4b5295e111ea127fbc-wrap avia-button-center  avia-builder-el-6  el_after_av_hr  el_before_av_hr '><a href='https:\/\/booking.campinglaspalmeras.com\/search?lang=es' class='avia-button av-ketszya5-8fddcde1a8a47d4b5295e111ea127fbc avia-icon_select-yes-left-icon avia-size-large avia-position-center avia-color-theme-color' target=\"_blank\" rel=\"noopener noreferrer\"><span class='avia_button_icon avia_button_icon_left' aria-hidden='true' data-av_icon='\ue85b' data-av_iconfont='entypo-fontello'><\/span><span class='avia_iconbox_title' >Reservas<\/span><\/a><\/div>\n\n<style type=\"text\/css\" data-created_by=\"avia_inline_auto\" id=\"style-css-av-l0hzr-dd3278790f7829775e95dc1fb7d37cc9\">\n#top .hr.hr-invisible.av-l0hzr-dd3278790f7829775e95dc1fb7d37cc9{\nheight:30px;\n}\n<\/style>\n<div  class='hr av-l0hzr-dd3278790f7829775e95dc1fb7d37cc9 hr-invisible  avia-builder-el-7  el_after_av_button  el_before_av_textblock '><span class='hr-inner '><span class=\"hr-inner-style\"><\/span><\/span><\/div>\n<section  class='av_textblock_section av-ketsz5z3-efe69890bf2695227c66ccc84a03c347 '   itemscope=\"itemscope\" itemtype=\"https:\/\/schema.org\/CreativeWork\" ><div class='avia_textblock'  itemprop=\"text\" ><p>*No se admiten animales de compa\u00f1\u00eda.<\/p>\n<\/div><\/section>\n\n<style type=\"text\/css\" data-created_by=\"avia_inline_auto\" id=\"style-css-av-etz6v-0a870a72a04f2a1779f21f0a579f3b08\">\n#top .hr.hr-invisible.av-etz6v-0a870a72a04f2a1779f21f0a579f3b08{\nheight:30px;\n}\n<\/style>\n<div  class='hr av-etz6v-0a870a72a04f2a1779f21f0a579f3b08 hr-invisible  avia-builder-el-9  el_after_av_textblock  avia-builder-el-last '><span class='hr-inner '><span class=\"hr-inner-style\"><\/span><\/span><\/div>\n","protected":false},"excerpt":{"rendered":"","protected":false},"author":1,"featured_media":0,"parent":1802,"menu_order":140,"comment_status":"closed","ping_status":"closed","template":"","meta":[],"yoast_head":"<!-- This site is optimized with the Yoast SEO plugin v20.9 - https:\/\/yoast.com\/wordpress\/plugins\/seo\/ -->\n<title>Bungalow 5 - Camping Las Palmeras Costa Brava<\/title>\n<meta name=\"description\" content=\"Capacidad m\u00e1xima del bungalow de 5 personas. 32m2 + terraza Habitaci\u00f3n doble con cama de matrimonio de 135 cm. Habitaci\u00f3n Triple (una litera y cama individual, de 80 cm.) Ba\u00f1o. Comedor.\" \/>\n<meta name=\"robots\" content=\"index, follow, max-snippet:-1, max-image-preview:large, max-video-preview:-1\" \/>\n<link rel=\"canonical\" href=\"https:\/\/campinglaspalmeras.com\/es\/alojamiento\/bungalow-5\/\" \/>\n<meta property=\"og:locale\" content=\"es_ES\" \/>\n<meta property=\"og:type\" content=\"article\" \/>\n<meta property=\"og:title\" content=\"Bungalow 5 - Camping Las Palmeras Costa Brava\" \/>\n<meta property=\"og:description\" content=\"Capacidad m\u00e1xima del bungalow de 5 personas. 32m2 + terraza Habitaci\u00f3n doble con cama de matrimonio de 135 cm. Habitaci\u00f3n Triple (una litera y cama individual, de 80 cm.) Ba\u00f1o. Comedor.\" \/>\n<meta property=\"og:url\" content=\"https:\/\/campinglaspalmeras.com\/es\/alojamiento\/bungalow-5\/\" \/>\n<meta property=\"og:site_name\" content=\"Camping Las Palmeras Costa Brava\" \/>\n<meta property=\"article:publisher\" content=\"https:\/\/www.facebook.com\/campingpalmeras\" \/>\n<meta property=\"article:modified_time\" content=\"2026-03-31T21:00:11+00:00\" \/>\n<meta name=\"twitter:card\" content=\"summary_large_image\" \/>\n<meta name=\"twitter:site\" content=\"@CLasPalmeras\" \/>\n<meta name=\"twitter:label1\" content=\"Tiempo de lectura\" \/>\n\t<meta name=\"twitter:data1\" content=\"2 minutos\" \/>\n<script type=\"application\/ld+json\" class=\"yoast-schema-graph\">{\"@context\":\"https:\/\/schema.org\",\"@graph\":[{\"@type\":\"WebPage\",\"@id\":\"https:\/\/campinglaspalmeras.com\/es\/alojamiento\/bungalow-5\/\",\"url\":\"https:\/\/campinglaspalmeras.com\/es\/alojamiento\/bungalow-5\/\",\"name\":\"Bungalow 5 - Camping Las Palmeras Costa Brava\",\"isPartOf\":{\"@id\":\"https:\/\/campinglaspalmeras.com\/ca\/#website\"},\"datePublished\":\"2020-09-08T09:20:48+00:00\",\"dateModified\":\"2026-03-31T21:00:11+00:00\",\"description\":\"Capacidad m\u00e1xima del bungalow de 5 personas. 32m2 + terraza Habitaci\u00f3n doble con cama de matrimonio de 135 cm. Habitaci\u00f3n Triple (una litera y cama individual, de 80 cm.) Ba\u00f1o. Comedor.\",\"breadcrumb\":{\"@id\":\"https:\/\/campinglaspalmeras.com\/es\/alojamiento\/bungalow-5\/#breadcrumb\"},\"inLanguage\":\"es\",\"potentialAction\":[{\"@type\":\"ReadAction\",\"target\":[\"https:\/\/campinglaspalmeras.com\/es\/alojamiento\/bungalow-5\/\"]}]},{\"@type\":\"BreadcrumbList\",\"@id\":\"https:\/\/campinglaspalmeras.com\/es\/alojamiento\/bungalow-5\/#breadcrumb\",\"itemListElement\":[{\"@type\":\"ListItem\",\"position\":1,\"name\":\"Portada\",\"item\":\"https:\/\/campinglaspalmeras.com\/es\/inicio\/\"},{\"@type\":\"ListItem\",\"position\":2,\"name\":\"Alojamientos\",\"item\":\"https:\/\/campinglaspalmeras.com\/es\/alojamiento\/\"},{\"@type\":\"ListItem\",\"position\":3,\"name\":\"Bungalow 5\"}]},{\"@type\":\"WebSite\",\"@id\":\"https:\/\/campinglaspalmeras.com\/ca\/#website\",\"url\":\"https:\/\/campinglaspalmeras.com\/ca\/\",\"name\":\"Camping Las Palmeras Costa Brava\",\"description\":\"Camping Las Palmeras Costa Brava\",\"potentialAction\":[{\"@type\":\"SearchAction\",\"target\":{\"@type\":\"EntryPoint\",\"urlTemplate\":\"https:\/\/campinglaspalmeras.com\/ca\/?s={search_term_string}\"},\"query-input\":\"required name=search_term_string\"}],\"inLanguage\":\"es\"}]}<\/script>\n<!-- \/ Yoast SEO plugin. -->","yoast_head_json":{"title":"Bungalow 5 - Camping Las Palmeras Costa Brava","description":"Capacidad m\u00e1xima del bungalow de 5 personas. 32m2 + terraza Habitaci\u00f3n doble con cama de matrimonio de 135 cm. Habitaci\u00f3n Triple (una litera y cama individual, de 80 cm.) Ba\u00f1o. Comedor.","robots":{"index":"index","follow":"follow","max-snippet":"max-snippet:-1","max-image-preview":"max-image-preview:large","max-video-preview":"max-video-preview:-1"},"canonical":"https:\/\/campinglaspalmeras.com\/es\/alojamiento\/bungalow-5\/","og_locale":"es_ES","og_type":"article","og_title":"Bungalow 5 - Camping Las Palmeras Costa Brava","og_description":"Capacidad m\u00e1xima del bungalow de 5 personas. 32m2 + terraza Habitaci\u00f3n doble con cama de matrimonio de 135 cm. Habitaci\u00f3n Triple (una litera y cama individual, de 80 cm.) Ba\u00f1o. Comedor.","og_url":"https:\/\/campinglaspalmeras.com\/es\/alojamiento\/bungalow-5\/","og_site_name":"Camping Las Palmeras Costa Brava","article_publisher":"https:\/\/www.facebook.com\/campingpalmeras","article_modified_time":"2026-03-31T21:00:11+00:00","twitter_card":"summary_large_image","twitter_site":"@CLasPalmeras","twitter_misc":{"Tiempo de lectura":"2 minutos"},"schema":{"@context":"https:\/\/schema.org","@graph":[{"@type":"WebPage","@id":"https:\/\/campinglaspalmeras.com\/es\/alojamiento\/bungalow-5\/","url":"https:\/\/campinglaspalmeras.com\/es\/alojamiento\/bungalow-5\/","name":"Bungalow 5 - Camping Las Palmeras Costa Brava","isPartOf":{"@id":"https:\/\/campinglaspalmeras.com\/ca\/#website"},"datePublished":"2020-09-08T09:20:48+00:00","dateModified":"2026-03-31T21:00:11+00:00","description":"Capacidad m\u00e1xima del bungalow de 5 personas. 32m2 + terraza Habitaci\u00f3n doble con cama de matrimonio de 135 cm. Habitaci\u00f3n Triple (una litera y cama individual, de 80 cm.) Ba\u00f1o. Comedor.","breadcrumb":{"@id":"https:\/\/campinglaspalmeras.com\/es\/alojamiento\/bungalow-5\/#breadcrumb"},"inLanguage":"es","potentialAction":[{"@type":"ReadAction","target":["https:\/\/campinglaspalmeras.com\/es\/alojamiento\/bungalow-5\/"]}]},{"@type":"BreadcrumbList","@id":"https:\/\/campinglaspalmeras.com\/es\/alojamiento\/bungalow-5\/#breadcrumb","itemListElement":[{"@type":"ListItem","position":1,"name":"Portada","item":"https:\/\/campinglaspalmeras.com\/es\/inicio\/"},{"@type":"ListItem","position":2,"name":"Alojamientos","item":"https:\/\/campinglaspalmeras.com\/es\/alojamiento\/"},{"@type":"ListItem","position":3,"name":"Bungalow 5"}]},{"@type":"WebSite","@id":"https:\/\/campinglaspalmeras.com\/ca\/#website","url":"https:\/\/campinglaspalmeras.com\/ca\/","name":"Camping Las Palmeras Costa Brava","description":"Camping Las Palmeras Costa Brava","potentialAction":[{"@type":"SearchAction","target":{"@type":"EntryPoint","urlTemplate":"https:\/\/campinglaspalmeras.com\/ca\/?s={search_term_string}"},"query-input":"required name=search_term_string"}],"inLanguage":"es"}]}},"_links":{"self":[{"href":"https:\/\/campinglaspalmeras.com\/es\/wp-json\/wp\/v2\/pages\/1550"}],"collection":[{"href":"https:\/\/campinglaspalmeras.com\/es\/wp-json\/wp\/v2\/pages"}],"about":[{"href":"https:\/\/campinglaspalmeras.com\/es\/wp-json\/wp\/v2\/types\/page"}],"author":[{"embeddable":true,"href":"https:\/\/campinglaspalmeras.com\/es\/wp-json\/wp\/v2\/users\/1"}],"replies":[{"embeddable":true,"href":"https:\/\/campinglaspalmeras.com\/es\/wp-json\/wp\/v2\/comments?post=1550"}],"version-history":[{"count":10,"href":"https:\/\/campinglaspalmeras.com\/es\/wp-json\/wp\/v2\/pages\/1550\/revisions"}],"predecessor-version":[{"id":10572,"href":"https:\/\/campinglaspalmeras.com\/es\/wp-json\/wp\/v2\/pages\/1550\/revisions\/10572"}],"up":[{"embeddable":true,"href":"https:\/\/campinglaspalmeras.com\/es\/wp-json\/wp\/v2\/pages\/1802"}],"wp:attachment":[{"href":"https:\/\/campinglaspalmeras.com\/es\/wp-json\/wp\/v2\/media?parent=1550"}],"curies":[{"name":"wp","href":"https:\/\/api.w.org\/{rel}","templated":true}]}}