{"id":944,"date":"2020-09-15T10:01:46","date_gmt":"2020-09-15T08:01:46","guid":{"rendered":"https:\/\/campinglaspalmeras.com\/internal-regulations\/"},"modified":"2024-03-05T11:04:43","modified_gmt":"2024-03-05T10:04:43","slug":"reglamento-interno","status":"publish","type":"page","link":"https:\/\/campinglaspalmeras.com\/es\/reglamento-interno\/","title":{"rendered":"Reglamento interno"},"content":{"rendered":"<\/p>\n\n<style type=\"text\/css\" data-created_by=\"avia_inline_auto\" id=\"style-css-av-ketpt1xq-a2d3ee490fea1bf99b816595a4649da4\">\n.avia-section.av-ketpt1xq-a2d3ee490fea1bf99b816595a4649da4 .av-parallax .av-parallax-inner{\nbackground-repeat:no-repeat;\nbackground-image:url(https:\/\/campinglaspalmeras.com\/wp-content\/uploads\/2020\/09\/camp-2445212_1280.jpg);\nbackground-position:50% 50%;\nbackground-attachment:scroll;\n}\n.avia-section.av-ketpt1xq-a2d3ee490fea1bf99b816595a4649da4 .av-section-color-overlay{\nopacity:0.8;\nbackground-color:#2d2d2d;\n}\n<\/style>\n<div id='av_section_1'  class='avia-section av-ketpt1xq-a2d3ee490fea1bf99b816595a4649da4 main_color avia-section-default avia-no-border-styling  avia-builder-el-0  el_before_av_one_full  avia-builder-el-first  av-parallax-section avia-bg-style-parallax av-section-color-overlay-active container_wrap sidebar_right'  data-section-bg-repeat='no-repeat'><div class='av-parallax' data-avia-parallax-ratio='0.3' ><div class='av-parallax-inner main_color avia-full-stretch'><\/div><\/div><div class=\"av-section-color-overlay-wrap\"><div class=\"av-section-color-overlay\"><\/div><div class='container av-section-cont-open' ><main  role=\"main\" itemprop=\"mainContentOfPage\"  class='template-page content  av-content-small alpha units'><div class='post-entry post-entry-type-page post-entry-944'><div class='entry-content-wrapper clearfix'>\n\n<style type=\"text\/css\" data-created_by=\"avia_inline_auto\" id=\"style-css-av-kgatfmf1-b15205178dc2522d772a4e58328fa42a\">\n#top .av-special-heading.av-kgatfmf1-b15205178dc2522d772a4e58328fa42a{\npadding-bottom:10px;\ncolor:#ffffff;\n}\nbody .av-special-heading.av-kgatfmf1-b15205178dc2522d772a4e58328fa42a .av-special-heading-tag .heading-char{\nfont-size:25px;\n}\n.av-special-heading.av-kgatfmf1-b15205178dc2522d772a4e58328fa42a .special-heading-inner-border{\nborder-color:#ffffff;\n}\n.av-special-heading.av-kgatfmf1-b15205178dc2522d772a4e58328fa42a .av-subheading{\nfont-size:15px;\n}\n<\/style>\n<div  class='av-special-heading av-kgatfmf1-b15205178dc2522d772a4e58328fa42a av-special-heading-h1 custom-color-heading blockquote modern-quote  avia-builder-el-1  avia-builder-el-no-sibling '><h1 class='av-special-heading-tag'  itemprop=\"headline\"  >Reglamento interno<\/h1><div class=\"special-heading-border\"><div class=\"special-heading-inner-border\"><\/div><\/div><\/div>\n<\/div><\/div><\/main><!-- close content main element --><\/div><\/div><\/div><div id='after_section_1'  class='main_color av_default_container_wrap container_wrap sidebar_right'  ><div class='container av-section-cont-open' ><div class='template-page content  av-content-small alpha units'><div class='post-entry post-entry-type-page post-entry-944'><div class='entry-content-wrapper clearfix'>\n\n<style type=\"text\/css\" data-created_by=\"avia_inline_auto\" id=\"style-css-av-av_one_full-79ff81c021393065cee878051452f6a6\">\n.flex_column.av-av_one_full-79ff81c021393065cee878051452f6a6{\n-webkit-border-radius:0px 0px 0px 0px;\n-moz-border-radius:0px 0px 0px 0px;\nborder-radius:0px 0px 0px 0px;\npadding:0px 0px 0px 0px;\n}\n<\/style>\n<div  class='flex_column av-av_one_full-79ff81c021393065cee878051452f6a6 av_one_full  avia-builder-el-2  el_after_av_section  avia-builder-el-no-sibling  first flex_column_div av-zero-column-padding  '     ><section  class='av_textblock_section av-kf3o3p09-6566d3f5092915db257a6826cd30f0b3 '   itemscope=\"itemscope\" itemtype=\"https:\/\/schema.org\/CreativeWork\" ><div class='avia_textblock'  itemprop=\"text\" ><p><strong>Para el buen funcionamiento del camping y una agradable estancia de nuestros clientes, rogamos tengan en cuenta la siguiente informaci\u00f3n y normativa:<\/strong><\/p>\n<ul>\n<li><strong>LA HORA DE SALIDA<\/strong> del camping es antes de las 12.00 h y de los Bungalows antes de las 11.00 h<\/li>\n<\/ul>\n<ul>\n<li><strong>EL CAMPING<\/strong> est\u00e1 dividido en parcelas numeradas. Los l\u00edmites de las parcelas est\u00e1n se\u00f1alizadas por n\u00fameros y no por \u00e1rboles, aunque en algunos casos coincida. A cada parcela le corresponde una toma de corriente el\u00e9ctrica de 10 AMP.<\/li>\n<\/ul>\n<ul>\n<li><strong>MUY IMPORTANTE: <\/strong>Prohibido circular por el camping a m\u00e1s de 5 Km.\/h..<\/li>\n<\/ul>\n<ul>\n<li><strong>NO COLGAR HAMACAS<\/strong> en arboles j\u00f3venes, farolas o Bungalows.<\/li>\n<\/ul>\n<ul>\n<li><strong>LAS HORAS DE SILENCIO<\/strong> son desde las 24.00 h. hasta las 7.00 h. Durante este periodo est\u00e1 prohibida la circulaci\u00f3n de veh\u00edculos. Tambi\u00e9n durante el d\u00eda, el nivel sonoro producido por los propios clientes, sus dispositivos y aparatos o sus mascotas no deber\u00edan causar molestias a los vecinos. Tambi\u00e9n es de aplicaci\u00f3n en las zonas comunes, particularmente los sanitarios.<\/li>\n<\/ul>\n<ul>\n<li><strong>LAS BARBACOAS<\/strong> est\u00e1n permitidas en el camping, pero bajo las siguientes condiciones: s\u00f3lo se pueden encender con pastillas que no hagan llama, lejos de palmeras, setos, Bungalows o cualquier material inflamable. Adem\u00e1s se debe tener un recipiente con agua cerca.<\/li>\n<\/ul>\n<ul>\n<li>\u00a0<strong>NI\u00d1OS: <\/strong>Recordad que hay sitios para jugar, como los parques infantiles, zona deportiva, piscinas, etc. Y hay otros lugares como los sanitarios, sala de lavadoras, supermercado y bar-restaurante que no son zonas de juego.<\/li>\n<\/ul>\n<ul>\n<li><strong>VISITAS<\/strong> solo ser\u00e1n autorizadas si el aforo lo permitiese. Deber\u00e1n registrarse en recepci\u00f3n y abonar la tarifa vigente de una jornada por parcela y persona.<\/li>\n<\/ul>\n<p><strong>Se ruega\u00a0 a todos los clientes su colaboraci\u00f3n para mantener el camping limpio: utilicen los lava pies que\u00a0 hay en cada entrada del bloque sanitario para quitarse la arena de los pies antes de entrar en las duchas. Utilicen las papeleras para las colillas, restos de comida,\u00a0 etc&#8230;<\/strong><\/p>\n<\/div><\/section><\/div>\n","protected":false},"excerpt":{"rendered":"","protected":false},"author":1,"featured_media":0,"parent":0,"menu_order":800,"comment_status":"closed","ping_status":"closed","template":"","meta":[],"yoast_head":"<!-- This site is optimized with the Yoast SEO plugin v20.9 - https:\/\/yoast.com\/wordpress\/plugins\/seo\/ -->\n<title>Reglamento interno - Camping Las Palmeras Costa Brava<\/title>\n<meta name=\"description\" content=\"Reglament intern Per al bon funcionament del c\u00e0mping, demanem que es respecti la nostra normativa interna\" \/>\n<meta name=\"robots\" content=\"index, follow, max-snippet:-1, max-image-preview:large, max-video-preview:-1\" \/>\n<link rel=\"canonical\" href=\"https:\/\/campinglaspalmeras.com\/es\/reglamento-interno\/\" \/>\n<meta property=\"og:locale\" content=\"es_ES\" \/>\n<meta property=\"og:type\" content=\"article\" \/>\n<meta property=\"og:title\" content=\"Reglamento interno - Camping Las Palmeras Costa Brava\" \/>\n<meta property=\"og:description\" content=\"Reglament intern Per al bon funcionament del c\u00e0mping, demanem que es respecti la nostra normativa interna\" \/>\n<meta property=\"og:url\" content=\"https:\/\/campinglaspalmeras.com\/es\/reglamento-interno\/\" \/>\n<meta property=\"og:site_name\" content=\"Camping Las Palmeras Costa Brava\" \/>\n<meta property=\"article:publisher\" content=\"https:\/\/www.facebook.com\/campingpalmeras\" \/>\n<meta property=\"article:modified_time\" content=\"2024-03-05T10:04:43+00:00\" \/>\n<meta name=\"twitter:card\" content=\"summary_large_image\" \/>\n<meta name=\"twitter:site\" content=\"@CLasPalmeras\" \/>\n<meta name=\"twitter:label1\" content=\"Tiempo de lectura\" \/>\n\t<meta name=\"twitter:data1\" content=\"2 minutos\" \/>\n<script type=\"application\/ld+json\" class=\"yoast-schema-graph\">{\"@context\":\"https:\/\/schema.org\",\"@graph\":[{\"@type\":\"WebPage\",\"@id\":\"https:\/\/campinglaspalmeras.com\/es\/reglamento-interno\/\",\"url\":\"https:\/\/campinglaspalmeras.com\/es\/reglamento-interno\/\",\"name\":\"Reglamento interno - Camping Las Palmeras Costa Brava\",\"isPartOf\":{\"@id\":\"https:\/\/campinglaspalmeras.com\/ca\/#website\"},\"datePublished\":\"2020-09-15T08:01:46+00:00\",\"dateModified\":\"2024-03-05T10:04:43+00:00\",\"description\":\"Reglament intern Per al bon funcionament del c\u00e0mping, demanem que es respecti la nostra normativa interna\",\"breadcrumb\":{\"@id\":\"https:\/\/campinglaspalmeras.com\/es\/reglamento-interno\/#breadcrumb\"},\"inLanguage\":\"es\",\"potentialAction\":[{\"@type\":\"ReadAction\",\"target\":[\"https:\/\/campinglaspalmeras.com\/es\/reglamento-interno\/\"]}]},{\"@type\":\"BreadcrumbList\",\"@id\":\"https:\/\/campinglaspalmeras.com\/es\/reglamento-interno\/#breadcrumb\",\"itemListElement\":[{\"@type\":\"ListItem\",\"position\":1,\"name\":\"Portada\",\"item\":\"https:\/\/campinglaspalmeras.com\/es\/inicio\/\"},{\"@type\":\"ListItem\",\"position\":2,\"name\":\"Reglamento interno\"}]},{\"@type\":\"WebSite\",\"@id\":\"https:\/\/campinglaspalmeras.com\/ca\/#website\",\"url\":\"https:\/\/campinglaspalmeras.com\/ca\/\",\"name\":\"Camping Las Palmeras Costa Brava\",\"description\":\"Camping Las Palmeras Costa Brava\",\"potentialAction\":[{\"@type\":\"SearchAction\",\"target\":{\"@type\":\"EntryPoint\",\"urlTemplate\":\"https:\/\/campinglaspalmeras.com\/ca\/?s={search_term_string}\"},\"query-input\":\"required name=search_term_string\"}],\"inLanguage\":\"es\"}]}<\/script>\n<!-- \/ Yoast SEO plugin. -->","yoast_head_json":{"title":"Reglamento interno - Camping Las Palmeras Costa Brava","description":"Reglament intern Per al bon funcionament del c\u00e0mping, demanem que es respecti la nostra normativa interna","robots":{"index":"index","follow":"follow","max-snippet":"max-snippet:-1","max-image-preview":"max-image-preview:large","max-video-preview":"max-video-preview:-1"},"canonical":"https:\/\/campinglaspalmeras.com\/es\/reglamento-interno\/","og_locale":"es_ES","og_type":"article","og_title":"Reglamento interno - Camping Las Palmeras Costa Brava","og_description":"Reglament intern Per al bon funcionament del c\u00e0mping, demanem que es respecti la nostra normativa interna","og_url":"https:\/\/campinglaspalmeras.com\/es\/reglamento-interno\/","og_site_name":"Camping Las Palmeras Costa Brava","article_publisher":"https:\/\/www.facebook.com\/campingpalmeras","article_modified_time":"2024-03-05T10:04:43+00:00","twitter_card":"summary_large_image","twitter_site":"@CLasPalmeras","twitter_misc":{"Tiempo de lectura":"2 minutos"},"schema":{"@context":"https:\/\/schema.org","@graph":[{"@type":"WebPage","@id":"https:\/\/campinglaspalmeras.com\/es\/reglamento-interno\/","url":"https:\/\/campinglaspalmeras.com\/es\/reglamento-interno\/","name":"Reglamento interno - Camping Las Palmeras Costa Brava","isPartOf":{"@id":"https:\/\/campinglaspalmeras.com\/ca\/#website"},"datePublished":"2020-09-15T08:01:46+00:00","dateModified":"2024-03-05T10:04:43+00:00","description":"Reglament intern Per al bon funcionament del c\u00e0mping, demanem que es respecti la nostra normativa interna","breadcrumb":{"@id":"https:\/\/campinglaspalmeras.com\/es\/reglamento-interno\/#breadcrumb"},"inLanguage":"es","potentialAction":[{"@type":"ReadAction","target":["https:\/\/campinglaspalmeras.com\/es\/reglamento-interno\/"]}]},{"@type":"BreadcrumbList","@id":"https:\/\/campinglaspalmeras.com\/es\/reglamento-interno\/#breadcrumb","itemListElement":[{"@type":"ListItem","position":1,"name":"Portada","item":"https:\/\/campinglaspalmeras.com\/es\/inicio\/"},{"@type":"ListItem","position":2,"name":"Reglamento interno"}]},{"@type":"WebSite","@id":"https:\/\/campinglaspalmeras.com\/ca\/#website","url":"https:\/\/campinglaspalmeras.com\/ca\/","name":"Camping Las Palmeras Costa Brava","description":"Camping Las Palmeras Costa Brava","potentialAction":[{"@type":"SearchAction","target":{"@type":"EntryPoint","urlTemplate":"https:\/\/campinglaspalmeras.com\/ca\/?s={search_term_string}"},"query-input":"required name=search_term_string"}],"inLanguage":"es"}]}},"_links":{"self":[{"href":"https:\/\/campinglaspalmeras.com\/es\/wp-json\/wp\/v2\/pages\/944"}],"collection":[{"href":"https:\/\/campinglaspalmeras.com\/es\/wp-json\/wp\/v2\/pages"}],"about":[{"href":"https:\/\/campinglaspalmeras.com\/es\/wp-json\/wp\/v2\/types\/page"}],"author":[{"embeddable":true,"href":"https:\/\/campinglaspalmeras.com\/es\/wp-json\/wp\/v2\/users\/1"}],"replies":[{"embeddable":true,"href":"https:\/\/campinglaspalmeras.com\/es\/wp-json\/wp\/v2\/comments?post=944"}],"version-history":[{"count":10,"href":"https:\/\/campinglaspalmeras.com\/es\/wp-json\/wp\/v2\/pages\/944\/revisions"}],"predecessor-version":[{"id":8814,"href":"https:\/\/campinglaspalmeras.com\/es\/wp-json\/wp\/v2\/pages\/944\/revisions\/8814"}],"wp:attachment":[{"href":"https:\/\/campinglaspalmeras.com\/es\/wp-json\/wp\/v2\/media?parent=944"}],"curies":[{"name":"wp","href":"https:\/\/api.w.org\/{rel}","templated":true}]}}