{"id":963,"date":"2020-09-15T10:00:45","date_gmt":"2020-09-15T08:00:45","guid":{"rendered":"https:\/\/campinglaspalmeras.com\/employment\/"},"modified":"2023-06-27T10:15:23","modified_gmt":"2023-06-27T08:15:23","slug":"bolsa-de-trabajo","status":"publish","type":"page","link":"https:\/\/campinglaspalmeras.com\/es\/bolsa-de-trabajo\/","title":{"rendered":"Bolsa de trabajo"},"content":{"rendered":"\n<style type=\"text\/css\" data-created_by=\"avia_inline_auto\" id=\"style-css-av-ketpt1xq-a2d3ee490fea1bf99b816595a4649da4\">\n.avia-section.av-ketpt1xq-a2d3ee490fea1bf99b816595a4649da4 .av-parallax .av-parallax-inner{\nbackground-repeat:no-repeat;\nbackground-image:url(https:\/\/campinglaspalmeras.com\/wp-content\/uploads\/2020\/09\/camp-2445212_1280.jpg);\nbackground-position:50% 50%;\nbackground-attachment:scroll;\n}\n.avia-section.av-ketpt1xq-a2d3ee490fea1bf99b816595a4649da4 .av-section-color-overlay{\nopacity:0.8;\nbackground-color:#2d2d2d;\n}\n<\/style>\n<div id='av_section_1'  class='avia-section av-ketpt1xq-a2d3ee490fea1bf99b816595a4649da4 main_color avia-section-default avia-no-border-styling  avia-builder-el-0  el_before_av_heading  avia-builder-el-first  av-parallax-section avia-bg-style-parallax av-section-color-overlay-active container_wrap sidebar_right'  data-section-bg-repeat='no-repeat'><div class='av-parallax' data-avia-parallax-ratio='0.3' ><div class='av-parallax-inner main_color avia-full-stretch'><\/div><\/div><div class=\"av-section-color-overlay-wrap\"><div class=\"av-section-color-overlay\"><\/div><div class='container av-section-cont-open' ><main  role=\"main\" itemprop=\"mainContentOfPage\"  class='template-page content  av-content-small alpha units'><div class='post-entry post-entry-type-page post-entry-963'><div class='entry-content-wrapper clearfix'>\n\n<style type=\"text\/css\" data-created_by=\"avia_inline_auto\" id=\"style-css-av-kgan17wc-ee75170a5a19e968105082ba7822a113\">\n#top .av-special-heading.av-kgan17wc-ee75170a5a19e968105082ba7822a113{\npadding-bottom:10px;\ncolor:#ffffff;\n}\nbody .av-special-heading.av-kgan17wc-ee75170a5a19e968105082ba7822a113 .av-special-heading-tag .heading-char{\nfont-size:25px;\n}\n.av-special-heading.av-kgan17wc-ee75170a5a19e968105082ba7822a113 .special-heading-inner-border{\nborder-color:#ffffff;\n}\n.av-special-heading.av-kgan17wc-ee75170a5a19e968105082ba7822a113 .av-subheading{\nfont-size:15px;\n}\n<\/style>\n<div  class='av-special-heading av-kgan17wc-ee75170a5a19e968105082ba7822a113 av-special-heading-h1 custom-color-heading blockquote modern-quote  avia-builder-el-1  avia-builder-el-no-sibling '><h1 class='av-special-heading-tag'  itemprop=\"headline\"  >Bolsa de trabajo<\/h1><div class=\"special-heading-border\"><div class=\"special-heading-inner-border\"><\/div><\/div><\/div>\n<\/div><\/div><\/main><!-- close content main element --><\/div><\/div><\/div><div id='after_section_1'  class='main_color av_default_container_wrap container_wrap sidebar_right'  ><div class='container av-section-cont-open' ><div class='template-page content  av-content-small alpha units'><div class='post-entry post-entry-type-page post-entry-963'><div class='entry-content-wrapper clearfix'>\n\n<style type=\"text\/css\" data-created_by=\"avia_inline_auto\" id=\"style-css-av-av_heading-ec23cdb3438a4851fcb0d9c37477c602\">\n#top .av-special-heading.av-av_heading-ec23cdb3438a4851fcb0d9c37477c602{\npadding-bottom:10px;\n}\nbody .av-special-heading.av-av_heading-ec23cdb3438a4851fcb0d9c37477c602 .av-special-heading-tag .heading-char{\nfont-size:25px;\n}\n.av-special-heading.av-av_heading-ec23cdb3438a4851fcb0d9c37477c602 .av-subheading{\nfont-size:15px;\n}\n<\/style>\n<div  class='av-special-heading av-av_heading-ec23cdb3438a4851fcb0d9c37477c602 av-special-heading-h2  avia-builder-el-2  el_after_av_section  el_before_av_one_half  avia-builder-el-first '><h2 class='av-special-heading-tag'  itemprop=\"headline\"  >\u00bfBuscas trabajo?<\/h2><div class=\"special-heading-border\"><div class=\"special-heading-inner-border\"><\/div><\/div><\/div>\n\n<style type=\"text\/css\" data-created_by=\"avia_inline_auto\" id=\"style-css-av-14y9g4-ab74381fe67a08838c5e60df95282ba7\">\n.flex_column.av-14y9g4-ab74381fe67a08838c5e60df95282ba7{\n-webkit-border-radius:0px 0px 0px 0px;\n-moz-border-radius:0px 0px 0px 0px;\nborder-radius:0px 0px 0px 0px;\npadding:0px 0px 0px 0px;\n}\n<\/style>\n<div  class='flex_column av-14y9g4-ab74381fe67a08838c5e60df95282ba7 av_one_half  avia-builder-el-3  el_after_av_heading  el_before_av_one_half  first flex_column_div av-zero-column-padding  '     ><section  class='av_textblock_section av-ketro5hy-c4826e3cd419c023f0dad61e657559bb '   itemscope=\"itemscope\" itemtype=\"https:\/\/schema.org\/CreativeWork\" ><div class='avia_textblock'  itemprop=\"text\" ><p>\u00bfTe gustar\u00eda trabajar en un equipo joven, activo y en un entorno privilegiado?<\/p>\n<p>Env\u00edanos\u00a0este formulario\u00a0o tu curr\u00edculum y formar\u00e1s parte de nuestra bolsa de trabajo.<\/p>\n<p>Nos lo puedes hacer llegar por e-mail o correo postal a:<br \/>\n<strong>Camping Las Palmeras<br \/>\n17470 \u2013 Sant Pere Pescador (Girona, SPAIN)<br \/>\n<a href=\"mailto:info@campinglaspalmeras.com\">info@campinglaspalmeras.com<\/a><\/strong><\/p>\n<\/div><\/section><\/div>\n\n<style type=\"text\/css\" data-created_by=\"avia_inline_auto\" id=\"style-css-av-14y9g4-fe16099b11703eacaca85fd865b1086a\">\n.flex_column.av-14y9g4-fe16099b11703eacaca85fd865b1086a{\n-webkit-border-radius:0px 0px 0px 0px;\n-moz-border-radius:0px 0px 0px 0px;\nborder-radius:0px 0px 0px 0px;\npadding:0px 0px 0px 0px;\n}\n<\/style>\n<div  class='flex_column av-14y9g4-fe16099b11703eacaca85fd865b1086a av_one_half  avia-builder-el-5  el_after_av_one_half  el_before_av_hr  flex_column_div av-zero-column-padding  '     ><style type=\"text\/css\" data-created_by=\"avia_inline_auto\" id=\"style-css-av-kf3o2bqf-0b2ef926de976dd16bc360d91a6857e2\">\n.avia-image-container.av-kf3o2bqf-0b2ef926de976dd16bc360d91a6857e2 img.avia_image{\nbox-shadow:none;\n}\n.avia-image-container.av-kf3o2bqf-0b2ef926de976dd16bc360d91a6857e2 .av-image-caption-overlay-center{\ncolor:#ffffff;\n}\n<\/style>\n<div  class='avia-image-container av-kf3o2bqf-0b2ef926de976dd16bc360d91a6857e2 av-styling- avia-align-center  avia-builder-el-6  avia-builder-el-no-sibling '   itemprop=\"image\" itemscope=\"itemscope\" itemtype=\"https:\/\/schema.org\/ImageObject\" ><div class=\"avia-image-container-inner\"><div class=\"avia-image-overlay-wrap\"><img decoding=\"async\" class='wp-image-964 avia-img-lazy-loading-not-964 avia_image ' src=\"https:\/\/campinglaspalmeras.com\/wp-content\/uploads\/2020\/09\/iStock_000007589951XSmall-team-work.jpg\" alt='' title=''  height=\"200\" width=\"300\"  itemprop=\"thumbnailUrl\"  \/><\/div><\/div><\/div><\/div>\n\n<style type=\"text\/css\" data-created_by=\"avia_inline_auto\" id=\"style-css-av-lemujheo-35a705f65c0e5763b8e28381f0d37688\">\n#top .hr.hr-invisible.av-lemujheo-35a705f65c0e5763b8e28381f0d37688{\nheight:50px;\n}\n<\/style>\n<div  class='hr av-lemujheo-35a705f65c0e5763b8e28381f0d37688 hr-invisible  avia-builder-el-7  el_after_av_one_half  el_before_av_heading '><span class='hr-inner '><span class=\"hr-inner-style\"><\/span><\/span><\/div>\n\n<style type=\"text\/css\" data-created_by=\"avia_inline_auto\" id=\"style-css-av-lemujtek-edceb0efe205608e8be980efc9e88fe9\">\n#top .av-special-heading.av-lemujtek-edceb0efe205608e8be980efc9e88fe9{\npadding-bottom:10px;\n}\nbody .av-special-heading.av-lemujtek-edceb0efe205608e8be980efc9e88fe9 .av-special-heading-tag .heading-char{\nfont-size:25px;\n}\n.av-special-heading.av-lemujtek-edceb0efe205608e8be980efc9e88fe9 .av-subheading{\nfont-size:15px;\n}\n<\/style>\n<div  class='av-special-heading av-lemujtek-edceb0efe205608e8be980efc9e88fe9 av-special-heading-h2  avia-builder-el-8  el_after_av_hr  el_before_av_one_half '><h2 class='av-special-heading-tag'  itemprop=\"headline\"  >Ofertas<\/h2><div class=\"special-heading-border\"><div class=\"special-heading-inner-border\"><\/div><\/div><\/div>\n\n<style type=\"text\/css\" data-created_by=\"avia_inline_auto\" id=\"style-css-av-av_one_half-79ff81c021393065cee878051452f6a6\">\n.flex_column.av-av_one_half-79ff81c021393065cee878051452f6a6{\n-webkit-border-radius:0px 0px 0px 0px;\n-moz-border-radius:0px 0px 0px 0px;\nborder-radius:0px 0px 0px 0px;\npadding:0px 0px 0px 0px;\n}\n<\/style>\n<div  class='flex_column av-av_one_half-79ff81c021393065cee878051452f6a6 av_one_half  avia-builder-el-9  el_after_av_heading  avia-builder-el-last  first flex_column_div av-zero-column-padding  '     ><section  class='av_textblock_section av-lemumgnu-d2c805155d0f5f935d7fa0780eeef651 '   itemscope=\"itemscope\" itemtype=\"https:\/\/schema.org\/CreativeWork\" ><div class='avia_textblock'  itemprop=\"text\" ><p><strong>CAMARERO y AYUDANTE DE CAMARERO (JORNADA ENTERA)<\/strong><\/p>\n<p><strong>Ciclo formativo:<\/strong> CFGM Servicios en restauraci\u00f3n o GS Direcci\u00f3n de servicios de<br \/>\nrestauraci\u00f3n (en curso o finalizado); o cierta experiencia.<\/p>\n<p><strong>Localidad:<\/strong> 17470 Sant Pere Pescador, Girona.<\/p>\n<p><strong>Sueldo:<\/strong> Competitivo. A convenir seg\u00fan posici\u00f3n.<\/p>\n<p><strong>Tareas y responsabilidades:<\/strong> Las propias del puesto de trabajo<\/p>\n<p><strong>Requerimientos (saber, know-how, experiencia)<\/strong><\/p>\n<ul>\n<li>Ingl\u00e9s: comprensi\u00f3n y expresi\u00f3n oral suficiente para una correcta comunicaci\u00f3n con los clientes.<\/li>\n<li>Se valorar\u00e1 el dominio de otras lenguas (franc\u00e9s, alem\u00e1n y holand\u00e9s)<\/li>\n<li>Saber trabajar en equipo, capacidad de resolver problemas, empat\u00eda, proactivo.<\/li>\n<li>Permiso de trabajo en vigor y mayor de edad.<\/li>\n<\/ul>\n<p><strong>Otros datos de inter\u00e9s<\/strong>: Bar-restaurante de un camping familiar, abierto de 8h a 00h, con una rica oferta gastron\u00f3mica gastron\u00f3mica (carta, snacks, men\u00fas gastron\u00f3micos y platos del d\u00eda) y enol\u00f3gica, para los clientes internos y externos y de variadas nacionalidades. Abrimos del 01\/04 al 22\/10\/23. Posibilidad de alojamiento. Contrato Fix-discontinuo.<\/p>\n<p>Varios sitios con incorporaci\u00f3n de abril a julio.<\/p>\n<p>Interesados enviar curr\u00edculum por correo electr\u00f3nico, incluyendo texto de<br \/>\nmotivaci\u00f3n\/presentaci\u00f3n; Asunto: Candidatura Camarero<\/p>\n<p><strong>Persona de contacto:<\/strong> Maria G\u00f3mez, Jefe de Restauraci\u00f3n<br \/>\n<strong>Tel\u00e9fono:<\/strong> 646 63 48 67<br \/>\n<strong>Correo electr\u00f3nico:<\/strong> maria.restaurant@campinglaspalmeras.com<\/p>\n<\/div><\/section><\/div>\n","protected":false},"excerpt":{"rendered":"","protected":false},"author":1,"featured_media":0,"parent":0,"menu_order":800,"comment_status":"closed","ping_status":"closed","template":"","meta":[],"yoast_head":"<!-- This site is optimized with the Yoast SEO plugin v20.9 - https:\/\/yoast.com\/wordpress\/plugins\/seo\/ -->\n<title>Bolsa de trabajo - Camping Las Palmeras Costa Brava<\/title>\n<meta name=\"description\" content=\"Bolsa de trabajo \u00bfBuscas trabajo? \u00bfTe gustar\u00eda trabajar en un equipo joven, activo y en un entorno privilegiado?\" \/>\n<meta name=\"robots\" content=\"index, follow, max-snippet:-1, max-image-preview:large, max-video-preview:-1\" \/>\n<link rel=\"canonical\" href=\"https:\/\/campinglaspalmeras.com\/es\/bolsa-de-trabajo\/\" \/>\n<meta property=\"og:locale\" content=\"es_ES\" \/>\n<meta property=\"og:type\" content=\"article\" \/>\n<meta property=\"og:title\" content=\"Bolsa de trabajo - Camping Las Palmeras Costa Brava\" \/>\n<meta property=\"og:description\" content=\"Bolsa de trabajo \u00bfBuscas trabajo? \u00bfTe gustar\u00eda trabajar en un equipo joven, activo y en un entorno privilegiado?\" \/>\n<meta property=\"og:url\" content=\"https:\/\/campinglaspalmeras.com\/es\/bolsa-de-trabajo\/\" \/>\n<meta property=\"og:site_name\" content=\"Camping Las Palmeras Costa Brava\" \/>\n<meta property=\"article:publisher\" content=\"https:\/\/www.facebook.com\/campingpalmeras\" \/>\n<meta property=\"article:modified_time\" content=\"2023-06-27T08:15:23+00:00\" \/>\n<meta name=\"twitter:card\" content=\"summary_large_image\" \/>\n<meta name=\"twitter:site\" content=\"@CLasPalmeras\" \/>\n<meta name=\"twitter:label1\" content=\"Tiempo de lectura\" \/>\n\t<meta name=\"twitter:data1\" content=\"3 minutos\" \/>\n<script type=\"application\/ld+json\" class=\"yoast-schema-graph\">{\"@context\":\"https:\/\/schema.org\",\"@graph\":[{\"@type\":\"WebPage\",\"@id\":\"https:\/\/campinglaspalmeras.com\/es\/bolsa-de-trabajo\/\",\"url\":\"https:\/\/campinglaspalmeras.com\/es\/bolsa-de-trabajo\/\",\"name\":\"Bolsa de trabajo - Camping Las Palmeras Costa Brava\",\"isPartOf\":{\"@id\":\"https:\/\/campinglaspalmeras.com\/ca\/#website\"},\"datePublished\":\"2020-09-15T08:00:45+00:00\",\"dateModified\":\"2023-06-27T08:15:23+00:00\",\"description\":\"Bolsa de trabajo \u00bfBuscas trabajo? \u00bfTe gustar\u00eda trabajar en un equipo joven, activo y en un entorno privilegiado?\",\"breadcrumb\":{\"@id\":\"https:\/\/campinglaspalmeras.com\/es\/bolsa-de-trabajo\/#breadcrumb\"},\"inLanguage\":\"es\",\"potentialAction\":[{\"@type\":\"ReadAction\",\"target\":[\"https:\/\/campinglaspalmeras.com\/es\/bolsa-de-trabajo\/\"]}]},{\"@type\":\"BreadcrumbList\",\"@id\":\"https:\/\/campinglaspalmeras.com\/es\/bolsa-de-trabajo\/#breadcrumb\",\"itemListElement\":[{\"@type\":\"ListItem\",\"position\":1,\"name\":\"Portada\",\"item\":\"https:\/\/campinglaspalmeras.com\/es\/inicio\/\"},{\"@type\":\"ListItem\",\"position\":2,\"name\":\"Bolsa de trabajo\"}]},{\"@type\":\"WebSite\",\"@id\":\"https:\/\/campinglaspalmeras.com\/ca\/#website\",\"url\":\"https:\/\/campinglaspalmeras.com\/ca\/\",\"name\":\"Camping Las Palmeras Costa Brava\",\"description\":\"Camping Las Palmeras Costa Brava\",\"potentialAction\":[{\"@type\":\"SearchAction\",\"target\":{\"@type\":\"EntryPoint\",\"urlTemplate\":\"https:\/\/campinglaspalmeras.com\/ca\/?s={search_term_string}\"},\"query-input\":\"required name=search_term_string\"}],\"inLanguage\":\"es\"}]}<\/script>\n<!-- \/ Yoast SEO plugin. -->","yoast_head_json":{"title":"Bolsa de trabajo - Camping Las Palmeras Costa Brava","description":"Bolsa de trabajo \u00bfBuscas trabajo? \u00bfTe gustar\u00eda trabajar en un equipo joven, activo y en un entorno privilegiado?","robots":{"index":"index","follow":"follow","max-snippet":"max-snippet:-1","max-image-preview":"max-image-preview:large","max-video-preview":"max-video-preview:-1"},"canonical":"https:\/\/campinglaspalmeras.com\/es\/bolsa-de-trabajo\/","og_locale":"es_ES","og_type":"article","og_title":"Bolsa de trabajo - Camping Las Palmeras Costa Brava","og_description":"Bolsa de trabajo \u00bfBuscas trabajo? \u00bfTe gustar\u00eda trabajar en un equipo joven, activo y en un entorno privilegiado?","og_url":"https:\/\/campinglaspalmeras.com\/es\/bolsa-de-trabajo\/","og_site_name":"Camping Las Palmeras Costa Brava","article_publisher":"https:\/\/www.facebook.com\/campingpalmeras","article_modified_time":"2023-06-27T08:15:23+00:00","twitter_card":"summary_large_image","twitter_site":"@CLasPalmeras","twitter_misc":{"Tiempo de lectura":"3 minutos"},"schema":{"@context":"https:\/\/schema.org","@graph":[{"@type":"WebPage","@id":"https:\/\/campinglaspalmeras.com\/es\/bolsa-de-trabajo\/","url":"https:\/\/campinglaspalmeras.com\/es\/bolsa-de-trabajo\/","name":"Bolsa de trabajo - Camping Las Palmeras Costa Brava","isPartOf":{"@id":"https:\/\/campinglaspalmeras.com\/ca\/#website"},"datePublished":"2020-09-15T08:00:45+00:00","dateModified":"2023-06-27T08:15:23+00:00","description":"Bolsa de trabajo \u00bfBuscas trabajo? \u00bfTe gustar\u00eda trabajar en un equipo joven, activo y en un entorno privilegiado?","breadcrumb":{"@id":"https:\/\/campinglaspalmeras.com\/es\/bolsa-de-trabajo\/#breadcrumb"},"inLanguage":"es","potentialAction":[{"@type":"ReadAction","target":["https:\/\/campinglaspalmeras.com\/es\/bolsa-de-trabajo\/"]}]},{"@type":"BreadcrumbList","@id":"https:\/\/campinglaspalmeras.com\/es\/bolsa-de-trabajo\/#breadcrumb","itemListElement":[{"@type":"ListItem","position":1,"name":"Portada","item":"https:\/\/campinglaspalmeras.com\/es\/inicio\/"},{"@type":"ListItem","position":2,"name":"Bolsa de trabajo"}]},{"@type":"WebSite","@id":"https:\/\/campinglaspalmeras.com\/ca\/#website","url":"https:\/\/campinglaspalmeras.com\/ca\/","name":"Camping Las Palmeras Costa Brava","description":"Camping Las Palmeras Costa Brava","potentialAction":[{"@type":"SearchAction","target":{"@type":"EntryPoint","urlTemplate":"https:\/\/campinglaspalmeras.com\/ca\/?s={search_term_string}"},"query-input":"required name=search_term_string"}],"inLanguage":"es"}]}},"_links":{"self":[{"href":"https:\/\/campinglaspalmeras.com\/es\/wp-json\/wp\/v2\/pages\/963"}],"collection":[{"href":"https:\/\/campinglaspalmeras.com\/es\/wp-json\/wp\/v2\/pages"}],"about":[{"href":"https:\/\/campinglaspalmeras.com\/es\/wp-json\/wp\/v2\/types\/page"}],"author":[{"embeddable":true,"href":"https:\/\/campinglaspalmeras.com\/es\/wp-json\/wp\/v2\/users\/1"}],"replies":[{"embeddable":true,"href":"https:\/\/campinglaspalmeras.com\/es\/wp-json\/wp\/v2\/comments?post=963"}],"version-history":[{"count":10,"href":"https:\/\/campinglaspalmeras.com\/es\/wp-json\/wp\/v2\/pages\/963\/revisions"}],"predecessor-version":[{"id":8015,"href":"https:\/\/campinglaspalmeras.com\/es\/wp-json\/wp\/v2\/pages\/963\/revisions\/8015"}],"wp:attachment":[{"href":"https:\/\/campinglaspalmeras.com\/es\/wp-json\/wp\/v2\/media?parent=963"}],"curies":[{"name":"wp","href":"https:\/\/api.w.org\/{rel}","templated":true}]}}