{"id":1612,"date":"2020-09-08T10:00:51","date_gmt":"2020-09-08T08:00:51","guid":{"rendered":"https:\/\/campinglaspalmeras.com\/news\/"},"modified":"2020-10-13T17:03:38","modified_gmt":"2020-10-13T15:03:38","slug":"albisteak","status":"publish","type":"page","link":"https:\/\/campinglaspalmeras.com\/eu\/albisteak\/","title":{"rendered":"Albisteak"},"content":{"rendered":"\n<style type=\"text\/css\" data-created_by=\"avia_inline_auto\" id=\"style-css-av-ketpt1xq-f8800cedc34c33cf74ed0696de32f6c4\">\n.avia-section.av-ketpt1xq-f8800cedc34c33cf74ed0696de32f6c4 .av-parallax .av-parallax-inner{\nbackground-repeat:no-repeat;\nbackground-image:url(https:\/\/campinglaspalmeras.com\/wp-content\/uploads\/2020\/09\/camping-4830186_1280.jpg);\nbackground-position:50% 50%;\nbackground-attachment:scroll;\n}\n.avia-section.av-ketpt1xq-f8800cedc34c33cf74ed0696de32f6c4 .av-section-color-overlay{\nopacity:0.8;\nbackground-color:#2d2d2d;\n}\n<\/style>\n<div id='av_section_1'  class='avia-section av-ketpt1xq-f8800cedc34c33cf74ed0696de32f6c4 main_color avia-section-default avia-no-border-styling  avia-builder-el-0  el_before_av_blog  avia-builder-el-first  av-parallax-section avia-bg-style-parallax av-section-color-overlay-active container_wrap sidebar_right'  data-section-bg-repeat='no-repeat'><div class='av-parallax' data-avia-parallax-ratio='0.3' ><div class='av-parallax-inner main_color avia-full-stretch'><\/div><\/div><div class=\"av-section-color-overlay-wrap\"><div class=\"av-section-color-overlay\"><\/div><div class='container av-section-cont-open' ><main  role=\"main\" itemprop=\"mainContentOfPage\"  class='template-page content  av-content-small alpha units'><div class='post-entry post-entry-type-page post-entry-1612'><div class='entry-content-wrapper clearfix'>\n\n<style type=\"text\/css\" data-created_by=\"avia_inline_auto\" id=\"style-css-av-ketpy8oc-bddd94a1c0a70584babf77f627f8861a\">\n#top .av-special-heading.av-ketpy8oc-bddd94a1c0a70584babf77f627f8861a{\npadding-bottom:10px;\ncolor:#ffffff;\n}\nbody .av-special-heading.av-ketpy8oc-bddd94a1c0a70584babf77f627f8861a .av-special-heading-tag .heading-char{\nfont-size:25px;\n}\n.av-special-heading.av-ketpy8oc-bddd94a1c0a70584babf77f627f8861a .special-heading-inner-border{\nborder-color:#ffffff;\n}\n.av-special-heading.av-ketpy8oc-bddd94a1c0a70584babf77f627f8861a .av-subheading{\nfont-size:15px;\n}\n<\/style>\n<div  class='av-special-heading av-ketpy8oc-bddd94a1c0a70584babf77f627f8861a av-special-heading-h1 custom-color-heading blockquote modern-quote modern-centered  avia-builder-el-1  avia-builder-el-no-sibling '><h1 class='av-special-heading-tag'  itemprop=\"headline\"  >News<\/h1><div class=\"special-heading-border\"><div class=\"special-heading-inner-border\"><\/div><\/div><\/div>\n<\/div><\/div><\/main><!-- close content main element --><\/div><\/div><\/div><div id='after_section_1'  class='main_color av_default_container_wrap container_wrap sidebar_right'  ><div class='container av-section-cont-open' ><div class='template-page content  av-content-small alpha units'><div class='post-entry post-entry-type-page post-entry-1612'><div class='entry-content-wrapper clearfix'>\n<div  class='av-alb-blogposts template-blog  av-blog-meta-author-disabled av-blog-meta-comments-disabled av-blog-meta-category-disabled av-blog-meta-date-disabled av-blog-meta-html-info-disabled av-blog-meta-tag-disabled '  itemscope=\"itemscope\" itemtype=\"https:\/\/schema.org\/Blog\" ><article class=\"post-entry post-entry-type-standard post-entry-5235 post-loop-1 post-parity-odd single-small with-slider post-5235 post type-post status-publish format-standard has-post-thumbnail hentry category-uncategorized-eu\"  itemscope=\"itemscope\" itemtype=\"https:\/\/schema.org\/BlogPosting\" ><div class=\"blog-meta\"><a href='https:\/\/campinglaspalmeras.com\/eu\/un-restaurante-de-premio\/' class='small-preview'  title=\"guru21\"   itemprop=\"image\" itemscope=\"itemscope\" itemtype=\"https:\/\/schema.org\/ImageObject\" ><img width=\"180\" height=\"180\" src=\"https:\/\/campinglaspalmeras.com\/wp-content\/uploads\/2021\/06\/guru21-180x180.png\" class=\"wp-image-5172 avia-img-lazy-loading-not-5172 attachment-square size-square wp-post-image\" alt=\"\" decoding=\"async\" srcset=\"https:\/\/campinglaspalmeras.com\/wp-content\/uploads\/2021\/06\/guru21-180x180.png 180w, https:\/\/campinglaspalmeras.com\/wp-content\/uploads\/2021\/06\/guru21-300x300.png 300w, https:\/\/campinglaspalmeras.com\/wp-content\/uploads\/2021\/06\/guru21-80x80.png 80w, https:\/\/campinglaspalmeras.com\/wp-content\/uploads\/2021\/06\/guru21-36x36.png 36w, https:\/\/campinglaspalmeras.com\/wp-content\/uploads\/2021\/06\/guru21.png 400w\" sizes=\"(max-width: 180px) 100vw, 180px\" \/><span class=\"iconfont\" aria-hidden='true' data-av_icon='\ue836' data-av_iconfont='entypo-fontello'><\/span><\/a><\/div><div class='entry-content-wrapper clearfix standard-content'><header class=\"entry-content-header\"><h2 class='post-title entry-title '  itemprop=\"headline\" ><a href=\"https:\/\/campinglaspalmeras.com\/eu\/un-restaurante-de-premio\/\" rel=\"bookmark\" title=\"Permanent Link: Un restaurante de premio\">Un restaurante de premio<span class=\"post-format-icon minor-meta\"><\/span><\/a><\/h2><span class=\"post-meta-infos\"><\/span><\/header><div class=\"entry-content\"  itemprop=\"text\" >\n<p>\u00a1Estamos de enhorabuena! Nuestro restaurante Las Palmeras ha recibido el premio&nbsp;<a href=\"https:\/\/es.restaurantguru.com\/Restaurante-Las-Palmeras-Spain-6\">\u201cRecomendado en Restaurante Guru 2021\u201d<\/a>!<\/p>\n\n\n\n<p>Gracias a todos por hacer posible que nuestro espacio sea reconocido como un restaurante de encuentro para familias con cocina catalana, mediterr\u00e1nea y de calidad.<\/p>\n\n\n\n<figure class=\"wp-block-image size-large\"><img decoding=\"async\" loading=\"lazy\" width=\"297\" height=\"420\" src=\"https:\/\/campinglaspalmeras.com\/wp-content\/uploads\/2021\/06\/certificat_guru21.png\" alt=\"\" class=\"wp-image-5188\" srcset=\"https:\/\/campinglaspalmeras.com\/wp-content\/uploads\/2021\/06\/certificat_guru21.png 297w, https:\/\/campinglaspalmeras.com\/wp-content\/uploads\/2021\/06\/certificat_guru21-212x300.png 212w\" sizes=\"(max-width: 297px) 100vw, 297px\" \/><\/figure>\n<\/div><footer class=\"entry-footer\"><\/footer><div class='post_delimiter'><\/div><\/div><div class=\"post_author_timeline\"><\/div><span class='hidden'>\n\t\t\t\t<span class='av-structured-data'  itemprop=\"image\" itemscope=\"itemscope\" itemtype=\"https:\/\/schema.org\/ImageObject\" >\n\t\t\t\t\t\t<span itemprop='url'>https:\/\/campinglaspalmeras.com\/wp-content\/uploads\/2021\/06\/guru21.png<\/span>\n\t\t\t\t\t\t<span itemprop='height'>400<\/span>\n\t\t\t\t\t\t<span itemprop='width'>400<\/span>\n\t\t\t\t<\/span>\n\t\t\t\t<span class='av-structured-data'  itemprop=\"publisher\" itemtype=\"https:\/\/schema.org\/Organization\" itemscope=\"itemscope\" >\n\t\t\t\t\t\t<span itemprop='name'>cl-administrador<\/span>\n\t\t\t\t\t\t<span itemprop='logo' itemscope itemtype='https:\/\/schema.org\/ImageObject'>\n\t\t\t\t\t\t\t<span itemprop='url'>https:\/\/campinglaspalmeras.com\/wp-content\/uploads\/2015\/07\/logo-web.png<\/span>\n\t\t\t\t\t\t<\/span>\n\t\t\t\t<\/span><span class='av-structured-data'  itemprop=\"author\" itemscope=\"itemscope\" itemtype=\"https:\/\/schema.org\/Person\" ><span itemprop='name'>cl-administrador<\/span><\/span><span class='av-structured-data'  itemprop=\"datePublished\" datetime=\"2021-06-04T08:39:25+02:00\" >2021-06-04 08:39:25<\/span><span class='av-structured-data'  itemprop=\"dateModified\" itemtype=\"https:\/\/schema.org\/dateModified\" >2021-06-04 08:39:27<\/span><span class='av-structured-data'  itemprop=\"mainEntityOfPage\" itemtype=\"https:\/\/schema.org\/mainEntityOfPage\" ><span itemprop='name'>Un restaurante de premio<\/span><\/span><\/span><\/article><article class=\"post-entry post-entry-type-standard post-entry-4621 post-loop-2 post-parity-even single-small with-slider post-4621 post type-post status-publish format-standard has-post-thumbnail hentry category-uncategorized-eu\"  itemscope=\"itemscope\" itemtype=\"https:\/\/schema.org\/BlogPosting\" ><div class=\"blog-meta\"><a href='https:\/\/campinglaspalmeras.com\/eu\/distintiu-de-garantia-de-qualitat-ambiental\/' class='small-preview'  title=\"qualitat ambiental\"   itemprop=\"image\" itemscope=\"itemscope\" itemtype=\"https:\/\/schema.org\/ImageObject\" ><img width=\"180\" height=\"180\" src=\"https:\/\/campinglaspalmeras.com\/wp-content\/uploads\/2021\/03\/qualitat-ambiental-180x180.jpg\" class=\"wp-image-4613 avia-img-lazy-loading-not-4613 attachment-square size-square wp-post-image\" alt=\"\" decoding=\"async\" srcset=\"https:\/\/campinglaspalmeras.com\/wp-content\/uploads\/2021\/03\/qualitat-ambiental-180x180.jpg 180w, https:\/\/campinglaspalmeras.com\/wp-content\/uploads\/2021\/03\/qualitat-ambiental-80x80.jpg 80w, https:\/\/campinglaspalmeras.com\/wp-content\/uploads\/2021\/03\/qualitat-ambiental-36x36.jpg 36w\" sizes=\"(max-width: 180px) 100vw, 180px\" \/><span class=\"iconfont\" aria-hidden='true' data-av_icon='\ue836' data-av_iconfont='entypo-fontello'><\/span><\/a><\/div><div class='entry-content-wrapper clearfix standard-content'><header class=\"entry-content-header\"><h2 class='post-title entry-title '  itemprop=\"headline\" ><a href=\"https:\/\/campinglaspalmeras.com\/eu\/distintiu-de-garantia-de-qualitat-ambiental\/\" rel=\"bookmark\" title=\"Permanent Link: Distintivo de garant\u00eda de calidad ambiental\">Distintivo de garant\u00eda de calidad ambiental<span class=\"post-format-icon minor-meta\"><\/span><\/a><\/h2><span class=\"post-meta-infos\"><\/span><\/header><div class=\"entry-content\"  itemprop=\"text\" >\n<figure class=\"wp-block-image size-large\"><img decoding=\"async\" loading=\"lazy\" width=\"860\" height=\"1030\" src=\"https:\/\/campinglaspalmeras.com\/wp-content\/uploads\/2021\/03\/certificat-860x1030.jpg\" alt=\"\" class=\"wp-image-4603\" srcset=\"https:\/\/campinglaspalmeras.com\/wp-content\/uploads\/2021\/03\/certificat-860x1030.jpg 860w, https:\/\/campinglaspalmeras.com\/wp-content\/uploads\/2021\/03\/certificat-250x300.jpg 250w, https:\/\/campinglaspalmeras.com\/wp-content\/uploads\/2021\/03\/certificat-768x920.jpg 768w, https:\/\/campinglaspalmeras.com\/wp-content\/uploads\/2021\/03\/certificat-1282x1536.jpg 1282w, https:\/\/campinglaspalmeras.com\/wp-content\/uploads\/2021\/03\/certificat-1710x2048.jpg 1710w, https:\/\/campinglaspalmeras.com\/wp-content\/uploads\/2021\/03\/certificat-1252x1500.jpg 1252w, https:\/\/campinglaspalmeras.com\/wp-content\/uploads\/2021\/03\/certificat-589x705.jpg 589w, https:\/\/campinglaspalmeras.com\/wp-content\/uploads\/2021\/03\/certificat.jpg 1920w\" sizes=\"(max-width: 860px) 100vw, 860px\" \/><\/figure>\n\n\n\n<p>Muy contentos de haber renovado una vez m\u00e1s el <strong>Distintivo de garant\u00eda de calidad ambiental<\/strong>. Certificado correspondiente a la categor\u00eda de Campings, otorgado por el <strong>Departamento de Territorio y Sostenibilidad de la Generalitat de Catalunya<\/strong>.<\/p>\n\n\n\n<p>Acomp\u00e1\u00f1anos un a\u00f1o m\u00e1s y ay\u00fadanos a fomentar los buenos h\u00e1bitos de respeto al medio ambiente y a contribuir a minimizar el impacto de las acciones cotidianas en el entorno.<\/p>\n<\/div><footer class=\"entry-footer\"><\/footer><div class='post_delimiter'><\/div><\/div><div class=\"post_author_timeline\"><\/div><span class='hidden'>\n\t\t\t\t<span class='av-structured-data'  itemprop=\"image\" itemscope=\"itemscope\" itemtype=\"https:\/\/schema.org\/ImageObject\" >\n\t\t\t\t\t\t<span itemprop='url'>https:\/\/campinglaspalmeras.com\/wp-content\/uploads\/2021\/03\/qualitat-ambiental.jpg<\/span>\n\t\t\t\t\t\t<span itemprop='height'>518<\/span>\n\t\t\t\t\t\t<span itemprop='width'>523<\/span>\n\t\t\t\t<\/span>\n\t\t\t\t<span class='av-structured-data'  itemprop=\"publisher\" itemtype=\"https:\/\/schema.org\/Organization\" itemscope=\"itemscope\" >\n\t\t\t\t\t\t<span itemprop='name'>cl-administrador<\/span>\n\t\t\t\t\t\t<span itemprop='logo' itemscope itemtype='https:\/\/schema.org\/ImageObject'>\n\t\t\t\t\t\t\t<span itemprop='url'>https:\/\/campinglaspalmeras.com\/wp-content\/uploads\/2015\/07\/logo-web.png<\/span>\n\t\t\t\t\t\t<\/span>\n\t\t\t\t<\/span><span class='av-structured-data'  itemprop=\"author\" itemscope=\"itemscope\" itemtype=\"https:\/\/schema.org\/Person\" ><span itemprop='name'>cl-administrador<\/span><\/span><span class='av-structured-data'  itemprop=\"datePublished\" datetime=\"2021-03-30T10:45:01+02:00\" >2021-03-30 10:45:01<\/span><span class='av-structured-data'  itemprop=\"dateModified\" itemtype=\"https:\/\/schema.org\/dateModified\" >2021-03-30 11:33:51<\/span><span class='av-structured-data'  itemprop=\"mainEntityOfPage\" itemtype=\"https:\/\/schema.org\/mainEntityOfPage\" ><span itemprop='name'>Distintivo de garant\u00eda de calidad ambiental<\/span><\/span><\/span><\/article><article class=\"post-entry post-entry-type-standard post-entry-3376 post-loop-3 post-parity-odd post-entry-last single-small with-slider post-3376 post type-post status-publish format-standard has-post-thumbnail hentry category-uncategorized-eu\"  itemscope=\"itemscope\" itemtype=\"https:\/\/schema.org\/BlogPosting\" ><div class=\"blog-meta\"><a href='https:\/\/campinglaspalmeras.com\/eu\/an-award-winning-restaurant\/' class='small-preview'  title=\"RestaurantGuru_Certificate1_preview-2\"   itemprop=\"image\" itemscope=\"itemscope\" itemtype=\"https:\/\/schema.org\/ImageObject\" ><img width=\"180\" height=\"180\" src=\"https:\/\/campinglaspalmeras.com\/wp-content\/uploads\/2020\/10\/RestaurantGuru_Certificate1_preview-2-180x180.png\" class=\"wp-image-3351 avia-img-lazy-loading-not-3351 attachment-square size-square wp-post-image\" alt=\"RestaurantGuru_Certificate1_preview-2\" decoding=\"async\" srcset=\"https:\/\/campinglaspalmeras.com\/wp-content\/uploads\/2020\/10\/RestaurantGuru_Certificate1_preview-2-180x180.png 180w, https:\/\/campinglaspalmeras.com\/wp-content\/uploads\/2020\/10\/RestaurantGuru_Certificate1_preview-2-80x80.png 80w, https:\/\/campinglaspalmeras.com\/wp-content\/uploads\/2020\/10\/RestaurantGuru_Certificate1_preview-2-36x36.png 36w, https:\/\/campinglaspalmeras.com\/wp-content\/uploads\/2020\/10\/RestaurantGuru_Certificate1_preview-2-400x400.png 400w\" sizes=\"(max-width: 180px) 100vw, 180px\" \/><span class=\"iconfont\" aria-hidden='true' data-av_icon='\ue836' data-av_iconfont='entypo-fontello'><\/span><\/a><\/div><div class='entry-content-wrapper clearfix standard-content'><header class=\"entry-content-header\"><h2 class='post-title entry-title '  itemprop=\"headline\" ><a href=\"https:\/\/campinglaspalmeras.com\/eu\/an-award-winning-restaurant\/\" rel=\"bookmark\" title=\"Permanent Link: Un restaurante de premio\">Un restaurante de premio<span class=\"post-format-icon minor-meta\"><\/span><\/a><\/h2><span class=\"post-meta-infos\"><\/span><\/header><div class=\"entry-content\"  itemprop=\"text\" >\n<p>\u00a1Estamos de enhorabuena! Nuestro restaurante Las Palmeras ha recibido el premio&nbsp;<a href=\"https:\/\/es.restaurantguru.com\/Restaurante-Las-Palmeras-Spain-6\">\u201cRecomendado en Restaurante Guru 2020\u201d<\/a>!<\/p>\n\n\n\n<p>Gracias a todos por hacer posible que nuestro espacio sea reconocido como un restaurante de encuentro para familias con cocina catalana, mediterr\u00e1nea y de calidad.<\/p>\n<\/div><footer class=\"entry-footer\"><\/footer><div class='post_delimiter'><\/div><\/div><div class=\"post_author_timeline\"><\/div><span class='hidden'>\n\t\t\t\t<span class='av-structured-data'  itemprop=\"image\" itemscope=\"itemscope\" itemtype=\"https:\/\/schema.org\/ImageObject\" >\n\t\t\t\t\t\t<span itemprop='url'>https:\/\/campinglaspalmeras.com\/wp-content\/uploads\/2020\/10\/RestaurantGuru_Certificate1_preview-2.png<\/span>\n\t\t\t\t\t\t<span itemprop='height'>565<\/span>\n\t\t\t\t\t\t<span itemprop='width'>400<\/span>\n\t\t\t\t<\/span>\n\t\t\t\t<span class='av-structured-data'  itemprop=\"publisher\" itemtype=\"https:\/\/schema.org\/Organization\" itemscope=\"itemscope\" >\n\t\t\t\t\t\t<span itemprop='name'>cl-admin<\/span>\n\t\t\t\t\t\t<span itemprop='logo' itemscope itemtype='https:\/\/schema.org\/ImageObject'>\n\t\t\t\t\t\t\t<span itemprop='url'>https:\/\/campinglaspalmeras.com\/wp-content\/uploads\/2015\/07\/logo-web.png<\/span>\n\t\t\t\t\t\t<\/span>\n\t\t\t\t<\/span><span class='av-structured-data'  itemprop=\"author\" itemscope=\"itemscope\" itemtype=\"https:\/\/schema.org\/Person\" ><span itemprop='name'>cl-admin<\/span><\/span><span class='av-structured-data'  itemprop=\"datePublished\" datetime=\"2020-10-15T16:06:23+02:00\" >2020-10-15 16:06:23<\/span><span class='av-structured-data'  itemprop=\"dateModified\" itemtype=\"https:\/\/schema.org\/dateModified\" >2020-10-15 16:10:36<\/span><span class='av-structured-data'  itemprop=\"mainEntityOfPage\" itemtype=\"https:\/\/schema.org\/mainEntityOfPage\" ><span itemprop='name'>Un restaurante de premio<\/span><\/span><\/span><\/article><div class='single-small'><nav class='pagination'><span class='pagination-meta'>Page 1 of 4<\/span><span class='current'>1<\/span><a href='https:\/\/campinglaspalmeras.com\/eu\/wp-json\/wp\/v2\/pages\/1612\/page\/2\/' class='inactive next_page' >2<\/a><a href='https:\/\/campinglaspalmeras.com\/eu\/wp-json\/wp\/v2\/pages\/1612\/page\/3\/' class='inactive' >3<\/a><a href='https:\/\/campinglaspalmeras.com\/eu\/wp-json\/wp\/v2\/pages\/1612\/page\/4\/' class='inactive' >4<\/a><\/nav>\n<\/div><\/div>\n","protected":false},"excerpt":{"rendered":"","protected":false},"author":1,"featured_media":0,"parent":0,"menu_order":450,"comment_status":"closed","ping_status":"closed","template":"","meta":[],"yoast_head":"<!-- This site is optimized with the Yoast SEO plugin v20.9 - https:\/\/yoast.com\/wordpress\/plugins\/seo\/ -->\n<title>Albisteak - Camping Las Palmeras Costa Brava<\/title>\n<meta name=\"description\" content=\"News. Un restaurante de premio \u00a1Estamos de enhorabuena! Nuestro restaurante Las Palmeras ha recibido el premio \u201cRecomendado en Restaurante Guru 2021\u201d! Gracias a todos por hacer posible que nuestro espacio sea reconocido como un restaurante de encuentro para familias con cocina catalana, mediterr\u00e1nea y de calidad.\" \/>\n<meta name=\"robots\" content=\"index, follow, max-snippet:-1, max-image-preview:large, max-video-preview:-1\" \/>\n<link rel=\"canonical\" href=\"https:\/\/campinglaspalmeras.com\/eu\/albisteak\/\" \/>\n<meta property=\"og:locale\" content=\"eu_ES\" \/>\n<meta property=\"og:type\" content=\"article\" \/>\n<meta property=\"og:title\" content=\"Albisteak - Camping Las Palmeras Costa Brava\" \/>\n<meta property=\"og:description\" content=\"News. Un restaurante de premio \u00a1Estamos de enhorabuena! Nuestro restaurante Las Palmeras ha recibido el premio \u201cRecomendado en Restaurante Guru 2021\u201d! Gracias a todos por hacer posible que nuestro espacio sea reconocido como un restaurante de encuentro para familias con cocina catalana, mediterr\u00e1nea y de calidad.\" \/>\n<meta property=\"og:url\" content=\"https:\/\/campinglaspalmeras.com\/eu\/albisteak\/\" \/>\n<meta property=\"og:site_name\" content=\"Camping Las Palmeras Costa Brava\" \/>\n<meta property=\"article:publisher\" content=\"https:\/\/www.facebook.com\/campingpalmeras\" \/>\n<meta property=\"article:modified_time\" content=\"2020-10-13T15:03:38+00:00\" \/>\n<meta name=\"twitter:card\" content=\"summary_large_image\" \/>\n<meta name=\"twitter:site\" content=\"@CLasPalmeras\" \/>\n<meta name=\"twitter:label1\" content=\"Est. reading time\" \/>\n\t<meta name=\"twitter:data1\" content=\"1 minute\" \/>\n<script type=\"application\/ld+json\" class=\"yoast-schema-graph\">{\"@context\":\"https:\/\/schema.org\",\"@graph\":[{\"@type\":\"WebPage\",\"@id\":\"https:\/\/campinglaspalmeras.com\/eu\/albisteak\/\",\"url\":\"https:\/\/campinglaspalmeras.com\/eu\/albisteak\/\",\"name\":\"Albisteak - Camping Las Palmeras Costa Brava\",\"isPartOf\":{\"@id\":\"https:\/\/campinglaspalmeras.com\/ca\/#website\"},\"datePublished\":\"2020-09-08T08:00:51+00:00\",\"dateModified\":\"2020-10-13T15:03:38+00:00\",\"description\":\"News. Un restaurante de premio \u00a1Estamos de enhorabuena! Nuestro restaurante Las Palmeras ha recibido el premio \u201cRecomendado en Restaurante Guru 2021\u201d! Gracias a todos por hacer posible que nuestro espacio sea reconocido como un restaurante de encuentro para familias con cocina catalana, mediterr\u00e1nea y de calidad.\",\"breadcrumb\":{\"@id\":\"https:\/\/campinglaspalmeras.com\/eu\/albisteak\/#breadcrumb\"},\"inLanguage\":\"eu-ES\",\"potentialAction\":[{\"@type\":\"ReadAction\",\"target\":[\"https:\/\/campinglaspalmeras.com\/eu\/albisteak\/\"]}]},{\"@type\":\"BreadcrumbList\",\"@id\":\"https:\/\/campinglaspalmeras.com\/eu\/albisteak\/#breadcrumb\",\"itemListElement\":[{\"@type\":\"ListItem\",\"position\":1,\"name\":\"Portada\",\"item\":\"https:\/\/campinglaspalmeras.com\/eu\/hasiera\/\"},{\"@type\":\"ListItem\",\"position\":2,\"name\":\"Albisteak\"}]},{\"@type\":\"WebSite\",\"@id\":\"https:\/\/campinglaspalmeras.com\/ca\/#website\",\"url\":\"https:\/\/campinglaspalmeras.com\/ca\/\",\"name\":\"Camping Las Palmeras Costa Brava\",\"description\":\"Camping Las Palmeras Costa Brava\",\"potentialAction\":[{\"@type\":\"SearchAction\",\"target\":{\"@type\":\"EntryPoint\",\"urlTemplate\":\"https:\/\/campinglaspalmeras.com\/ca\/?s={search_term_string}\"},\"query-input\":\"required name=search_term_string\"}],\"inLanguage\":\"eu-ES\"}]}<\/script>\n<!-- \/ Yoast SEO plugin. -->","yoast_head_json":{"title":"Albisteak - Camping Las Palmeras Costa Brava","description":"News. Un restaurante de premio \u00a1Estamos de enhorabuena! Nuestro restaurante Las Palmeras ha recibido el premio \u201cRecomendado en Restaurante Guru 2021\u201d! Gracias a todos por hacer posible que nuestro espacio sea reconocido como un restaurante de encuentro para familias con cocina catalana, mediterr\u00e1nea y de calidad.","robots":{"index":"index","follow":"follow","max-snippet":"max-snippet:-1","max-image-preview":"max-image-preview:large","max-video-preview":"max-video-preview:-1"},"canonical":"https:\/\/campinglaspalmeras.com\/eu\/albisteak\/","og_locale":"eu_ES","og_type":"article","og_title":"Albisteak - Camping Las Palmeras Costa Brava","og_description":"News. Un restaurante de premio \u00a1Estamos de enhorabuena! Nuestro restaurante Las Palmeras ha recibido el premio \u201cRecomendado en Restaurante Guru 2021\u201d! Gracias a todos por hacer posible que nuestro espacio sea reconocido como un restaurante de encuentro para familias con cocina catalana, mediterr\u00e1nea y de calidad.","og_url":"https:\/\/campinglaspalmeras.com\/eu\/albisteak\/","og_site_name":"Camping Las Palmeras Costa Brava","article_publisher":"https:\/\/www.facebook.com\/campingpalmeras","article_modified_time":"2020-10-13T15:03:38+00:00","twitter_card":"summary_large_image","twitter_site":"@CLasPalmeras","twitter_misc":{"Est. reading time":"1 minute"},"schema":{"@context":"https:\/\/schema.org","@graph":[{"@type":"WebPage","@id":"https:\/\/campinglaspalmeras.com\/eu\/albisteak\/","url":"https:\/\/campinglaspalmeras.com\/eu\/albisteak\/","name":"Albisteak - Camping Las Palmeras Costa Brava","isPartOf":{"@id":"https:\/\/campinglaspalmeras.com\/ca\/#website"},"datePublished":"2020-09-08T08:00:51+00:00","dateModified":"2020-10-13T15:03:38+00:00","description":"News. Un restaurante de premio \u00a1Estamos de enhorabuena! Nuestro restaurante Las Palmeras ha recibido el premio \u201cRecomendado en Restaurante Guru 2021\u201d! Gracias a todos por hacer posible que nuestro espacio sea reconocido como un restaurante de encuentro para familias con cocina catalana, mediterr\u00e1nea y de calidad.","breadcrumb":{"@id":"https:\/\/campinglaspalmeras.com\/eu\/albisteak\/#breadcrumb"},"inLanguage":"eu-ES","potentialAction":[{"@type":"ReadAction","target":["https:\/\/campinglaspalmeras.com\/eu\/albisteak\/"]}]},{"@type":"BreadcrumbList","@id":"https:\/\/campinglaspalmeras.com\/eu\/albisteak\/#breadcrumb","itemListElement":[{"@type":"ListItem","position":1,"name":"Portada","item":"https:\/\/campinglaspalmeras.com\/eu\/hasiera\/"},{"@type":"ListItem","position":2,"name":"Albisteak"}]},{"@type":"WebSite","@id":"https:\/\/campinglaspalmeras.com\/ca\/#website","url":"https:\/\/campinglaspalmeras.com\/ca\/","name":"Camping Las Palmeras Costa Brava","description":"Camping Las Palmeras Costa Brava","potentialAction":[{"@type":"SearchAction","target":{"@type":"EntryPoint","urlTemplate":"https:\/\/campinglaspalmeras.com\/ca\/?s={search_term_string}"},"query-input":"required name=search_term_string"}],"inLanguage":"eu-ES"}]}},"_links":{"self":[{"href":"https:\/\/campinglaspalmeras.com\/eu\/wp-json\/wp\/v2\/pages\/1612"}],"collection":[{"href":"https:\/\/campinglaspalmeras.com\/eu\/wp-json\/wp\/v2\/pages"}],"about":[{"href":"https:\/\/campinglaspalmeras.com\/eu\/wp-json\/wp\/v2\/types\/page"}],"author":[{"embeddable":true,"href":"https:\/\/campinglaspalmeras.com\/eu\/wp-json\/wp\/v2\/users\/1"}],"replies":[{"embeddable":true,"href":"https:\/\/campinglaspalmeras.com\/eu\/wp-json\/wp\/v2\/comments?post=1612"}],"version-history":[{"count":2,"href":"https:\/\/campinglaspalmeras.com\/eu\/wp-json\/wp\/v2\/pages\/1612\/revisions"}],"predecessor-version":[{"id":2847,"href":"https:\/\/campinglaspalmeras.com\/eu\/wp-json\/wp\/v2\/pages\/1612\/revisions\/2847"}],"wp:attachment":[{"href":"https:\/\/campinglaspalmeras.com\/eu\/wp-json\/wp\/v2\/media?parent=1612"}],"curies":[{"name":"wp","href":"https:\/\/api.w.org\/{rel}","templated":true}]}}