{"id":1012,"date":"2020-09-10T11:57:59","date_gmt":"2020-09-10T09:57:59","guid":{"rendered":"https:\/\/campinglaspalmeras.com\/campsite-association-of-sant-pere-pescador\/"},"modified":"2020-10-15T11:58:39","modified_gmt":"2020-10-15T09:58:39","slug":"association-des-campings-de-sant-pere-pescador","status":"publish","type":"page","link":"https:\/\/campinglaspalmeras.com\/fr\/association-des-campings-de-sant-pere-pescador\/","title":{"rendered":"Association des Campings de Sant Pere Pescador"},"content":{"rendered":"\n<style type=\"text\/css\" data-created_by=\"avia_inline_auto\" id=\"style-css-av-ketpt1xq-a2d3ee490fea1bf99b816595a4649da4\">\n.avia-section.av-ketpt1xq-a2d3ee490fea1bf99b816595a4649da4 .av-parallax .av-parallax-inner{\nbackground-repeat:no-repeat;\nbackground-image:url(https:\/\/campinglaspalmeras.com\/wp-content\/uploads\/2020\/09\/camp-2445212_1280.jpg);\nbackground-position:50% 50%;\nbackground-attachment:scroll;\n}\n.avia-section.av-ketpt1xq-a2d3ee490fea1bf99b816595a4649da4 .av-section-color-overlay{\nopacity:0.8;\nbackground-color:#2d2d2d;\n}\n<\/style>\n<div id='av_section_1'  class='avia-section av-ketpt1xq-a2d3ee490fea1bf99b816595a4649da4 main_color avia-section-default avia-no-border-styling  avia-builder-el-0  el_before_av_image  avia-builder-el-first  av-parallax-section avia-bg-style-parallax av-section-color-overlay-active container_wrap sidebar_right'  data-section-bg-repeat='no-repeat'><div class='av-parallax' data-avia-parallax-ratio='0.3' ><div class='av-parallax-inner main_color avia-full-stretch'><\/div><\/div><div class=\"av-section-color-overlay-wrap\"><div class=\"av-section-color-overlay\"><\/div><div class='container av-section-cont-open' ><main  role=\"main\" itemprop=\"mainContentOfPage\"  class='template-page content  av-content-small alpha units'><div class='post-entry post-entry-type-page post-entry-1012'><div class='entry-content-wrapper clearfix'>\n\n<style type=\"text\/css\" data-created_by=\"avia_inline_auto\" id=\"style-css-av-kganhelb-8fed3e6bc45b1df8a48ec60a24f062ba\">\n#top .av-special-heading.av-kganhelb-8fed3e6bc45b1df8a48ec60a24f062ba{\npadding-bottom:10px;\ncolor:#ffffff;\n}\nbody .av-special-heading.av-kganhelb-8fed3e6bc45b1df8a48ec60a24f062ba .av-special-heading-tag .heading-char{\nfont-size:25px;\n}\n.av-special-heading.av-kganhelb-8fed3e6bc45b1df8a48ec60a24f062ba .special-heading-inner-border{\nborder-color:#ffffff;\n}\n.av-special-heading.av-kganhelb-8fed3e6bc45b1df8a48ec60a24f062ba .av-subheading{\nfont-size:15px;\n}\n<\/style>\n<div  class='av-special-heading av-kganhelb-8fed3e6bc45b1df8a48ec60a24f062ba av-special-heading-h1 custom-color-heading blockquote modern-quote modern-centered  avia-builder-el-1  avia-builder-el-no-sibling '><h1 class='av-special-heading-tag'  itemprop=\"headline\"  > Association des Campings de Sant Pere Pescador<\/h1><div class=\"special-heading-border\"><div class=\"special-heading-inner-border\"><\/div><\/div><\/div>\n<\/div><\/div><\/main><!-- close content main element --><\/div><\/div><\/div><div id='after_section_1'  class='main_color av_default_container_wrap container_wrap sidebar_right'  ><div class='container av-section-cont-open' ><div class='template-page content  av-content-small alpha units'><div class='post-entry post-entry-type-page post-entry-1012'><div class='entry-content-wrapper clearfix'>\n<style type=\"text\/css\" data-created_by=\"avia_inline_auto\" id=\"style-css-av-kett85pn-3910b46cc00027c787508f6623a6fded\">\n.avia-image-container.av-kett85pn-3910b46cc00027c787508f6623a6fded img.avia_image{\nbox-shadow:none;\n}\n.avia-image-container.av-kett85pn-3910b46cc00027c787508f6623a6fded .av-image-caption-overlay-center{\ncolor:#ffffff;\n}\n<\/style>\n<div  class='avia-image-container av-kett85pn-3910b46cc00027c787508f6623a6fded av-styling- avia-align-center  avia-builder-el-2  el_after_av_section  el_before_av_hr  avia-builder-el-first '   itemprop=\"image\" itemscope=\"itemscope\" itemtype=\"https:\/\/schema.org\/ImageObject\" ><div class=\"avia-image-container-inner\"><div class=\"avia-image-overlay-wrap\"><img decoding=\"async\" class='wp-image-1006 avia-img-lazy-loading-not-1006 avia_image ' src=\"https:\/\/campinglaspalmeras.com\/wp-content\/uploads\/2020\/09\/associa-300x125-1.jpg\" alt='' title=''  height=\"125\" width=\"300\"  itemprop=\"thumbnailUrl\"  \/><\/div><\/div><\/div><\/p>\n\n<style type=\"text\/css\" data-created_by=\"avia_inline_auto\" id=\"style-css-av-av_hr-5ea7596238ed9f191e6b5e662093052f\">\n#top .hr.hr-invisible.av-av_hr-5ea7596238ed9f191e6b5e662093052f{\nheight:30px;\n}\n<\/style>\n<div  class='hr av-av_hr-5ea7596238ed9f191e6b5e662093052f hr-invisible  avia-builder-el-3  el_after_av_image  el_before_av_one_fifth '><span class='hr-inner '><span class=\"hr-inner-style\"><\/span><\/span><\/div>\n\n<style type=\"text\/css\" data-created_by=\"avia_inline_auto\" id=\"style-css-av-av_one_fifth-79ff81c021393065cee878051452f6a6\">\n.flex_column.av-av_one_fifth-79ff81c021393065cee878051452f6a6{\n-webkit-border-radius:0px 0px 0px 0px;\n-moz-border-radius:0px 0px 0px 0px;\nborder-radius:0px 0px 0px 0px;\npadding:0px 0px 0px 0px;\n}\n<\/style>\n<div  class='flex_column av-av_one_fifth-79ff81c021393065cee878051452f6a6 av_one_fifth  avia-builder-el-4  el_after_av_hr  el_before_av_three_fifth  first flex_column_div av-zero-column-padding  '     ><\/div>\n\n<style type=\"text\/css\" data-created_by=\"avia_inline_auto\" id=\"style-css-av-av_three_fifth-49f6e875884219cf77c24341e550af53\">\n.flex_column.av-av_three_fifth-49f6e875884219cf77c24341e550af53{\n-webkit-border-radius:0px 0px 0px 0px;\n-moz-border-radius:0px 0px 0px 0px;\nborder-radius:0px 0px 0px 0px;\npadding:0px 0px 0px 0px;\n}\n<\/style>\n<div  class='flex_column av-av_three_fifth-49f6e875884219cf77c24341e550af53 av_three_fifth  avia-builder-el-5  el_after_av_one_fifth  avia-builder-el-last  flex_column_div av-zero-column-padding  '     ><section  class='av_textblock_section av-kewn3yl6-703bcc7bf4c3349afe7c3ba754662557 '   itemscope=\"itemscope\" itemtype=\"https:\/\/schema.org\/CreativeWork\" ><div class='avia_textblock'  itemprop=\"text\" ><h2>Association des Campings de Sant Pere Pescador (ACSPP)<\/h2>\n<p>Cr\u00e9\u00e9e en 2001, son principal objectif est de veiller \u00e0 proposer une offre touristique de qualit\u00e9 et respectueuse de l\u2019environnement.<\/p>\n<p>Les campings de l\u2019ACSPP ont en commun une vision commerciale qui repose sur trois axes fondamentaux :<\/p>\n<ul>\n<li>Proposer \u00e0 leurs clients une alternative touristique de grande qualit\u00e9.<\/li>\n<li>Prot\u00e9ger l\u2019environnement.<\/li>\n<li>Placer les campings de Sant Pere Pescador sur la carte touristique europ\u00e9enne.<\/li>\n<\/ul>\n<p>Les campings de l\u2019ACSPP existent depuis longue date et ont consid\u00e9rablement contribu\u00e9 au d\u00e9veloppement de Sant Pere Pescador ; ils sont actuellement le principal moteur de l\u2019\u00e9conomie locale et g\u00e9n\u00e8rent 41,4% du PIB municipal. Ils ont \u00e9galement \u00e9t\u00e9 les principaux responsables de la conservation de la c\u00f4te locale, dans la mesure o\u00f9 ils se sont d\u00e9velopp\u00e9s en respectant l\u2019environnement, ce qui permet aux touristes d\u2019appr\u00e9cier l\u2019authentique Costa Brava \u00e0 l\u2019\u00e9tat pur.<\/p>\n<\/div><\/section><\/div>\n","protected":false},"excerpt":{"rendered":"","protected":false},"author":1,"featured_media":0,"parent":0,"menu_order":800,"comment_status":"closed","ping_status":"closed","template":"","meta":[],"yoast_head":"<!-- This site is optimized with the Yoast SEO plugin v20.9 - https:\/\/yoast.com\/wordpress\/plugins\/seo\/ -->\n<title>Association des Campings de Sant Pere Pescador - Camping Las Palmeras Costa Brava<\/title>\n<meta name=\"description\" content=\"Association des Campings de Sant Pere Pescador (ACSPP) Cr\u00e9\u00e9e en 2001, son principal objectif est de veiller \u00e0 proposer une offre touristique de qualit\u00e9 et respectueuse de l\u2019environnement.\" \/>\n<meta name=\"robots\" content=\"index, follow, max-snippet:-1, max-image-preview:large, max-video-preview:-1\" \/>\n<link rel=\"canonical\" href=\"https:\/\/campinglaspalmeras.com\/fr\/association-des-campings-de-sant-pere-pescador\/\" \/>\n<meta property=\"og:locale\" content=\"fr_FR\" \/>\n<meta property=\"og:type\" content=\"article\" \/>\n<meta property=\"og:title\" content=\"Association des Campings de Sant Pere Pescador - Camping Las Palmeras Costa Brava\" \/>\n<meta property=\"og:description\" content=\"Association des Campings de Sant Pere Pescador (ACSPP) Cr\u00e9\u00e9e en 2001, son principal objectif est de veiller \u00e0 proposer une offre touristique de qualit\u00e9 et respectueuse de l\u2019environnement.\" \/>\n<meta property=\"og:url\" content=\"https:\/\/campinglaspalmeras.com\/fr\/association-des-campings-de-sant-pere-pescador\/\" \/>\n<meta property=\"og:site_name\" content=\"Camping Las Palmeras Costa Brava\" \/>\n<meta property=\"article:publisher\" content=\"https:\/\/www.facebook.com\/campingpalmeras\" \/>\n<meta property=\"article:modified_time\" content=\"2020-10-15T09:58:39+00:00\" \/>\n<meta name=\"twitter:card\" content=\"summary_large_image\" \/>\n<meta name=\"twitter:site\" content=\"@CLasPalmeras\" \/>\n<meta name=\"twitter:label1\" content=\"Dur\u00e9e de lecture estim\u00e9e\" \/>\n\t<meta name=\"twitter:data1\" content=\"4 minutes\" \/>\n<script type=\"application\/ld+json\" class=\"yoast-schema-graph\">{\"@context\":\"https:\/\/schema.org\",\"@graph\":[{\"@type\":\"WebPage\",\"@id\":\"https:\/\/campinglaspalmeras.com\/fr\/association-des-campings-de-sant-pere-pescador\/\",\"url\":\"https:\/\/campinglaspalmeras.com\/fr\/association-des-campings-de-sant-pere-pescador\/\",\"name\":\"Association des Campings de Sant Pere Pescador - Camping Las Palmeras Costa Brava\",\"isPartOf\":{\"@id\":\"https:\/\/campinglaspalmeras.com\/ca\/#website\"},\"datePublished\":\"2020-09-10T09:57:59+00:00\",\"dateModified\":\"2020-10-15T09:58:39+00:00\",\"description\":\"Association des Campings de Sant Pere Pescador (ACSPP) Cr\u00e9\u00e9e en 2001, son principal objectif est de veiller \u00e0 proposer une offre touristique de qualit\u00e9 et respectueuse de l\u2019environnement.\",\"breadcrumb\":{\"@id\":\"https:\/\/campinglaspalmeras.com\/fr\/association-des-campings-de-sant-pere-pescador\/#breadcrumb\"},\"inLanguage\":\"fr-FR\",\"potentialAction\":[{\"@type\":\"ReadAction\",\"target\":[\"https:\/\/campinglaspalmeras.com\/fr\/association-des-campings-de-sant-pere-pescador\/\"]}]},{\"@type\":\"BreadcrumbList\",\"@id\":\"https:\/\/campinglaspalmeras.com\/fr\/association-des-campings-de-sant-pere-pescador\/#breadcrumb\",\"itemListElement\":[{\"@type\":\"ListItem\",\"position\":1,\"name\":\"Portada\",\"item\":\"https:\/\/campinglaspalmeras.com\/fr\/accueil\/\"},{\"@type\":\"ListItem\",\"position\":2,\"name\":\"Association des Campings de Sant Pere Pescador\"}]},{\"@type\":\"WebSite\",\"@id\":\"https:\/\/campinglaspalmeras.com\/ca\/#website\",\"url\":\"https:\/\/campinglaspalmeras.com\/ca\/\",\"name\":\"Camping Las Palmeras Costa Brava\",\"description\":\"Camping Las Palmeras Costa Brava\",\"potentialAction\":[{\"@type\":\"SearchAction\",\"target\":{\"@type\":\"EntryPoint\",\"urlTemplate\":\"https:\/\/campinglaspalmeras.com\/ca\/?s={search_term_string}\"},\"query-input\":\"required name=search_term_string\"}],\"inLanguage\":\"fr-FR\"}]}<\/script>\n<!-- \/ Yoast SEO plugin. -->","yoast_head_json":{"title":"Association des Campings de Sant Pere Pescador - Camping Las Palmeras Costa Brava","description":"Association des Campings de Sant Pere Pescador (ACSPP) Cr\u00e9\u00e9e en 2001, son principal objectif est de veiller \u00e0 proposer une offre touristique de qualit\u00e9 et respectueuse de l\u2019environnement.","robots":{"index":"index","follow":"follow","max-snippet":"max-snippet:-1","max-image-preview":"max-image-preview:large","max-video-preview":"max-video-preview:-1"},"canonical":"https:\/\/campinglaspalmeras.com\/fr\/association-des-campings-de-sant-pere-pescador\/","og_locale":"fr_FR","og_type":"article","og_title":"Association des Campings de Sant Pere Pescador - Camping Las Palmeras Costa Brava","og_description":"Association des Campings de Sant Pere Pescador (ACSPP) Cr\u00e9\u00e9e en 2001, son principal objectif est de veiller \u00e0 proposer une offre touristique de qualit\u00e9 et respectueuse de l\u2019environnement.","og_url":"https:\/\/campinglaspalmeras.com\/fr\/association-des-campings-de-sant-pere-pescador\/","og_site_name":"Camping Las Palmeras Costa Brava","article_publisher":"https:\/\/www.facebook.com\/campingpalmeras","article_modified_time":"2020-10-15T09:58:39+00:00","twitter_card":"summary_large_image","twitter_site":"@CLasPalmeras","twitter_misc":{"Dur\u00e9e de lecture estim\u00e9e":"4 minutes"},"schema":{"@context":"https:\/\/schema.org","@graph":[{"@type":"WebPage","@id":"https:\/\/campinglaspalmeras.com\/fr\/association-des-campings-de-sant-pere-pescador\/","url":"https:\/\/campinglaspalmeras.com\/fr\/association-des-campings-de-sant-pere-pescador\/","name":"Association des Campings de Sant Pere Pescador - Camping Las Palmeras Costa Brava","isPartOf":{"@id":"https:\/\/campinglaspalmeras.com\/ca\/#website"},"datePublished":"2020-09-10T09:57:59+00:00","dateModified":"2020-10-15T09:58:39+00:00","description":"Association des Campings de Sant Pere Pescador (ACSPP) Cr\u00e9\u00e9e en 2001, son principal objectif est de veiller \u00e0 proposer une offre touristique de qualit\u00e9 et respectueuse de l\u2019environnement.","breadcrumb":{"@id":"https:\/\/campinglaspalmeras.com\/fr\/association-des-campings-de-sant-pere-pescador\/#breadcrumb"},"inLanguage":"fr-FR","potentialAction":[{"@type":"ReadAction","target":["https:\/\/campinglaspalmeras.com\/fr\/association-des-campings-de-sant-pere-pescador\/"]}]},{"@type":"BreadcrumbList","@id":"https:\/\/campinglaspalmeras.com\/fr\/association-des-campings-de-sant-pere-pescador\/#breadcrumb","itemListElement":[{"@type":"ListItem","position":1,"name":"Portada","item":"https:\/\/campinglaspalmeras.com\/fr\/accueil\/"},{"@type":"ListItem","position":2,"name":"Association des Campings de Sant Pere Pescador"}]},{"@type":"WebSite","@id":"https:\/\/campinglaspalmeras.com\/ca\/#website","url":"https:\/\/campinglaspalmeras.com\/ca\/","name":"Camping Las Palmeras Costa Brava","description":"Camping Las Palmeras Costa Brava","potentialAction":[{"@type":"SearchAction","target":{"@type":"EntryPoint","urlTemplate":"https:\/\/campinglaspalmeras.com\/ca\/?s={search_term_string}"},"query-input":"required name=search_term_string"}],"inLanguage":"fr-FR"}]}},"_links":{"self":[{"href":"https:\/\/campinglaspalmeras.com\/fr\/wp-json\/wp\/v2\/pages\/1012"}],"collection":[{"href":"https:\/\/campinglaspalmeras.com\/fr\/wp-json\/wp\/v2\/pages"}],"about":[{"href":"https:\/\/campinglaspalmeras.com\/fr\/wp-json\/wp\/v2\/types\/page"}],"author":[{"embeddable":true,"href":"https:\/\/campinglaspalmeras.com\/fr\/wp-json\/wp\/v2\/users\/1"}],"replies":[{"embeddable":true,"href":"https:\/\/campinglaspalmeras.com\/fr\/wp-json\/wp\/v2\/comments?post=1012"}],"version-history":[{"count":3,"href":"https:\/\/campinglaspalmeras.com\/fr\/wp-json\/wp\/v2\/pages\/1012\/revisions"}],"predecessor-version":[{"id":3249,"href":"https:\/\/campinglaspalmeras.com\/fr\/wp-json\/wp\/v2\/pages\/1012\/revisions\/3249"}],"wp:attachment":[{"href":"https:\/\/campinglaspalmeras.com\/fr\/wp-json\/wp\/v2\/media?parent=1012"}],"curies":[{"name":"wp","href":"https:\/\/api.w.org\/{rel}","templated":true}]}}