{"id":1035,"date":"2020-09-10T10:39:59","date_gmt":"2020-09-10T08:39:59","guid":{"rendered":"https:\/\/campinglaspalmeras.com\/f-a-q\/"},"modified":"2025-10-30T12:31:59","modified_gmt":"2025-10-30T11:31:59","slug":"f-a-q","status":"publish","type":"page","link":"https:\/\/campinglaspalmeras.com\/fr\/f-a-q\/","title":{"rendered":"F.A.Q."},"content":{"rendered":"\n<style type=\"text\/css\" data-created_by=\"avia_inline_auto\" id=\"style-css-av-ketpt1xq-a2d3ee490fea1bf99b816595a4649da4\">\n.avia-section.av-ketpt1xq-a2d3ee490fea1bf99b816595a4649da4 .av-parallax .av-parallax-inner{\nbackground-repeat:no-repeat;\nbackground-image:url(https:\/\/campinglaspalmeras.com\/wp-content\/uploads\/2020\/09\/camp-2445212_1280.jpg);\nbackground-position:50% 50%;\nbackground-attachment:scroll;\n}\n.avia-section.av-ketpt1xq-a2d3ee490fea1bf99b816595a4649da4 .av-section-color-overlay{\nopacity:0.8;\nbackground-color:#2d2d2d;\n}\n<\/style>\n<div id='av_section_1'  class='avia-section av-ketpt1xq-a2d3ee490fea1bf99b816595a4649da4 main_color avia-section-default avia-no-border-styling  avia-builder-el-0  el_before_av_one_fifth  avia-builder-el-first  av-parallax-section avia-bg-style-parallax av-section-color-overlay-active container_wrap sidebar_right'  data-section-bg-repeat='no-repeat'><div class='av-parallax' data-avia-parallax-ratio='0.3' ><div class='av-parallax-inner main_color avia-full-stretch'><\/div><\/div><div class=\"av-section-color-overlay-wrap\"><div class=\"av-section-color-overlay\"><\/div><div class='container av-section-cont-open' ><main  role=\"main\" itemprop=\"mainContentOfPage\"  class='template-page content  av-content-small alpha units'><div class='post-entry post-entry-type-page post-entry-1035'><div class='entry-content-wrapper clearfix'>\n\n<style type=\"text\/css\" data-created_by=\"avia_inline_auto\" id=\"style-css-av-kewke46t-38805e71cea27ce384bc86e17386a869\">\n#top .av-special-heading.av-kewke46t-38805e71cea27ce384bc86e17386a869{\npadding-bottom:10px;\ncolor:#ffffff;\n}\nbody .av-special-heading.av-kewke46t-38805e71cea27ce384bc86e17386a869 .av-special-heading-tag .heading-char{\nfont-size:25px;\n}\n.av-special-heading.av-kewke46t-38805e71cea27ce384bc86e17386a869 .special-heading-inner-border{\nborder-color:#ffffff;\n}\n.av-special-heading.av-kewke46t-38805e71cea27ce384bc86e17386a869 .av-subheading{\nfont-size:15px;\n}\n<\/style>\n<div  class='av-special-heading av-kewke46t-38805e71cea27ce384bc86e17386a869 av-special-heading-h1 custom-color-heading blockquote modern-quote modern-centered  avia-builder-el-1  avia-builder-el-no-sibling '><h1 class='av-special-heading-tag'  itemprop=\"headline\"  >F.A.Q.<\/h1><div class=\"special-heading-border\"><div class=\"special-heading-inner-border\"><\/div><\/div><\/div>\n<\/div><\/div><\/main><!-- close content main element --><\/div><\/div><\/div><div id='after_section_1'  class='main_color av_default_container_wrap container_wrap sidebar_right'  ><div class='container av-section-cont-open' ><div class='template-page content  av-content-small alpha units'><div class='post-entry post-entry-type-page post-entry-1035'><div class='entry-content-wrapper clearfix'>\n\n<style type=\"text\/css\" data-created_by=\"avia_inline_auto\" id=\"style-css-av-av_one_fifth-79ff81c021393065cee878051452f6a6\">\n.flex_column.av-av_one_fifth-79ff81c021393065cee878051452f6a6{\n-webkit-border-radius:0px 0px 0px 0px;\n-moz-border-radius:0px 0px 0px 0px;\nborder-radius:0px 0px 0px 0px;\npadding:0px 0px 0px 0px;\n}\n<\/style>\n<div  class='flex_column av-av_one_fifth-79ff81c021393065cee878051452f6a6 av_one_fifth  avia-builder-el-2  el_after_av_section  el_before_av_three_fifth  avia-builder-el-first  first flex_column_div av-zero-column-padding  '     ><\/div>\n\n<style type=\"text\/css\" data-created_by=\"avia_inline_auto\" id=\"style-css-av-av_three_fifth-49f6e875884219cf77c24341e550af53\">\n.flex_column.av-av_three_fifth-49f6e875884219cf77c24341e550af53{\n-webkit-border-radius:0px 0px 0px 0px;\n-moz-border-radius:0px 0px 0px 0px;\nborder-radius:0px 0px 0px 0px;\npadding:0px 0px 0px 0px;\n}\n<\/style>\n<div  class='flex_column av-av_three_fifth-49f6e875884219cf77c24341e550af53 av_three_fifth  avia-builder-el-3  el_after_av_one_fifth  avia-builder-el-last  flex_column_div av-zero-column-padding  '     ><section  class='av_textblock_section av-kgal9u6t-3986a1741ce5163dec12bc11b552bb63 '   itemscope=\"itemscope\" itemtype=\"https:\/\/schema.org\/CreativeWork\" ><div class='avia_textblock'  itemprop=\"text\" ><h2>Foire aux questions<\/h2>\n<div id=\"g1-divider-1\" class=\"g1-divider g1-divider--simple g1-divider--noicon \"><\/div>\n<h3>01. \u00c0 quelle distance de la plage se trouve le camping ?<\/h3>\n<p>Le camping se trouve \u00e0 100 m\u00e8tres de la plage.<\/p>\n<hr \/>\n<h3>02. Est-il possible de payer par carte de cr\u00e9dit ?<\/h3>\n<p>Oui, nous acceptons les cartes de cr\u00e9dit.<\/p>\n<hr \/>\n<h3>03. Est-il autoris\u00e9 de faire des barbecues ?<\/h3>\n<p>Ils sont autoris\u00e9s par le camping, mais sous ces conditions: ils ne peuvent pas \u00eatre allum\u00e9s qu&rsquo;avec des tablettes ininflammables, loin des palmiers, des haies, des bungalows et loin de tous ces mat\u00e9riaux inflammables. Il est fortement conseill\u00e9 d\u2019avoir un r\u00e9cipient avec de l&rsquo;eau pr\u00e9s de vous.<\/p>\n<hr \/>\n<h3>04. Est-il possible de louer des r\u00e9frig\u00e9rateurs ?<\/h3>\n<p>Oui, le camping dispose d\u2019un service de location \u00e0 la r\u00e9ception.<\/p>\n<hr \/>\n<h3>05. Les chiens sont-ils admis ?<\/h3>\n<p>Aucun type d\u2019animal domestique n\u2019est autoris\u00e9 dans les bungalows. Ils sont autoris\u00e9s dans la zone de camping dans le cadre du respect du r\u00e8glement correspondant (deux chiens maximum pour emplacement). Nous pr\u00e9cisons que les chiens \u00ab potentiellement dangereux \u00bb (pitbull, rottweiler, dogue argentin, bullmastiff, staffordshire, doberman, fila brasiler, tosa japonais et dogue des canaries) ne seront pas admis.<\/p>\n<hr \/>\n<h3>06. Y a-t-il une piscine dans le camping ?<\/h3>\n<p>Nous disposons de\u00a0trois piscines et d\u2019un jacuzzi, deux piscines pour les adultes et une pour les enfants avec jeux aquatiques et toboggans. En basse saison,\u00a0une des piscines est climatis\u00e9e.<\/p>\n<hr \/>\n<h3>07. Y a-t-il des animations pour les grands et les petits ?<\/h3>\n<p>Oui, nous disposons d\u2019une animation pour enfants pendant la Semaine Sainte et au cours d\u2019autres vacances scolaires comme les mois de juillet et ao\u00fbt. Pour les plus grands, depuis l\u2019ouverture jusqu\u2019\u00e0 la fermeture, avec plus d\u2019activit\u00e9s au cours des mois de juillet et ao\u00fbt.<\/p>\n<hr \/>\n<h3>08. Les visites sont-elles accept\u00e9es dans le camping ?<\/h3>\n<p>Seront autoris\u00e9es lorsque la capacit\u00e9 du camping le permettra. C\u2019est obligatoire de se registrer \u00e0 la r\u00e9ception et de payer le prix en vigueur d&rsquo;un jour d\u2019emplacement et par personne.<\/p>\n<hr \/>\n<h3>09. Qu\u2019est qui ce passe si je viens avec deux voitures?<\/h3>\n<p>Vous pouvez enregistrer une voiture suppl\u00e9mentaire a la r\u00e9ception et de le rentrer au camping. Cette voiture peut \u00eatre gar\u00e9e dans votre emplacement, le parquer \u00e0 l\u2019entr\u00e9e du camping ou dans l\u2019aire de stationnement devant la r\u00e9ception. Vous devez payer le taux fixe pour la voiture suppl\u00e9mentaire, le parquer dans la zone ext\u00e9rieur ne dispense pas du paiement.<\/p>\n<hr \/>\n<h2>Bungalows<\/h2>\n<div id=\"g1-divider-2\" class=\"g1-divider g1-divider--simple g1-divider--noicon \"><\/div>\n<h3>01. Les bungalows sont-ils \u00e9quip\u00e9s de la climatisation ?<\/h3>\n<p>Oui, ils sont \u00e9quip\u00e9s avec la climatisation.<\/p>\n<hr \/>\n<h3>02. De quels \u00e9quipements disposent-ils ?<\/h3>\n<p>Tous nos bungalows disposent de deux tables (une \u00e0 l\u2019int\u00e9rieur et une autre \u00e0 l\u2019ext\u00e9rieur), de chaises, TV, router, de deux hamacs et des ustensiles de cuisine basiques : casseroles, po\u00eales, couverts, verres, cafeti\u00e8re et d\u2019un micro-ondes. Ils ne disposent d\u2019un four.<\/p>\n<hr \/>\n<h3>03. Le linge de lit est-il inclus ?<\/h3>\n<p>Nous fournissons des couvertures, les draps, les serviettes et les torchons.<\/p>\n<hr \/>\n<h3>04. Disposez-vous de berceaux pour les b\u00e9b\u00e9s ?<\/h3>\n<p>Oui, vous devez le solliciter au moment d\u2019effectuer votre r\u00e9servation.<\/p>\n<hr \/>\n<h3>05. Est-il possible de r\u00e9server un num\u00e9ro de bungalow ?<\/h3>\n<p>Non, le num\u00e9ro du bungalow vous sera attribu\u00e9 en fonction des disponibilit\u00e9s.<\/p>\n<hr \/>\n<h3>06. \u00c0 quelle heure dois-je abandonner le bungalow ?<\/h3>\n<p>Le bungalow doit \u00eatre lib\u00e9r\u00e9 \u00e0 11:00 h.<\/p>\n<h2>Parcelle<\/h2>\n<div id=\"g1-divider-3\" class=\"g1-divider g1-divider--simple g1-divider--noicon \"><\/div>\n<h3>01. Quel est l\u2019amp\u00e9rage des prises \u00e9lectriques des parcelles ?<\/h3>\n<p>10 amp\u00e8res. Il s\u2019agit de prises normales \u00e0 deux broches, de type\u00a0<em>schuko<\/em>.<\/p>\n<hr \/>\n<h3>02. Pouvons-nous installer notre bungalow \/ mobile home sur une parcelle ?<\/h3>\n<p>Non, il n\u2019est pas autoris\u00e9 d\u2019installer ce type d\u2019\u00e9quipement dans notre camping.<\/p>\n<hr \/>\n<h3>03. \u00c0 quelle heure dois-je abandonner la parcelle ?<\/h3>\n<p>La parcelle doit \u00eatre lib\u00e9r\u00e9e avant midi.<\/p>\n<hr \/>\n<h3>04. Louez-vous des parcelles par saison ?<\/h3>\n<p>Non.<\/p>\n<h2>R\u00e9servations<\/h2>\n<div id=\"g1-divider-4\" class=\"g1-divider g1-divider--simple g1-divider--noicon \"><\/div>\n<h3>01. Comment puis-je effectuer une r\u00e9servation au camping Las Palmeras ?<\/h3>\n<p>Vous pouvez effectuer votre r\u00e9servation \u00e0 travers notre site Internet, par t\u00e9l\u00e9phone, par courrier ou directement \u00e0 la r\u00e9ception du camping.<\/p>\n<hr \/>\n<h3>02. \u00c0 partir de quand puis-je effectuer ma r\u00e9servation pour la saison suivante ?<\/h3>\n<p>\u00c0 partir du 15 de novembre.<\/p>\n<hr \/>\n<h3>03. Que se passe-t-il si je d\u00e9sire annuler ma r\u00e9servation ?<\/h3>\n<p>L\u2019annulation de la r\u00e9servation implique la perte de 50% de la somme vers\u00e9e. Si l\u2019annulation est effectu\u00e9e au cours des 30 jours pr\u00e9c\u00e9dant la date d\u2019arriv\u00e9e pr\u00e9vue, la perte sera de 100%.<\/p>\n<\/div><\/section><\/div>\n","protected":false},"excerpt":{"rendered":"","protected":false},"author":1,"featured_media":0,"parent":0,"menu_order":800,"comment_status":"closed","ping_status":"closed","template":"","meta":[],"yoast_head":"<!-- This site is optimized with the Yoast SEO plugin v20.9 - https:\/\/yoast.com\/wordpress\/plugins\/seo\/ -->\n<title>F.A.Q. - Camping Las Palmeras Costa Brava<\/title>\n<meta name=\"description\" content=\"Foire aux questions 01. \u00c0 quelle distance de la plage se trouve le camping ? Le camping se trouve \u00e0 250 m\u00e8tres de la plage.\" \/>\n<meta name=\"robots\" content=\"index, follow, max-snippet:-1, max-image-preview:large, max-video-preview:-1\" \/>\n<link rel=\"canonical\" href=\"https:\/\/campinglaspalmeras.com\/fr\/f-a-q\/\" \/>\n<meta property=\"og:locale\" content=\"fr_FR\" \/>\n<meta property=\"og:type\" content=\"article\" \/>\n<meta property=\"og:title\" content=\"F.A.Q. - Camping Las Palmeras Costa Brava\" \/>\n<meta property=\"og:description\" content=\"Foire aux questions 01. \u00c0 quelle distance de la plage se trouve le camping ? Le camping se trouve \u00e0 250 m\u00e8tres de la plage.\" \/>\n<meta property=\"og:url\" content=\"https:\/\/campinglaspalmeras.com\/fr\/f-a-q\/\" \/>\n<meta property=\"og:site_name\" content=\"Camping Las Palmeras Costa Brava\" \/>\n<meta property=\"article:publisher\" content=\"https:\/\/www.facebook.com\/campingpalmeras\" \/>\n<meta property=\"article:modified_time\" content=\"2025-10-30T11:31:59+00:00\" \/>\n<meta name=\"twitter:card\" content=\"summary_large_image\" \/>\n<meta name=\"twitter:site\" content=\"@CLasPalmeras\" \/>\n<meta name=\"twitter:label1\" content=\"Dur\u00e9e de lecture estim\u00e9e\" \/>\n\t<meta name=\"twitter:data1\" content=\"4 minutes\" \/>\n<script type=\"application\/ld+json\" class=\"yoast-schema-graph\">{\"@context\":\"https:\/\/schema.org\",\"@graph\":[{\"@type\":\"WebPage\",\"@id\":\"https:\/\/campinglaspalmeras.com\/fr\/f-a-q\/\",\"url\":\"https:\/\/campinglaspalmeras.com\/fr\/f-a-q\/\",\"name\":\"F.A.Q. - Camping Las Palmeras Costa Brava\",\"isPartOf\":{\"@id\":\"https:\/\/campinglaspalmeras.com\/ca\/#website\"},\"datePublished\":\"2020-09-10T08:39:59+00:00\",\"dateModified\":\"2025-10-30T11:31:59+00:00\",\"description\":\"Foire aux questions 01. \u00c0 quelle distance de la plage se trouve le camping ? Le camping se trouve \u00e0 250 m\u00e8tres de la plage.\",\"breadcrumb\":{\"@id\":\"https:\/\/campinglaspalmeras.com\/fr\/f-a-q\/#breadcrumb\"},\"inLanguage\":\"fr-FR\",\"potentialAction\":[{\"@type\":\"ReadAction\",\"target\":[\"https:\/\/campinglaspalmeras.com\/fr\/f-a-q\/\"]}]},{\"@type\":\"BreadcrumbList\",\"@id\":\"https:\/\/campinglaspalmeras.com\/fr\/f-a-q\/#breadcrumb\",\"itemListElement\":[{\"@type\":\"ListItem\",\"position\":1,\"name\":\"Portada\",\"item\":\"https:\/\/campinglaspalmeras.com\/fr\/accueil\/\"},{\"@type\":\"ListItem\",\"position\":2,\"name\":\"F.A.Q.\"}]},{\"@type\":\"WebSite\",\"@id\":\"https:\/\/campinglaspalmeras.com\/ca\/#website\",\"url\":\"https:\/\/campinglaspalmeras.com\/ca\/\",\"name\":\"Camping Las Palmeras Costa Brava\",\"description\":\"Camping Las Palmeras Costa Brava\",\"potentialAction\":[{\"@type\":\"SearchAction\",\"target\":{\"@type\":\"EntryPoint\",\"urlTemplate\":\"https:\/\/campinglaspalmeras.com\/ca\/?s={search_term_string}\"},\"query-input\":\"required name=search_term_string\"}],\"inLanguage\":\"fr-FR\"}]}<\/script>\n<!-- \/ Yoast SEO plugin. -->","yoast_head_json":{"title":"F.A.Q. - Camping Las Palmeras Costa Brava","description":"Foire aux questions 01. \u00c0 quelle distance de la plage se trouve le camping ? Le camping se trouve \u00e0 250 m\u00e8tres de la plage.","robots":{"index":"index","follow":"follow","max-snippet":"max-snippet:-1","max-image-preview":"max-image-preview:large","max-video-preview":"max-video-preview:-1"},"canonical":"https:\/\/campinglaspalmeras.com\/fr\/f-a-q\/","og_locale":"fr_FR","og_type":"article","og_title":"F.A.Q. - Camping Las Palmeras Costa Brava","og_description":"Foire aux questions 01. \u00c0 quelle distance de la plage se trouve le camping ? Le camping se trouve \u00e0 250 m\u00e8tres de la plage.","og_url":"https:\/\/campinglaspalmeras.com\/fr\/f-a-q\/","og_site_name":"Camping Las Palmeras Costa Brava","article_publisher":"https:\/\/www.facebook.com\/campingpalmeras","article_modified_time":"2025-10-30T11:31:59+00:00","twitter_card":"summary_large_image","twitter_site":"@CLasPalmeras","twitter_misc":{"Dur\u00e9e de lecture estim\u00e9e":"4 minutes"},"schema":{"@context":"https:\/\/schema.org","@graph":[{"@type":"WebPage","@id":"https:\/\/campinglaspalmeras.com\/fr\/f-a-q\/","url":"https:\/\/campinglaspalmeras.com\/fr\/f-a-q\/","name":"F.A.Q. - Camping Las Palmeras Costa Brava","isPartOf":{"@id":"https:\/\/campinglaspalmeras.com\/ca\/#website"},"datePublished":"2020-09-10T08:39:59+00:00","dateModified":"2025-10-30T11:31:59+00:00","description":"Foire aux questions 01. \u00c0 quelle distance de la plage se trouve le camping ? Le camping se trouve \u00e0 250 m\u00e8tres de la plage.","breadcrumb":{"@id":"https:\/\/campinglaspalmeras.com\/fr\/f-a-q\/#breadcrumb"},"inLanguage":"fr-FR","potentialAction":[{"@type":"ReadAction","target":["https:\/\/campinglaspalmeras.com\/fr\/f-a-q\/"]}]},{"@type":"BreadcrumbList","@id":"https:\/\/campinglaspalmeras.com\/fr\/f-a-q\/#breadcrumb","itemListElement":[{"@type":"ListItem","position":1,"name":"Portada","item":"https:\/\/campinglaspalmeras.com\/fr\/accueil\/"},{"@type":"ListItem","position":2,"name":"F.A.Q."}]},{"@type":"WebSite","@id":"https:\/\/campinglaspalmeras.com\/ca\/#website","url":"https:\/\/campinglaspalmeras.com\/ca\/","name":"Camping Las Palmeras Costa Brava","description":"Camping Las Palmeras Costa Brava","potentialAction":[{"@type":"SearchAction","target":{"@type":"EntryPoint","urlTemplate":"https:\/\/campinglaspalmeras.com\/ca\/?s={search_term_string}"},"query-input":"required name=search_term_string"}],"inLanguage":"fr-FR"}]}},"_links":{"self":[{"href":"https:\/\/campinglaspalmeras.com\/fr\/wp-json\/wp\/v2\/pages\/1035"}],"collection":[{"href":"https:\/\/campinglaspalmeras.com\/fr\/wp-json\/wp\/v2\/pages"}],"about":[{"href":"https:\/\/campinglaspalmeras.com\/fr\/wp-json\/wp\/v2\/types\/page"}],"author":[{"embeddable":true,"href":"https:\/\/campinglaspalmeras.com\/fr\/wp-json\/wp\/v2\/users\/1"}],"replies":[{"embeddable":true,"href":"https:\/\/campinglaspalmeras.com\/fr\/wp-json\/wp\/v2\/comments?post=1035"}],"version-history":[{"count":10,"href":"https:\/\/campinglaspalmeras.com\/fr\/wp-json\/wp\/v2\/pages\/1035\/revisions"}],"predecessor-version":[{"id":10247,"href":"https:\/\/campinglaspalmeras.com\/fr\/wp-json\/wp\/v2\/pages\/1035\/revisions\/10247"}],"wp:attachment":[{"href":"https:\/\/campinglaspalmeras.com\/fr\/wp-json\/wp\/v2\/media?parent=1035"}],"curies":[{"name":"wp","href":"https:\/\/api.w.org\/{rel}","templated":true}]}}