{"id":1455,"date":"2020-09-09T12:24:11","date_gmt":"2020-09-09T10:24:11","guid":{"rendered":"https:\/\/campinglaspalmeras.com\/bar-restaurant\/"},"modified":"2023-10-13T11:16:37","modified_gmt":"2023-10-13T09:16:37","slug":"bar-restaurant","status":"publish","type":"page","link":"https:\/\/campinglaspalmeras.com\/fr\/services\/bar-restaurant\/","title":{"rendered":"Bar restaurant"},"content":{"rendered":"\n<style type=\"text\/css\" data-created_by=\"avia_inline_auto\" id=\"style-css-av-ketpt1xq-a9da0701922bfcfe586dcc597776d9d9\">\n.avia-section.av-ketpt1xq-a9da0701922bfcfe586dcc597776d9d9 .av-parallax .av-parallax-inner{\nbackground-repeat:no-repeat;\nbackground-image:url(https:\/\/campinglaspalmeras.com\/wp-content\/uploads\/2020\/09\/van-vintage-2285126_1280.jpg);\nbackground-position:50% 50%;\nbackground-attachment:scroll;\n}\n.avia-section.av-ketpt1xq-a9da0701922bfcfe586dcc597776d9d9 .av-section-color-overlay{\nopacity:0.8;\nbackground-color:#2d2d2d;\n}\n<\/style>\n<div id='av_section_1'  class='avia-section av-ketpt1xq-a9da0701922bfcfe586dcc597776d9d9 main_color avia-section-default avia-no-border-styling  avia-builder-el-0  el_before_av_slideshow  avia-builder-el-first  av-parallax-section avia-bg-style-parallax av-section-color-overlay-active container_wrap sidebar_right'  data-section-bg-repeat='no-repeat'><div class='av-parallax' data-avia-parallax-ratio='0.3' ><div class='av-parallax-inner main_color avia-full-stretch'><\/div><\/div><div class=\"av-section-color-overlay-wrap\"><div class=\"av-section-color-overlay\"><\/div><div class='container av-section-cont-open' ><main  role=\"main\" itemprop=\"mainContentOfPage\"  class='template-page content  av-content-small alpha units'><div class='post-entry post-entry-type-page post-entry-1455'><div class='entry-content-wrapper clearfix'>\n\n<style type=\"text\/css\" data-created_by=\"avia_inline_auto\" id=\"style-css-av-kev8vpgx-9dffd740c2d12a3827982040471e0560\">\n#top .av-special-heading.av-kev8vpgx-9dffd740c2d12a3827982040471e0560{\npadding-bottom:10px;\ncolor:#ffffff;\n}\nbody .av-special-heading.av-kev8vpgx-9dffd740c2d12a3827982040471e0560 .av-special-heading-tag .heading-char{\nfont-size:25px;\n}\n.av-special-heading.av-kev8vpgx-9dffd740c2d12a3827982040471e0560 .special-heading-inner-border{\nborder-color:#ffffff;\n}\n.av-special-heading.av-kev8vpgx-9dffd740c2d12a3827982040471e0560 .av-subheading{\nfont-size:15px;\n}\n<\/style>\n<div  class='av-special-heading av-kev8vpgx-9dffd740c2d12a3827982040471e0560 av-special-heading-h1 custom-color-heading blockquote modern-quote modern-centered  avia-builder-el-1  avia-builder-el-no-sibling '><h1 class='av-special-heading-tag'  itemprop=\"headline\"  >Bar restaurant<\/h1><div class=\"special-heading-border\"><div class=\"special-heading-inner-border\"><\/div><\/div><\/div>\n<\/div><\/div><\/main><!-- close content main element --><\/div><\/div><\/div><div id='after_section_1'  class='main_color av_default_container_wrap container_wrap sidebar_right'  ><div class='container av-section-cont-open' ><div class='template-page content  av-content-small alpha units'><div class='post-entry post-entry-type-page post-entry-1455'><div class='entry-content-wrapper clearfix'>\n<div  class='avia-slideshow av-kmap38hf-c2737018f849364cafb6a5617ce81e04 avia-slideshow-featured_large av_slideshow avia-fade-slider  avia-builder-el-2  el_after_av_section  el_before_av_one_fourth  avia-builder-el-first  av-slideshow-ui av-control-default av-slideshow-autoplay av-loop-endless av-loop-manual-endless av-default-height-applied avia-slideshow-1' data-slideshow-options=\"{&quot;animation&quot;:&quot;fade&quot;,&quot;autoplay&quot;:true,&quot;loop_autoplay&quot;:&quot;endless&quot;,&quot;interval&quot;:5,&quot;loop_manual&quot;:&quot;manual-endless&quot;,&quot;autoplay_stopper&quot;:false,&quot;noNavigation&quot;:false,&quot;bg_slider&quot;:false,&quot;keep_padding&quot;:false,&quot;hoverpause&quot;:false,&quot;show_slide_delay&quot;:0}\"  itemprop=\"image\" itemscope=\"itemscope\" itemtype=\"https:\/\/schema.org\/ImageObject\" ><ul class='avia-slideshow-inner ' style='padding-bottom: 51.470588235294%;'><li  class='avia-slideshow-slide av-kmap38hf-c2737018f849364cafb6a5617ce81e04__0  slide-1 slide-odd'><div data-rel='slideshow-1' class='avia-slide-wrap '   ><img decoding=\"async\" class=\"wp-image-5750 avia-img-lazy-loading-not-5750\"  src=\"https:\/\/campinglaspalmeras.com\/wp-content\/uploads\/2021\/06\/Restaurant-03-1224x630.jpg\" width=\"1224\" height=\"630\" title='Restaurant 03' alt=''  itemprop=\"thumbnailUrl\"   \/><\/div><\/li><li  class='avia-slideshow-slide av-kmap38hf-c2737018f849364cafb6a5617ce81e04__1  slide-2 slide-even'><div data-rel='slideshow-1' class='avia-slide-wrap '   ><img decoding=\"async\" class=\"wp-image-5742 avia-img-lazy-loading-not-5742\"  src=\"https:\/\/campinglaspalmeras.com\/wp-content\/uploads\/2021\/06\/Restaurant-02.jpg\" width=\"1224\" height=\"602\" title='Restaurant 02' alt=''  itemprop=\"thumbnailUrl\" srcset=\"https:\/\/campinglaspalmeras.com\/wp-content\/uploads\/2021\/06\/Restaurant-02.jpg 1224w, https:\/\/campinglaspalmeras.com\/wp-content\/uploads\/2021\/06\/Restaurant-02-300x148.jpg 300w, https:\/\/campinglaspalmeras.com\/wp-content\/uploads\/2021\/06\/Restaurant-02-1030x507.jpg 1030w, https:\/\/campinglaspalmeras.com\/wp-content\/uploads\/2021\/06\/Restaurant-02-768x378.jpg 768w, https:\/\/campinglaspalmeras.com\/wp-content\/uploads\/2021\/06\/Restaurant-02-705x347.jpg 705w\" sizes=\"(max-width: 1224px) 100vw, 1224px\" \/><\/div><\/li><li  class='avia-slideshow-slide av-kmap38hf-c2737018f849364cafb6a5617ce81e04__2  slide-3 slide-odd'><div data-rel='slideshow-1' class='avia-slide-wrap '   ><img decoding=\"async\" class=\"wp-image-5734 avia-img-lazy-loading-not-5734\"  src=\"https:\/\/campinglaspalmeras.com\/wp-content\/uploads\/2021\/06\/Restaurant-01-1224x630.jpg\" width=\"1224\" height=\"630\" title='Restaurant 01' alt=''  itemprop=\"thumbnailUrl\"   \/><\/div><\/li><\/ul><div class='avia-slideshow-arrows avia-slideshow-controls' ><a href='#prev' class='prev-slide ' aria-hidden='true' data-av_icon='\ue87c' data-av_iconfont='entypo-fontello'  tabindex='-1'>Pr\u00e9c\u00e9dent<\/a><a href='#next' class='next-slide ' aria-hidden='true' data-av_icon='\ue87d' data-av_iconfont='entypo-fontello'  tabindex='-1'>Suivant<\/a><\/div><div class='avia-slideshow-dots avia-slideshow-controls'><a href='#1' class='goto-slide active' >1<\/a><a href='#2' class='goto-slide ' >2<\/a><a href='#3' class='goto-slide ' >3<\/a><\/div><\/div>\n\n<style type=\"text\/css\" data-created_by=\"avia_inline_auto\" id=\"style-css-av-av_one_fourth-79ff81c021393065cee878051452f6a6\">\n.flex_column.av-av_one_fourth-79ff81c021393065cee878051452f6a6{\n-webkit-border-radius:0px 0px 0px 0px;\n-moz-border-radius:0px 0px 0px 0px;\nborder-radius:0px 0px 0px 0px;\npadding:0px 0px 0px 0px;\n}\n<\/style>\n<div  class='flex_column av-av_one_fourth-79ff81c021393065cee878051452f6a6 av_one_fourth  avia-builder-el-3  el_after_av_slideshow  el_before_av_one_fourth  first flex_column_div av-zero-column-padding  '     ><\/div>\n\n<style type=\"text\/css\" data-created_by=\"avia_inline_auto\" id=\"style-css-av-av_one_fourth-49f6e875884219cf77c24341e550af53\">\n.flex_column.av-av_one_fourth-49f6e875884219cf77c24341e550af53{\n-webkit-border-radius:0px 0px 0px 0px;\n-moz-border-radius:0px 0px 0px 0px;\nborder-radius:0px 0px 0px 0px;\npadding:0px 0px 0px 0px;\n}\n<\/style>\n<div  class='flex_column av-av_one_fourth-49f6e875884219cf77c24341e550af53 av_one_fourth  avia-builder-el-4  el_after_av_one_fourth  el_before_av_two_fifth  flex_column_div av-zero-column-padding  '     ><\/div>\n\n<style type=\"text\/css\" data-created_by=\"avia_inline_auto\" id=\"style-css-av-9kf88-3a519c6e75155cb4575ea36b7089816c\">\n.flex_column.av-9kf88-3a519c6e75155cb4575ea36b7089816c{\n-webkit-border-radius:0px 0px 0px 0px;\n-moz-border-radius:0px 0px 0px 0px;\nborder-radius:0px 0px 0px 0px;\npadding:0px 0px 0px 0px;\n}\n<\/style>\n<div  class='flex_column av-9kf88-3a519c6e75155cb4575ea36b7089816c av_two_fifth  avia-builder-el-6  el_after_av_one_fourth  el_before_av_hr  flex_column_div av-zero-column-padding  '     ><p>\n<style type=\"text\/css\" data-created_by=\"avia_inline_auto\" id=\"style-css-av-2mibc-84d9c04e9e9f7ed157c4ca65c932f491\">\n#top .hr.hr-invisible.av-2mibc-84d9c04e9e9f7ed157c4ca65c932f491{\nheight:30px;\n}\n<\/style>\n<div  class='hr av-2mibc-84d9c04e9e9f7ed157c4ca65c932f491 hr-invisible  avia-builder-el-7  el_before_av_hr  avia-builder-el-first '><span class='hr-inner '><span class=\"hr-inner-style\"><\/span><\/span><\/div><br \/>\n\n<style type=\"text\/css\" data-created_by=\"avia_inline_auto\" id=\"style-css-av-2mibc-84d9c04e9e9f7ed157c4ca65c932f491\">\n#top .hr.hr-invisible.av-2mibc-84d9c04e9e9f7ed157c4ca65c932f491{\nheight:30px;\n}\n<\/style>\n<div  class='hr av-2mibc-84d9c04e9e9f7ed157c4ca65c932f491 hr-invisible  avia-builder-el-8  el_after_av_hr  el_before_av_button '><span class='hr-inner '><span class=\"hr-inner-style\"><\/span><\/span><\/div><br \/>\n<div  class='avia-button-wrap av-kev8plwe-b69764874a90db3cebf4d7951378a89f-wrap avia-button-center  avia-builder-el-9  el_after_av_hr  avia-builder-el-last '><a href='https:\/\/campinglaspalmeras.com\/wp-content\/themes\/enfold-child\/pdf\/menu.pdf' class='avia-button av-kev8plwe-b69764874a90db3cebf4d7951378a89f avia-icon_select-no avia-size-large avia-position-center av-desktop-hide av-medium-hide av-small-hide av-mini-hide avia-color-theme-color' target=\"_blank\" rel=\"noopener noreferrer\"><span class='avia_iconbox_title' >Consultez notre menu<\/span><\/a><\/div><\/p><\/div>\n<style type=\"text\/css\" data-created_by=\"avia_inline_auto\" id=\"style-css-av-2mibc-84d9c04e9e9f7ed157c4ca65c932f491\">\n#top .hr.hr-invisible.av-2mibc-84d9c04e9e9f7ed157c4ca65c932f491{\nheight:30px;\n}\n<\/style>\n<div  class='hr av-2mibc-84d9c04e9e9f7ed157c4ca65c932f491 hr-invisible  avia-builder-el-10  el_after_av_two_fifth  el_before_av_textblock '><span class='hr-inner '><span class=\"hr-inner-style\"><\/span><\/span><\/div><\/p>\n<section  class='av_textblock_section av-kev98oh0-5c4ceb10518772b3cc99ac256a152f0c '   itemscope=\"itemscope\" itemtype=\"https:\/\/schema.org\/CreativeWork\" ><div class='avia_textblock'  itemprop=\"text\" ><p>En plus de ce qu\u2019on peut trouver habituellement dans un service de bar et restaurant, \u00e0 Las Palmeras on vous offre aussi la possibilit\u00e9 de d\u00e9guster les\u00a0<strong>plats traditionnels<\/strong>\u00a0de notre cuisine catalane et\u00a0<strong>m\u00e9diterran\u00e9enne<\/strong>\u00a0; des plats cuisin\u00e9s avec des\u00a0<strong>ingr\u00e9dients locaux<\/strong> et d\u2019une grande qualit\u00e9.<\/p>\n<p>Le local dispose de trois \u00e9crans de t\u00e9l\u00e9vision o\u00f9 vous pouvez voir\u00a0<strong>tous les matchs de football<\/strong>\u00a0nationaux et internationaux (NL, D, E) ainsi que d\u2019autres \u00e9v\u00e9nements sportifs.<\/p>\n<p><em>R\u00f4tisserie \u2013 take away\u00a0<\/em><\/p>\n<p>Vous avez \u00e0 votre disposition un service de\u00a0<strong>r\u00f4tisserie<\/strong>\u00a0et de\u00a0<strong>traiteur<\/strong><\/p>\n<p><em>Glacerie\u00a0<\/em><\/p>\n<p>Glaces, cr\u00e8mes glac\u00e9es et desserts.<\/p>\n<\/div><\/section>\n\n<style type=\"text\/css\" data-created_by=\"avia_inline_auto\" id=\"style-css-av-nt0xk-72d69c9537ae914f4a86c25a7546f6e8\">\n#top .hr.hr-invisible.av-nt0xk-72d69c9537ae914f4a86c25a7546f6e8{\nheight:30px;\n}\n<\/style>\n<div  class='hr av-nt0xk-72d69c9537ae914f4a86c25a7546f6e8 hr-invisible  avia-builder-el-12  el_after_av_textblock  el_before_av_one_full '><span class='hr-inner '><span class=\"hr-inner-style\"><\/span><\/span><\/div>\n\n<style type=\"text\/css\" data-created_by=\"avia_inline_auto\" id=\"style-css-av-dj29c-ce680c63ae8e3f6cde3f38774f0cdda0\">\n.flex_column.av-dj29c-ce680c63ae8e3f6cde3f38774f0cdda0{\n-webkit-border-radius:0px 0px 0px 0px;\n-moz-border-radius:0px 0px 0px 0px;\nborder-radius:0px 0px 0px 0px;\npadding:0px 0px 0px 0px;\n}\n<\/style>\n<div  class='flex_column av-dj29c-ce680c63ae8e3f6cde3f38774f0cdda0 av_one_full  avia-builder-el-13  el_after_av_hr  el_before_av_hr  first flex_column_div av-zero-column-padding  '     ><div id='av-masonry-1' class='av-masonry av-kev8qool-8c113ddc823a40615eb4f0c267dbab7d noHover av-fixed-size av-large-gap av-hover-overlay- av-masonry-animation-active av-masonry-col-4 av-caption-always av-caption-style- av-masonry-gallery ' data-post_id=\"1455\"><div class=\"av-masonry-container isotope av-js-disabled\"><div class='av-masonry-entry isotope-item av-masonry-item-no-image '><\/div><a href=\"https:\/\/campinglaspalmeras.com\/wp-content\/uploads\/2020\/09\/bar01-1030x687.jpg\" data-srcset=\"https:\/\/campinglaspalmeras.com\/wp-content\/uploads\/2020\/09\/bar01-1030x687.jpg 1030w, https:\/\/campinglaspalmeras.com\/wp-content\/uploads\/2020\/09\/bar01-300x200.jpg 300w, https:\/\/campinglaspalmeras.com\/wp-content\/uploads\/2020\/09\/bar01-768x512.jpg 768w, https:\/\/campinglaspalmeras.com\/wp-content\/uploads\/2020\/09\/bar01-705x470.jpg 705w, https:\/\/campinglaspalmeras.com\/wp-content\/uploads\/2020\/09\/bar01.jpg 1200w\" data-sizes=\"(max-width: 1030px) 100vw, 1030px\"  aria-label=\"image bar01\"  id='av-masonry-1-item-1462' data-av-masonry-item='1462' class='av-masonry-entry isotope-item post-1462 attachment type-attachment status-inherit hentry  av-masonry-item-with-image' title=\"bar01\" alt=\"\"    itemprop=\"thumbnailUrl\" ><div class='av-inner-masonry-sizer'><\/div><figure class='av-inner-masonry main_color'><div class=\"av-masonry-outerimage-container\"><div class='av-masonry-image-container' style=\"background-image: url(https:\/\/campinglaspalmeras.com\/wp-content\/uploads\/2020\/09\/bar01-705x470.jpg);\"  title=\"bar01\"  ><\/div><\/div><\/figure><\/a><!--end av-masonry entry--><a href=\"https:\/\/campinglaspalmeras.com\/wp-content\/uploads\/2020\/09\/bar02-1-1030x687.jpg\" data-srcset=\"https:\/\/campinglaspalmeras.com\/wp-content\/uploads\/2020\/09\/bar02-1-1030x687.jpg 1030w, https:\/\/campinglaspalmeras.com\/wp-content\/uploads\/2020\/09\/bar02-1-300x200.jpg 300w, https:\/\/campinglaspalmeras.com\/wp-content\/uploads\/2020\/09\/bar02-1-768x512.jpg 768w, https:\/\/campinglaspalmeras.com\/wp-content\/uploads\/2020\/09\/bar02-1-705x470.jpg 705w, https:\/\/campinglaspalmeras.com\/wp-content\/uploads\/2020\/09\/bar02-1.jpg 1200w\" data-sizes=\"(max-width: 1030px) 100vw, 1030px\"  aria-label=\"image bar02\"  id='av-masonry-1-item-1463' data-av-masonry-item='1463' class='av-masonry-entry isotope-item post-1463 attachment type-attachment status-inherit hentry  av-masonry-item-with-image' title=\"bar02\" alt=\"\"    itemprop=\"thumbnailUrl\" ><div class='av-inner-masonry-sizer'><\/div><figure class='av-inner-masonry main_color'><div class=\"av-masonry-outerimage-container\"><div class='av-masonry-image-container' style=\"background-image: url(https:\/\/campinglaspalmeras.com\/wp-content\/uploads\/2020\/09\/bar02-1-705x470.jpg);\"  title=\"bar02\"  ><\/div><\/div><\/figure><\/a><!--end av-masonry entry--><a href=\"https:\/\/campinglaspalmeras.com\/wp-content\/uploads\/2020\/09\/bar04-1030x687.jpg\" data-srcset=\"https:\/\/campinglaspalmeras.com\/wp-content\/uploads\/2020\/09\/bar04-1030x687.jpg 1030w, https:\/\/campinglaspalmeras.com\/wp-content\/uploads\/2020\/09\/bar04-300x200.jpg 300w, https:\/\/campinglaspalmeras.com\/wp-content\/uploads\/2020\/09\/bar04-768x512.jpg 768w, https:\/\/campinglaspalmeras.com\/wp-content\/uploads\/2020\/09\/bar04-705x470.jpg 705w, https:\/\/campinglaspalmeras.com\/wp-content\/uploads\/2020\/09\/bar04.jpg 1200w\" data-sizes=\"(max-width: 1030px) 100vw, 1030px\"  aria-label=\"image bar04\"  id='av-masonry-1-item-1465' data-av-masonry-item='1465' class='av-masonry-entry isotope-item post-1465 attachment type-attachment status-inherit hentry  av-masonry-item-with-image' title=\"bar04\" alt=\"\"    itemprop=\"thumbnailUrl\" ><div class='av-inner-masonry-sizer'><\/div><figure class='av-inner-masonry main_color'><div class=\"av-masonry-outerimage-container\"><div class='av-masonry-image-container' style=\"background-image: url(https:\/\/campinglaspalmeras.com\/wp-content\/uploads\/2020\/09\/bar04-705x470.jpg);\"  title=\"bar04\"  ><\/div><\/div><\/figure><\/a><!--end av-masonry entry--><a href=\"https:\/\/campinglaspalmeras.com\/wp-content\/uploads\/2021\/03\/Restaurant-1030x687.jpg\" data-srcset=\"https:\/\/campinglaspalmeras.com\/wp-content\/uploads\/2021\/03\/Restaurant-1030x687.jpg 1030w, https:\/\/campinglaspalmeras.com\/wp-content\/uploads\/2021\/03\/Restaurant-300x200.jpg 300w, https:\/\/campinglaspalmeras.com\/wp-content\/uploads\/2021\/03\/Restaurant-768x512.jpg 768w, https:\/\/campinglaspalmeras.com\/wp-content\/uploads\/2021\/03\/Restaurant-705x470.jpg 705w, https:\/\/campinglaspalmeras.com\/wp-content\/uploads\/2021\/03\/Restaurant.jpg 1350w\" data-sizes=\"(max-width: 1030px) 100vw, 1030px\"  aria-label=\"image Restaurant\"  id='av-masonry-1-item-4366' data-av-masonry-item='4366' class='av-masonry-entry isotope-item post-4366 attachment type-attachment status-inherit hentry  av-masonry-item-with-image' title=\"Restaurant\" alt=\"\"    itemprop=\"thumbnailUrl\" ><div class='av-inner-masonry-sizer'><\/div><figure class='av-inner-masonry main_color'><div class=\"av-masonry-outerimage-container\"><div class='av-masonry-image-container' style=\"background-image: url(https:\/\/campinglaspalmeras.com\/wp-content\/uploads\/2021\/03\/Restaurant-705x470.jpg);\"  title=\"Restaurant\"  ><\/div><\/div><\/figure><\/a><!--end av-masonry entry--><\/div><\/div><\/div>\n\n<style type=\"text\/css\" data-created_by=\"avia_inline_auto\" id=\"style-css-av-6v2lk-a897349a752ab41558538c4c8f5a4a9b\">\n#top .hr.hr-invisible.av-6v2lk-a897349a752ab41558538c4c8f5a4a9b{\nheight:30px;\n}\n<\/style>\n<div  class='hr av-6v2lk-a897349a752ab41558538c4c8f5a4a9b hr-invisible  avia-builder-el-15  el_after_av_one_full  el_before_av_button '><span class='hr-inner '><span class=\"hr-inner-style\"><\/span><\/span><\/div>\n<div  class='avia-button-wrap av-kev8plwe-316d5d1b3ea7c06b55019628e16bdbb9-wrap avia-button-center  avia-builder-el-16  el_after_av_hr  avia-builder-el-last '><a href='https:\/\/campinglaspalmeras.com\/fr\/contact-us\/'  class='avia-button av-kev8plwe-316d5d1b3ea7c06b55019628e16bdbb9 avia-icon_select-no avia-size-large avia-position-center avia-color-theme-color'  ><span class='avia_iconbox_title' >Contact<\/span><\/a><\/div>\n","protected":false},"excerpt":{"rendered":"","protected":false},"author":1,"featured_media":0,"parent":1771,"menu_order":162,"comment_status":"closed","ping_status":"closed","template":"","meta":[],"yoast_head":"<!-- This site is optimized with the Yoast SEO plugin v20.9 - https:\/\/yoast.com\/wordpress\/plugins\/seo\/ -->\n<title>Bar restaurant - Camping Las Palmeras Costa Brava<\/title>\n<meta name=\"description\" content=\"En plus de ce qu\u2019on peut trouver habituellement dans un service de bar et restaurant, \u00e0 Las Palmeras on vous offre aussi la possibilit\u00e9 de d\u00e9guster les plats traditionnels de notre cuisine catalane et m\u00e9diterran\u00e9enne\" \/>\n<meta name=\"robots\" content=\"index, follow, max-snippet:-1, max-image-preview:large, max-video-preview:-1\" \/>\n<link rel=\"canonical\" href=\"https:\/\/campinglaspalmeras.com\/fr\/services\/bar-restaurant\/\" \/>\n<meta property=\"og:locale\" content=\"fr_FR\" \/>\n<meta property=\"og:type\" content=\"article\" \/>\n<meta property=\"og:title\" content=\"Bar restaurant - Camping Las Palmeras Costa Brava\" \/>\n<meta property=\"og:description\" content=\"En plus de ce qu\u2019on peut trouver habituellement dans un service de bar et restaurant, \u00e0 Las Palmeras on vous offre aussi la possibilit\u00e9 de d\u00e9guster les plats traditionnels de notre cuisine catalane et m\u00e9diterran\u00e9enne\" \/>\n<meta property=\"og:url\" content=\"https:\/\/campinglaspalmeras.com\/fr\/services\/bar-restaurant\/\" \/>\n<meta property=\"og:site_name\" content=\"Camping Las Palmeras Costa Brava\" \/>\n<meta property=\"article:publisher\" content=\"https:\/\/www.facebook.com\/campingpalmeras\" \/>\n<meta property=\"article:modified_time\" content=\"2023-10-13T09:16:37+00:00\" \/>\n<meta name=\"twitter:card\" content=\"summary_large_image\" \/>\n<meta name=\"twitter:site\" content=\"@CLasPalmeras\" \/>\n<meta name=\"twitter:label1\" content=\"Dur\u00e9e de lecture estim\u00e9e\" \/>\n\t<meta name=\"twitter:data1\" content=\"3 minutes\" \/>\n<script type=\"application\/ld+json\" class=\"yoast-schema-graph\">{\"@context\":\"https:\/\/schema.org\",\"@graph\":[{\"@type\":\"WebPage\",\"@id\":\"https:\/\/campinglaspalmeras.com\/fr\/services\/bar-restaurant\/\",\"url\":\"https:\/\/campinglaspalmeras.com\/fr\/services\/bar-restaurant\/\",\"name\":\"Bar restaurant - Camping Las Palmeras Costa Brava\",\"isPartOf\":{\"@id\":\"https:\/\/campinglaspalmeras.com\/ca\/#website\"},\"datePublished\":\"2020-09-09T10:24:11+00:00\",\"dateModified\":\"2023-10-13T09:16:37+00:00\",\"description\":\"En plus de ce qu\u2019on peut trouver habituellement dans un service de bar et restaurant, \u00e0 Las Palmeras on vous offre aussi la possibilit\u00e9 de d\u00e9guster les plats traditionnels de notre cuisine catalane et m\u00e9diterran\u00e9enne\",\"breadcrumb\":{\"@id\":\"https:\/\/campinglaspalmeras.com\/fr\/services\/bar-restaurant\/#breadcrumb\"},\"inLanguage\":\"fr-FR\",\"potentialAction\":[{\"@type\":\"ReadAction\",\"target\":[\"https:\/\/campinglaspalmeras.com\/fr\/services\/bar-restaurant\/\"]}]},{\"@type\":\"BreadcrumbList\",\"@id\":\"https:\/\/campinglaspalmeras.com\/fr\/services\/bar-restaurant\/#breadcrumb\",\"itemListElement\":[{\"@type\":\"ListItem\",\"position\":1,\"name\":\"Portada\",\"item\":\"https:\/\/campinglaspalmeras.com\/fr\/accueil\/\"},{\"@type\":\"ListItem\",\"position\":2,\"name\":\"Installations\",\"item\":\"https:\/\/campinglaspalmeras.com\/fr\/services\/\"},{\"@type\":\"ListItem\",\"position\":3,\"name\":\"Bar restaurant\"}]},{\"@type\":\"WebSite\",\"@id\":\"https:\/\/campinglaspalmeras.com\/ca\/#website\",\"url\":\"https:\/\/campinglaspalmeras.com\/ca\/\",\"name\":\"Camping Las Palmeras Costa Brava\",\"description\":\"Camping Las Palmeras Costa Brava\",\"potentialAction\":[{\"@type\":\"SearchAction\",\"target\":{\"@type\":\"EntryPoint\",\"urlTemplate\":\"https:\/\/campinglaspalmeras.com\/ca\/?s={search_term_string}\"},\"query-input\":\"required name=search_term_string\"}],\"inLanguage\":\"fr-FR\"}]}<\/script>\n<!-- \/ Yoast SEO plugin. -->","yoast_head_json":{"title":"Bar restaurant - Camping Las Palmeras Costa Brava","description":"En plus de ce qu\u2019on peut trouver habituellement dans un service de bar et restaurant, \u00e0 Las Palmeras on vous offre aussi la possibilit\u00e9 de d\u00e9guster les plats traditionnels de notre cuisine catalane et m\u00e9diterran\u00e9enne","robots":{"index":"index","follow":"follow","max-snippet":"max-snippet:-1","max-image-preview":"max-image-preview:large","max-video-preview":"max-video-preview:-1"},"canonical":"https:\/\/campinglaspalmeras.com\/fr\/services\/bar-restaurant\/","og_locale":"fr_FR","og_type":"article","og_title":"Bar restaurant - Camping Las Palmeras Costa Brava","og_description":"En plus de ce qu\u2019on peut trouver habituellement dans un service de bar et restaurant, \u00e0 Las Palmeras on vous offre aussi la possibilit\u00e9 de d\u00e9guster les plats traditionnels de notre cuisine catalane et m\u00e9diterran\u00e9enne","og_url":"https:\/\/campinglaspalmeras.com\/fr\/services\/bar-restaurant\/","og_site_name":"Camping Las Palmeras Costa Brava","article_publisher":"https:\/\/www.facebook.com\/campingpalmeras","article_modified_time":"2023-10-13T09:16:37+00:00","twitter_card":"summary_large_image","twitter_site":"@CLasPalmeras","twitter_misc":{"Dur\u00e9e de lecture estim\u00e9e":"3 minutes"},"schema":{"@context":"https:\/\/schema.org","@graph":[{"@type":"WebPage","@id":"https:\/\/campinglaspalmeras.com\/fr\/services\/bar-restaurant\/","url":"https:\/\/campinglaspalmeras.com\/fr\/services\/bar-restaurant\/","name":"Bar restaurant - Camping Las Palmeras Costa Brava","isPartOf":{"@id":"https:\/\/campinglaspalmeras.com\/ca\/#website"},"datePublished":"2020-09-09T10:24:11+00:00","dateModified":"2023-10-13T09:16:37+00:00","description":"En plus de ce qu\u2019on peut trouver habituellement dans un service de bar et restaurant, \u00e0 Las Palmeras on vous offre aussi la possibilit\u00e9 de d\u00e9guster les plats traditionnels de notre cuisine catalane et m\u00e9diterran\u00e9enne","breadcrumb":{"@id":"https:\/\/campinglaspalmeras.com\/fr\/services\/bar-restaurant\/#breadcrumb"},"inLanguage":"fr-FR","potentialAction":[{"@type":"ReadAction","target":["https:\/\/campinglaspalmeras.com\/fr\/services\/bar-restaurant\/"]}]},{"@type":"BreadcrumbList","@id":"https:\/\/campinglaspalmeras.com\/fr\/services\/bar-restaurant\/#breadcrumb","itemListElement":[{"@type":"ListItem","position":1,"name":"Portada","item":"https:\/\/campinglaspalmeras.com\/fr\/accueil\/"},{"@type":"ListItem","position":2,"name":"Installations","item":"https:\/\/campinglaspalmeras.com\/fr\/services\/"},{"@type":"ListItem","position":3,"name":"Bar restaurant"}]},{"@type":"WebSite","@id":"https:\/\/campinglaspalmeras.com\/ca\/#website","url":"https:\/\/campinglaspalmeras.com\/ca\/","name":"Camping Las Palmeras Costa Brava","description":"Camping Las Palmeras Costa Brava","potentialAction":[{"@type":"SearchAction","target":{"@type":"EntryPoint","urlTemplate":"https:\/\/campinglaspalmeras.com\/ca\/?s={search_term_string}"},"query-input":"required name=search_term_string"}],"inLanguage":"fr-FR"}]}},"_links":{"self":[{"href":"https:\/\/campinglaspalmeras.com\/fr\/wp-json\/wp\/v2\/pages\/1455"}],"collection":[{"href":"https:\/\/campinglaspalmeras.com\/fr\/wp-json\/wp\/v2\/pages"}],"about":[{"href":"https:\/\/campinglaspalmeras.com\/fr\/wp-json\/wp\/v2\/types\/page"}],"author":[{"embeddable":true,"href":"https:\/\/campinglaspalmeras.com\/fr\/wp-json\/wp\/v2\/users\/1"}],"replies":[{"embeddable":true,"href":"https:\/\/campinglaspalmeras.com\/fr\/wp-json\/wp\/v2\/comments?post=1455"}],"version-history":[{"count":10,"href":"https:\/\/campinglaspalmeras.com\/fr\/wp-json\/wp\/v2\/pages\/1455\/revisions"}],"predecessor-version":[{"id":8077,"href":"https:\/\/campinglaspalmeras.com\/fr\/wp-json\/wp\/v2\/pages\/1455\/revisions\/8077"}],"up":[{"embeddable":true,"href":"https:\/\/campinglaspalmeras.com\/fr\/wp-json\/wp\/v2\/pages\/1771"}],"wp:attachment":[{"href":"https:\/\/campinglaspalmeras.com\/fr\/wp-json\/wp\/v2\/media?parent=1455"}],"curies":[{"name":"wp","href":"https:\/\/api.w.org\/{rel}","templated":true}]}}